{"id":474,"date":"2023-03-03T02:55:13","date_gmt":"2023-03-03T02:55:13","guid":{"rendered":"https:\/\/daveywater.com\/eu\/so-warten-sie-ihre-pumpe\/"},"modified":"2023-06-18T03:28:12","modified_gmt":"2023-06-18T03:28:12","slug":"so-warten-sie-ihre-pumpe","status":"publish","type":"page","link":"https:\/\/daveywater.com\/eu\/de\/unterstuetzung\/so-warten-sie-ihre-pumpe\/","title":{"rendered":"So warten Sie Ihre Pumpe"},"content":{"rendered":"<p><div class=\"fusion-fullwidth fullwidth-box fusion-builder-row-1 fusion-flex-container has-pattern-background has-mask-background hundred-percent-fullwidth non-hundred-percent-height-scrolling\" style=\"--awb-border-radius-top-left:0px;--awb-border-radius-top-right:0px;--awb-border-radius-bottom-right:0px;--awb-border-radius-bottom-left:0px;--awb-margin-top:0px;--awb-margin-bottom:0px;--awb-min-height:530px;--awb-flex-wrap:wrap;\" ><div class=\"fusion-builder-row fusion-row fusion-flex-align-items-center fusion-flex-content-wrap\" style=\"width:104% !important;max-width:104% !important;margin-left: calc(-4% \/ 2 );margin-right: calc(-4% \/ 2 );\"><div class=\"fusion-layout-column fusion_builder_column fusion-builder-column-0 fusion_builder_column_1_2 1_2 fusion-flex-column fusion-flex-align-self-flex-start full-height-hero \" style=\"--awb-bg-size:cover;--awb-width-large:50%;--awb-margin-top-large:0px;--awb-spacing-right-large:0px;--awb-margin-bottom-large:0px;--awb-spacing-left-large:0px;--awb-width-medium:50%;--awb-order-medium:0;--awb-spacing-right-medium:0px;--awb-spacing-left-medium:0px;--awb-width-small:100%;--awb-order-small:0;--awb-spacing-right-small:1.92%;--awb-spacing-left-small:1.92%;\"><div class=\"fusion-column-wrapper fusion-column-has-shadow fusion-flex-justify-content-flex-start fusion-content-layout-column\"><nav class=\"fusion-breadcrumbs awb-yoast-breadcrumbs fusion-breadcrumbs-1\" style=\"--awb-margin-top:20px;--awb-text-color:var(--awb-custom_color_2);--awb-breadcrumb-sep:&#039;\/\/&#039;;\" aria-label=\"Breadcrumb\"><span><span><a href=\"https:\/\/daveywater.com\/eu\/de\/\">Startseite<\/a><\/span><\/span><\/nav><div class=\"fusion-title title fusion-title-1 fusion-sep-none fusion-title-text fusion-title-size-one\" style=\"--awb-margin-top:40px;--awb-margin-bottom:20px;--awb-font-size:40px;\"><h1 class=\"fusion-title-heading title-heading-left fusion-responsive-typography-calculated\" style=\"margin:0;font-size:1em;--fontSize:40;line-height:var(--awb-typography1-line-height);\">So warten Sie Ihre Pumpe<\/h1><\/div><div class=\"fusion-text fusion-text-1\"><p>Die Wartung Ihrer Pumpe ist entscheidend, um ihre Betriebsbereitschaft in Notsituationen zu gew\u00e4hrleisten.<\/p>\n<p>Auf dieser Seite finden Sie einige Tipps und Richtlinien, die Ihnen bei der Wartung Ihrer Feuerl\u00f6schpumpe helfen sollen. Wenn Sie jedoch Hilfe ben\u00f6tigen, <a href=\"https:\/\/daveywater.com\/au\/support\/contact-us\/\">wenden Sie sich<\/a> bitte <a href=\"https:\/\/daveywater.com\/au\/support\/contact-us\/\">an uns<\/a>, um weitere Einzelheiten zu erfahren, oder kontaktieren Sie Ihren \u00f6rtlichen Davey-H\u00e4ndler, der Ihnen bei der Wartung Ihrer Pumpe behilflich ist.<\/p>\n<\/div><div class=\"fusion-separator fusion-full-width-sep\" style=\"align-self: center;margin-left: auto;margin-right: auto;margin-top:80px;width:100%;\"><\/div><\/div><\/div><div class=\"fusion-layout-column fusion_builder_column fusion-builder-column-1 fusion_builder_column_1_2 1_2 fusion-flex-column fusion-flex-align-self-stretch\" style=\"--awb-padding-top:8%;--awb-padding-right:12%;--awb-padding-left:12%;--awb-bg-image:url(&#039;https:\/\/daveywater.com\/au\/wp-content\/uploads\/sites\/2\/2023\/03\/firefighter-01.jpg&#039;);--awb-bg-position:center center;--awb-bg-size:cover;--awb-width-large:50%;--awb-margin-top-large:0px;--awb-spacing-right-large:0px;--awb-margin-bottom-large:0px;--awb-spacing-left-large:0px;--awb-width-medium:50%;--awb-order-medium:0;--awb-spacing-right-medium:0px;--awb-spacing-left-medium:0px;--awb-width-small:100%;--awb-order-small:0;--awb-spacing-right-small:1.92%;--awb-spacing-left-small:1.92%;\"><div class=\"fusion-column-wrapper fusion-column-has-shadow fusion-flex-justify-content-flex-start fusion-content-layout-column fusion-column-has-bg-image\" data-bg-url=\"https:\/\/daveywater.com\/au\/wp-content\/uploads\/sites\/2\/2023\/03\/firefighter-01.jpg\"><div class=\"fusion-builder-row fusion-builder-row-inner fusion-row fusion-flex-align-items-center fusion-flex-content-wrap\" style=\"width:104% !important;max-width:104% !important;margin-left: calc(-4% \/ 2 );margin-right: calc(-4% \/ 2 );\"><div class=\"fusion-layout-column fusion_builder_column_inner fusion-builder-nested-column-0 fusion_builder_column_inner_1_1 1_1 fusion-flex-column\" style=\"--awb-padding-top:5%;--awb-padding-right:0px;--awb-padding-bottom:10%;--awb-padding-left:12%;--awb-bg-color:rgba(0,0,0,0.6);--awb-bg-color-hover:rgba(0,0,0,0.6);--awb-bg-size:cover;--awb-width-large:100%;--awb-margin-top-large:0px;--awb-spacing-right-large:1.92%;--awb-margin-bottom-large:20px;--awb-spacing-left-large:1.92%;--awb-width-medium:100%;--awb-order-medium:0;--awb-spacing-right-medium:1.92%;--awb-spacing-left-medium:1.92%;--awb-width-small:100%;--awb-order-small:0;--awb-spacing-right-small:1.92%;--awb-spacing-left-small:1.92%;\"><div class=\"fusion-column-wrapper fusion-column-has-shadow fusion-flex-justify-content-flex-start fusion-content-layout-column\"><div class=\"fusion-text fusion-text-2\"><h3><span style=\"color: #ffffff;\">Wonach suchen Sie?<\/span><\/h3>\n<\/div><div ><a class=\"fusion-button button-flat fusion-button-default-size button-custom fusion-button-default button-1 fusion-button-default-span fusion-button-default-type\" style=\"--button_accent_color:var(--awb-color1);--button_accent_hover_color:var(--awb-color5);--button_border_hover_color:var(--awb-color1);--button_gradient_top_color:rgba(255,255,255,0);--button_gradient_bottom_color:rgba(255,255,255,0);--button_gradient_top_color_hover:rgba(255,255,255,0);--button_gradient_bottom_color_hover:rgba(255,255,255,0);\" target=\"_self\" data-hover=\"icon_slide\" href=\"https:\/\/daveywater.com\/au\/support\/how-to-service-your-pump\/#tips\"><i class=\"fa-arrow-right fas awb-button__icon awb-button__icon--default button-icon-left\" aria-hidden=\"true\"><\/i><span class=\"fusion-button-text awb-button__text awb-button__text--default\">Pumpenwartung und Tipps<\/span><\/a><\/div><div ><a class=\"fusion-button button-flat fusion-button-default-size button-custom fusion-button-default button-2 fusion-button-default-span fusion-button-default-type\" style=\"--button_accent_color:var(--awb-color1);--button_accent_hover_color:var(--awb-color5);--button_border_hover_color:var(--awb-color1);--button_gradient_top_color:rgba(255,255,255,0);--button_gradient_bottom_color:rgba(255,255,255,0);--button_gradient_top_color_hover:rgba(255,255,255,0);--button_gradient_bottom_color_hover:rgba(255,255,255,0);\" target=\"_self\" data-hover=\"icon_slide\" href=\"https:\/\/daveywater.com\/au\/support\/how-to-service-your-pump\/#faq\"><i class=\"fa-arrow-right fas awb-button__icon awb-button__icon--default button-icon-left\" aria-hidden=\"true\"><\/i><span class=\"fusion-button-text awb-button__text awb-button__text--default\">H\u00e4ufig gestellte Fragen<\/span><\/a><\/div><div ><a class=\"fusion-button button-flat fusion-button-default-size button-custom fusion-button-default button-3 fusion-button-default-span fusion-button-default-type\" style=\"--button_accent_color:var(--awb-color1);--button_accent_hover_color:var(--awb-color5);--button_border_hover_color:var(--awb-color1);--button_gradient_top_color:rgba(255,255,255,0);--button_gradient_bottom_color:rgba(255,255,255,0);--button_gradient_top_color_hover:rgba(255,255,255,0);--button_gradient_bottom_color_hover:rgba(255,255,255,0);\" target=\"_self\" data-hover=\"icon_slide\" href=\"https:\/\/daveywater.com\/au\/find-a-dealer\/\"><i class=\"fa-arrow-right fas awb-button__icon awb-button__icon--default button-icon-left\" aria-hidden=\"true\"><\/i><span class=\"fusion-button-text awb-button__text awb-button__text--default\">Einen H\u00e4ndler finden<\/span><\/a><\/div><div ><a class=\"fusion-button button-flat fusion-button-default-size button-custom fusion-button-default button-4 fusion-button-default-span fusion-button-default-type\" style=\"--button_accent_color:var(--awb-color1);--button_accent_hover_color:var(--awb-color5);--button_border_hover_color:var(--awb-color1);--button_gradient_top_color:rgba(255,255,255,0);--button_gradient_bottom_color:rgba(255,255,255,0);--button_gradient_top_color_hover:rgba(255,255,255,0);--button_gradient_bottom_color_hover:rgba(255,255,255,0);\" target=\"_self\" data-hover=\"icon_slide\" href=\"https:\/\/daveywater.com\/au\/support\/contact-us\/\"><i class=\"fa-arrow-right fas awb-button__icon awb-button__icon--default button-icon-left\" aria-hidden=\"true\"><\/i><span class=\"fusion-button-text awb-button__text awb-button__text--default\">Kontakt<\/span><\/a><\/div><\/div><\/div><\/div><\/div><\/div><\/div><\/div><div class=\"fusion-fullwidth fullwidth-box fusion-builder-row-2 fusion-flex-container has-pattern-background has-mask-background nonhundred-percent-fullwidth non-hundred-percent-height-scrolling\" style=\"--awb-border-radius-top-left:0px;--awb-border-radius-top-right:0px;--awb-border-radius-bottom-right:0px;--awb-border-radius-bottom-left:0px;--awb-padding-top:40px;--awb-padding-bottom:40px;--awb-padding-top-medium:40px;--awb-padding-bottom-medium:40px;--awb-background-color:var(--awb-custom_color_3);--awb-flex-wrap:wrap;\" id=\"tips\" ><div class=\"fusion-builder-row fusion-row fusion-flex-align-items-flex-start fusion-flex-content-wrap\" style=\"max-width:1497.6px;margin-left: calc(-4% \/ 2 );margin-right: calc(-4% \/ 2 );\"><div class=\"fusion-layout-column fusion_builder_column fusion-builder-column-2 fusion_builder_column_1_5 1_5 fusion-flex-column services-column-padding\" style=\"--awb-bg-size:cover;--awb-width-large:20%;--awb-margin-top-large:0px;--awb-spacing-right-large:9.6%;--awb-margin-bottom-large:20px;--awb-spacing-left-large:9.6%;--awb-width-medium:20%;--awb-order-medium:0;--awb-spacing-right-medium:9.6%;--awb-spacing-left-medium:9.6%;--awb-width-small:100%;--awb-order-small:0;--awb-spacing-right-small:1.92%;--awb-spacing-left-small:1.92%;\"><div class=\"fusion-column-wrapper fusion-column-has-shadow fusion-flex-justify-content-flex-start fusion-content-layout-column\"><\/div><\/div><div class=\"fusion-layout-column fusion_builder_column fusion-builder-column-3 fusion_builder_column_3_5 3_5 fusion-flex-column\" style=\"--awb-bg-size:cover;--awb-width-large:60%;--awb-margin-top-large:0px;--awb-spacing-right-large:3.2%;--awb-margin-bottom-large:20px;--awb-spacing-left-large:3.2%;--awb-width-medium:60%;--awb-order-medium:0;--awb-spacing-right-medium:3.2%;--awb-spacing-left-medium:3.2%;--awb-width-small:100%;--awb-order-small:0;--awb-spacing-right-small:1.92%;--awb-spacing-left-small:1.92%;\"><div class=\"fusion-column-wrapper fusion-column-has-shadow fusion-flex-justify-content-flex-start fusion-content-layout-column\"><div class=\"fusion-text fusion-text-3\"><h2>Wartung &amp; Tipps<\/h2>\n<ul>\n<li>Alle Klammern festziehen<\/li>\n<li>Kraftstoff und \u00d6l wechseln<\/li>\n<li>Reinigen Sie alle Oberfl\u00e4chen und Bauteile mit einem Korrosionsschutzspray auf Lanolinbasis<\/li>\n<li>Pr\u00fcfen Sie, ob die Gummischeiben richtig eingesetzt und nicht gerissen oder abgenutzt sind.<\/li>\n<li>Pumpe mit neuem\/frischem Wasser betreiben &#8211; nicht trocken laufen lassen<\/li>\n<li>Pr\u00fcfen Sie, ob sich Verbindungen gel\u00f6st haben, die R\u00fctteln oder ungew\u00f6hnliche Ger\u00e4usche verursachen.<\/li>\n<li>Pr\u00fcfen Sie den Schlauch auf Undichtigkeiten, Risse und Ausbeulungen und ersetzen Sie ihn gegebenenfalls.<\/li>\n<\/ul>\n<p><strong>WICHTIG<\/strong>!<br \/>\nSollten Probleme auftreten, wie z.B. ungew\u00f6hnliche Ger\u00e4usche oder wenn Ihre Pumpe nicht richtig funktioniert, wenden Sie sich an den n\u00e4chsten Davey Master Dealer.<\/p>\n<p>Nach Abschluss der Wartung sollten Sie die folgenden Tipps und Richtlinien befolgen, damit Ihre Pumpe bei Bedarf einsatzbereit ist.<\/p>\n<ul>\n<li>Lagern Sie das Produkt witterungsgesch\u00fctzt, d. h. vor direkter Sonneneinstrahlung gesch\u00fctzt und abgedeckt.<\/li>\n<li>Lagern Sie die Pumpe nicht auf dem Boden, sondern erh\u00f6ht auf einer geeigneten, stabilen Unterlage. Ein Feuerwehrrahmensatz ist die perfekte Verankerung f\u00fcr Ihre Pumpe.<\/li>\n<li>Vergewissern Sie sich immer, dass Ihr Wassertank voll ist.<\/li>\n<\/ul>\n<h4>Andere Tipps<\/h4>\n<ul>\n<li>Vermeiden Sie es nach M\u00f6glichkeit, den Schlauch \u00fcber den Boden zu ziehen, insbesondere \u00fcber abrasive und scharfe Kanten.<\/li>\n<li>Verwenden Sie den Schlauch nicht \u00fcber seinem Nennbetriebsdruck. Starke Wasserdruckschwankungen k\u00f6nnen den Schlauch besch\u00e4digen.<\/li>\n<li>Waschen Sie den Schlauch im Freien mit einem normalen Gartenschlauch und Geschirrsp\u00fclmittel.<\/li>\n<li>Vermeiden Sie die Verwendung von Hochdruckreinigern und L\u00f6sungsmitteln, da diese den Au\u00dfenmantel besch\u00e4digen k\u00f6nnen.<\/li>\n<li>Trocknen Sie Ihren Schlauch immer, bevor Sie ihn weglegen, und lassen Sie ihm gen\u00fcgend Platz, damit er w\u00e4hrend der Lagerung &#8222;atmen&#8220; kann.<\/li>\n<\/ul>\n<\/div><\/div><\/div><div class=\"fusion-layout-column fusion_builder_column fusion-builder-column-4 fusion_builder_column_1_5 1_5 fusion-flex-column services-column-padding\" style=\"--awb-bg-size:cover;--awb-width-large:20%;--awb-margin-top-large:0px;--awb-spacing-right-large:9.6%;--awb-margin-bottom-large:20px;--awb-spacing-left-large:9.6%;--awb-width-medium:20%;--awb-order-medium:0;--awb-spacing-right-medium:9.6%;--awb-spacing-left-medium:9.6%;--awb-width-small:100%;--awb-order-small:0;--awb-spacing-right-small:1.92%;--awb-spacing-left-small:1.92%;\"><div class=\"fusion-column-wrapper fusion-column-has-shadow fusion-flex-justify-content-flex-start fusion-content-layout-column\"><\/div><\/div><\/div><\/div><div class=\"fusion-fullwidth fullwidth-box fusion-builder-row-3 fusion-flex-container has-pattern-background has-mask-background nonhundred-percent-fullwidth non-hundred-percent-height-scrolling\" style=\"--awb-border-radius-top-left:0px;--awb-border-radius-top-right:0px;--awb-border-radius-bottom-right:0px;--awb-border-radius-bottom-left:0px;--awb-padding-top:40px;--awb-padding-bottom:40px;--awb-padding-top-medium:40px;--awb-padding-bottom-medium:40px;--awb-background-color:var(--awb-color1);--awb-flex-wrap:wrap;\" id=\"faq\" ><div class=\"fusion-builder-row fusion-row fusion-flex-align-items-flex-start fusion-flex-content-wrap\" style=\"max-width:1497.6px;margin-left: calc(-4% \/ 2 );margin-right: calc(-4% \/ 2 );\"><div class=\"fusion-layout-column fusion_builder_column fusion-builder-column-5 fusion_builder_column_1_5 1_5 fusion-flex-column services-column-padding\" style=\"--awb-bg-size:cover;--awb-width-large:20%;--awb-margin-top-large:0px;--awb-spacing-right-large:9.6%;--awb-margin-bottom-large:20px;--awb-spacing-left-large:9.6%;--awb-width-medium:20%;--awb-order-medium:0;--awb-spacing-right-medium:9.6%;--awb-spacing-left-medium:9.6%;--awb-width-small:100%;--awb-order-small:0;--awb-spacing-right-small:1.92%;--awb-spacing-left-small:1.92%;\"><div class=\"fusion-column-wrapper fusion-column-has-shadow fusion-flex-justify-content-flex-start fusion-content-layout-column\"><\/div><\/div><div class=\"fusion-layout-column fusion_builder_column fusion-builder-column-6 fusion_builder_column_3_5 3_5 fusion-flex-column\" style=\"--awb-bg-size:cover;--awb-width-large:60%;--awb-margin-top-large:0px;--awb-spacing-right-large:3.2%;--awb-margin-bottom-large:20px;--awb-spacing-left-large:3.2%;--awb-width-medium:60%;--awb-order-medium:0;--awb-spacing-right-medium:3.2%;--awb-spacing-left-medium:3.2%;--awb-width-small:100%;--awb-order-small:0;--awb-spacing-right-small:1.92%;--awb-spacing-left-small:1.92%;\"><div class=\"fusion-column-wrapper fusion-column-has-shadow fusion-flex-justify-content-flex-start fusion-content-layout-column\"><div class=\"fusion-text fusion-text-4\"><h3>H\u00e4ufig gestellte Fragen<\/h3>\n<p style=\"padding-left: 40px;\"><strong>Wie oft sollte ich meine Pumpe warten?<\/strong><br \/>\nEs wird empfohlen, Ihre Pumpe j\u00e4hrlich oder nach etwa 40 Betriebsstunden zu warten. Wenn Ihre Pumpe nicht regelm\u00e4\u00dfig benutzt wird, sollte sie alle 4 Monate in Betrieb genommen und getestet werden.<\/p>\n<p style=\"padding-left: 40px;\"><strong>Wann ist der beste Zeitpunkt f\u00fcr die Wartung meiner Pumpe?<\/strong><br \/>\nVor Beginn jeder Brandsaison. In den meisten Regionen Australiens sollte Ihre Pumpe im September gewartet, getestet und einsatzbereit sein.<\/p>\n<p style=\"padding-left: 40px;\"><strong>Was sind Anzeichen f\u00fcr Fehler oder Probleme?<\/strong><br \/>\nNiedriger Druck oder kein gleichm\u00e4\u00dfiger Wasserdurchfluss. Ungew\u00f6hnliche Ger\u00e4usche oder Sch\u00fctteln. Abw\u00fcrgen oder Startprobleme.<\/p>\n<\/div><\/div><\/div><div class=\"fusion-layout-column fusion_builder_column fusion-builder-column-7 fusion_builder_column_1_5 1_5 fusion-flex-column services-column-padding\" style=\"--awb-bg-size:cover;--awb-width-large:20%;--awb-margin-top-large:0px;--awb-spacing-right-large:9.6%;--awb-margin-bottom-large:20px;--awb-spacing-left-large:9.6%;--awb-width-medium:20%;--awb-order-medium:0;--awb-spacing-right-medium:9.6%;--awb-spacing-left-medium:9.6%;--awb-width-small:100%;--awb-order-small:0;--awb-spacing-right-small:1.92%;--awb-spacing-left-small:1.92%;\"><div class=\"fusion-column-wrapper fusion-column-has-shadow fusion-flex-justify-content-flex-start fusion-content-layout-column\"><\/div><\/div><\/div><\/div><\/p>\n","protected":false},"excerpt":{"rendered":"","protected":false},"author":4,"featured_media":0,"parent":578,"menu_order":0,"comment_status":"closed","ping_status":"closed","template":"100-width.php","meta":{"_acf_changed":false,"footnotes":""},"class_list":["post-474","page","type-page","status-publish","hentry"],"acf":[],"yoast_head":"<!-- This site is optimized with the Yoast SEO Premium plugin v26.7 (Yoast SEO v27.4) - https:\/\/yoast.com\/product\/yoast-seo-premium-wordpress\/ -->\n<title>-<\/title>\n<meta name=\"robots\" content=\"index, follow, max-snippet:-1, max-image-preview:large, max-video-preview:-1\" \/>\n<link rel=\"canonical\" href=\"https:\/\/daveywater.com\/eu\/de\/unterstuetzung\/so-warten-sie-ihre-pumpe\/\" \/>\n<meta property=\"og:locale\" content=\"de_DE\" \/>\n<meta property=\"og:type\" content=\"article\" \/>\n<meta property=\"og:title\" content=\"So warten Sie Ihre Pumpe\" \/>\n<meta property=\"og:url\" content=\"https:\/\/daveywater.com\/eu\/de\/unterstuetzung\/so-warten-sie-ihre-pumpe\/\" \/>\n<meta property=\"og:site_name\" content=\"Davey - UK\/Europa\" \/>\n<meta property=\"article:publisher\" content=\"https:\/\/www.facebook.com\/DaveyWaterProducts\/\" \/>\n<meta property=\"article:modified_time\" content=\"2023-06-18T03:28:12+00:00\" \/>\n<meta name=\"twitter:card\" content=\"summary_large_image\" \/>\n<meta name=\"twitter:label1\" content=\"Gesch\u00e4tzte Lesezeit\" \/>\n\t<meta name=\"twitter:data1\" content=\"32\u00a0Minuten\" \/>\n<script type=\"application\/ld+json\" class=\"yoast-schema-graph\">{\"@context\":\"https:\\\/\\\/schema.org\",\"@graph\":[{\"@type\":\"WebPage\",\"@id\":\"https:\\\/\\\/daveywater.com\\\/eu\\\/de\\\/unterstuetzung\\\/so-warten-sie-ihre-pumpe\\\/\",\"url\":\"https:\\\/\\\/daveywater.com\\\/eu\\\/de\\\/unterstuetzung\\\/so-warten-sie-ihre-pumpe\\\/\",\"name\":\"-\",\"isPartOf\":{\"@id\":\"https:\\\/\\\/daveywater.com\\\/eu\\\/de\\\/#website\"},\"datePublished\":\"2023-03-03T02:55:13+00:00\",\"dateModified\":\"2023-06-18T03:28:12+00:00\",\"breadcrumb\":{\"@id\":\"https:\\\/\\\/daveywater.com\\\/eu\\\/de\\\/unterstuetzung\\\/so-warten-sie-ihre-pumpe\\\/#breadcrumb\"},\"inLanguage\":\"de\",\"potentialAction\":[{\"@type\":\"ReadAction\",\"target\":[\"https:\\\/\\\/daveywater.com\\\/eu\\\/de\\\/unterstuetzung\\\/so-warten-sie-ihre-pumpe\\\/\"]}]},{\"@type\":\"BreadcrumbList\",\"@id\":\"https:\\\/\\\/daveywater.com\\\/eu\\\/de\\\/unterstuetzung\\\/so-warten-sie-ihre-pumpe\\\/#breadcrumb\",\"itemListElement\":[{\"@type\":\"ListItem\",\"position\":1,\"name\":\"Startseite\",\"item\":\"https:\\\/\\\/daveywater.com\\\/eu\\\/de\\\/\"},{\"@type\":\"ListItem\",\"position\":2,\"name\":\"Unterst\u00fctzung\",\"item\":\"https:\\\/\\\/daveywater.com\\\/eu\\\/de\\\/unterstuetzung\\\/\"},{\"@type\":\"ListItem\",\"position\":3,\"name\":\"So warten Sie Ihre Pumpe\"}]},{\"@type\":\"WebSite\",\"@id\":\"https:\\\/\\\/daveywater.com\\\/eu\\\/de\\\/#website\",\"url\":\"https:\\\/\\\/daveywater.com\\\/eu\\\/de\\\/\",\"name\":\"Davey - UK\\\/Europa\",\"description\":\"Ein weiterer Standort von Davey Water\",\"publisher\":{\"@id\":\"https:\\\/\\\/daveywater.com\\\/eu\\\/de\\\/#organization\"},\"potentialAction\":[{\"@type\":\"SearchAction\",\"target\":{\"@type\":\"EntryPoint\",\"urlTemplate\":\"https:\\\/\\\/daveywater.com\\\/eu\\\/de\\\/?s={search_term_string}\"},\"query-input\":{\"@type\":\"PropertyValueSpecification\",\"valueRequired\":true,\"valueName\":\"search_term_string\"}}],\"inLanguage\":\"de\"},{\"@type\":\"Organization\",\"@id\":\"https:\\\/\\\/daveywater.com\\\/eu\\\/de\\\/#organization\",\"name\":\"Davey Europa\",\"alternateName\":\"Davey\",\"url\":\"https:\\\/\\\/daveywater.com\\\/eu\\\/de\\\/\",\"logo\":{\"@type\":\"ImageObject\",\"inLanguage\":\"de\",\"@id\":\"https:\\\/\\\/daveywater.com\\\/eu\\\/de\\\/#\\\/schema\\\/logo\\\/image\\\/\",\"url\":\"https:\\\/\\\/daveywater.com\\\/eu\\\/wp-content\\\/uploads\\\/sites\\\/5\\\/2023\\\/04\\\/davey-sq-696.png\",\"contentUrl\":\"https:\\\/\\\/daveywater.com\\\/eu\\\/wp-content\\\/uploads\\\/sites\\\/5\\\/2023\\\/04\\\/davey-sq-696.png\",\"width\":696,\"height\":696,\"caption\":\"Davey Europa\"},\"image\":{\"@id\":\"https:\\\/\\\/daveywater.com\\\/eu\\\/de\\\/#\\\/schema\\\/logo\\\/image\\\/\"},\"sameAs\":[\"https:\\\/\\\/www.facebook.com\\\/DaveyWaterProducts\\\/\",\"https:\\\/\\\/www.linkedin.com\\\/company\\\/davey-water-products\",\"https:\\\/\\\/www.youtube.com\\\/user\\\/DaveyWaterProducts\",\"https:\\\/\\\/www.instagram.com\\\/daveywaterproducts\\\/\"]}]}<\/script>\n<!-- \/ Yoast SEO Premium plugin. -->","yoast_head_json":{"title":"-","robots":{"index":"index","follow":"follow","max-snippet":"max-snippet:-1","max-image-preview":"max-image-preview:large","max-video-preview":"max-video-preview:-1"},"canonical":"https:\/\/daveywater.com\/eu\/de\/unterstuetzung\/so-warten-sie-ihre-pumpe\/","og_locale":"de_DE","og_type":"article","og_title":"So warten Sie Ihre Pumpe","og_url":"https:\/\/daveywater.com\/eu\/de\/unterstuetzung\/so-warten-sie-ihre-pumpe\/","og_site_name":"Davey - UK\/Europa","article_publisher":"https:\/\/www.facebook.com\/DaveyWaterProducts\/","article_modified_time":"2023-06-18T03:28:12+00:00","twitter_card":"summary_large_image","twitter_misc":{"Gesch\u00e4tzte Lesezeit":"32\u00a0Minuten"},"schema":{"@context":"https:\/\/schema.org","@graph":[{"@type":"WebPage","@id":"https:\/\/daveywater.com\/eu\/de\/unterstuetzung\/so-warten-sie-ihre-pumpe\/","url":"https:\/\/daveywater.com\/eu\/de\/unterstuetzung\/so-warten-sie-ihre-pumpe\/","name":"-","isPartOf":{"@id":"https:\/\/daveywater.com\/eu\/de\/#website"},"datePublished":"2023-03-03T02:55:13+00:00","dateModified":"2023-06-18T03:28:12+00:00","breadcrumb":{"@id":"https:\/\/daveywater.com\/eu\/de\/unterstuetzung\/so-warten-sie-ihre-pumpe\/#breadcrumb"},"inLanguage":"de","potentialAction":[{"@type":"ReadAction","target":["https:\/\/daveywater.com\/eu\/de\/unterstuetzung\/so-warten-sie-ihre-pumpe\/"]}]},{"@type":"BreadcrumbList","@id":"https:\/\/daveywater.com\/eu\/de\/unterstuetzung\/so-warten-sie-ihre-pumpe\/#breadcrumb","itemListElement":[{"@type":"ListItem","position":1,"name":"Startseite","item":"https:\/\/daveywater.com\/eu\/de\/"},{"@type":"ListItem","position":2,"name":"Unterst\u00fctzung","item":"https:\/\/daveywater.com\/eu\/de\/unterstuetzung\/"},{"@type":"ListItem","position":3,"name":"So warten Sie Ihre Pumpe"}]},{"@type":"WebSite","@id":"https:\/\/daveywater.com\/eu\/de\/#website","url":"https:\/\/daveywater.com\/eu\/de\/","name":"Davey - UK\/Europa","description":"Ein weiterer Standort von Davey Water","publisher":{"@id":"https:\/\/daveywater.com\/eu\/de\/#organization"},"potentialAction":[{"@type":"SearchAction","target":{"@type":"EntryPoint","urlTemplate":"https:\/\/daveywater.com\/eu\/de\/?s={search_term_string}"},"query-input":{"@type":"PropertyValueSpecification","valueRequired":true,"valueName":"search_term_string"}}],"inLanguage":"de"},{"@type":"Organization","@id":"https:\/\/daveywater.com\/eu\/de\/#organization","name":"Davey Europa","alternateName":"Davey","url":"https:\/\/daveywater.com\/eu\/de\/","logo":{"@type":"ImageObject","inLanguage":"de","@id":"https:\/\/daveywater.com\/eu\/de\/#\/schema\/logo\/image\/","url":"https:\/\/daveywater.com\/eu\/wp-content\/uploads\/sites\/5\/2023\/04\/davey-sq-696.png","contentUrl":"https:\/\/daveywater.com\/eu\/wp-content\/uploads\/sites\/5\/2023\/04\/davey-sq-696.png","width":696,"height":696,"caption":"Davey Europa"},"image":{"@id":"https:\/\/daveywater.com\/eu\/de\/#\/schema\/logo\/image\/"},"sameAs":["https:\/\/www.facebook.com\/DaveyWaterProducts\/","https:\/\/www.linkedin.com\/company\/davey-water-products","https:\/\/www.youtube.com\/user\/DaveyWaterProducts","https:\/\/www.instagram.com\/daveywaterproducts\/"]}]}},"_links":{"self":[{"href":"https:\/\/daveywater.com\/eu\/de\/wp-json\/wp\/v2\/pages\/474","targetHints":{"allow":["GET"]}}],"collection":[{"href":"https:\/\/daveywater.com\/eu\/de\/wp-json\/wp\/v2\/pages"}],"about":[{"href":"https:\/\/daveywater.com\/eu\/de\/wp-json\/wp\/v2\/types\/page"}],"author":[{"embeddable":true,"href":"https:\/\/daveywater.com\/eu\/de\/wp-json\/wp\/v2\/users\/4"}],"replies":[{"embeddable":true,"href":"https:\/\/daveywater.com\/eu\/de\/wp-json\/wp\/v2\/comments?post=474"}],"version-history":[{"count":0,"href":"https:\/\/daveywater.com\/eu\/de\/wp-json\/wp\/v2\/pages\/474\/revisions"}],"up":[{"embeddable":true,"href":"https:\/\/daveywater.com\/eu\/de\/wp-json\/wp\/v2\/pages\/578"}],"wp:attachment":[{"href":"https:\/\/daveywater.com\/eu\/de\/wp-json\/wp\/v2\/media?parent=474"}],"curies":[{"name":"wp","href":"https:\/\/api.w.org\/{rel}","templated":true}]}}