{"id":506,"date":"2023-02-10T23:59:43","date_gmt":"2023-02-10T23:59:43","guid":{"rendered":"https:\/\/daveywater.com\/eu\/qualitaetskontrolle\/"},"modified":"2023-06-18T03:28:00","modified_gmt":"2023-06-18T03:28:00","slug":"qualitaetskontrolle","status":"publish","type":"page","link":"https:\/\/daveywater.com\/eu\/de\/ueber-uns\/qualitaetskontrolle\/","title":{"rendered":"Qualit\u00e4tskontrolle"},"content":{"rendered":"<p><div class=\"fusion-fullwidth fullwidth-box fusion-builder-row-1 fusion-flex-container has-pattern-background has-mask-background hundred-percent-fullwidth non-hundred-percent-height-scrolling\" style=\"--awb-border-radius-top-left:0px;--awb-border-radius-top-right:0px;--awb-border-radius-bottom-right:0px;--awb-border-radius-bottom-left:0px;--awb-margin-top:0px;--awb-margin-bottom:0px;--awb-flex-wrap:wrap;\" ><div class=\"fusion-builder-row fusion-row fusion-flex-align-items-stretch fusion-flex-align-content-space-around fusion-flex-content-wrap\" style=\"width:104% !important;max-width:104% !important;margin-left: calc(-4% \/ 2 );margin-right: calc(-4% \/ 2 );\"><div class=\"fusion-layout-column fusion_builder_column fusion-builder-column-0 fusion_builder_column_1_2 1_2 fusion-flex-column fusion-flex-align-self-stretch hero-50-padding-calc\" style=\"--awb-padding-right-medium:10px;--awb-bg-size:cover;--awb-width-large:50%;--awb-margin-top-large:0px;--awb-spacing-right-large:0px;--awb-margin-bottom-large:0px;--awb-spacing-left-large:0px;--awb-width-medium:50%;--awb-order-medium:0;--awb-spacing-right-medium:0px;--awb-spacing-left-medium:0px;--awb-width-small:100%;--awb-order-small:0;--awb-spacing-right-small:1.92%;--awb-spacing-left-small:1.92%;\"><div class=\"fusion-column-wrapper fusion-column-has-shadow fusion-flex-justify-content-space-evenly fusion-content-layout-column\"><div class=\"fusion-builder-row fusion-builder-row-inner fusion-row fusion-flex-align-items-stretch fusion-flex-align-content-space-around fusion-flex-content-wrap\" style=\"width:104% !important;max-width:104% !important;margin-left: calc(-4% \/ 2 );margin-right: calc(-4% \/ 2 );\"><div class=\"fusion-layout-column fusion_builder_column_inner fusion-builder-nested-column-0 fusion_builder_column_inner_1_1 1_1 fusion-flex-column\" style=\"--awb-bg-size:cover;--awb-width-large:100%;--awb-margin-top-large:0px;--awb-spacing-right-large:1.92%;--awb-margin-bottom-large:40px;--awb-spacing-left-large:1.92%;--awb-width-medium:100%;--awb-order-medium:0;--awb-spacing-right-medium:1.92%;--awb-spacing-left-medium:1.92%;--awb-width-small:100%;--awb-order-small:0;--awb-spacing-right-small:1.92%;--awb-spacing-left-small:1.92%;\"><div class=\"fusion-column-wrapper fusion-column-has-shadow fusion-flex-justify-content-flex-start fusion-content-layout-column\"><nav class=\"fusion-breadcrumbs awb-yoast-breadcrumbs fusion-breadcrumbs-1\" style=\"--awb-margin-top:20px;--awb-breadcrumb-sep:&#039;\/\/&#039;;\" aria-label=\"Breadcrumb\"><span><span><a href=\"https:\/\/daveywater.com\/eu\/de\/\">Startseite<\/a><\/span><\/span><\/nav><div class=\"fusion-title title fusion-title-1 fusion-sep-none fusion-title-text fusion-title-size-one\" style=\"--awb-margin-top:50px;--awb-font-size:65px;\"><h1 class=\"fusion-title-heading title-heading-left fusion-responsive-typography-calculated\" style=\"margin:0;text-transform:none;font-size:1em;--fontSize:65;line-height:1.2;\">Qualit\u00e4tskontrolle<\/h1><\/div><div class=\"fusion-text fusion-text-1\"><h3 class=\"m-text-template-snippet\"><em>Das Versprechen der Zuverl\u00e4ssigkeit ist der Kern unserer Arbeit und das, worauf wir unseren Ruf aufgebaut haben.<\/em><\/h3>\n<div class=\"m-text-template-content\">\n<h4>Pr\u00fcfungen und Qualit\u00e4tskontrollen sind von entscheidender Bedeutung, um sicherzustellen, dass Ihr Produkt so gut wie m\u00f6glich ist. Jedes einzelne unserer Produkte wird auf Funktion, Leistung und Druckleckagen gepr\u00fcft und verl\u00e4sst erst dann unser Werk, wenn es das G\u00fctesiegel erhalten hat. Das bedeutet, dass die Pumpe an Strom und Wasser angeschlossen und unter Druck gesetzt werden muss, um sicherzugehen, dass alles so ist, wie es sein sollte. Das bekommen Sie bei einer billigeren Pumpe nicht!<\/h4>\n<\/div>\n<\/div><\/div><\/div><\/div><\/div><\/div><div class=\"fusion-layout-column fusion_builder_column fusion-builder-column-1 fusion_builder_column_1_2 1_2 fusion-flex-column fusion-flex-align-self-stretch fusion-no-small-visibility\" style=\"--awb-padding-top-medium:12%;--awb-padding-right-medium:8%;--awb-padding-bottom-medium:2%;--awb-padding-left-medium:8%;--awb-bg-image:url(&#039;https:\/\/daveywater.com\/au\/wp-content\/uploads\/sites\/2\/2023\/02\/Quality_Control.jpg&#039;);--awb-bg-size:cover;--awb-width-large:50%;--awb-margin-top-large:0px;--awb-spacing-right-large:0px;--awb-margin-bottom-large:0px;--awb-spacing-left-large:0px;--awb-width-medium:50%;--awb-order-medium:0;--awb-spacing-right-medium:0px;--awb-spacing-left-medium:0px;--awb-width-small:100%;--awb-order-small:0;--awb-spacing-right-small:1.92%;--awb-spacing-left-small:1.92%;\"><div class=\"fusion-column-wrapper fusion-column-has-shadow fusion-flex-justify-content-space-evenly fusion-content-layout-column fusion-empty-column-bg-image fusion-column-has-bg-image\" data-bg-url=\"https:\/\/daveywater.com\/au\/wp-content\/uploads\/sites\/2\/2023\/02\/Quality_Control.jpg\"><img decoding=\"async\" class=\"fusion-empty-dims-img-placeholder fusion-no-large-visibility fusion-no-medium-visibility\" src=\"data:image\/gif;base64,R0lGODlhAQABAAAAACH5BAEKAAEALAAAAAABAAEAAAICTAEAOw==\"><\/div><\/div><\/div><\/div><div class=\"fusion-fullwidth fullwidth-box fusion-builder-row-2 fusion-flex-container has-pattern-background has-mask-background nonhundred-percent-fullwidth non-hundred-percent-height-scrolling\" style=\"--awb-border-radius-top-left:0px;--awb-border-radius-top-right:0px;--awb-border-radius-bottom-right:0px;--awb-border-radius-bottom-left:0px;--awb-padding-top:80px;--awb-padding-bottom:80px;--awb-padding-top-medium:40px;--awb-padding-bottom-medium:40px;--awb-margin-top:0px;--awb-margin-bottom:0px;--awb-background-color:var(--awb-custom_color_3);--awb-flex-wrap:wrap;\" ><div class=\"fusion-builder-row fusion-row fusion-flex-align-items-flex-start fusion-flex-content-wrap\" style=\"max-width:1497.6px;margin-left: calc(-4% \/ 2 );margin-right: calc(-4% \/ 2 );\"><div class=\"fusion-layout-column fusion_builder_column fusion-builder-column-2 fusion_builder_column_1_5 1_5 fusion-flex-column services-column-padding\" style=\"--awb-bg-size:cover;--awb-width-large:20%;--awb-margin-top-large:0px;--awb-spacing-right-large:9.6%;--awb-margin-bottom-large:20px;--awb-spacing-left-large:9.6%;--awb-width-medium:20%;--awb-order-medium:0;--awb-spacing-right-medium:9.6%;--awb-spacing-left-medium:9.6%;--awb-width-small:100%;--awb-order-small:0;--awb-spacing-right-small:1.92%;--awb-spacing-left-small:1.92%;\"><div class=\"fusion-column-wrapper fusion-column-has-shadow fusion-flex-justify-content-flex-start fusion-content-layout-column\"><\/div><\/div><div class=\"fusion-layout-column fusion_builder_column fusion-builder-column-3 fusion_builder_column_3_5 3_5 fusion-flex-column\" style=\"--awb-bg-size:cover;--awb-width-large:60%;--awb-margin-top-large:0px;--awb-spacing-right-large:3.2%;--awb-margin-bottom-large:20px;--awb-spacing-left-large:3.2%;--awb-width-medium:60%;--awb-order-medium:0;--awb-spacing-right-medium:3.2%;--awb-spacing-left-medium:3.2%;--awb-width-small:100%;--awb-order-small:0;--awb-spacing-right-small:1.92%;--awb-spacing-left-small:1.92%;\"><div class=\"fusion-column-wrapper fusion-column-has-shadow fusion-flex-justify-content-flex-start fusion-content-layout-column\"><div class=\"fusion-text fusion-text-2\"><h4>Unsere Pumpen haben sich in einigen der rauesten Klimazonen der Welt bew\u00e4hrt. In unserer Fertigung stellen wir diese Bedingungen in unserem Klimaschrank nach, in dem unsere Pumpen monatelang bei 50 \u00b0C und 100 % Luftfeuchtigkeit laufen (das ist ein bisschen hei\u00df!).<\/h4>\n<p>Wir f\u00fchren sogar &#8222;Torture-Tests&#8220; durch und testen unsere Pumpen regelm\u00e4\u00dfig mit bis zu 500.000 Zyklen am Flie\u00dfband. Das bedeutet, dass die Pumpe eingeschaltet, auf Druck gebracht und wieder ausgeschaltet wird, um einen Zyklus anzuzeigen. Diese Pr\u00fcfung entspricht einer 10-j\u00e4hrigen Nutzung durch eine 4-k\u00f6pfige Familie, wobei viele dieser Pumpen weitaus l\u00e4nger laufen, n\u00e4mlich 750.000 oder sogar 1 Million Zyklen!<\/p>\n<p>F\u00fcr eine lange Lebensdauer der Lager sind minimale Vibrationen erforderlich. Um dies zu gew\u00e4hrleisten, \u00fcberpr\u00fcfen wir regelm\u00e4\u00dfig, ob unsere Motoren perfekt in der Mitte des Motorgeh\u00e4uses montiert sind.<\/p>\n<p>Der Elektromotor ist ein wichtiges Bauteil, das auf keinen Fall ausfallen darf. Bei Davey nehmen wir unsere Motoren sehr ernst. Wir erhitzen unsere Motorgeh\u00e4use auf 140 Grad und schrumpfen sie auf den Stator, um die Gefahr von Bewegungen zu vermeiden, die zu Ausf\u00e4llen f\u00fchren k\u00f6nnen.<\/p>\n<p>Auf Davey k\u00f6nnen Sie sich verlassen, wenn es um Qualit\u00e4t und Zuverl\u00e4ssigkeit geht &#8211; jedes Mal.<\/p>\n<\/div><\/div><\/div><div class=\"fusion-layout-column fusion_builder_column fusion-builder-column-4 fusion_builder_column_1_5 1_5 fusion-flex-column services-column-padding\" style=\"--awb-bg-size:cover;--awb-width-large:20%;--awb-margin-top-large:0px;--awb-spacing-right-large:9.6%;--awb-margin-bottom-large:20px;--awb-spacing-left-large:9.6%;--awb-width-medium:20%;--awb-order-medium:0;--awb-spacing-right-medium:9.6%;--awb-spacing-left-medium:9.6%;--awb-width-small:100%;--awb-order-small:0;--awb-spacing-right-small:1.92%;--awb-spacing-left-small:1.92%;\"><div class=\"fusion-column-wrapper fusion-column-has-shadow fusion-flex-justify-content-flex-start fusion-content-layout-column\"><\/div><\/div><\/div><\/div><\/p>\n","protected":false},"excerpt":{"rendered":"","protected":false},"author":10,"featured_media":0,"parent":517,"menu_order":59,"comment_status":"closed","ping_status":"closed","template":"100-width.php","meta":{"_acf_changed":false,"footnotes":""},"class_list":["post-506","page","type-page","status-publish","hentry"],"acf":[],"yoast_head":"<!-- This site is optimized with the Yoast SEO Premium plugin v26.7 (Yoast SEO v27.4) - https:\/\/yoast.com\/product\/yoast-seo-premium-wordpress\/ -->\n<title>Qualit\u00e4tskontrolle - Davey - UK\/Europa<\/title>\n<meta name=\"description\" content=\"Davey Water. Qualit\u00e4tskontrolle. Das Versprechen der Zuverl\u00e4ssigkeit ist der Kern unserer Arbeit und das, worauf wir unseren Ruf aufgebaut haben.\" \/>\n<meta name=\"robots\" content=\"index, follow, max-snippet:-1, max-image-preview:large, max-video-preview:-1\" \/>\n<link rel=\"canonical\" href=\"https:\/\/daveywater.com\/eu\/de\/ueber-uns\/qualitaetskontrolle\/\" \/>\n<meta property=\"og:locale\" content=\"de_DE\" \/>\n<meta property=\"og:type\" content=\"article\" \/>\n<meta property=\"og:title\" content=\"Qualit\u00e4tskontrolle\" \/>\n<meta property=\"og:description\" content=\"Davey Water. Qualit\u00e4tskontrolle. Das Versprechen der Zuverl\u00e4ssigkeit ist der Kern unserer Arbeit und das, worauf wir unseren Ruf aufgebaut haben.\" \/>\n<meta property=\"og:url\" content=\"https:\/\/daveywater.com\/eu\/de\/ueber-uns\/qualitaetskontrolle\/\" \/>\n<meta property=\"og:site_name\" content=\"Davey - UK\/Europa\" \/>\n<meta property=\"article:publisher\" content=\"https:\/\/www.facebook.com\/DaveyWaterProducts\/\" \/>\n<meta property=\"article:modified_time\" content=\"2023-06-18T03:28:00+00:00\" \/>\n<meta name=\"twitter:card\" content=\"summary_large_image\" \/>\n<meta name=\"twitter:label1\" content=\"Gesch\u00e4tzte Lesezeit\" \/>\n\t<meta name=\"twitter:data1\" content=\"19\u00a0Minuten\" \/>\n<script type=\"application\/ld+json\" class=\"yoast-schema-graph\">{\"@context\":\"https:\\\/\\\/schema.org\",\"@graph\":[{\"@type\":\"WebPage\",\"@id\":\"https:\\\/\\\/daveywater.com\\\/eu\\\/de\\\/ueber-uns\\\/qualitaetskontrolle\\\/\",\"url\":\"https:\\\/\\\/daveywater.com\\\/eu\\\/de\\\/ueber-uns\\\/qualitaetskontrolle\\\/\",\"name\":\"Qualit\u00e4tskontrolle - Davey - UK\\\/Europa\",\"isPartOf\":{\"@id\":\"https:\\\/\\\/daveywater.com\\\/eu\\\/de\\\/#website\"},\"datePublished\":\"2023-02-10T23:59:43+00:00\",\"dateModified\":\"2023-06-18T03:28:00+00:00\",\"description\":\"Davey Water. Qualit\u00e4tskontrolle. Das Versprechen der Zuverl\u00e4ssigkeit ist der Kern unserer Arbeit und das, worauf wir unseren Ruf aufgebaut haben.\",\"breadcrumb\":{\"@id\":\"https:\\\/\\\/daveywater.com\\\/eu\\\/de\\\/ueber-uns\\\/qualitaetskontrolle\\\/#breadcrumb\"},\"inLanguage\":\"de\",\"potentialAction\":[{\"@type\":\"ReadAction\",\"target\":[\"https:\\\/\\\/daveywater.com\\\/eu\\\/de\\\/ueber-uns\\\/qualitaetskontrolle\\\/\"]}]},{\"@type\":\"BreadcrumbList\",\"@id\":\"https:\\\/\\\/daveywater.com\\\/eu\\\/de\\\/ueber-uns\\\/qualitaetskontrolle\\\/#breadcrumb\",\"itemListElement\":[{\"@type\":\"ListItem\",\"position\":1,\"name\":\"Startseite\",\"item\":\"https:\\\/\\\/daveywater.com\\\/eu\\\/de\\\/\"},{\"@type\":\"ListItem\",\"position\":2,\"name\":\"\u00dcber uns\",\"item\":\"https:\\\/\\\/daveywater.com\\\/eu\\\/de\\\/ueber-uns\\\/\"},{\"@type\":\"ListItem\",\"position\":3,\"name\":\"Qualit\u00e4tskontrolle\"}]},{\"@type\":\"WebSite\",\"@id\":\"https:\\\/\\\/daveywater.com\\\/eu\\\/de\\\/#website\",\"url\":\"https:\\\/\\\/daveywater.com\\\/eu\\\/de\\\/\",\"name\":\"Davey - UK\\\/Europa\",\"description\":\"Ein weiterer Standort von Davey Water\",\"publisher\":{\"@id\":\"https:\\\/\\\/daveywater.com\\\/eu\\\/de\\\/#organization\"},\"potentialAction\":[{\"@type\":\"SearchAction\",\"target\":{\"@type\":\"EntryPoint\",\"urlTemplate\":\"https:\\\/\\\/daveywater.com\\\/eu\\\/de\\\/?s={search_term_string}\"},\"query-input\":{\"@type\":\"PropertyValueSpecification\",\"valueRequired\":true,\"valueName\":\"search_term_string\"}}],\"inLanguage\":\"de\"},{\"@type\":\"Organization\",\"@id\":\"https:\\\/\\\/daveywater.com\\\/eu\\\/de\\\/#organization\",\"name\":\"Davey Europa\",\"alternateName\":\"Davey\",\"url\":\"https:\\\/\\\/daveywater.com\\\/eu\\\/de\\\/\",\"logo\":{\"@type\":\"ImageObject\",\"inLanguage\":\"de\",\"@id\":\"https:\\\/\\\/daveywater.com\\\/eu\\\/de\\\/#\\\/schema\\\/logo\\\/image\\\/\",\"url\":\"https:\\\/\\\/daveywater.com\\\/eu\\\/wp-content\\\/uploads\\\/sites\\\/5\\\/2023\\\/04\\\/davey-sq-696.png\",\"contentUrl\":\"https:\\\/\\\/daveywater.com\\\/eu\\\/wp-content\\\/uploads\\\/sites\\\/5\\\/2023\\\/04\\\/davey-sq-696.png\",\"width\":696,\"height\":696,\"caption\":\"Davey Europa\"},\"image\":{\"@id\":\"https:\\\/\\\/daveywater.com\\\/eu\\\/de\\\/#\\\/schema\\\/logo\\\/image\\\/\"},\"sameAs\":[\"https:\\\/\\\/www.facebook.com\\\/DaveyWaterProducts\\\/\",\"https:\\\/\\\/www.linkedin.com\\\/company\\\/davey-water-products\",\"https:\\\/\\\/www.youtube.com\\\/user\\\/DaveyWaterProducts\",\"https:\\\/\\\/www.instagram.com\\\/daveywaterproducts\\\/\"]}]}<\/script>\n<!-- \/ Yoast SEO Premium plugin. -->","yoast_head_json":{"title":"Qualit\u00e4tskontrolle - Davey - UK\/Europa","description":"Davey Water. Qualit\u00e4tskontrolle. Das Versprechen der Zuverl\u00e4ssigkeit ist der Kern unserer Arbeit und das, worauf wir unseren Ruf aufgebaut haben.","robots":{"index":"index","follow":"follow","max-snippet":"max-snippet:-1","max-image-preview":"max-image-preview:large","max-video-preview":"max-video-preview:-1"},"canonical":"https:\/\/daveywater.com\/eu\/de\/ueber-uns\/qualitaetskontrolle\/","og_locale":"de_DE","og_type":"article","og_title":"Qualit\u00e4tskontrolle","og_description":"Davey Water. Qualit\u00e4tskontrolle. Das Versprechen der Zuverl\u00e4ssigkeit ist der Kern unserer Arbeit und das, worauf wir unseren Ruf aufgebaut haben.","og_url":"https:\/\/daveywater.com\/eu\/de\/ueber-uns\/qualitaetskontrolle\/","og_site_name":"Davey - UK\/Europa","article_publisher":"https:\/\/www.facebook.com\/DaveyWaterProducts\/","article_modified_time":"2023-06-18T03:28:00+00:00","twitter_card":"summary_large_image","twitter_misc":{"Gesch\u00e4tzte Lesezeit":"19\u00a0Minuten"},"schema":{"@context":"https:\/\/schema.org","@graph":[{"@type":"WebPage","@id":"https:\/\/daveywater.com\/eu\/de\/ueber-uns\/qualitaetskontrolle\/","url":"https:\/\/daveywater.com\/eu\/de\/ueber-uns\/qualitaetskontrolle\/","name":"Qualit\u00e4tskontrolle - Davey - UK\/Europa","isPartOf":{"@id":"https:\/\/daveywater.com\/eu\/de\/#website"},"datePublished":"2023-02-10T23:59:43+00:00","dateModified":"2023-06-18T03:28:00+00:00","description":"Davey Water. Qualit\u00e4tskontrolle. Das Versprechen der Zuverl\u00e4ssigkeit ist der Kern unserer Arbeit und das, worauf wir unseren Ruf aufgebaut haben.","breadcrumb":{"@id":"https:\/\/daveywater.com\/eu\/de\/ueber-uns\/qualitaetskontrolle\/#breadcrumb"},"inLanguage":"de","potentialAction":[{"@type":"ReadAction","target":["https:\/\/daveywater.com\/eu\/de\/ueber-uns\/qualitaetskontrolle\/"]}]},{"@type":"BreadcrumbList","@id":"https:\/\/daveywater.com\/eu\/de\/ueber-uns\/qualitaetskontrolle\/#breadcrumb","itemListElement":[{"@type":"ListItem","position":1,"name":"Startseite","item":"https:\/\/daveywater.com\/eu\/de\/"},{"@type":"ListItem","position":2,"name":"\u00dcber uns","item":"https:\/\/daveywater.com\/eu\/de\/ueber-uns\/"},{"@type":"ListItem","position":3,"name":"Qualit\u00e4tskontrolle"}]},{"@type":"WebSite","@id":"https:\/\/daveywater.com\/eu\/de\/#website","url":"https:\/\/daveywater.com\/eu\/de\/","name":"Davey - UK\/Europa","description":"Ein weiterer Standort von Davey Water","publisher":{"@id":"https:\/\/daveywater.com\/eu\/de\/#organization"},"potentialAction":[{"@type":"SearchAction","target":{"@type":"EntryPoint","urlTemplate":"https:\/\/daveywater.com\/eu\/de\/?s={search_term_string}"},"query-input":{"@type":"PropertyValueSpecification","valueRequired":true,"valueName":"search_term_string"}}],"inLanguage":"de"},{"@type":"Organization","@id":"https:\/\/daveywater.com\/eu\/de\/#organization","name":"Davey Europa","alternateName":"Davey","url":"https:\/\/daveywater.com\/eu\/de\/","logo":{"@type":"ImageObject","inLanguage":"de","@id":"https:\/\/daveywater.com\/eu\/de\/#\/schema\/logo\/image\/","url":"https:\/\/daveywater.com\/eu\/wp-content\/uploads\/sites\/5\/2023\/04\/davey-sq-696.png","contentUrl":"https:\/\/daveywater.com\/eu\/wp-content\/uploads\/sites\/5\/2023\/04\/davey-sq-696.png","width":696,"height":696,"caption":"Davey Europa"},"image":{"@id":"https:\/\/daveywater.com\/eu\/de\/#\/schema\/logo\/image\/"},"sameAs":["https:\/\/www.facebook.com\/DaveyWaterProducts\/","https:\/\/www.linkedin.com\/company\/davey-water-products","https:\/\/www.youtube.com\/user\/DaveyWaterProducts","https:\/\/www.instagram.com\/daveywaterproducts\/"]}]}},"_links":{"self":[{"href":"https:\/\/daveywater.com\/eu\/de\/wp-json\/wp\/v2\/pages\/506","targetHints":{"allow":["GET"]}}],"collection":[{"href":"https:\/\/daveywater.com\/eu\/de\/wp-json\/wp\/v2\/pages"}],"about":[{"href":"https:\/\/daveywater.com\/eu\/de\/wp-json\/wp\/v2\/types\/page"}],"author":[{"embeddable":true,"href":"https:\/\/daveywater.com\/eu\/de\/wp-json\/wp\/v2\/users\/10"}],"replies":[{"embeddable":true,"href":"https:\/\/daveywater.com\/eu\/de\/wp-json\/wp\/v2\/comments?post=506"}],"version-history":[{"count":0,"href":"https:\/\/daveywater.com\/eu\/de\/wp-json\/wp\/v2\/pages\/506\/revisions"}],"up":[{"embeddable":true,"href":"https:\/\/daveywater.com\/eu\/de\/wp-json\/wp\/v2\/pages\/517"}],"wp:attachment":[{"href":"https:\/\/daveywater.com\/eu\/de\/wp-json\/wp\/v2\/media?parent=506"}],"curies":[{"name":"wp","href":"https:\/\/api.w.org\/{rel}","templated":true}]}}