{"id":439,"date":"2023-04-13T06:21:35","date_gmt":"2023-04-13T06:21:35","guid":{"rendered":"https:\/\/daveywater.com\/eu\/product\/poolfresh\/"},"modified":"2024-12-02T01:10:43","modified_gmt":"2024-12-02T01:10:43","slug":"poolfresh","status":"publish","type":"product","link":"https:\/\/daveywater.com\/eu\/de\/produkt\/poolfresh\/","title":{"rendered":"PoolFresh"},"content":{"rendered":"<p><strong>Einfaches Pool-Chlorierungssystem<\/strong><\/p>\n<p>PoolFresh ist das neue kompakte Salzelektrolyseger\u00e4t von Davey. Mit seiner einfachen Bedienung und seinem langlebigen, wartungsarmen Design tr\u00e4gt der PoolFresh-Chlorinator dazu bei, Ihren Pool frisch zu halten und ein angenehmes Schwimmerlebnis zu gew\u00e4hrleisten.<\/p>\n<p>Ideal f\u00fcr unterirdische und oberirdische Schwimmbecken, Tauchbecken und Whirlpools bis zu <sup>100<\/sup> m3.<\/p>\n","protected":false},"excerpt":{"rendered":"<p>Kompaktes Salzwasser-Chlorinierger\u00e4t<\/p>\n","protected":false},"featured_media":442,"comment_status":"closed","ping_status":"closed","template":"","meta":{"_acf_changed":false},"product_brand":[],"product_cat":[77],"product_tag":[79],"class_list":{"0":"post-439","1":"product","2":"type-product","3":"status-publish","4":"has-post-thumbnail","6":"product_cat-chlorgasdosierer","7":"product_tag-desinfektion","9":"first","10":"instock","11":"shipping-taxable","12":"product-type-simple"},"acf":[],"yoast_head":"<!-- This site is optimized with the Yoast SEO Premium plugin v26.7 (Yoast SEO v27.4) - https:\/\/yoast.com\/product\/yoast-seo-premium-wordpress\/ -->\n<title>PoolFresh - Davey - Gro\u00dfbritannien\/Europa<\/title>\n<meta name=\"robots\" content=\"index, follow, max-snippet:-1, max-image-preview:large, max-video-preview:-1\" \/>\n<link rel=\"canonical\" href=\"https:\/\/daveywater.com\/eu\/de\/produkt\/poolfresh\/\" \/>\n<meta property=\"og:locale\" content=\"de_DE\" \/>\n<meta property=\"og:type\" content=\"article\" \/>\n<meta property=\"og:title\" content=\"PoolFresh\" \/>\n<meta property=\"og:description\" content=\"Kompaktes Salzwasser-Chlorinierger\u00e4t\" \/>\n<meta property=\"og:url\" content=\"https:\/\/daveywater.com\/eu\/de\/produkt\/poolfresh\/\" \/>\n<meta property=\"og:site_name\" content=\"Davey - UK\/Europa\" \/>\n<meta property=\"article:publisher\" content=\"https:\/\/www.facebook.com\/DaveyWaterProducts\/\" \/>\n<meta property=\"article:modified_time\" content=\"2024-12-02T01:10:43+00:00\" \/>\n<meta property=\"og:image\" content=\"https:\/\/daveywater.com\/eu\/wp-content\/uploads\/sites\/5\/2023\/04\/PFD20PSCE_PoolFresh-Controller-Cell.png\" \/>\n\t<meta property=\"og:image:width\" content=\"1200\" \/>\n\t<meta property=\"og:image:height\" content=\"910\" \/>\n\t<meta property=\"og:image:type\" content=\"image\/png\" \/>\n<meta name=\"twitter:card\" content=\"summary_large_image\" \/>\n<meta name=\"twitter:label1\" content=\"Gesch\u00e4tzte Lesezeit\" \/>\n\t<meta name=\"twitter:data1\" content=\"1\u00a0Minute\" \/>\n<script type=\"application\/ld+json\" class=\"yoast-schema-graph\">{\"@context\":\"https:\\\/\\\/schema.org\",\"@graph\":[{\"@type\":\"WebPage\",\"@id\":\"https:\\\/\\\/daveywater.com\\\/eu\\\/de\\\/produkt\\\/poolfresh\\\/\",\"url\":\"https:\\\/\\\/daveywater.com\\\/eu\\\/de\\\/produkt\\\/poolfresh\\\/\",\"name\":\"PoolFresh - Davey - Gro\u00dfbritannien\\\/Europa\",\"isPartOf\":{\"@id\":\"https:\\\/\\\/daveywater.com\\\/eu\\\/de\\\/#website\"},\"primaryImageOfPage\":{\"@id\":\"https:\\\/\\\/daveywater.com\\\/eu\\\/de\\\/produkt\\\/poolfresh\\\/#primaryimage\"},\"image\":{\"@id\":\"https:\\\/\\\/daveywater.com\\\/eu\\\/de\\\/produkt\\\/poolfresh\\\/#primaryimage\"},\"thumbnailUrl\":\"https:\\\/\\\/daveywater.com\\\/eu\\\/wp-content\\\/uploads\\\/sites\\\/5\\\/2023\\\/04\\\/PFD20PSCE_PoolFresh-Controller-Cell.png\",\"datePublished\":\"2023-04-13T06:21:35+00:00\",\"dateModified\":\"2024-12-02T01:10:43+00:00\",\"breadcrumb\":{\"@id\":\"https:\\\/\\\/daveywater.com\\\/eu\\\/de\\\/produkt\\\/poolfresh\\\/#breadcrumb\"},\"inLanguage\":\"de\",\"potentialAction\":[{\"@type\":\"ReadAction\",\"target\":[\"https:\\\/\\\/daveywater.com\\\/eu\\\/de\\\/produkt\\\/poolfresh\\\/\"]}]},{\"@type\":\"ImageObject\",\"inLanguage\":\"de\",\"@id\":\"https:\\\/\\\/daveywater.com\\\/eu\\\/de\\\/produkt\\\/poolfresh\\\/#primaryimage\",\"url\":\"https:\\\/\\\/daveywater.com\\\/eu\\\/wp-content\\\/uploads\\\/sites\\\/5\\\/2023\\\/04\\\/PFD20PSCE_PoolFresh-Controller-Cell.png\",\"contentUrl\":\"https:\\\/\\\/daveywater.com\\\/eu\\\/wp-content\\\/uploads\\\/sites\\\/5\\\/2023\\\/04\\\/PFD20PSCE_PoolFresh-Controller-Cell.png\",\"width\":1200,\"height\":910},{\"@type\":\"BreadcrumbList\",\"@id\":\"https:\\\/\\\/daveywater.com\\\/eu\\\/de\\\/produkt\\\/poolfresh\\\/#breadcrumb\",\"itemListElement\":[{\"@type\":\"ListItem\",\"position\":1,\"name\":\"Startseite\",\"item\":\"https:\\\/\\\/daveywater.com\\\/eu\\\/de\\\/\"},{\"@type\":\"ListItem\",\"position\":2,\"name\":\"Produkte\",\"item\":\"https:\\\/\\\/daveywater.com\\\/eu\\\/de\\\/produkte\\\/\"},{\"@type\":\"ListItem\",\"position\":3,\"name\":\"Chlorgasdosierer\",\"item\":\"https:\\\/\\\/daveywater.com\\\/eu\\\/de\\\/produkte\\\/chlorgasdosierer\\\/\"},{\"@type\":\"ListItem\",\"position\":4,\"name\":\"PoolFresh\"}]},{\"@type\":\"WebSite\",\"@id\":\"https:\\\/\\\/daveywater.com\\\/eu\\\/de\\\/#website\",\"url\":\"https:\\\/\\\/daveywater.com\\\/eu\\\/de\\\/\",\"name\":\"Davey - UK\\\/Europa\",\"description\":\"Ein weiterer Standort von Davey Water\",\"publisher\":{\"@id\":\"https:\\\/\\\/daveywater.com\\\/eu\\\/de\\\/#organization\"},\"potentialAction\":[{\"@type\":\"SearchAction\",\"target\":{\"@type\":\"EntryPoint\",\"urlTemplate\":\"https:\\\/\\\/daveywater.com\\\/eu\\\/de\\\/?s={search_term_string}\"},\"query-input\":{\"@type\":\"PropertyValueSpecification\",\"valueRequired\":true,\"valueName\":\"search_term_string\"}}],\"inLanguage\":\"de\"},{\"@type\":\"Organization\",\"@id\":\"https:\\\/\\\/daveywater.com\\\/eu\\\/de\\\/#organization\",\"name\":\"Davey Europa\",\"alternateName\":\"Davey\",\"url\":\"https:\\\/\\\/daveywater.com\\\/eu\\\/de\\\/\",\"logo\":{\"@type\":\"ImageObject\",\"inLanguage\":\"de\",\"@id\":\"https:\\\/\\\/daveywater.com\\\/eu\\\/de\\\/#\\\/schema\\\/logo\\\/image\\\/\",\"url\":\"https:\\\/\\\/daveywater.com\\\/eu\\\/wp-content\\\/uploads\\\/sites\\\/5\\\/2023\\\/04\\\/davey-sq-696.png\",\"contentUrl\":\"https:\\\/\\\/daveywater.com\\\/eu\\\/wp-content\\\/uploads\\\/sites\\\/5\\\/2023\\\/04\\\/davey-sq-696.png\",\"width\":696,\"height\":696,\"caption\":\"Davey Europa\"},\"image\":{\"@id\":\"https:\\\/\\\/daveywater.com\\\/eu\\\/de\\\/#\\\/schema\\\/logo\\\/image\\\/\"},\"sameAs\":[\"https:\\\/\\\/www.facebook.com\\\/DaveyWaterProducts\\\/\",\"https:\\\/\\\/www.linkedin.com\\\/company\\\/davey-water-products\",\"https:\\\/\\\/www.youtube.com\\\/user\\\/DaveyWaterProducts\",\"https:\\\/\\\/www.instagram.com\\\/daveywaterproducts\\\/\"]}]}<\/script>\n<!-- \/ Yoast SEO Premium plugin. -->","yoast_head_json":{"title":"PoolFresh - Davey - Gro\u00dfbritannien\/Europa","robots":{"index":"index","follow":"follow","max-snippet":"max-snippet:-1","max-image-preview":"max-image-preview:large","max-video-preview":"max-video-preview:-1"},"canonical":"https:\/\/daveywater.com\/eu\/de\/produkt\/poolfresh\/","og_locale":"de_DE","og_type":"article","og_title":"PoolFresh","og_description":"Kompaktes Salzwasser-Chlorinierger\u00e4t","og_url":"https:\/\/daveywater.com\/eu\/de\/produkt\/poolfresh\/","og_site_name":"Davey - UK\/Europa","article_publisher":"https:\/\/www.facebook.com\/DaveyWaterProducts\/","article_modified_time":"2024-12-02T01:10:43+00:00","og_image":[{"width":1200,"height":910,"url":"https:\/\/daveywater.com\/eu\/wp-content\/uploads\/sites\/5\/2023\/04\/PFD20PSCE_PoolFresh-Controller-Cell.png","type":"image\/png"}],"twitter_card":"summary_large_image","twitter_misc":{"Gesch\u00e4tzte Lesezeit":"1\u00a0Minute"},"schema":{"@context":"https:\/\/schema.org","@graph":[{"@type":"WebPage","@id":"https:\/\/daveywater.com\/eu\/de\/produkt\/poolfresh\/","url":"https:\/\/daveywater.com\/eu\/de\/produkt\/poolfresh\/","name":"PoolFresh - Davey - Gro\u00dfbritannien\/Europa","isPartOf":{"@id":"https:\/\/daveywater.com\/eu\/de\/#website"},"primaryImageOfPage":{"@id":"https:\/\/daveywater.com\/eu\/de\/produkt\/poolfresh\/#primaryimage"},"image":{"@id":"https:\/\/daveywater.com\/eu\/de\/produkt\/poolfresh\/#primaryimage"},"thumbnailUrl":"https:\/\/daveywater.com\/eu\/wp-content\/uploads\/sites\/5\/2023\/04\/PFD20PSCE_PoolFresh-Controller-Cell.png","datePublished":"2023-04-13T06:21:35+00:00","dateModified":"2024-12-02T01:10:43+00:00","breadcrumb":{"@id":"https:\/\/daveywater.com\/eu\/de\/produkt\/poolfresh\/#breadcrumb"},"inLanguage":"de","potentialAction":[{"@type":"ReadAction","target":["https:\/\/daveywater.com\/eu\/de\/produkt\/poolfresh\/"]}]},{"@type":"ImageObject","inLanguage":"de","@id":"https:\/\/daveywater.com\/eu\/de\/produkt\/poolfresh\/#primaryimage","url":"https:\/\/daveywater.com\/eu\/wp-content\/uploads\/sites\/5\/2023\/04\/PFD20PSCE_PoolFresh-Controller-Cell.png","contentUrl":"https:\/\/daveywater.com\/eu\/wp-content\/uploads\/sites\/5\/2023\/04\/PFD20PSCE_PoolFresh-Controller-Cell.png","width":1200,"height":910},{"@type":"BreadcrumbList","@id":"https:\/\/daveywater.com\/eu\/de\/produkt\/poolfresh\/#breadcrumb","itemListElement":[{"@type":"ListItem","position":1,"name":"Startseite","item":"https:\/\/daveywater.com\/eu\/de\/"},{"@type":"ListItem","position":2,"name":"Produkte","item":"https:\/\/daveywater.com\/eu\/de\/produkte\/"},{"@type":"ListItem","position":3,"name":"Chlorgasdosierer","item":"https:\/\/daveywater.com\/eu\/de\/produkte\/chlorgasdosierer\/"},{"@type":"ListItem","position":4,"name":"PoolFresh"}]},{"@type":"WebSite","@id":"https:\/\/daveywater.com\/eu\/de\/#website","url":"https:\/\/daveywater.com\/eu\/de\/","name":"Davey - UK\/Europa","description":"Ein weiterer Standort von Davey Water","publisher":{"@id":"https:\/\/daveywater.com\/eu\/de\/#organization"},"potentialAction":[{"@type":"SearchAction","target":{"@type":"EntryPoint","urlTemplate":"https:\/\/daveywater.com\/eu\/de\/?s={search_term_string}"},"query-input":{"@type":"PropertyValueSpecification","valueRequired":true,"valueName":"search_term_string"}}],"inLanguage":"de"},{"@type":"Organization","@id":"https:\/\/daveywater.com\/eu\/de\/#organization","name":"Davey Europa","alternateName":"Davey","url":"https:\/\/daveywater.com\/eu\/de\/","logo":{"@type":"ImageObject","inLanguage":"de","@id":"https:\/\/daveywater.com\/eu\/de\/#\/schema\/logo\/image\/","url":"https:\/\/daveywater.com\/eu\/wp-content\/uploads\/sites\/5\/2023\/04\/davey-sq-696.png","contentUrl":"https:\/\/daveywater.com\/eu\/wp-content\/uploads\/sites\/5\/2023\/04\/davey-sq-696.png","width":696,"height":696,"caption":"Davey Europa"},"image":{"@id":"https:\/\/daveywater.com\/eu\/de\/#\/schema\/logo\/image\/"},"sameAs":["https:\/\/www.facebook.com\/DaveyWaterProducts\/","https:\/\/www.linkedin.com\/company\/davey-water-products","https:\/\/www.youtube.com\/user\/DaveyWaterProducts","https:\/\/www.instagram.com\/daveywaterproducts\/"]}]}},"_links":{"self":[{"href":"https:\/\/daveywater.com\/eu\/de\/wp-json\/wp\/v2\/product\/439","targetHints":{"allow":["GET"]}}],"collection":[{"href":"https:\/\/daveywater.com\/eu\/de\/wp-json\/wp\/v2\/product"}],"about":[{"href":"https:\/\/daveywater.com\/eu\/de\/wp-json\/wp\/v2\/types\/product"}],"replies":[{"embeddable":true,"href":"https:\/\/daveywater.com\/eu\/de\/wp-json\/wp\/v2\/comments?post=439"}],"wp:featuredmedia":[{"embeddable":true,"href":"https:\/\/daveywater.com\/eu\/de\/wp-json\/wp\/v2\/media\/442"}],"wp:attachment":[{"href":"https:\/\/daveywater.com\/eu\/de\/wp-json\/wp\/v2\/media?parent=439"}],"wp:term":[{"taxonomy":"product_brand","embeddable":true,"href":"https:\/\/daveywater.com\/eu\/de\/wp-json\/wp\/v2\/product_brand?post=439"},{"taxonomy":"product_cat","embeddable":true,"href":"https:\/\/daveywater.com\/eu\/de\/wp-json\/wp\/v2\/product_cat?post=439"},{"taxonomy":"product_tag","embeddable":true,"href":"https:\/\/daveywater.com\/eu\/de\/wp-json\/wp\/v2\/product_tag?post=439"}],"curies":[{"name":"wp","href":"https:\/\/api.w.org\/{rel}","templated":true}]}}