{"id":440,"date":"2023-04-13T04:08:40","date_gmt":"2023-04-13T04:08:40","guid":{"rendered":"https:\/\/daveywater.com\/eu\/product\/silensor\/"},"modified":"2025-04-11T02:55:04","modified_gmt":"2025-04-11T02:55:04","slug":"silensor","status":"publish","type":"product","link":"https:\/\/daveywater.com\/eu\/de\/produkt\/silensor\/","title":{"rendered":"Silensor"},"content":{"rendered":"<p>Mit ihrem revolution\u00e4ren wassergek\u00fchlten Motor bietet die Silensor-Poolpumpe das ganze Jahr \u00fcber einen effizienten Betrieb. Ein superleiser Ger\u00e4uschpegel erm\u00f6glicht es Ihnen, Ihre Pumpe zu jeder Tages- und Nachtzeit laufen zu lassen. Dies macht sie zur perfekten eintourigen Schwimmbadpumpe f\u00fcr den privaten Gebrauch, f\u00fcr die Filtration, f\u00fcr Wasserspiele, f\u00fcr die Reinigung und f\u00fcr die R\u00fccksp\u00fclung von Medienfiltern im Haushalt.<\/p>\n<p>Der Silensor eignet sich f\u00fcr Salzwasserpools und ist als ein- und dreiphasiges Modell mit einem Durchfluss von bis zu 24 <sup>m3\/h<\/sup> erh\u00e4ltlich. Er ben\u00f6tigt keine Bel\u00fcftung, was mehr Flexibilit\u00e4t f\u00fcr den Installateur bedeutet, und verf\u00fcgt \u00fcber eine automatische, eingebaute thermische Abschaltung, so dass kein separater Sicherheitsschalter erforderlich ist.<\/p>\n","protected":false},"excerpt":{"rendered":"<p>Leise und effektiv<\/p>\n","protected":false},"featured_media":441,"comment_status":"closed","ping_status":"closed","template":"","meta":{"_acf_changed":false},"product_brand":[],"product_cat":[78],"product_tag":[],"class_list":{"0":"post-440","1":"product","2":"type-product","3":"status-publish","4":"has-post-thumbnail","6":"product_cat-pool-pumpen-und-filter","8":"first","9":"instock","10":"shipping-taxable","11":"product-type-simple"},"acf":[],"yoast_head":"<!-- This site is optimized with the Yoast SEO Premium plugin v26.7 (Yoast SEO v27.4) - https:\/\/yoast.com\/product\/yoast-seo-premium-wordpress\/ -->\n<title>Silensor - Davey - UK\/Europa<\/title>\n<meta name=\"description\" content=\"Mit ihrem revolution\u00e4ren wassergek\u00fchlten Motor bietet die Davey Water Silensor Poolpumpe einen effizienten Betrieb das ganze Jahr \u00fcber, so dass Sie Ihre Pumpe zu jeder Zeit betreiben k\u00f6nnen.\" \/>\n<meta name=\"robots\" content=\"index, follow, max-snippet:-1, max-image-preview:large, max-video-preview:-1\" \/>\n<link rel=\"canonical\" href=\"https:\/\/daveywater.com\/eu\/de\/produkt\/silensor\/\" \/>\n<meta property=\"og:locale\" content=\"de_DE\" \/>\n<meta property=\"og:type\" content=\"article\" \/>\n<meta property=\"og:title\" content=\"Silensor\" \/>\n<meta property=\"og:description\" content=\"Mit ihrem revolution\u00e4ren wassergek\u00fchlten Motor bietet die Davey Water Silensor Poolpumpe einen effizienten Betrieb das ganze Jahr \u00fcber, so dass Sie Ihre Pumpe zu jeder Zeit betreiben k\u00f6nnen.\" \/>\n<meta property=\"og:url\" content=\"https:\/\/daveywater.com\/eu\/de\/produkt\/silensor\/\" \/>\n<meta property=\"og:site_name\" content=\"Davey - UK\/Europa\" \/>\n<meta property=\"article:publisher\" content=\"https:\/\/www.facebook.com\/DaveyWaterProducts\/\" \/>\n<meta property=\"article:modified_time\" content=\"2025-04-11T02:55:04+00:00\" \/>\n<meta property=\"og:image\" content=\"https:\/\/daveywater.com\/eu\/wp-content\/uploads\/sites\/5\/2023\/04\/Pool-Pump-SLL200-Silensor.png\" \/>\n\t<meta property=\"og:image:width\" content=\"1200\" \/>\n\t<meta property=\"og:image:height\" content=\"910\" \/>\n\t<meta property=\"og:image:type\" content=\"image\/png\" \/>\n<meta name=\"twitter:card\" content=\"summary_large_image\" \/>\n<meta name=\"twitter:label1\" content=\"Gesch\u00e4tzte Lesezeit\" \/>\n\t<meta name=\"twitter:data1\" content=\"1\u00a0Minute\" \/>\n<script type=\"application\/ld+json\" class=\"yoast-schema-graph\">{\"@context\":\"https:\\\/\\\/schema.org\",\"@graph\":[{\"@type\":\"WebPage\",\"@id\":\"https:\\\/\\\/daveywater.com\\\/eu\\\/de\\\/produkt\\\/silensor\\\/\",\"url\":\"https:\\\/\\\/daveywater.com\\\/eu\\\/de\\\/produkt\\\/silensor\\\/\",\"name\":\"Silensor - Davey - UK\\\/Europa\",\"isPartOf\":{\"@id\":\"https:\\\/\\\/daveywater.com\\\/eu\\\/de\\\/#website\"},\"primaryImageOfPage\":{\"@id\":\"https:\\\/\\\/daveywater.com\\\/eu\\\/de\\\/produkt\\\/silensor\\\/#primaryimage\"},\"image\":{\"@id\":\"https:\\\/\\\/daveywater.com\\\/eu\\\/de\\\/produkt\\\/silensor\\\/#primaryimage\"},\"thumbnailUrl\":\"https:\\\/\\\/daveywater.com\\\/eu\\\/wp-content\\\/uploads\\\/sites\\\/5\\\/2023\\\/04\\\/Pool-Pump-SLL200-Silensor.png\",\"datePublished\":\"2023-04-13T04:08:40+00:00\",\"dateModified\":\"2025-04-11T02:55:04+00:00\",\"description\":\"Mit ihrem revolution\u00e4ren wassergek\u00fchlten Motor bietet die Davey Water Silensor Poolpumpe einen effizienten Betrieb das ganze Jahr \u00fcber, so dass Sie Ihre Pumpe zu jeder Zeit betreiben k\u00f6nnen.\",\"breadcrumb\":{\"@id\":\"https:\\\/\\\/daveywater.com\\\/eu\\\/de\\\/produkt\\\/silensor\\\/#breadcrumb\"},\"inLanguage\":\"de\",\"potentialAction\":[{\"@type\":\"ReadAction\",\"target\":[\"https:\\\/\\\/daveywater.com\\\/eu\\\/de\\\/produkt\\\/silensor\\\/\"]}]},{\"@type\":\"ImageObject\",\"inLanguage\":\"de\",\"@id\":\"https:\\\/\\\/daveywater.com\\\/eu\\\/de\\\/produkt\\\/silensor\\\/#primaryimage\",\"url\":\"https:\\\/\\\/daveywater.com\\\/eu\\\/wp-content\\\/uploads\\\/sites\\\/5\\\/2023\\\/04\\\/Pool-Pump-SLL200-Silensor.png\",\"contentUrl\":\"https:\\\/\\\/daveywater.com\\\/eu\\\/wp-content\\\/uploads\\\/sites\\\/5\\\/2023\\\/04\\\/Pool-Pump-SLL200-Silensor.png\",\"width\":1200,\"height\":910},{\"@type\":\"BreadcrumbList\",\"@id\":\"https:\\\/\\\/daveywater.com\\\/eu\\\/de\\\/produkt\\\/silensor\\\/#breadcrumb\",\"itemListElement\":[{\"@type\":\"ListItem\",\"position\":1,\"name\":\"Startseite\",\"item\":\"https:\\\/\\\/daveywater.com\\\/eu\\\/de\\\/\"},{\"@type\":\"ListItem\",\"position\":2,\"name\":\"Produkte\",\"item\":\"https:\\\/\\\/daveywater.com\\\/eu\\\/de\\\/produkte\\\/\"},{\"@type\":\"ListItem\",\"position\":3,\"name\":\"Pool-Pumpen und -Filter\",\"item\":\"https:\\\/\\\/daveywater.com\\\/eu\\\/de\\\/produkte\\\/pool-pumpen-und-filter\\\/\"},{\"@type\":\"ListItem\",\"position\":4,\"name\":\"Silensor\"}]},{\"@type\":\"WebSite\",\"@id\":\"https:\\\/\\\/daveywater.com\\\/eu\\\/de\\\/#website\",\"url\":\"https:\\\/\\\/daveywater.com\\\/eu\\\/de\\\/\",\"name\":\"Davey - UK\\\/Europa\",\"description\":\"Ein weiterer Standort von Davey Water\",\"publisher\":{\"@id\":\"https:\\\/\\\/daveywater.com\\\/eu\\\/de\\\/#organization\"},\"potentialAction\":[{\"@type\":\"SearchAction\",\"target\":{\"@type\":\"EntryPoint\",\"urlTemplate\":\"https:\\\/\\\/daveywater.com\\\/eu\\\/de\\\/?s={search_term_string}\"},\"query-input\":{\"@type\":\"PropertyValueSpecification\",\"valueRequired\":true,\"valueName\":\"search_term_string\"}}],\"inLanguage\":\"de\"},{\"@type\":\"Organization\",\"@id\":\"https:\\\/\\\/daveywater.com\\\/eu\\\/de\\\/#organization\",\"name\":\"Davey Europa\",\"alternateName\":\"Davey\",\"url\":\"https:\\\/\\\/daveywater.com\\\/eu\\\/de\\\/\",\"logo\":{\"@type\":\"ImageObject\",\"inLanguage\":\"de\",\"@id\":\"https:\\\/\\\/daveywater.com\\\/eu\\\/de\\\/#\\\/schema\\\/logo\\\/image\\\/\",\"url\":\"https:\\\/\\\/daveywater.com\\\/eu\\\/wp-content\\\/uploads\\\/sites\\\/5\\\/2023\\\/04\\\/davey-sq-696.png\",\"contentUrl\":\"https:\\\/\\\/daveywater.com\\\/eu\\\/wp-content\\\/uploads\\\/sites\\\/5\\\/2023\\\/04\\\/davey-sq-696.png\",\"width\":696,\"height\":696,\"caption\":\"Davey Europa\"},\"image\":{\"@id\":\"https:\\\/\\\/daveywater.com\\\/eu\\\/de\\\/#\\\/schema\\\/logo\\\/image\\\/\"},\"sameAs\":[\"https:\\\/\\\/www.facebook.com\\\/DaveyWaterProducts\\\/\",\"https:\\\/\\\/www.linkedin.com\\\/company\\\/davey-water-products\",\"https:\\\/\\\/www.youtube.com\\\/user\\\/DaveyWaterProducts\",\"https:\\\/\\\/www.instagram.com\\\/daveywaterproducts\\\/\"]}]}<\/script>\n<!-- \/ Yoast SEO Premium plugin. -->","yoast_head_json":{"title":"Silensor - Davey - UK\/Europa","description":"Mit ihrem revolution\u00e4ren wassergek\u00fchlten Motor bietet die Davey Water Silensor Poolpumpe einen effizienten Betrieb das ganze Jahr \u00fcber, so dass Sie Ihre Pumpe zu jeder Zeit betreiben k\u00f6nnen.","robots":{"index":"index","follow":"follow","max-snippet":"max-snippet:-1","max-image-preview":"max-image-preview:large","max-video-preview":"max-video-preview:-1"},"canonical":"https:\/\/daveywater.com\/eu\/de\/produkt\/silensor\/","og_locale":"de_DE","og_type":"article","og_title":"Silensor","og_description":"Mit ihrem revolution\u00e4ren wassergek\u00fchlten Motor bietet die Davey Water Silensor Poolpumpe einen effizienten Betrieb das ganze Jahr \u00fcber, so dass Sie Ihre Pumpe zu jeder Zeit betreiben k\u00f6nnen.","og_url":"https:\/\/daveywater.com\/eu\/de\/produkt\/silensor\/","og_site_name":"Davey - UK\/Europa","article_publisher":"https:\/\/www.facebook.com\/DaveyWaterProducts\/","article_modified_time":"2025-04-11T02:55:04+00:00","og_image":[{"width":1200,"height":910,"url":"https:\/\/daveywater.com\/eu\/wp-content\/uploads\/sites\/5\/2023\/04\/Pool-Pump-SLL200-Silensor.png","type":"image\/png"}],"twitter_card":"summary_large_image","twitter_misc":{"Gesch\u00e4tzte Lesezeit":"1\u00a0Minute"},"schema":{"@context":"https:\/\/schema.org","@graph":[{"@type":"WebPage","@id":"https:\/\/daveywater.com\/eu\/de\/produkt\/silensor\/","url":"https:\/\/daveywater.com\/eu\/de\/produkt\/silensor\/","name":"Silensor - Davey - UK\/Europa","isPartOf":{"@id":"https:\/\/daveywater.com\/eu\/de\/#website"},"primaryImageOfPage":{"@id":"https:\/\/daveywater.com\/eu\/de\/produkt\/silensor\/#primaryimage"},"image":{"@id":"https:\/\/daveywater.com\/eu\/de\/produkt\/silensor\/#primaryimage"},"thumbnailUrl":"https:\/\/daveywater.com\/eu\/wp-content\/uploads\/sites\/5\/2023\/04\/Pool-Pump-SLL200-Silensor.png","datePublished":"2023-04-13T04:08:40+00:00","dateModified":"2025-04-11T02:55:04+00:00","description":"Mit ihrem revolution\u00e4ren wassergek\u00fchlten Motor bietet die Davey Water Silensor Poolpumpe einen effizienten Betrieb das ganze Jahr \u00fcber, so dass Sie Ihre Pumpe zu jeder Zeit betreiben k\u00f6nnen.","breadcrumb":{"@id":"https:\/\/daveywater.com\/eu\/de\/produkt\/silensor\/#breadcrumb"},"inLanguage":"de","potentialAction":[{"@type":"ReadAction","target":["https:\/\/daveywater.com\/eu\/de\/produkt\/silensor\/"]}]},{"@type":"ImageObject","inLanguage":"de","@id":"https:\/\/daveywater.com\/eu\/de\/produkt\/silensor\/#primaryimage","url":"https:\/\/daveywater.com\/eu\/wp-content\/uploads\/sites\/5\/2023\/04\/Pool-Pump-SLL200-Silensor.png","contentUrl":"https:\/\/daveywater.com\/eu\/wp-content\/uploads\/sites\/5\/2023\/04\/Pool-Pump-SLL200-Silensor.png","width":1200,"height":910},{"@type":"BreadcrumbList","@id":"https:\/\/daveywater.com\/eu\/de\/produkt\/silensor\/#breadcrumb","itemListElement":[{"@type":"ListItem","position":1,"name":"Startseite","item":"https:\/\/daveywater.com\/eu\/de\/"},{"@type":"ListItem","position":2,"name":"Produkte","item":"https:\/\/daveywater.com\/eu\/de\/produkte\/"},{"@type":"ListItem","position":3,"name":"Pool-Pumpen und -Filter","item":"https:\/\/daveywater.com\/eu\/de\/produkte\/pool-pumpen-und-filter\/"},{"@type":"ListItem","position":4,"name":"Silensor"}]},{"@type":"WebSite","@id":"https:\/\/daveywater.com\/eu\/de\/#website","url":"https:\/\/daveywater.com\/eu\/de\/","name":"Davey - UK\/Europa","description":"Ein weiterer Standort von Davey Water","publisher":{"@id":"https:\/\/daveywater.com\/eu\/de\/#organization"},"potentialAction":[{"@type":"SearchAction","target":{"@type":"EntryPoint","urlTemplate":"https:\/\/daveywater.com\/eu\/de\/?s={search_term_string}"},"query-input":{"@type":"PropertyValueSpecification","valueRequired":true,"valueName":"search_term_string"}}],"inLanguage":"de"},{"@type":"Organization","@id":"https:\/\/daveywater.com\/eu\/de\/#organization","name":"Davey Europa","alternateName":"Davey","url":"https:\/\/daveywater.com\/eu\/de\/","logo":{"@type":"ImageObject","inLanguage":"de","@id":"https:\/\/daveywater.com\/eu\/de\/#\/schema\/logo\/image\/","url":"https:\/\/daveywater.com\/eu\/wp-content\/uploads\/sites\/5\/2023\/04\/davey-sq-696.png","contentUrl":"https:\/\/daveywater.com\/eu\/wp-content\/uploads\/sites\/5\/2023\/04\/davey-sq-696.png","width":696,"height":696,"caption":"Davey Europa"},"image":{"@id":"https:\/\/daveywater.com\/eu\/de\/#\/schema\/logo\/image\/"},"sameAs":["https:\/\/www.facebook.com\/DaveyWaterProducts\/","https:\/\/www.linkedin.com\/company\/davey-water-products","https:\/\/www.youtube.com\/user\/DaveyWaterProducts","https:\/\/www.instagram.com\/daveywaterproducts\/"]}]}},"_links":{"self":[{"href":"https:\/\/daveywater.com\/eu\/de\/wp-json\/wp\/v2\/product\/440","targetHints":{"allow":["GET"]}}],"collection":[{"href":"https:\/\/daveywater.com\/eu\/de\/wp-json\/wp\/v2\/product"}],"about":[{"href":"https:\/\/daveywater.com\/eu\/de\/wp-json\/wp\/v2\/types\/product"}],"replies":[{"embeddable":true,"href":"https:\/\/daveywater.com\/eu\/de\/wp-json\/wp\/v2\/comments?post=440"}],"wp:featuredmedia":[{"embeddable":true,"href":"https:\/\/daveywater.com\/eu\/de\/wp-json\/wp\/v2\/media\/441"}],"wp:attachment":[{"href":"https:\/\/daveywater.com\/eu\/de\/wp-json\/wp\/v2\/media?parent=440"}],"wp:term":[{"taxonomy":"product_brand","embeddable":true,"href":"https:\/\/daveywater.com\/eu\/de\/wp-json\/wp\/v2\/product_brand?post=440"},{"taxonomy":"product_cat","embeddable":true,"href":"https:\/\/daveywater.com\/eu\/de\/wp-json\/wp\/v2\/product_cat?post=440"},{"taxonomy":"product_tag","embeddable":true,"href":"https:\/\/daveywater.com\/eu\/de\/wp-json\/wp\/v2\/product_tag?post=440"}],"curies":[{"name":"wp","href":"https:\/\/api.w.org\/{rel}","templated":true}]}}