{"id":6629,"date":"2024-12-11T22:10:11","date_gmt":"2024-12-11T22:10:11","guid":{"rendered":"https:\/\/daveywater.com\/eu\/?post_type=product&#038;p=6629"},"modified":"2025-06-10T23:08:36","modified_gmt":"2025-06-10T23:08:36","slug":"starflo-vs-pool-pumps","status":"publish","type":"product","link":"https:\/\/daveywater.com\/eu\/de\/produkt\/starflo-vs-pool-pumps\/","title":{"rendered":"StarFlo VS Pool Pumpen"},"content":{"rendered":"<p>Die vielseitige, energieeffiziente und flexible Davey StarFlo VS Poolpumpe hat EU 50mm und 63mm Anschlussstutzen und eignet sich f\u00fcr verschiedene Anwendungen.<\/p>\n<div class=\"fusion-button-wrapper\"><a class=\"fusion-button button-flat fusion-button-default-size button-custom fusion-button-default button-1 fusion-button-default-span fusion-button-default-type\" style=\"--button_accent_color:var(--awb-color5);--button_accent_hover_color:var(--awb-color1);--button_border_hover_color:var(--awb-color1);--button_gradient_top_color:var(--awb-color7);--button_gradient_bottom_color:var(--awb-color7);--button_gradient_top_color_hover:hsla(var(--awb-color5-h),calc(var(--awb-color5-s) - 5%),calc(var(--awb-color5-l) - 10%),var(--awb-color5-a));--button_gradient_bottom_color_hover:hsla(var(--awb-color5-h),calc(var(--awb-color5-s) - 5%),calc(var(--awb-color5-l) - 10%),var(--awb-color5-a));\" target=\"_blank\" rel=\"noopener noreferrer\" href=\"https:\/\/daveyenergysavingseu.daveywater.com\/\"><i class=\"fa-calculator fas awb-button__icon awb-button__icon--default button-icon-left\" aria-hidden=\"true\"><\/i><span class=\"fusion-button-text awb-button__text awb-button__text--default\"> Energiebesparingscalculator<\/span><\/a><\/div>\n<p>&nbsp;<\/p>\n<p>Ideal f\u00fcr Aufstell- und Aufstellpools bis zu 104.000 Liter. Die StarFlo VS wurde speziell f\u00fcr die effiziente Umw\u00e4lzung von Schwimmbadwasser zur Filtration und Desinfektion entwickelt.<\/p>\n","protected":false},"excerpt":{"rendered":"<p>Multi-fit und energieeffizient<\/p>\n","protected":false},"featured_media":6636,"comment_status":"closed","ping_status":"closed","template":"","meta":{"_acf_changed":false},"product_brand":[],"product_cat":[78],"product_tag":[80],"class_list":{"0":"post-6629","1":"product","2":"type-product","3":"status-publish","4":"has-post-thumbnail","6":"product_cat-pool-pumpen-und-filter","7":"product_tag-pool-pumpe","9":"first","10":"instock","11":"shipping-taxable","12":"product-type-simple"},"acf":[],"yoast_head":"<!-- This site is optimized with the Yoast SEO Premium plugin v26.7 (Yoast SEO v27.4) - https:\/\/yoast.com\/product\/yoast-seo-premium-wordpress\/ -->\n<title>StarFlo VS Pool Pumpen - Davey - UK\/Europa<\/title>\n<meta name=\"description\" content=\"Die Davey Water StarFlo Pool-Pumpe ist vielseitig und flexibel f\u00fcr Nachr\u00fcst- oder Serviceanwendungen. Sie verf\u00fcgt \u00fcber 40 mm und 50 mm Anschlussstutzen und eignet sich f\u00fcr Multi-Fit-Anwendungen.\" \/>\n<meta name=\"robots\" content=\"index, follow, max-snippet:-1, max-image-preview:large, max-video-preview:-1\" \/>\n<link rel=\"canonical\" href=\"https:\/\/daveywater.com\/eu\/de\/produkt\/starflo-vs-pool-pumps\/\" \/>\n<meta property=\"og:locale\" content=\"de_DE\" \/>\n<meta property=\"og:type\" content=\"article\" \/>\n<meta property=\"og:title\" content=\"StarFlo VS Pool Pumpen\" \/>\n<meta property=\"og:description\" content=\"Die Davey Water StarFlo Pool-Pumpe ist vielseitig und flexibel f\u00fcr Nachr\u00fcst- oder Serviceanwendungen. Sie verf\u00fcgt \u00fcber 40 mm und 50 mm Anschlussstutzen und eignet sich f\u00fcr Multi-Fit-Anwendungen.\" \/>\n<meta property=\"og:url\" content=\"https:\/\/daveywater.com\/eu\/de\/produkt\/starflo-vs-pool-pumps\/\" \/>\n<meta property=\"og:site_name\" content=\"Davey - UK\/Europa\" \/>\n<meta property=\"article:publisher\" content=\"https:\/\/www.facebook.com\/DaveyWaterProducts\/\" \/>\n<meta property=\"article:modified_time\" content=\"2025-06-10T23:08:36+00:00\" \/>\n<meta property=\"og:image\" content=\"https:\/\/daveywater.com\/eu\/wp-content\/uploads\/sites\/5\/2024\/12\/DSF250VSCE_AngleA_1200x910px.png\" \/>\n\t<meta property=\"og:image:width\" content=\"1200\" \/>\n\t<meta property=\"og:image:height\" content=\"910\" \/>\n\t<meta property=\"og:image:type\" content=\"image\/png\" \/>\n<meta name=\"twitter:card\" content=\"summary_large_image\" \/>\n<meta name=\"twitter:label1\" content=\"Gesch\u00e4tzte Lesezeit\" \/>\n\t<meta name=\"twitter:data1\" content=\"1\u00a0Minute\" \/>\n<script type=\"application\/ld+json\" class=\"yoast-schema-graph\">{\"@context\":\"https:\\\/\\\/schema.org\",\"@graph\":[{\"@type\":\"WebPage\",\"@id\":\"https:\\\/\\\/daveywater.com\\\/eu\\\/de\\\/produkt\\\/starflo-vs-pool-pumps\\\/\",\"url\":\"https:\\\/\\\/daveywater.com\\\/eu\\\/de\\\/produkt\\\/starflo-vs-pool-pumps\\\/\",\"name\":\"StarFlo VS Pool Pumpen - Davey - UK\\\/Europa\",\"isPartOf\":{\"@id\":\"https:\\\/\\\/daveywater.com\\\/eu\\\/de\\\/#website\"},\"primaryImageOfPage\":{\"@id\":\"https:\\\/\\\/daveywater.com\\\/eu\\\/de\\\/produkt\\\/starflo-vs-pool-pumps\\\/#primaryimage\"},\"image\":{\"@id\":\"https:\\\/\\\/daveywater.com\\\/eu\\\/de\\\/produkt\\\/starflo-vs-pool-pumps\\\/#primaryimage\"},\"thumbnailUrl\":\"https:\\\/\\\/daveywater.com\\\/eu\\\/wp-content\\\/uploads\\\/sites\\\/5\\\/2024\\\/12\\\/DSF250VSCE_AngleA_1200x910px.png\",\"datePublished\":\"2024-12-11T22:10:11+00:00\",\"dateModified\":\"2025-06-10T23:08:36+00:00\",\"description\":\"Die Davey Water StarFlo Pool-Pumpe ist vielseitig und flexibel f\u00fcr Nachr\u00fcst- oder Serviceanwendungen. Sie verf\u00fcgt \u00fcber 40 mm und 50 mm Anschlussstutzen und eignet sich f\u00fcr Multi-Fit-Anwendungen.\",\"breadcrumb\":{\"@id\":\"https:\\\/\\\/daveywater.com\\\/eu\\\/de\\\/produkt\\\/starflo-vs-pool-pumps\\\/#breadcrumb\"},\"inLanguage\":\"de\",\"potentialAction\":[{\"@type\":\"ReadAction\",\"target\":[\"https:\\\/\\\/daveywater.com\\\/eu\\\/de\\\/produkt\\\/starflo-vs-pool-pumps\\\/\"]}]},{\"@type\":\"ImageObject\",\"inLanguage\":\"de\",\"@id\":\"https:\\\/\\\/daveywater.com\\\/eu\\\/de\\\/produkt\\\/starflo-vs-pool-pumps\\\/#primaryimage\",\"url\":\"https:\\\/\\\/daveywater.com\\\/eu\\\/wp-content\\\/uploads\\\/sites\\\/5\\\/2024\\\/12\\\/DSF250VSCE_AngleA_1200x910px.png\",\"contentUrl\":\"https:\\\/\\\/daveywater.com\\\/eu\\\/wp-content\\\/uploads\\\/sites\\\/5\\\/2024\\\/12\\\/DSF250VSCE_AngleA_1200x910px.png\",\"width\":1200,\"height\":910},{\"@type\":\"BreadcrumbList\",\"@id\":\"https:\\\/\\\/daveywater.com\\\/eu\\\/de\\\/produkt\\\/starflo-vs-pool-pumps\\\/#breadcrumb\",\"itemListElement\":[{\"@type\":\"ListItem\",\"position\":1,\"name\":\"Startseite\",\"item\":\"https:\\\/\\\/daveywater.com\\\/eu\\\/de\\\/\"},{\"@type\":\"ListItem\",\"position\":2,\"name\":\"Produkte\",\"item\":\"https:\\\/\\\/daveywater.com\\\/eu\\\/de\\\/produkte\\\/\"},{\"@type\":\"ListItem\",\"position\":3,\"name\":\"Pool-Pumpen und -Filter\",\"item\":\"https:\\\/\\\/daveywater.com\\\/eu\\\/de\\\/produkte\\\/pool-pumpen-und-filter\\\/\"},{\"@type\":\"ListItem\",\"position\":4,\"name\":\"StarFlo VS Pool Pumpen\"}]},{\"@type\":\"WebSite\",\"@id\":\"https:\\\/\\\/daveywater.com\\\/eu\\\/de\\\/#website\",\"url\":\"https:\\\/\\\/daveywater.com\\\/eu\\\/de\\\/\",\"name\":\"Davey - UK\\\/Europa\",\"description\":\"Ein weiterer Standort von Davey Water\",\"publisher\":{\"@id\":\"https:\\\/\\\/daveywater.com\\\/eu\\\/de\\\/#organization\"},\"potentialAction\":[{\"@type\":\"SearchAction\",\"target\":{\"@type\":\"EntryPoint\",\"urlTemplate\":\"https:\\\/\\\/daveywater.com\\\/eu\\\/de\\\/?s={search_term_string}\"},\"query-input\":{\"@type\":\"PropertyValueSpecification\",\"valueRequired\":true,\"valueName\":\"search_term_string\"}}],\"inLanguage\":\"de\"},{\"@type\":\"Organization\",\"@id\":\"https:\\\/\\\/daveywater.com\\\/eu\\\/de\\\/#organization\",\"name\":\"Davey Europa\",\"alternateName\":\"Davey\",\"url\":\"https:\\\/\\\/daveywater.com\\\/eu\\\/de\\\/\",\"logo\":{\"@type\":\"ImageObject\",\"inLanguage\":\"de\",\"@id\":\"https:\\\/\\\/daveywater.com\\\/eu\\\/de\\\/#\\\/schema\\\/logo\\\/image\\\/\",\"url\":\"https:\\\/\\\/daveywater.com\\\/eu\\\/wp-content\\\/uploads\\\/sites\\\/5\\\/2023\\\/04\\\/davey-sq-696.png\",\"contentUrl\":\"https:\\\/\\\/daveywater.com\\\/eu\\\/wp-content\\\/uploads\\\/sites\\\/5\\\/2023\\\/04\\\/davey-sq-696.png\",\"width\":696,\"height\":696,\"caption\":\"Davey Europa\"},\"image\":{\"@id\":\"https:\\\/\\\/daveywater.com\\\/eu\\\/de\\\/#\\\/schema\\\/logo\\\/image\\\/\"},\"sameAs\":[\"https:\\\/\\\/www.facebook.com\\\/DaveyWaterProducts\\\/\",\"https:\\\/\\\/www.linkedin.com\\\/company\\\/davey-water-products\",\"https:\\\/\\\/www.youtube.com\\\/user\\\/DaveyWaterProducts\",\"https:\\\/\\\/www.instagram.com\\\/daveywaterproducts\\\/\"]}]}<\/script>\n<!-- \/ Yoast SEO Premium plugin. -->","yoast_head_json":{"title":"StarFlo VS Pool Pumpen - Davey - UK\/Europa","description":"Die Davey Water StarFlo Pool-Pumpe ist vielseitig und flexibel f\u00fcr Nachr\u00fcst- oder Serviceanwendungen. Sie verf\u00fcgt \u00fcber 40 mm und 50 mm Anschlussstutzen und eignet sich f\u00fcr Multi-Fit-Anwendungen.","robots":{"index":"index","follow":"follow","max-snippet":"max-snippet:-1","max-image-preview":"max-image-preview:large","max-video-preview":"max-video-preview:-1"},"canonical":"https:\/\/daveywater.com\/eu\/de\/produkt\/starflo-vs-pool-pumps\/","og_locale":"de_DE","og_type":"article","og_title":"StarFlo VS Pool Pumpen","og_description":"Die Davey Water StarFlo Pool-Pumpe ist vielseitig und flexibel f\u00fcr Nachr\u00fcst- oder Serviceanwendungen. Sie verf\u00fcgt \u00fcber 40 mm und 50 mm Anschlussstutzen und eignet sich f\u00fcr Multi-Fit-Anwendungen.","og_url":"https:\/\/daveywater.com\/eu\/de\/produkt\/starflo-vs-pool-pumps\/","og_site_name":"Davey - UK\/Europa","article_publisher":"https:\/\/www.facebook.com\/DaveyWaterProducts\/","article_modified_time":"2025-06-10T23:08:36+00:00","og_image":[{"width":1200,"height":910,"url":"https:\/\/daveywater.com\/eu\/wp-content\/uploads\/sites\/5\/2024\/12\/DSF250VSCE_AngleA_1200x910px.png","type":"image\/png"}],"twitter_card":"summary_large_image","twitter_misc":{"Gesch\u00e4tzte Lesezeit":"1\u00a0Minute"},"schema":{"@context":"https:\/\/schema.org","@graph":[{"@type":"WebPage","@id":"https:\/\/daveywater.com\/eu\/de\/produkt\/starflo-vs-pool-pumps\/","url":"https:\/\/daveywater.com\/eu\/de\/produkt\/starflo-vs-pool-pumps\/","name":"StarFlo VS Pool Pumpen - Davey - UK\/Europa","isPartOf":{"@id":"https:\/\/daveywater.com\/eu\/de\/#website"},"primaryImageOfPage":{"@id":"https:\/\/daveywater.com\/eu\/de\/produkt\/starflo-vs-pool-pumps\/#primaryimage"},"image":{"@id":"https:\/\/daveywater.com\/eu\/de\/produkt\/starflo-vs-pool-pumps\/#primaryimage"},"thumbnailUrl":"https:\/\/daveywater.com\/eu\/wp-content\/uploads\/sites\/5\/2024\/12\/DSF250VSCE_AngleA_1200x910px.png","datePublished":"2024-12-11T22:10:11+00:00","dateModified":"2025-06-10T23:08:36+00:00","description":"Die Davey Water StarFlo Pool-Pumpe ist vielseitig und flexibel f\u00fcr Nachr\u00fcst- oder Serviceanwendungen. Sie verf\u00fcgt \u00fcber 40 mm und 50 mm Anschlussstutzen und eignet sich f\u00fcr Multi-Fit-Anwendungen.","breadcrumb":{"@id":"https:\/\/daveywater.com\/eu\/de\/produkt\/starflo-vs-pool-pumps\/#breadcrumb"},"inLanguage":"de","potentialAction":[{"@type":"ReadAction","target":["https:\/\/daveywater.com\/eu\/de\/produkt\/starflo-vs-pool-pumps\/"]}]},{"@type":"ImageObject","inLanguage":"de","@id":"https:\/\/daveywater.com\/eu\/de\/produkt\/starflo-vs-pool-pumps\/#primaryimage","url":"https:\/\/daveywater.com\/eu\/wp-content\/uploads\/sites\/5\/2024\/12\/DSF250VSCE_AngleA_1200x910px.png","contentUrl":"https:\/\/daveywater.com\/eu\/wp-content\/uploads\/sites\/5\/2024\/12\/DSF250VSCE_AngleA_1200x910px.png","width":1200,"height":910},{"@type":"BreadcrumbList","@id":"https:\/\/daveywater.com\/eu\/de\/produkt\/starflo-vs-pool-pumps\/#breadcrumb","itemListElement":[{"@type":"ListItem","position":1,"name":"Startseite","item":"https:\/\/daveywater.com\/eu\/de\/"},{"@type":"ListItem","position":2,"name":"Produkte","item":"https:\/\/daveywater.com\/eu\/de\/produkte\/"},{"@type":"ListItem","position":3,"name":"Pool-Pumpen und -Filter","item":"https:\/\/daveywater.com\/eu\/de\/produkte\/pool-pumpen-und-filter\/"},{"@type":"ListItem","position":4,"name":"StarFlo VS Pool Pumpen"}]},{"@type":"WebSite","@id":"https:\/\/daveywater.com\/eu\/de\/#website","url":"https:\/\/daveywater.com\/eu\/de\/","name":"Davey - UK\/Europa","description":"Ein weiterer Standort von Davey Water","publisher":{"@id":"https:\/\/daveywater.com\/eu\/de\/#organization"},"potentialAction":[{"@type":"SearchAction","target":{"@type":"EntryPoint","urlTemplate":"https:\/\/daveywater.com\/eu\/de\/?s={search_term_string}"},"query-input":{"@type":"PropertyValueSpecification","valueRequired":true,"valueName":"search_term_string"}}],"inLanguage":"de"},{"@type":"Organization","@id":"https:\/\/daveywater.com\/eu\/de\/#organization","name":"Davey Europa","alternateName":"Davey","url":"https:\/\/daveywater.com\/eu\/de\/","logo":{"@type":"ImageObject","inLanguage":"de","@id":"https:\/\/daveywater.com\/eu\/de\/#\/schema\/logo\/image\/","url":"https:\/\/daveywater.com\/eu\/wp-content\/uploads\/sites\/5\/2023\/04\/davey-sq-696.png","contentUrl":"https:\/\/daveywater.com\/eu\/wp-content\/uploads\/sites\/5\/2023\/04\/davey-sq-696.png","width":696,"height":696,"caption":"Davey Europa"},"image":{"@id":"https:\/\/daveywater.com\/eu\/de\/#\/schema\/logo\/image\/"},"sameAs":["https:\/\/www.facebook.com\/DaveyWaterProducts\/","https:\/\/www.linkedin.com\/company\/davey-water-products","https:\/\/www.youtube.com\/user\/DaveyWaterProducts","https:\/\/www.instagram.com\/daveywaterproducts\/"]}]}},"_links":{"self":[{"href":"https:\/\/daveywater.com\/eu\/de\/wp-json\/wp\/v2\/product\/6629","targetHints":{"allow":["GET"]}}],"collection":[{"href":"https:\/\/daveywater.com\/eu\/de\/wp-json\/wp\/v2\/product"}],"about":[{"href":"https:\/\/daveywater.com\/eu\/de\/wp-json\/wp\/v2\/types\/product"}],"replies":[{"embeddable":true,"href":"https:\/\/daveywater.com\/eu\/de\/wp-json\/wp\/v2\/comments?post=6629"}],"wp:featuredmedia":[{"embeddable":true,"href":"https:\/\/daveywater.com\/eu\/de\/wp-json\/wp\/v2\/media\/6636"}],"wp:attachment":[{"href":"https:\/\/daveywater.com\/eu\/de\/wp-json\/wp\/v2\/media?parent=6629"}],"wp:term":[{"taxonomy":"product_brand","embeddable":true,"href":"https:\/\/daveywater.com\/eu\/de\/wp-json\/wp\/v2\/product_brand?post=6629"},{"taxonomy":"product_cat","embeddable":true,"href":"https:\/\/daveywater.com\/eu\/de\/wp-json\/wp\/v2\/product_cat?post=6629"},{"taxonomy":"product_tag","embeddable":true,"href":"https:\/\/daveywater.com\/eu\/de\/wp-json\/wp\/v2\/product_tag?post=6629"}],"curies":[{"name":"wp","href":"https:\/\/api.w.org\/{rel}","templated":true}]}}