{"id":819,"date":"2022-09-28T01:46:42","date_gmt":"2022-09-28T01:46:42","guid":{"rendered":"https:\/\/daveywater.com\/eu\/productos\/"},"modified":"2023-07-02T02:22:13","modified_gmt":"2023-07-02T02:22:13","slug":"productos","status":"publish","type":"page","link":"https:\/\/daveywater.com\/eu\/es\/productos\/","title":{"rendered":"Productos"},"content":{"rendered":"","protected":false},"excerpt":{"rendered":"","protected":false},"author":1,"featured_media":0,"parent":0,"menu_order":2,"comment_status":"closed","ping_status":"closed","template":"","meta":{"_acf_changed":false,"footnotes":""},"class_list":["post-819","page","type-page","status-publish","hentry"],"acf":[],"yoast_head":"<!-- This site is optimized with the Yoast SEO Premium plugin v26.7 (Yoast SEO v27.4) - https:\/\/yoast.com\/product\/yoast-seo-premium-wordpress\/ -->\n<title>Productos - Davey - Reino Unido\/Europa<\/title>\n<meta name=\"description\" content=\"Los productos Davey proporcionan soluciones de agua para hogares, empresas y entornos agr\u00edcolas. Nos centramos en el dise\u00f1o y la fabricaci\u00f3n de productos para trasvasar, conservar y filtrar agua.\" \/>\n<meta name=\"robots\" content=\"index, follow, max-snippet:-1, max-image-preview:large, max-video-preview:-1\" \/>\n<link rel=\"canonical\" href=\"https:\/\/daveywater.com\/eu\/es\/productos\/\" \/>\n<meta property=\"og:locale\" content=\"es_ES\" \/>\n<meta property=\"og:type\" content=\"article\" \/>\n<meta property=\"og:title\" content=\"Productos\" \/>\n<meta property=\"og:description\" content=\"Los productos Davey proporcionan soluciones de agua para hogares, empresas y entornos agr\u00edcolas. Nos centramos en el dise\u00f1o y la fabricaci\u00f3n de productos para trasvasar, conservar y filtrar agua.\" \/>\n<meta property=\"og:url\" content=\"https:\/\/daveywater.com\/eu\/es\/productos\/\" \/>\n<meta property=\"og:site_name\" content=\"Davey - Reino Unido\/Europa\" \/>\n<meta property=\"article:publisher\" content=\"https:\/\/www.facebook.com\/DaveyWaterProducts\/\" \/>\n<meta property=\"article:modified_time\" content=\"2023-07-02T02:22:13+00:00\" \/>\n<meta name=\"twitter:card\" content=\"summary_large_image\" \/>\n<script type=\"application\/ld+json\" class=\"yoast-schema-graph\">{\"@context\":\"https:\\\/\\\/schema.org\",\"@graph\":[{\"@type\":\"WebPage\",\"@id\":\"https:\\\/\\\/daveywater.com\\\/eu\\\/es\\\/productos\\\/\",\"url\":\"https:\\\/\\\/daveywater.com\\\/eu\\\/es\\\/productos\\\/\",\"name\":\"Productos - Davey - Reino Unido\\\/Europa\",\"isPartOf\":{\"@id\":\"https:\\\/\\\/daveywater.com\\\/eu\\\/es\\\/#website\"},\"datePublished\":\"2022-09-28T01:46:42+00:00\",\"dateModified\":\"2023-07-02T02:22:13+00:00\",\"description\":\"Los productos Davey proporcionan soluciones de agua para hogares, empresas y entornos agr\u00edcolas. Nos centramos en el dise\u00f1o y la fabricaci\u00f3n de productos para trasvasar, conservar y filtrar agua.\",\"breadcrumb\":{\"@id\":\"https:\\\/\\\/daveywater.com\\\/eu\\\/es\\\/productos\\\/#breadcrumb\"},\"inLanguage\":\"es\",\"potentialAction\":[{\"@type\":\"ReadAction\",\"target\":[\"https:\\\/\\\/daveywater.com\\\/eu\\\/es\\\/productos\\\/\"]}]},{\"@type\":\"BreadcrumbList\",\"@id\":\"https:\\\/\\\/daveywater.com\\\/eu\\\/es\\\/productos\\\/#breadcrumb\",\"itemListElement\":[{\"@type\":\"ListItem\",\"position\":1,\"name\":\"Inicio\",\"item\":\"https:\\\/\\\/daveywater.com\\\/eu\\\/es\\\/\"},{\"@type\":\"ListItem\",\"position\":2,\"name\":\"Productos\"}]},{\"@type\":\"WebSite\",\"@id\":\"https:\\\/\\\/daveywater.com\\\/eu\\\/es\\\/#website\",\"url\":\"https:\\\/\\\/daveywater.com\\\/eu\\\/es\\\/\",\"name\":\"Davey - Reino Unido\\\/Europa\",\"description\":\"Otro sitio de Davey Water\",\"publisher\":{\"@id\":\"https:\\\/\\\/daveywater.com\\\/eu\\\/es\\\/#organization\"},\"potentialAction\":[{\"@type\":\"SearchAction\",\"target\":{\"@type\":\"EntryPoint\",\"urlTemplate\":\"https:\\\/\\\/daveywater.com\\\/eu\\\/es\\\/?s={search_term_string}\"},\"query-input\":{\"@type\":\"PropertyValueSpecification\",\"valueRequired\":true,\"valueName\":\"search_term_string\"}}],\"inLanguage\":\"es\"},{\"@type\":\"Organization\",\"@id\":\"https:\\\/\\\/daveywater.com\\\/eu\\\/es\\\/#organization\",\"name\":\"Davey Europa\",\"alternateName\":\"Davey\",\"url\":\"https:\\\/\\\/daveywater.com\\\/eu\\\/es\\\/\",\"logo\":{\"@type\":\"ImageObject\",\"inLanguage\":\"es\",\"@id\":\"https:\\\/\\\/daveywater.com\\\/eu\\\/es\\\/#\\\/schema\\\/logo\\\/image\\\/\",\"url\":\"https:\\\/\\\/daveywater.com\\\/eu\\\/wp-content\\\/uploads\\\/sites\\\/5\\\/2023\\\/04\\\/davey-sq-696.png\",\"contentUrl\":\"https:\\\/\\\/daveywater.com\\\/eu\\\/wp-content\\\/uploads\\\/sites\\\/5\\\/2023\\\/04\\\/davey-sq-696.png\",\"width\":696,\"height\":696,\"caption\":\"Davey Europa\"},\"image\":{\"@id\":\"https:\\\/\\\/daveywater.com\\\/eu\\\/es\\\/#\\\/schema\\\/logo\\\/image\\\/\"},\"sameAs\":[\"https:\\\/\\\/www.facebook.com\\\/DaveyWaterProducts\\\/\",\"https:\\\/\\\/www.linkedin.com\\\/company\\\/davey-water-products\",\"https:\\\/\\\/www.youtube.com\\\/user\\\/DaveyWaterProducts\",\"https:\\\/\\\/www.instagram.com\\\/daveywaterproducts\\\/\"]}]}<\/script>\n<!-- \/ Yoast SEO Premium plugin. -->","yoast_head_json":{"title":"Productos - Davey - Reino Unido\/Europa","description":"Los productos Davey proporcionan soluciones de agua para hogares, empresas y entornos agr\u00edcolas. Nos centramos en el dise\u00f1o y la fabricaci\u00f3n de productos para trasvasar, conservar y filtrar agua.","robots":{"index":"index","follow":"follow","max-snippet":"max-snippet:-1","max-image-preview":"max-image-preview:large","max-video-preview":"max-video-preview:-1"},"canonical":"https:\/\/daveywater.com\/eu\/es\/productos\/","og_locale":"es_ES","og_type":"article","og_title":"Productos","og_description":"Los productos Davey proporcionan soluciones de agua para hogares, empresas y entornos agr\u00edcolas. Nos centramos en el dise\u00f1o y la fabricaci\u00f3n de productos para trasvasar, conservar y filtrar agua.","og_url":"https:\/\/daveywater.com\/eu\/es\/productos\/","og_site_name":"Davey - Reino Unido\/Europa","article_publisher":"https:\/\/www.facebook.com\/DaveyWaterProducts\/","article_modified_time":"2023-07-02T02:22:13+00:00","twitter_card":"summary_large_image","schema":{"@context":"https:\/\/schema.org","@graph":[{"@type":"WebPage","@id":"https:\/\/daveywater.com\/eu\/es\/productos\/","url":"https:\/\/daveywater.com\/eu\/es\/productos\/","name":"Productos - Davey - Reino Unido\/Europa","isPartOf":{"@id":"https:\/\/daveywater.com\/eu\/es\/#website"},"datePublished":"2022-09-28T01:46:42+00:00","dateModified":"2023-07-02T02:22:13+00:00","description":"Los productos Davey proporcionan soluciones de agua para hogares, empresas y entornos agr\u00edcolas. Nos centramos en el dise\u00f1o y la fabricaci\u00f3n de productos para trasvasar, conservar y filtrar agua.","breadcrumb":{"@id":"https:\/\/daveywater.com\/eu\/es\/productos\/#breadcrumb"},"inLanguage":"es","potentialAction":[{"@type":"ReadAction","target":["https:\/\/daveywater.com\/eu\/es\/productos\/"]}]},{"@type":"BreadcrumbList","@id":"https:\/\/daveywater.com\/eu\/es\/productos\/#breadcrumb","itemListElement":[{"@type":"ListItem","position":1,"name":"Inicio","item":"https:\/\/daveywater.com\/eu\/es\/"},{"@type":"ListItem","position":2,"name":"Productos"}]},{"@type":"WebSite","@id":"https:\/\/daveywater.com\/eu\/es\/#website","url":"https:\/\/daveywater.com\/eu\/es\/","name":"Davey - Reino Unido\/Europa","description":"Otro sitio de Davey Water","publisher":{"@id":"https:\/\/daveywater.com\/eu\/es\/#organization"},"potentialAction":[{"@type":"SearchAction","target":{"@type":"EntryPoint","urlTemplate":"https:\/\/daveywater.com\/eu\/es\/?s={search_term_string}"},"query-input":{"@type":"PropertyValueSpecification","valueRequired":true,"valueName":"search_term_string"}}],"inLanguage":"es"},{"@type":"Organization","@id":"https:\/\/daveywater.com\/eu\/es\/#organization","name":"Davey Europa","alternateName":"Davey","url":"https:\/\/daveywater.com\/eu\/es\/","logo":{"@type":"ImageObject","inLanguage":"es","@id":"https:\/\/daveywater.com\/eu\/es\/#\/schema\/logo\/image\/","url":"https:\/\/daveywater.com\/eu\/wp-content\/uploads\/sites\/5\/2023\/04\/davey-sq-696.png","contentUrl":"https:\/\/daveywater.com\/eu\/wp-content\/uploads\/sites\/5\/2023\/04\/davey-sq-696.png","width":696,"height":696,"caption":"Davey Europa"},"image":{"@id":"https:\/\/daveywater.com\/eu\/es\/#\/schema\/logo\/image\/"},"sameAs":["https:\/\/www.facebook.com\/DaveyWaterProducts\/","https:\/\/www.linkedin.com\/company\/davey-water-products","https:\/\/www.youtube.com\/user\/DaveyWaterProducts","https:\/\/www.instagram.com\/daveywaterproducts\/"]}]}},"_links":{"self":[{"href":"https:\/\/daveywater.com\/eu\/es\/wp-json\/wp\/v2\/pages\/819","targetHints":{"allow":["GET"]}}],"collection":[{"href":"https:\/\/daveywater.com\/eu\/es\/wp-json\/wp\/v2\/pages"}],"about":[{"href":"https:\/\/daveywater.com\/eu\/es\/wp-json\/wp\/v2\/types\/page"}],"author":[{"embeddable":true,"href":"https:\/\/daveywater.com\/eu\/es\/wp-json\/wp\/v2\/users\/1"}],"replies":[{"embeddable":true,"href":"https:\/\/daveywater.com\/eu\/es\/wp-json\/wp\/v2\/comments?post=819"}],"version-history":[{"count":0,"href":"https:\/\/daveywater.com\/eu\/es\/wp-json\/wp\/v2\/pages\/819\/revisions"}],"wp:attachment":[{"href":"https:\/\/daveywater.com\/eu\/es\/wp-json\/wp\/v2\/media?parent=819"}],"curies":[{"name":"wp","href":"https:\/\/api.w.org\/{rel}","templated":true}]}}