{"id":820,"date":"2022-11-08T04:09:41","date_gmt":"2022-11-08T04:09:41","guid":{"rendered":"https:\/\/daveywater.com\/eu\/buscar-un-distribuidor\/"},"modified":"2023-06-18T03:27:36","modified_gmt":"2023-06-18T03:27:36","slug":"buscar-un-distribuidor","status":"publish","type":"page","link":"https:\/\/daveywater.com\/eu\/es\/buscar-un-distribuidor\/","title":{"rendered":"Buscar un distribuidor"},"content":{"rendered":"<div class=\"fusion-fullwidth fullwidth-box fusion-builder-row-1 fusion-flex-container has-pattern-background has-mask-background nonhundred-percent-fullwidth non-hundred-percent-height-scrolling\" style=\"--awb-border-radius-top-left:0px;--awb-border-radius-top-right:0px;--awb-border-radius-bottom-right:0px;--awb-border-radius-bottom-left:0px;--awb-margin-top:0px;--awb-margin-bottom:0px;--awb-flex-wrap:wrap;\" ><div class=\"fusion-builder-row fusion-row fusion-flex-align-items-flex-start fusion-flex-content-wrap\" style=\"max-width:1497.6px;margin-left: calc(-4% \/ 2 );margin-right: calc(-4% \/ 2 );\"><div class=\"fusion-layout-column fusion_builder_column fusion-builder-column-0 fusion_builder_column_1_1 1_1 fusion-flex-column\" style=\"--awb-bg-size:cover;--awb-width-large:100%;--awb-margin-top-large:0px;--awb-spacing-right-large:1.92%;--awb-margin-bottom-large:20px;--awb-spacing-left-large:1.92%;--awb-width-medium:100%;--awb-order-medium:0;--awb-spacing-right-medium:1.92%;--awb-spacing-left-medium:1.92%;--awb-width-small:100%;--awb-order-small:0;--awb-spacing-right-small:1.92%;--awb-spacing-left-small:1.92%;\"><div class=\"fusion-column-wrapper fusion-column-has-shadow fusion-flex-justify-content-flex-start fusion-content-layout-column\"><div class=\"fusion-title title fusion-title-1 fusion-sep-none fusion-title-text fusion-title-size-one page-section-padding\" style=\"--awb-margin-top:0px;--awb-margin-bottom:0px;--awb-margin-top-small:0px;--awb-margin-bottom-small:0px;--awb-margin-top-medium:0px;--awb-margin-bottom-medium:0px;\"><h1 class=\"fusion-title-heading title-heading-left fusion-responsive-typography-calculated\" style=\"margin:0;--fontSize:40;line-height:var(--awb-typography1-line-height);\"><h1>Buscar un distribuidor<\/h1><\/h1><\/div><div class=\"fusion-text fusion-text-1\"><style type=\"text\/css\">\n.asl-p-cont .asl-print-btn,.asl-cont .asl-print-btn {display: none !important;}#asl-storelocator.asl-cont .sl-main-cont .asl-panel.pol-lg-12 {\n    order: 0;\n}\n\n#asl-storelocator.asl-cont .sl-main-cont .asl-panel.pol-lg-12 .asl-panel-inner {\n    position: relative;\n    height: 450px;\n}\n\n.asl-cont .onoffswitch .onoffswitch-label .onoffswitch-switch:before {\n    content: \"ABIERTO\" !important;\n}\n\n.asl-cont .onoffswitch .onoffswitch-label .onoffswitch-switch:after {\n    content: \"TODOS\" !important;\n}\n\n@media (max-width: 767px) {\n    #asl-storelocator.asl-cont .asl-panel {\n        order: 0;\n    }\n}\n\n.asl-cont.sl-search-only .Filter_section+.sl-row {\n    display: none;\n}\n\n.asl-cont .sl-hide-branches,\n.asl-cont .sl-hide-branches:hover {\n    color: #FFF !important;\n    text-decoration: none !important;\n    cursor: pointer;\n}\n<\/style>\n<div id=\"asl-storelocator\"\n    class=\"storelocator-main asl-cont asl-template-0 asl-layout-0 asl-bg-0 full-width  asl-text-1\">\n    <div class=\"asl-wrapper\">\n        <div class=\"sl-container-fluid\">\n                                    <div class=\"sl-row Filter_section\">\n                <div class=\"pol-lg-4 pol-md-5 pol-sm-12 search_filter\">\n                    <label class=\"mb-2\" for=\"auto-complete-search\">ubicaci\u00f3n de b\u00fasqueda<\/label>\n                    <div class=\"sl-search-group input-group d-flex\">\n                        <input type=\"text\" value=\"\" data-submit=\"disable\"\n                            id=\"auto-complete-search\" placeholder=\"Ingrese una ubicaci\u00f3n\"\n                            class=\"asl-search-address form-control isp_ignore\">\n                        <div class=\"input-group-append\">\n                            <button aria-label=\"ubicaci\u00f3n de b\u00fasqueda\"\n                                title=\"ubicaci\u00f3n de b\u00fasqueda\" type=\"button\" class=\"asl-search-event input-group-text span-geo\">\n                                <i class=\"icon-search\" aria-hidden=\"true\"><\/i>\n                            <\/button>\n                        <\/div>\n                    <\/div>\n                <\/div>\n                <div class=\"pol-lg-8 pol-md-7 pol-sm-12\">\n                    <div class=\"sl-row\">\n                        <div class=\"pol-sm-12 asl-advance-filters hide\">\n                            <div class=\"sl-row\">\n                                                                                                <div\n                                    class=\"pol-lg-4 pol-md-6 pol-sm-12  asl-ddl-filters asl-ddl-filter-cats\">\n                                    <div class=\"asl-filter-cntrl\">\n                                        <label class=\"asl-cntrl-lbl\"\n                                            for=\"asl-categories\">Categor\u00eda<\/label>\n                                        <div class=\"sl-dropdown-cont\" id=\"categories_filter\">\n                                        <\/div>\n                                    <\/div>\n                                <\/div>\n                                                                                                                                <div class=\"pol-lg-4 pol-md-6 pol-sm-12 range_filter asl-ddl-filters hide\">\n                                    <div class=\"rangeFilter asl-filter-cntrl\">\n                                        <label for=\"asl-radius-slide\"\n                                            class=\"asl-cntrl-lbl\">Rango distancia<\/label>\n                                        <input id=\"asl-radius-slide\" type=\"text\" class=\"span2\" \/>\n                                        <span class=\"rad-unit\">Radio: <span\n                                                id=\"asl-radius-input\"><\/span> <span\n                                                id=\"asl-dist-unit\">Km<\/span><\/span>\n                                    <\/div>\n                                <\/div>\n                                <div class=\"pol-lg-2 pol-md-3 pol-sm-12 Status_filter\">\n                                    <div class=\"asl-filter-cntrl\">\n                                        <label class=\"asl-cntrl-lbl\">Estado<\/label>\n                                        <div class=\"onoffswitch\">\n                                            <input type=\"checkbox\" name=\"onoffswitch\" class=\"onoffswitch-checkbox\"\n                                                id=\"asl-open-close\" checked>\n                                            <label aria-label=\"Opened Stores\"\n                                                title=\"Opened Stores\"\n                                                class=\"onoffswitch-label\" for=\"asl-open-close\">\n                                                <span class=\"onoffswitch-inner\"><\/span>\n                                                <span class=\"onoffswitch-switch\"><\/span>\n                                            <\/label>\n                                        <\/div>\n                                    <\/div>\n                                <\/div>\n                            <\/div>\n                        <\/div>\n                    <\/div>\n                <\/div>\n            <\/div>\n                        <div class=\"sl-row\">\n                <div class=\"pol-12\">\n                    <div class=\"sl-main-cont\">\n                        <div class=\"sl-row no-gutters sl-main-row\">\n                            <div id=\"asl-panel\" class=\"asl-panel pol-md-5 pol-lg-4 asl_locator-panel\">\n                                <div class=\"asl-overlay\" id=\"map-loading\">\n                                    <div class=\"white\"><\/div>\n                                    <div class=\"sl-loading\">\n                                        <i class=\"animate-sl-spin icon-spin3\"><\/i>\n                                        Cargando                                    <\/div>\n                                <\/div>\n                                                                <!-- list -->\n                                <div class=\"asl-panel-inner\">\n                                    <div class=\"top-title Num_of_store\">\n                                        <span><span\n                                                class=\"sl-head-title\">Number Of Shops<\/span>:\n                                            <span class=\"count-result\">0<\/span><\/span>\n                                                                            <\/div>\n                                    <div class=\"sl-main-cont-box\">\n                                        <div id=\"asl-list\" class=\"sl-list-wrapper\">\n                                            <ul id=\"p-statelist\" class=\"sl-list\">\n                                            <\/ul>\n                                        <\/div>\n                                    <\/div>\n                                <\/div>\n\n                                <div class=\"directions-cont hide\">\n                                    <div class=\"agile-modal-header\">\n                                        <button type=\"button\" class=\"close\"><span aria-hidden=\"true\">\u00d7<\/span><\/button>\n                                        <h4>Direcci\u00f3n de la tienda<\/h4>\n                                    <\/div>\n                                    <div class=\"rendered-directions\" id=\"asl-rendered-dir\" style=\"direction: ltr;\">\n                                    <\/div>\n                                <\/div>\n                            <\/div>\n                            <div class=\"pol-md-7 pol-lg-8 asl-map\">\n                                <div class=\"map-image\">\n                                    <div id=\"asl-map-canv\" class=\"asl-map-canv\"><\/div>\n                                    <div id=\"agile-modal-direction\" class=\"agile-modal fade\">\n    <div class=\"agile-modal-backdrop-in\"><\/div>\n    <div class=\"agile-modal-dialog in\">\n        <div class=\"agile-modal-content\">\n            <div class=\"sl-form-group d-flex justify-content-between\">\n                <h4>Como llegar<\/h4>\n                <button type=\"button\" class=\"close-directions sl-close\" data-dismiss=\"agile-modal\"\n                    aria-label=\"Cerca\"><i aria-hidden=\"true\" class=\"icon-cancel-1\"><\/i><\/button>\n            <\/div>\n            <div class=\"sl-form-group\">\n                <label for=\"frm-lbl\">Desde:<\/label>\n                <input type=\"text\" class=\"form-control frm-place\" id=\"frm-lbl\"\n                    placeholder=\"Ingrese una ubicaci\u00f3n\">\n            <\/div>\n            <div class=\"sl-form-group\">\n                <label for=\"to-lbl\">A:<\/label>\n                <input readonly=\"true\" type=\"text\" class=\"directions-to form-control\" id=\"to-lbl\"\n                    placeholder=\"Direcci\u00f3n de destino rellenada previamente\">\n            <\/div>\n            <div class=\"sl-form-group mb-0\">\n                <label for=\"rbtn-km\" class=\"checkbox-inline\">\n                    <input type=\"radio\" name=\"dist-type\" id=\"rbtn-km\" value=\"0\"> Km                <\/label>\n                <label for=\"rbtn-mile\" class=\"checkbox-inline\">\n                    <input type=\"radio\" name=\"dist-type\" checked id=\"rbtn-mile\" value=\"1\">\n                    Millas                <\/label>\n            <\/div>\n            <div class=\"sl-form-group mb-0\">\n                <button type=\"submit\" aria-label=\"Como llegar\"\n                    class=\"btn btn-default btn-submit\">Como llegar<\/button>\n            <\/div>\n        <\/div>\n    <\/div>\n<\/div>\n\n<div id=\"asl-geolocation-agile-modal\" class=\"agile-modal fade\">\n    <div class=\"agile-modal-backdrop-in\"><\/div>\n    <div class=\"agile-modal-dialog in\">\n        <div class=\"agile-modal-content\">\n                            <div class=\"sl-form-group sl-icon-group\">\n                <button type=\"button\" class=\"close-directions sl-close\" data-dismiss=\"agile-modal\"\n                      aria-label=\"Cerca\"><i aria-hidden=\"true\" class=\"icon-cancel-1\"><\/i><\/button>\n                <div class=\"sl-loct-icon\">\n                    <svg xmlns=\"http:\/\/www.w3.org\/2000\/svg\" width=\"28\" height=\"28\" viewBox=\"0 0 24 24\" fill=\"none\"\n                        stroke=\"currentColor\" stroke-width=\"2\" stroke-linecap=\"round\" stroke-linejoin=\"round\">\n                        <path\n                            d=\"M20 10c0 4.993-5.539 10.193-7.399 11.799a1 1 0 0 1-1.202 0C9.539 20.193 4 14.993 4 10a8 8 0 0 1 16 0\">\n                        <\/path>\n                        <circle cx=\"12\" cy=\"10\" r=\"3\"><\/circle>\n                    <\/svg>\n                <\/div>\n                <h2>Find Nearby Service Providers<\/h2>\n                <p>Usar mi ubicaci\u00f3n para encontrar el proveedor de servicios m\u00e1s cercano cerca de m\u00ed<\/p>\n            <\/div>\n            <div class=\"sl-form-group text-center mb-0\">\n                <button type=\"button\" id=\"asl-btn-geolocation\"\n                    class=\"btn btn-block btn-default\">uso Localizaci\u00f3n<\/button>\n            <\/div>\n                    <\/div>\n    <\/div>\n<\/div>\n\n<div id=\"asl-desc-agile-modal\" class=\"agile-modal fade\">\n    <div class=\"agile-modal-backdrop-in\"><\/div>\n    <div class=\"agile-modal-dialog in\">\n        <div class=\"agile-modal-content\">\n            <div class=\"sl-row\">\n                <div class=\"pol-md-12\">\n                    <div class=\"sl-form-group d-flex justify-content-between\">\n                        <h4 class=\"sl-title\">View Description<\/h4>\n                        <button type=\"button\" class=\"close-directions sl-close\" data-dismiss=\"agile-modal\"\n                            aria-label=\"Close\"><i aria-hidden=\"true\" class=\"icon-cancel-1\"><\/i><\/button>\n                    <\/div>\n                    <div class=\"sl-desc\"><\/div>\n                <\/div>\n            <\/div>\n        <\/div>\n    <\/div>\n<\/div>                                <\/div>\n                            <\/div>\n                        <\/div>\n                    <\/div>\n                <\/div>\n            <\/div>\n        <\/div>\n            <\/div>\n<\/div>\n<!-- This plugin is developed by \"Agile Store Locator for WordPress\" https:\/\/agilestorelocator.com -->\n<\/div><\/div><\/div><\/div><\/div>\n","protected":false},"excerpt":{"rendered":"","protected":false},"author":10,"featured_media":0,"parent":0,"menu_order":6,"comment_status":"closed","ping_status":"closed","template":"100-width.php","meta":{"_acf_changed":false,"footnotes":""},"class_list":["post-820","page","type-page","status-publish","hentry"],"acf":[],"yoast_head":"<!-- This site is optimized with the Yoast SEO Premium plugin v26.7 (Yoast SEO v27.4) - https:\/\/yoast.com\/product\/yoast-seo-premium-wordpress\/ -->\n<title>Encontrar un distribuidor - Davey - UK\/Europe<\/title>\n<meta name=\"description\" content=\"\u00bfBusca una bomba Davey que se adapte a sus necesidades? L\u00edderes en soluciones de agua para uso dom\u00e9stico, comercial y agr\u00edcola - Encuentre su distribuidor m\u00e1s cercano.\" \/>\n<meta name=\"robots\" content=\"index, follow, max-snippet:-1, max-image-preview:large, max-video-preview:-1\" \/>\n<link rel=\"canonical\" href=\"https:\/\/daveywater.com\/eu\/es\/buscar-un-distribuidor\/\" \/>\n<meta property=\"og:locale\" content=\"es_ES\" \/>\n<meta property=\"og:type\" content=\"article\" \/>\n<meta property=\"og:title\" content=\"Buscar un distribuidor\" \/>\n<meta property=\"og:description\" content=\"\u00bfBusca una bomba Davey que se adapte a sus necesidades? L\u00edderes en soluciones de agua para uso dom\u00e9stico, comercial y agr\u00edcola - Encuentre su distribuidor m\u00e1s cercano.\" \/>\n<meta property=\"og:url\" content=\"https:\/\/daveywater.com\/eu\/es\/buscar-un-distribuidor\/\" \/>\n<meta property=\"og:site_name\" content=\"Davey - Reino Unido\/Europa\" \/>\n<meta property=\"article:publisher\" content=\"https:\/\/www.facebook.com\/DaveyWaterProducts\/\" \/>\n<meta property=\"article:modified_time\" content=\"2023-06-18T03:27:36+00:00\" \/>\n<meta name=\"twitter:card\" content=\"summary_large_image\" \/>\n<meta name=\"twitter:label1\" content=\"Tiempo de lectura\" \/>\n\t<meta name=\"twitter:data1\" content=\"5 minutos\" \/>\n<script type=\"application\/ld+json\" class=\"yoast-schema-graph\">{\"@context\":\"https:\\\/\\\/schema.org\",\"@graph\":[{\"@type\":\"WebPage\",\"@id\":\"https:\\\/\\\/daveywater.com\\\/eu\\\/es\\\/buscar-un-distribuidor\\\/\",\"url\":\"https:\\\/\\\/daveywater.com\\\/eu\\\/es\\\/buscar-un-distribuidor\\\/\",\"name\":\"Encontrar un distribuidor - Davey - UK\\\/Europe\",\"isPartOf\":{\"@id\":\"https:\\\/\\\/daveywater.com\\\/eu\\\/es\\\/#website\"},\"datePublished\":\"2022-11-08T04:09:41+00:00\",\"dateModified\":\"2023-06-18T03:27:36+00:00\",\"description\":\"\u00bfBusca una bomba Davey que se adapte a sus necesidades? L\u00edderes en soluciones de agua para uso dom\u00e9stico, comercial y agr\u00edcola - Encuentre su distribuidor m\u00e1s cercano.\",\"breadcrumb\":{\"@id\":\"https:\\\/\\\/daveywater.com\\\/eu\\\/es\\\/buscar-un-distribuidor\\\/#breadcrumb\"},\"inLanguage\":\"es\",\"potentialAction\":[{\"@type\":\"ReadAction\",\"target\":[\"https:\\\/\\\/daveywater.com\\\/eu\\\/es\\\/buscar-un-distribuidor\\\/\"]}]},{\"@type\":\"BreadcrumbList\",\"@id\":\"https:\\\/\\\/daveywater.com\\\/eu\\\/es\\\/buscar-un-distribuidor\\\/#breadcrumb\",\"itemListElement\":[{\"@type\":\"ListItem\",\"position\":1,\"name\":\"Inicio\",\"item\":\"https:\\\/\\\/daveywater.com\\\/eu\\\/es\\\/\"},{\"@type\":\"ListItem\",\"position\":2,\"name\":\"Buscar un distribuidor\"}]},{\"@type\":\"WebSite\",\"@id\":\"https:\\\/\\\/daveywater.com\\\/eu\\\/es\\\/#website\",\"url\":\"https:\\\/\\\/daveywater.com\\\/eu\\\/es\\\/\",\"name\":\"Davey - Reino Unido\\\/Europa\",\"description\":\"Otro sitio de Davey Water\",\"publisher\":{\"@id\":\"https:\\\/\\\/daveywater.com\\\/eu\\\/es\\\/#organization\"},\"potentialAction\":[{\"@type\":\"SearchAction\",\"target\":{\"@type\":\"EntryPoint\",\"urlTemplate\":\"https:\\\/\\\/daveywater.com\\\/eu\\\/es\\\/?s={search_term_string}\"},\"query-input\":{\"@type\":\"PropertyValueSpecification\",\"valueRequired\":true,\"valueName\":\"search_term_string\"}}],\"inLanguage\":\"es\"},{\"@type\":\"Organization\",\"@id\":\"https:\\\/\\\/daveywater.com\\\/eu\\\/es\\\/#organization\",\"name\":\"Davey Europa\",\"alternateName\":\"Davey\",\"url\":\"https:\\\/\\\/daveywater.com\\\/eu\\\/es\\\/\",\"logo\":{\"@type\":\"ImageObject\",\"inLanguage\":\"es\",\"@id\":\"https:\\\/\\\/daveywater.com\\\/eu\\\/es\\\/#\\\/schema\\\/logo\\\/image\\\/\",\"url\":\"https:\\\/\\\/daveywater.com\\\/eu\\\/wp-content\\\/uploads\\\/sites\\\/5\\\/2023\\\/04\\\/davey-sq-696.png\",\"contentUrl\":\"https:\\\/\\\/daveywater.com\\\/eu\\\/wp-content\\\/uploads\\\/sites\\\/5\\\/2023\\\/04\\\/davey-sq-696.png\",\"width\":696,\"height\":696,\"caption\":\"Davey Europa\"},\"image\":{\"@id\":\"https:\\\/\\\/daveywater.com\\\/eu\\\/es\\\/#\\\/schema\\\/logo\\\/image\\\/\"},\"sameAs\":[\"https:\\\/\\\/www.facebook.com\\\/DaveyWaterProducts\\\/\",\"https:\\\/\\\/www.linkedin.com\\\/company\\\/davey-water-products\",\"https:\\\/\\\/www.youtube.com\\\/user\\\/DaveyWaterProducts\",\"https:\\\/\\\/www.instagram.com\\\/daveywaterproducts\\\/\"]}]}<\/script>\n<!-- \/ Yoast SEO Premium plugin. -->","yoast_head_json":{"title":"Encontrar un distribuidor - Davey - UK\/Europe","description":"\u00bfBusca una bomba Davey que se adapte a sus necesidades? L\u00edderes en soluciones de agua para uso dom\u00e9stico, comercial y agr\u00edcola - Encuentre su distribuidor m\u00e1s cercano.","robots":{"index":"index","follow":"follow","max-snippet":"max-snippet:-1","max-image-preview":"max-image-preview:large","max-video-preview":"max-video-preview:-1"},"canonical":"https:\/\/daveywater.com\/eu\/es\/buscar-un-distribuidor\/","og_locale":"es_ES","og_type":"article","og_title":"Buscar un distribuidor","og_description":"\u00bfBusca una bomba Davey que se adapte a sus necesidades? L\u00edderes en soluciones de agua para uso dom\u00e9stico, comercial y agr\u00edcola - Encuentre su distribuidor m\u00e1s cercano.","og_url":"https:\/\/daveywater.com\/eu\/es\/buscar-un-distribuidor\/","og_site_name":"Davey - Reino Unido\/Europa","article_publisher":"https:\/\/www.facebook.com\/DaveyWaterProducts\/","article_modified_time":"2023-06-18T03:27:36+00:00","twitter_card":"summary_large_image","twitter_misc":{"Tiempo de lectura":"5 minutos"},"schema":{"@context":"https:\/\/schema.org","@graph":[{"@type":"WebPage","@id":"https:\/\/daveywater.com\/eu\/es\/buscar-un-distribuidor\/","url":"https:\/\/daveywater.com\/eu\/es\/buscar-un-distribuidor\/","name":"Encontrar un distribuidor - Davey - UK\/Europe","isPartOf":{"@id":"https:\/\/daveywater.com\/eu\/es\/#website"},"datePublished":"2022-11-08T04:09:41+00:00","dateModified":"2023-06-18T03:27:36+00:00","description":"\u00bfBusca una bomba Davey que se adapte a sus necesidades? L\u00edderes en soluciones de agua para uso dom\u00e9stico, comercial y agr\u00edcola - Encuentre su distribuidor m\u00e1s cercano.","breadcrumb":{"@id":"https:\/\/daveywater.com\/eu\/es\/buscar-un-distribuidor\/#breadcrumb"},"inLanguage":"es","potentialAction":[{"@type":"ReadAction","target":["https:\/\/daveywater.com\/eu\/es\/buscar-un-distribuidor\/"]}]},{"@type":"BreadcrumbList","@id":"https:\/\/daveywater.com\/eu\/es\/buscar-un-distribuidor\/#breadcrumb","itemListElement":[{"@type":"ListItem","position":1,"name":"Inicio","item":"https:\/\/daveywater.com\/eu\/es\/"},{"@type":"ListItem","position":2,"name":"Buscar un distribuidor"}]},{"@type":"WebSite","@id":"https:\/\/daveywater.com\/eu\/es\/#website","url":"https:\/\/daveywater.com\/eu\/es\/","name":"Davey - Reino Unido\/Europa","description":"Otro sitio de Davey Water","publisher":{"@id":"https:\/\/daveywater.com\/eu\/es\/#organization"},"potentialAction":[{"@type":"SearchAction","target":{"@type":"EntryPoint","urlTemplate":"https:\/\/daveywater.com\/eu\/es\/?s={search_term_string}"},"query-input":{"@type":"PropertyValueSpecification","valueRequired":true,"valueName":"search_term_string"}}],"inLanguage":"es"},{"@type":"Organization","@id":"https:\/\/daveywater.com\/eu\/es\/#organization","name":"Davey Europa","alternateName":"Davey","url":"https:\/\/daveywater.com\/eu\/es\/","logo":{"@type":"ImageObject","inLanguage":"es","@id":"https:\/\/daveywater.com\/eu\/es\/#\/schema\/logo\/image\/","url":"https:\/\/daveywater.com\/eu\/wp-content\/uploads\/sites\/5\/2023\/04\/davey-sq-696.png","contentUrl":"https:\/\/daveywater.com\/eu\/wp-content\/uploads\/sites\/5\/2023\/04\/davey-sq-696.png","width":696,"height":696,"caption":"Davey Europa"},"image":{"@id":"https:\/\/daveywater.com\/eu\/es\/#\/schema\/logo\/image\/"},"sameAs":["https:\/\/www.facebook.com\/DaveyWaterProducts\/","https:\/\/www.linkedin.com\/company\/davey-water-products","https:\/\/www.youtube.com\/user\/DaveyWaterProducts","https:\/\/www.instagram.com\/daveywaterproducts\/"]}]}},"_links":{"self":[{"href":"https:\/\/daveywater.com\/eu\/es\/wp-json\/wp\/v2\/pages\/820","targetHints":{"allow":["GET"]}}],"collection":[{"href":"https:\/\/daveywater.com\/eu\/es\/wp-json\/wp\/v2\/pages"}],"about":[{"href":"https:\/\/daveywater.com\/eu\/es\/wp-json\/wp\/v2\/types\/page"}],"author":[{"embeddable":true,"href":"https:\/\/daveywater.com\/eu\/es\/wp-json\/wp\/v2\/users\/10"}],"replies":[{"embeddable":true,"href":"https:\/\/daveywater.com\/eu\/es\/wp-json\/wp\/v2\/comments?post=820"}],"version-history":[{"count":0,"href":"https:\/\/daveywater.com\/eu\/es\/wp-json\/wp\/v2\/pages\/820\/revisions"}],"wp:attachment":[{"href":"https:\/\/daveywater.com\/eu\/es\/wp-json\/wp\/v2\/media?parent=820"}],"curies":[{"name":"wp","href":"https:\/\/api.w.org\/{rel}","templated":true}]}}