{"id":825,"date":"2023-03-03T02:55:13","date_gmt":"2023-03-03T02:55:13","guid":{"rendered":"https:\/\/daveywater.com\/eu\/soporte\/mantenimiento-de-la-bomba\/"},"modified":"2023-06-18T03:27:42","modified_gmt":"2023-06-18T03:27:42","slug":"mantenimiento-de-la-bomba","status":"publish","type":"page","link":"https:\/\/daveywater.com\/eu\/es\/soporte\/mantenimiento-de-la-bomba\/","title":{"rendered":"Mantenimiento de la bomba"},"content":{"rendered":"<p><div class=\"fusion-fullwidth fullwidth-box fusion-builder-row-1 fusion-flex-container has-pattern-background has-mask-background hundred-percent-fullwidth non-hundred-percent-height-scrolling\" style=\"--awb-border-radius-top-left:0px;--awb-border-radius-top-right:0px;--awb-border-radius-bottom-right:0px;--awb-border-radius-bottom-left:0px;--awb-margin-top:0px;--awb-margin-bottom:0px;--awb-min-height:530px;--awb-flex-wrap:wrap;\" ><div class=\"fusion-builder-row fusion-row fusion-flex-align-items-center fusion-flex-content-wrap\" style=\"width:104% !important;max-width:104% !important;margin-left: calc(-4% \/ 2 );margin-right: calc(-4% \/ 2 );\"><div class=\"fusion-layout-column fusion_builder_column fusion-builder-column-0 fusion_builder_column_1_2 1_2 fusion-flex-column fusion-flex-align-self-flex-start full-height-hero \" style=\"--awb-bg-size:cover;--awb-width-large:50%;--awb-margin-top-large:0px;--awb-spacing-right-large:0px;--awb-margin-bottom-large:0px;--awb-spacing-left-large:0px;--awb-width-medium:50%;--awb-order-medium:0;--awb-spacing-right-medium:0px;--awb-spacing-left-medium:0px;--awb-width-small:100%;--awb-order-small:0;--awb-spacing-right-small:1.92%;--awb-spacing-left-small:1.92%;\"><div class=\"fusion-column-wrapper fusion-column-has-shadow fusion-flex-justify-content-flex-start fusion-content-layout-column\"><nav class=\"fusion-breadcrumbs awb-yoast-breadcrumbs fusion-breadcrumbs-1\" style=\"--awb-margin-top:20px;--awb-text-color:var(--awb-custom_color_2);--awb-breadcrumb-sep:&#039;\/\/&#039;;\" aria-label=\"Breadcrumb\"><span><span><a href=\"https:\/\/daveywater.com\/eu\/es\/\">Inicio<\/a><\/span><\/span><\/nav><div class=\"fusion-title title fusion-title-1 fusion-sep-none fusion-title-text fusion-title-size-one\" style=\"--awb-margin-top:40px;--awb-margin-bottom:20px;--awb-font-size:40px;\"><h1 class=\"fusion-title-heading title-heading-left fusion-responsive-typography-calculated\" style=\"margin:0;font-size:1em;--fontSize:40;line-height:var(--awb-typography1-line-height);\">Mantenimiento de la bomba<\/h1><\/div><div class=\"fusion-text fusion-text-1\"><p>El mantenimiento de su bomba es fundamental para garantizar su disponibilidad operativa en situaciones de emergencia.<\/p>\n<p>Esta p\u00e1gina proporciona algunos consejos y directrices para ayudar a mantener su bomba contra incendios, pero si necesita ayuda por favor <a href=\"https:\/\/daveywater.com\/au\/support\/contact-us\/\">Cont\u00e1ctenos<\/a> para m\u00e1s detalles, o p\u00f3ngase en contacto con su distribuidor local de Davey para ayudar con el mantenimiento de su bomba.<\/p>\n<\/div><div class=\"fusion-separator fusion-full-width-sep\" style=\"align-self: center;margin-left: auto;margin-right: auto;margin-top:80px;width:100%;\"><\/div><\/div><\/div><div class=\"fusion-layout-column fusion_builder_column fusion-builder-column-1 fusion_builder_column_1_2 1_2 fusion-flex-column fusion-flex-align-self-stretch\" style=\"--awb-padding-top:8%;--awb-padding-right:12%;--awb-padding-left:12%;--awb-bg-image:url(&#039;https:\/\/daveywater.com\/au\/wp-content\/uploads\/sites\/2\/2023\/03\/firefighter-01.jpg&#039;);--awb-bg-position:center center;--awb-bg-size:cover;--awb-width-large:50%;--awb-margin-top-large:0px;--awb-spacing-right-large:0px;--awb-margin-bottom-large:0px;--awb-spacing-left-large:0px;--awb-width-medium:50%;--awb-order-medium:0;--awb-spacing-right-medium:0px;--awb-spacing-left-medium:0px;--awb-width-small:100%;--awb-order-small:0;--awb-spacing-right-small:1.92%;--awb-spacing-left-small:1.92%;\"><div class=\"fusion-column-wrapper fusion-column-has-shadow fusion-flex-justify-content-flex-start fusion-content-layout-column fusion-column-has-bg-image\" data-bg-url=\"https:\/\/daveywater.com\/au\/wp-content\/uploads\/sites\/2\/2023\/03\/firefighter-01.jpg\"><div class=\"fusion-builder-row fusion-builder-row-inner fusion-row fusion-flex-align-items-center fusion-flex-content-wrap\" style=\"width:104% !important;max-width:104% !important;margin-left: calc(-4% \/ 2 );margin-right: calc(-4% \/ 2 );\"><div class=\"fusion-layout-column fusion_builder_column_inner fusion-builder-nested-column-0 fusion_builder_column_inner_1_1 1_1 fusion-flex-column\" style=\"--awb-padding-top:5%;--awb-padding-right:0px;--awb-padding-bottom:10%;--awb-padding-left:12%;--awb-bg-color:rgba(0,0,0,0.6);--awb-bg-color-hover:rgba(0,0,0,0.6);--awb-bg-size:cover;--awb-width-large:100%;--awb-margin-top-large:0px;--awb-spacing-right-large:1.92%;--awb-margin-bottom-large:20px;--awb-spacing-left-large:1.92%;--awb-width-medium:100%;--awb-order-medium:0;--awb-spacing-right-medium:1.92%;--awb-spacing-left-medium:1.92%;--awb-width-small:100%;--awb-order-small:0;--awb-spacing-right-small:1.92%;--awb-spacing-left-small:1.92%;\"><div class=\"fusion-column-wrapper fusion-column-has-shadow fusion-flex-justify-content-flex-start fusion-content-layout-column\"><div class=\"fusion-text fusion-text-2\"><h3><span style=\"color: #ffffff;\">\u00bfQu\u00e9 busca?<\/span><\/h3>\n<\/div><div ><a class=\"fusion-button button-flat fusion-button-default-size button-custom fusion-button-default button-1 fusion-button-default-span fusion-button-default-type\" style=\"--button_accent_color:var(--awb-color1);--button_accent_hover_color:var(--awb-color5);--button_border_hover_color:var(--awb-color1);--button_gradient_top_color:rgba(255,255,255,0);--button_gradient_bottom_color:rgba(255,255,255,0);--button_gradient_top_color_hover:rgba(255,255,255,0);--button_gradient_bottom_color_hover:rgba(255,255,255,0);\" target=\"_self\" data-hover=\"icon_slide\" href=\"https:\/\/daveywater.com\/au\/support\/how-to-service-your-pump\/#tips\"><i class=\"fa-arrow-right fas awb-button__icon awb-button__icon--default button-icon-left\" aria-hidden=\"true\"><\/i><span class=\"fusion-button-text awb-button__text awb-button__text--default\">Consejos y mantenimiento de bombas<\/span><\/a><\/div><div ><a class=\"fusion-button button-flat fusion-button-default-size button-custom fusion-button-default button-2 fusion-button-default-span fusion-button-default-type\" style=\"--button_accent_color:var(--awb-color1);--button_accent_hover_color:var(--awb-color5);--button_border_hover_color:var(--awb-color1);--button_gradient_top_color:rgba(255,255,255,0);--button_gradient_bottom_color:rgba(255,255,255,0);--button_gradient_top_color_hover:rgba(255,255,255,0);--button_gradient_bottom_color_hover:rgba(255,255,255,0);\" target=\"_self\" data-hover=\"icon_slide\" href=\"https:\/\/daveywater.com\/au\/support\/how-to-service-your-pump\/#faq\"><i class=\"fa-arrow-right fas awb-button__icon awb-button__icon--default button-icon-left\" aria-hidden=\"true\"><\/i><span class=\"fusion-button-text awb-button__text awb-button__text--default\">Preguntas frecuentes<\/span><\/a><\/div><div ><a class=\"fusion-button button-flat fusion-button-default-size button-custom fusion-button-default button-3 fusion-button-default-span fusion-button-default-type\" style=\"--button_accent_color:var(--awb-color1);--button_accent_hover_color:var(--awb-color5);--button_border_hover_color:var(--awb-color1);--button_gradient_top_color:rgba(255,255,255,0);--button_gradient_bottom_color:rgba(255,255,255,0);--button_gradient_top_color_hover:rgba(255,255,255,0);--button_gradient_bottom_color_hover:rgba(255,255,255,0);\" target=\"_self\" data-hover=\"icon_slide\" href=\"https:\/\/daveywater.com\/au\/find-a-dealer\/\"><i class=\"fa-arrow-right fas awb-button__icon awb-button__icon--default button-icon-left\" aria-hidden=\"true\"><\/i><span class=\"fusion-button-text awb-button__text awb-button__text--default\">Buscar un distribuidor<\/span><\/a><\/div><div ><a class=\"fusion-button button-flat fusion-button-default-size button-custom fusion-button-default button-4 fusion-button-default-span fusion-button-default-type\" style=\"--button_accent_color:var(--awb-color1);--button_accent_hover_color:var(--awb-color5);--button_border_hover_color:var(--awb-color1);--button_gradient_top_color:rgba(255,255,255,0);--button_gradient_bottom_color:rgba(255,255,255,0);--button_gradient_top_color_hover:rgba(255,255,255,0);--button_gradient_bottom_color_hover:rgba(255,255,255,0);\" target=\"_self\" data-hover=\"icon_slide\" href=\"https:\/\/daveywater.com\/au\/support\/contact-us\/\"><i class=\"fa-arrow-right fas awb-button__icon awb-button__icon--default button-icon-left\" aria-hidden=\"true\"><\/i><span class=\"fusion-button-text awb-button__text awb-button__text--default\">Contacto<\/span><\/a><\/div><\/div><\/div><\/div><\/div><\/div><\/div><\/div><div class=\"fusion-fullwidth fullwidth-box fusion-builder-row-2 fusion-flex-container has-pattern-background has-mask-background nonhundred-percent-fullwidth non-hundred-percent-height-scrolling\" style=\"--awb-border-radius-top-left:0px;--awb-border-radius-top-right:0px;--awb-border-radius-bottom-right:0px;--awb-border-radius-bottom-left:0px;--awb-padding-top:40px;--awb-padding-bottom:40px;--awb-padding-top-medium:40px;--awb-padding-bottom-medium:40px;--awb-background-color:var(--awb-custom_color_3);--awb-flex-wrap:wrap;\" id=\"tips\" ><div class=\"fusion-builder-row fusion-row fusion-flex-align-items-flex-start fusion-flex-content-wrap\" style=\"max-width:1497.6px;margin-left: calc(-4% \/ 2 );margin-right: calc(-4% \/ 2 );\"><div class=\"fusion-layout-column fusion_builder_column fusion-builder-column-2 fusion_builder_column_1_5 1_5 fusion-flex-column services-column-padding\" style=\"--awb-bg-size:cover;--awb-width-large:20%;--awb-margin-top-large:0px;--awb-spacing-right-large:9.6%;--awb-margin-bottom-large:20px;--awb-spacing-left-large:9.6%;--awb-width-medium:20%;--awb-order-medium:0;--awb-spacing-right-medium:9.6%;--awb-spacing-left-medium:9.6%;--awb-width-small:100%;--awb-order-small:0;--awb-spacing-right-small:1.92%;--awb-spacing-left-small:1.92%;\"><div class=\"fusion-column-wrapper fusion-column-has-shadow fusion-flex-justify-content-flex-start fusion-content-layout-column\"><\/div><\/div><div class=\"fusion-layout-column fusion_builder_column fusion-builder-column-3 fusion_builder_column_3_5 3_5 fusion-flex-column\" style=\"--awb-bg-size:cover;--awb-width-large:60%;--awb-margin-top-large:0px;--awb-spacing-right-large:3.2%;--awb-margin-bottom-large:20px;--awb-spacing-left-large:3.2%;--awb-width-medium:60%;--awb-order-medium:0;--awb-spacing-right-medium:3.2%;--awb-spacing-left-medium:3.2%;--awb-width-small:100%;--awb-order-small:0;--awb-spacing-right-small:1.92%;--awb-spacing-left-small:1.92%;\"><div class=\"fusion-column-wrapper fusion-column-has-shadow fusion-flex-justify-content-flex-start fusion-content-layout-column\"><div class=\"fusion-text fusion-text-3\"><h2>Mantenimiento y consejos<\/h2>\n<ul>\n<li>Apriete todas las abrazaderas<\/li>\n<li>Cambio de combustible y aceite<\/li>\n<li>Limpiar todas las superficies y componentes con un spray anticorrosi\u00f3n a base de lanolina.<\/li>\n<li>Compruebe que las arandelas de goma est\u00e1n correctamente insertadas y no est\u00e1n agrietadas ni desgastadas<\/li>\n<li>Haga funcionar la bomba con agua nueva\/fresca &#8211; no la haga funcionar en seco<\/li>\n<li>Compruebe si hay conexiones sueltas que provoquen sacudidas o sonidos extra\u00f1os.<\/li>\n<li>Compruebe si hay fugas, grietas o abultamientos en la manguera y sustit\u00fayala cuando sea necesario.<\/li>\n<\/ul>\n<p><strong>IMPORTANTE<\/strong>:<br \/>\nSi hay alg\u00fan problema, como sonidos extra\u00f1os, o si la bomba no funciona como deber\u00eda, p\u00f3ngase en contacto con su distribuidor Davey Master m\u00e1s cercano.<\/p>\n<p>Una vez finalizada la revisi\u00f3n, siga los siguientes consejos y directrices para que su bomba est\u00e9 lista para funcionar cuando sea necesario.<\/p>\n<ul>\n<li>Cuando lo almacene, mant\u00e9ngalo a la intemperie, protegido de la luz solar directa y cubierto.<\/li>\n<li>Almacene la bomba alejada del suelo y elevada sobre una base adecuada y estable. Un kit de armaz\u00f3n de bombero es el anclaje perfecto para su bomba.<\/li>\n<li>Compruebe siempre que el dep\u00f3sito de la fuente de agua est\u00e1 lleno.<\/li>\n<\/ul>\n<h4>Otros consejos<\/h4>\n<ul>\n<li>Evite arrastrar la manguera por el suelo siempre que sea posible, especialmente sobre bordes abrasivos y afilados.<\/li>\n<li>Evite utilizar la manguera por encima de su presi\u00f3n de trabajo nominal. Los golpes de ariete pueden da\u00f1ar la manguera.<\/li>\n<li>Lave la manguera al aire libre con una manguera de jard\u00edn normal y detergente para vajilla.<\/li>\n<li>Evite el uso de hidrolimpiadoras y disolventes, ya que pueden da\u00f1ar la funda exterior.<\/li>\n<li>Seque siempre la manguera antes de guardarla y deje espacio suficiente para que \u00abrespire\u00bb mientras est\u00e9 guardada.<\/li>\n<\/ul>\n<\/div><\/div><\/div><div class=\"fusion-layout-column fusion_builder_column fusion-builder-column-4 fusion_builder_column_1_5 1_5 fusion-flex-column services-column-padding\" style=\"--awb-bg-size:cover;--awb-width-large:20%;--awb-margin-top-large:0px;--awb-spacing-right-large:9.6%;--awb-margin-bottom-large:20px;--awb-spacing-left-large:9.6%;--awb-width-medium:20%;--awb-order-medium:0;--awb-spacing-right-medium:9.6%;--awb-spacing-left-medium:9.6%;--awb-width-small:100%;--awb-order-small:0;--awb-spacing-right-small:1.92%;--awb-spacing-left-small:1.92%;\"><div class=\"fusion-column-wrapper fusion-column-has-shadow fusion-flex-justify-content-flex-start fusion-content-layout-column\"><\/div><\/div><\/div><\/div><div class=\"fusion-fullwidth fullwidth-box fusion-builder-row-3 fusion-flex-container has-pattern-background has-mask-background nonhundred-percent-fullwidth non-hundred-percent-height-scrolling\" style=\"--awb-border-radius-top-left:0px;--awb-border-radius-top-right:0px;--awb-border-radius-bottom-right:0px;--awb-border-radius-bottom-left:0px;--awb-padding-top:40px;--awb-padding-bottom:40px;--awb-padding-top-medium:40px;--awb-padding-bottom-medium:40px;--awb-background-color:var(--awb-color1);--awb-flex-wrap:wrap;\" id=\"faq\" ><div class=\"fusion-builder-row fusion-row fusion-flex-align-items-flex-start fusion-flex-content-wrap\" style=\"max-width:1497.6px;margin-left: calc(-4% \/ 2 );margin-right: calc(-4% \/ 2 );\"><div class=\"fusion-layout-column fusion_builder_column fusion-builder-column-5 fusion_builder_column_1_5 1_5 fusion-flex-column services-column-padding\" style=\"--awb-bg-size:cover;--awb-width-large:20%;--awb-margin-top-large:0px;--awb-spacing-right-large:9.6%;--awb-margin-bottom-large:20px;--awb-spacing-left-large:9.6%;--awb-width-medium:20%;--awb-order-medium:0;--awb-spacing-right-medium:9.6%;--awb-spacing-left-medium:9.6%;--awb-width-small:100%;--awb-order-small:0;--awb-spacing-right-small:1.92%;--awb-spacing-left-small:1.92%;\"><div class=\"fusion-column-wrapper fusion-column-has-shadow fusion-flex-justify-content-flex-start fusion-content-layout-column\"><\/div><\/div><div class=\"fusion-layout-column fusion_builder_column fusion-builder-column-6 fusion_builder_column_3_5 3_5 fusion-flex-column\" style=\"--awb-bg-size:cover;--awb-width-large:60%;--awb-margin-top-large:0px;--awb-spacing-right-large:3.2%;--awb-margin-bottom-large:20px;--awb-spacing-left-large:3.2%;--awb-width-medium:60%;--awb-order-medium:0;--awb-spacing-right-medium:3.2%;--awb-spacing-left-medium:3.2%;--awb-width-small:100%;--awb-order-small:0;--awb-spacing-right-small:1.92%;--awb-spacing-left-small:1.92%;\"><div class=\"fusion-column-wrapper fusion-column-has-shadow fusion-flex-justify-content-flex-start fusion-content-layout-column\"><div class=\"fusion-text fusion-text-4\"><h3>Preguntas frecuentes<\/h3>\n<p style=\"padding-left: 40px;\"><strong>\u00bfCon qu\u00e9 frecuencia debo revisar mi bomba?<\/strong><br \/>\nSe recomienda realizar el mantenimiento de la bomba una vez al a\u00f1o o despu\u00e9s de aproximadamente 40 horas de uso. Si la bomba no se utiliza con regularidad, debe ponerse en marcha y comprobarse cada 4 meses.<\/p>\n<p style=\"padding-left: 40px;\"><strong>\u00bfCu\u00e1l es el mejor momento para realizar el mantenimiento de mi bomba?<\/strong><br \/>\nAntes del inicio de cada temporada de incendios. En la mayor\u00eda de las zonas de Australia, la bomba debe revisarse, probarse y estar lista para funcionar en septiembre.<\/p>\n<p style=\"padding-left: 40px;\"><strong>\u00bfCu\u00e1les son algunos signos de fallos o problemas?<\/strong><br \/>\nBaja presi\u00f3n o el agua no fluye con suavidad. Sonidos o temblores inusuales. Estancamiento o problemas de arranque.<\/p>\n<\/div><\/div><\/div><div class=\"fusion-layout-column fusion_builder_column fusion-builder-column-7 fusion_builder_column_1_5 1_5 fusion-flex-column services-column-padding\" style=\"--awb-bg-size:cover;--awb-width-large:20%;--awb-margin-top-large:0px;--awb-spacing-right-large:9.6%;--awb-margin-bottom-large:20px;--awb-spacing-left-large:9.6%;--awb-width-medium:20%;--awb-order-medium:0;--awb-spacing-right-medium:9.6%;--awb-spacing-left-medium:9.6%;--awb-width-small:100%;--awb-order-small:0;--awb-spacing-right-small:1.92%;--awb-spacing-left-small:1.92%;\"><div class=\"fusion-column-wrapper fusion-column-has-shadow fusion-flex-justify-content-flex-start fusion-content-layout-column\"><\/div><\/div><\/div><\/div><\/p>\n","protected":false},"excerpt":{"rendered":"","protected":false},"author":4,"featured_media":0,"parent":615,"menu_order":0,"comment_status":"closed","ping_status":"closed","template":"100-width.php","meta":{"_acf_changed":false,"footnotes":""},"class_list":["post-825","page","type-page","status-publish","hentry"],"acf":[],"yoast_head":"<!-- This site is optimized with the Yoast SEO Premium plugin v26.7 (Yoast SEO v27.4) - https:\/\/yoast.com\/product\/yoast-seo-premium-wordpress\/ -->\n<title>Mantenimiento de la bomba - Davey - Reino Unido\/Europa%.<\/title>\n<meta name=\"robots\" content=\"index, follow, max-snippet:-1, max-image-preview:large, max-video-preview:-1\" \/>\n<link rel=\"canonical\" href=\"https:\/\/daveywater.com\/eu\/es\/soporte\/mantenimiento-de-la-bomba\/\" \/>\n<meta property=\"og:locale\" content=\"es_ES\" \/>\n<meta property=\"og:type\" content=\"article\" \/>\n<meta property=\"og:title\" content=\"Mantenimiento de la bomba\" \/>\n<meta property=\"og:url\" content=\"https:\/\/daveywater.com\/eu\/es\/soporte\/mantenimiento-de-la-bomba\/\" \/>\n<meta property=\"og:site_name\" content=\"Davey - Reino Unido\/Europa\" \/>\n<meta property=\"article:publisher\" content=\"https:\/\/www.facebook.com\/DaveyWaterProducts\/\" \/>\n<meta property=\"article:modified_time\" content=\"2023-06-18T03:27:42+00:00\" \/>\n<meta name=\"twitter:card\" content=\"summary_large_image\" \/>\n<meta name=\"twitter:label1\" content=\"Tiempo de lectura\" \/>\n\t<meta name=\"twitter:data1\" content=\"32 minutos\" \/>\n<script type=\"application\/ld+json\" class=\"yoast-schema-graph\">{\"@context\":\"https:\\\/\\\/schema.org\",\"@graph\":[{\"@type\":\"WebPage\",\"@id\":\"https:\\\/\\\/daveywater.com\\\/eu\\\/es\\\/soporte\\\/mantenimiento-de-la-bomba\\\/\",\"url\":\"https:\\\/\\\/daveywater.com\\\/eu\\\/es\\\/soporte\\\/mantenimiento-de-la-bomba\\\/\",\"name\":\"Mantenimiento de la bomba - Davey - Reino Unido\\\/Europa%.\",\"isPartOf\":{\"@id\":\"https:\\\/\\\/daveywater.com\\\/eu\\\/es\\\/#website\"},\"datePublished\":\"2023-03-03T02:55:13+00:00\",\"dateModified\":\"2023-06-18T03:27:42+00:00\",\"breadcrumb\":{\"@id\":\"https:\\\/\\\/daveywater.com\\\/eu\\\/es\\\/soporte\\\/mantenimiento-de-la-bomba\\\/#breadcrumb\"},\"inLanguage\":\"es\",\"potentialAction\":[{\"@type\":\"ReadAction\",\"target\":[\"https:\\\/\\\/daveywater.com\\\/eu\\\/es\\\/soporte\\\/mantenimiento-de-la-bomba\\\/\"]}]},{\"@type\":\"BreadcrumbList\",\"@id\":\"https:\\\/\\\/daveywater.com\\\/eu\\\/es\\\/soporte\\\/mantenimiento-de-la-bomba\\\/#breadcrumb\",\"itemListElement\":[{\"@type\":\"ListItem\",\"position\":1,\"name\":\"Inicio\",\"item\":\"https:\\\/\\\/daveywater.com\\\/eu\\\/es\\\/\"},{\"@type\":\"ListItem\",\"position\":2,\"name\":\"Soporte\",\"item\":\"https:\\\/\\\/daveywater.com\\\/eu\\\/es\\\/soporte\\\/\"},{\"@type\":\"ListItem\",\"position\":3,\"name\":\"Mantenimiento de la bomba\"}]},{\"@type\":\"WebSite\",\"@id\":\"https:\\\/\\\/daveywater.com\\\/eu\\\/es\\\/#website\",\"url\":\"https:\\\/\\\/daveywater.com\\\/eu\\\/es\\\/\",\"name\":\"Davey - Reino Unido\\\/Europa\",\"description\":\"Otro sitio de Davey Water\",\"publisher\":{\"@id\":\"https:\\\/\\\/daveywater.com\\\/eu\\\/es\\\/#organization\"},\"potentialAction\":[{\"@type\":\"SearchAction\",\"target\":{\"@type\":\"EntryPoint\",\"urlTemplate\":\"https:\\\/\\\/daveywater.com\\\/eu\\\/es\\\/?s={search_term_string}\"},\"query-input\":{\"@type\":\"PropertyValueSpecification\",\"valueRequired\":true,\"valueName\":\"search_term_string\"}}],\"inLanguage\":\"es\"},{\"@type\":\"Organization\",\"@id\":\"https:\\\/\\\/daveywater.com\\\/eu\\\/es\\\/#organization\",\"name\":\"Davey Europa\",\"alternateName\":\"Davey\",\"url\":\"https:\\\/\\\/daveywater.com\\\/eu\\\/es\\\/\",\"logo\":{\"@type\":\"ImageObject\",\"inLanguage\":\"es\",\"@id\":\"https:\\\/\\\/daveywater.com\\\/eu\\\/es\\\/#\\\/schema\\\/logo\\\/image\\\/\",\"url\":\"https:\\\/\\\/daveywater.com\\\/eu\\\/wp-content\\\/uploads\\\/sites\\\/5\\\/2023\\\/04\\\/davey-sq-696.png\",\"contentUrl\":\"https:\\\/\\\/daveywater.com\\\/eu\\\/wp-content\\\/uploads\\\/sites\\\/5\\\/2023\\\/04\\\/davey-sq-696.png\",\"width\":696,\"height\":696,\"caption\":\"Davey Europa\"},\"image\":{\"@id\":\"https:\\\/\\\/daveywater.com\\\/eu\\\/es\\\/#\\\/schema\\\/logo\\\/image\\\/\"},\"sameAs\":[\"https:\\\/\\\/www.facebook.com\\\/DaveyWaterProducts\\\/\",\"https:\\\/\\\/www.linkedin.com\\\/company\\\/davey-water-products\",\"https:\\\/\\\/www.youtube.com\\\/user\\\/DaveyWaterProducts\",\"https:\\\/\\\/www.instagram.com\\\/daveywaterproducts\\\/\"]}]}<\/script>\n<!-- \/ Yoast SEO Premium plugin. -->","yoast_head_json":{"title":"Mantenimiento de la bomba - Davey - Reino Unido\/Europa%.","robots":{"index":"index","follow":"follow","max-snippet":"max-snippet:-1","max-image-preview":"max-image-preview:large","max-video-preview":"max-video-preview:-1"},"canonical":"https:\/\/daveywater.com\/eu\/es\/soporte\/mantenimiento-de-la-bomba\/","og_locale":"es_ES","og_type":"article","og_title":"Mantenimiento de la bomba","og_url":"https:\/\/daveywater.com\/eu\/es\/soporte\/mantenimiento-de-la-bomba\/","og_site_name":"Davey - Reino Unido\/Europa","article_publisher":"https:\/\/www.facebook.com\/DaveyWaterProducts\/","article_modified_time":"2023-06-18T03:27:42+00:00","twitter_card":"summary_large_image","twitter_misc":{"Tiempo de lectura":"32 minutos"},"schema":{"@context":"https:\/\/schema.org","@graph":[{"@type":"WebPage","@id":"https:\/\/daveywater.com\/eu\/es\/soporte\/mantenimiento-de-la-bomba\/","url":"https:\/\/daveywater.com\/eu\/es\/soporte\/mantenimiento-de-la-bomba\/","name":"Mantenimiento de la bomba - Davey - Reino Unido\/Europa%.","isPartOf":{"@id":"https:\/\/daveywater.com\/eu\/es\/#website"},"datePublished":"2023-03-03T02:55:13+00:00","dateModified":"2023-06-18T03:27:42+00:00","breadcrumb":{"@id":"https:\/\/daveywater.com\/eu\/es\/soporte\/mantenimiento-de-la-bomba\/#breadcrumb"},"inLanguage":"es","potentialAction":[{"@type":"ReadAction","target":["https:\/\/daveywater.com\/eu\/es\/soporte\/mantenimiento-de-la-bomba\/"]}]},{"@type":"BreadcrumbList","@id":"https:\/\/daveywater.com\/eu\/es\/soporte\/mantenimiento-de-la-bomba\/#breadcrumb","itemListElement":[{"@type":"ListItem","position":1,"name":"Inicio","item":"https:\/\/daveywater.com\/eu\/es\/"},{"@type":"ListItem","position":2,"name":"Soporte","item":"https:\/\/daveywater.com\/eu\/es\/soporte\/"},{"@type":"ListItem","position":3,"name":"Mantenimiento de la bomba"}]},{"@type":"WebSite","@id":"https:\/\/daveywater.com\/eu\/es\/#website","url":"https:\/\/daveywater.com\/eu\/es\/","name":"Davey - Reino Unido\/Europa","description":"Otro sitio de Davey Water","publisher":{"@id":"https:\/\/daveywater.com\/eu\/es\/#organization"},"potentialAction":[{"@type":"SearchAction","target":{"@type":"EntryPoint","urlTemplate":"https:\/\/daveywater.com\/eu\/es\/?s={search_term_string}"},"query-input":{"@type":"PropertyValueSpecification","valueRequired":true,"valueName":"search_term_string"}}],"inLanguage":"es"},{"@type":"Organization","@id":"https:\/\/daveywater.com\/eu\/es\/#organization","name":"Davey Europa","alternateName":"Davey","url":"https:\/\/daveywater.com\/eu\/es\/","logo":{"@type":"ImageObject","inLanguage":"es","@id":"https:\/\/daveywater.com\/eu\/es\/#\/schema\/logo\/image\/","url":"https:\/\/daveywater.com\/eu\/wp-content\/uploads\/sites\/5\/2023\/04\/davey-sq-696.png","contentUrl":"https:\/\/daveywater.com\/eu\/wp-content\/uploads\/sites\/5\/2023\/04\/davey-sq-696.png","width":696,"height":696,"caption":"Davey Europa"},"image":{"@id":"https:\/\/daveywater.com\/eu\/es\/#\/schema\/logo\/image\/"},"sameAs":["https:\/\/www.facebook.com\/DaveyWaterProducts\/","https:\/\/www.linkedin.com\/company\/davey-water-products","https:\/\/www.youtube.com\/user\/DaveyWaterProducts","https:\/\/www.instagram.com\/daveywaterproducts\/"]}]}},"_links":{"self":[{"href":"https:\/\/daveywater.com\/eu\/es\/wp-json\/wp\/v2\/pages\/825","targetHints":{"allow":["GET"]}}],"collection":[{"href":"https:\/\/daveywater.com\/eu\/es\/wp-json\/wp\/v2\/pages"}],"about":[{"href":"https:\/\/daveywater.com\/eu\/es\/wp-json\/wp\/v2\/types\/page"}],"author":[{"embeddable":true,"href":"https:\/\/daveywater.com\/eu\/es\/wp-json\/wp\/v2\/users\/4"}],"replies":[{"embeddable":true,"href":"https:\/\/daveywater.com\/eu\/es\/wp-json\/wp\/v2\/comments?post=825"}],"version-history":[{"count":0,"href":"https:\/\/daveywater.com\/eu\/es\/wp-json\/wp\/v2\/pages\/825\/revisions"}],"up":[{"embeddable":true,"href":"https:\/\/daveywater.com\/eu\/es\/wp-json\/wp\/v2\/pages\/615"}],"wp:attachment":[{"href":"https:\/\/daveywater.com\/eu\/es\/wp-json\/wp\/v2\/media?parent=825"}],"curies":[{"name":"wp","href":"https:\/\/api.w.org\/{rel}","templated":true}]}}