{"id":4061,"date":"2023-04-13T04:08:31","date_gmt":"2023-04-13T04:08:31","guid":{"rendered":"https:\/\/daveywater.com\/eu\/product\/powermaster\/"},"modified":"2023-10-05T04:07:00","modified_gmt":"2023-10-05T04:07:00","slug":"powermaster","status":"publish","type":"product","link":"https:\/\/daveywater.com\/eu\/es\/producto\/powermaster\/","title":{"rendered":"PowerMaster"},"content":{"rendered":"<p>Una bomba de piscina robusta y muy resistente, con un rendimiento \u00f3ptimo, con modelos para piscinas de hasta 170.000 litros. Ideal tanto para piscinas enterradas como elevadas, as\u00ed como para piscinas l\u00fadicas, piscinas de hormig\u00f3n y gresite, piscinas de fibra de vidrio, instalaci\u00f3n de chorros de nataci\u00f3n e incluso sistemas de limpieza en el suelo\u00a0el PowerMaster ofrece un potente bombeo para todas sus necesidades de nataci\u00f3n.<\/p>\n","protected":false},"excerpt":{"rendered":"<p>Eficiencia energ\u00e9tica y robustez<\/p>\n","protected":false},"featured_media":5173,"comment_status":"closed","ping_status":"closed","template":"","meta":{"_acf_changed":false},"product_brand":[],"product_cat":[162,167],"product_tag":[164,168],"class_list":{"0":"post-4061","1":"product","2":"type-product","3":"status-publish","4":"has-post-thumbnail","6":"product_cat-bombas-y-filtros-de-piscina","7":"product_cat-comercial-es","8":"product_tag-bomba-de-piscina-es","9":"product_tag-comunidad","11":"first","12":"instock","13":"shipping-taxable","14":"product-type-simple"},"acf":[],"yoast_head":"<!-- This site is optimized with the Yoast SEO Premium plugin v26.7 (Yoast SEO v27.4) - https:\/\/yoast.com\/product\/yoast-seo-premium-wordpress\/ -->\n<title>PowerMaster - Davey - Reino Unido\/Europa<\/title>\n<meta name=\"description\" content=\"La bomba de piscina Davey Water PowerMaster es una bomba robusta y extrapesada con un rendimiento \u00f3ptimo que proporciona un bombeo potente para todas sus necesidades de nataci\u00f3n.\" \/>\n<meta name=\"robots\" content=\"index, follow, max-snippet:-1, max-image-preview:large, max-video-preview:-1\" \/>\n<link rel=\"canonical\" href=\"https:\/\/daveywater.com\/eu\/es\/producto\/powermaster\/\" \/>\n<meta property=\"og:locale\" content=\"es_ES\" \/>\n<meta property=\"og:type\" content=\"article\" \/>\n<meta property=\"og:title\" content=\"PowerMaster\" \/>\n<meta property=\"og:description\" content=\"La bomba de piscina Davey Water PowerMaster es una bomba robusta y extrapesada con un rendimiento \u00f3ptimo que proporciona un bombeo potente para todas sus necesidades de nataci\u00f3n.\" \/>\n<meta property=\"og:url\" content=\"https:\/\/daveywater.com\/eu\/es\/producto\/powermaster\/\" \/>\n<meta property=\"og:site_name\" content=\"Davey - Reino Unido\/Europa\" \/>\n<meta property=\"article:publisher\" content=\"https:\/\/www.facebook.com\/DaveyWaterProducts\/\" \/>\n<meta property=\"article:modified_time\" content=\"2023-10-05T04:07:00+00:00\" \/>\n<meta property=\"og:image\" content=\"https:\/\/daveywater.com\/eu\/wp-content\/uploads\/sites\/5\/2023\/04\/Pool-Pump-PM250-PowerMaster.png\" \/>\n\t<meta property=\"og:image:width\" content=\"1200\" \/>\n\t<meta property=\"og:image:height\" content=\"910\" \/>\n\t<meta property=\"og:image:type\" content=\"image\/png\" \/>\n<meta name=\"twitter:card\" content=\"summary_large_image\" \/>\n<meta name=\"twitter:label1\" content=\"Tiempo de lectura\" \/>\n\t<meta name=\"twitter:data1\" content=\"1 minuto\" \/>\n<script type=\"application\/ld+json\" class=\"yoast-schema-graph\">{\"@context\":\"https:\\\/\\\/schema.org\",\"@graph\":[{\"@type\":\"WebPage\",\"@id\":\"https:\\\/\\\/daveywater.com\\\/eu\\\/es\\\/producto\\\/powermaster\\\/\",\"url\":\"https:\\\/\\\/daveywater.com\\\/eu\\\/es\\\/producto\\\/powermaster\\\/\",\"name\":\"PowerMaster - Davey - Reino Unido\\\/Europa\",\"isPartOf\":{\"@id\":\"https:\\\/\\\/daveywater.com\\\/eu\\\/es\\\/#website\"},\"primaryImageOfPage\":{\"@id\":\"https:\\\/\\\/daveywater.com\\\/eu\\\/es\\\/producto\\\/powermaster\\\/#primaryimage\"},\"image\":{\"@id\":\"https:\\\/\\\/daveywater.com\\\/eu\\\/es\\\/producto\\\/powermaster\\\/#primaryimage\"},\"thumbnailUrl\":\"https:\\\/\\\/daveywater.com\\\/eu\\\/wp-content\\\/uploads\\\/sites\\\/5\\\/2023\\\/04\\\/Pool-Pump-PM250-PowerMaster.png\",\"datePublished\":\"2023-04-13T04:08:31+00:00\",\"dateModified\":\"2023-10-05T04:07:00+00:00\",\"description\":\"La bomba de piscina Davey Water PowerMaster es una bomba robusta y extrapesada con un rendimiento \u00f3ptimo que proporciona un bombeo potente para todas sus necesidades de nataci\u00f3n.\",\"breadcrumb\":{\"@id\":\"https:\\\/\\\/daveywater.com\\\/eu\\\/es\\\/producto\\\/powermaster\\\/#breadcrumb\"},\"inLanguage\":\"es\",\"potentialAction\":[{\"@type\":\"ReadAction\",\"target\":[\"https:\\\/\\\/daveywater.com\\\/eu\\\/es\\\/producto\\\/powermaster\\\/\"]}]},{\"@type\":\"ImageObject\",\"inLanguage\":\"es\",\"@id\":\"https:\\\/\\\/daveywater.com\\\/eu\\\/es\\\/producto\\\/powermaster\\\/#primaryimage\",\"url\":\"https:\\\/\\\/daveywater.com\\\/eu\\\/wp-content\\\/uploads\\\/sites\\\/5\\\/2023\\\/04\\\/Pool-Pump-PM250-PowerMaster.png\",\"contentUrl\":\"https:\\\/\\\/daveywater.com\\\/eu\\\/wp-content\\\/uploads\\\/sites\\\/5\\\/2023\\\/04\\\/Pool-Pump-PM250-PowerMaster.png\",\"width\":1200,\"height\":910,\"caption\":\"PowerMaster\"},{\"@type\":\"BreadcrumbList\",\"@id\":\"https:\\\/\\\/daveywater.com\\\/eu\\\/es\\\/producto\\\/powermaster\\\/#breadcrumb\",\"itemListElement\":[{\"@type\":\"ListItem\",\"position\":1,\"name\":\"Inicio\",\"item\":\"https:\\\/\\\/daveywater.com\\\/eu\\\/es\\\/\"},{\"@type\":\"ListItem\",\"position\":2,\"name\":\"Productos\",\"item\":\"https:\\\/\\\/daveywater.com\\\/eu\\\/es\\\/products\\\/\"},{\"@type\":\"ListItem\",\"position\":3,\"name\":\"Bombas y filtros de piscina\",\"item\":\"https:\\\/\\\/daveywater.com\\\/eu\\\/es\\\/productos\\\/bombas-y-filtros-de-piscina\\\/\"},{\"@type\":\"ListItem\",\"position\":4,\"name\":\"PowerMaster\"}]},{\"@type\":\"WebSite\",\"@id\":\"https:\\\/\\\/daveywater.com\\\/eu\\\/es\\\/#website\",\"url\":\"https:\\\/\\\/daveywater.com\\\/eu\\\/es\\\/\",\"name\":\"Davey - Reino Unido\\\/Europa\",\"description\":\"Otro sitio de Davey Water\",\"publisher\":{\"@id\":\"https:\\\/\\\/daveywater.com\\\/eu\\\/es\\\/#organization\"},\"potentialAction\":[{\"@type\":\"SearchAction\",\"target\":{\"@type\":\"EntryPoint\",\"urlTemplate\":\"https:\\\/\\\/daveywater.com\\\/eu\\\/es\\\/?s={search_term_string}\"},\"query-input\":{\"@type\":\"PropertyValueSpecification\",\"valueRequired\":true,\"valueName\":\"search_term_string\"}}],\"inLanguage\":\"es\"},{\"@type\":\"Organization\",\"@id\":\"https:\\\/\\\/daveywater.com\\\/eu\\\/es\\\/#organization\",\"name\":\"Davey Europa\",\"alternateName\":\"Davey\",\"url\":\"https:\\\/\\\/daveywater.com\\\/eu\\\/es\\\/\",\"logo\":{\"@type\":\"ImageObject\",\"inLanguage\":\"es\",\"@id\":\"https:\\\/\\\/daveywater.com\\\/eu\\\/es\\\/#\\\/schema\\\/logo\\\/image\\\/\",\"url\":\"https:\\\/\\\/daveywater.com\\\/eu\\\/wp-content\\\/uploads\\\/sites\\\/5\\\/2023\\\/04\\\/davey-sq-696.png\",\"contentUrl\":\"https:\\\/\\\/daveywater.com\\\/eu\\\/wp-content\\\/uploads\\\/sites\\\/5\\\/2023\\\/04\\\/davey-sq-696.png\",\"width\":696,\"height\":696,\"caption\":\"Davey Europa\"},\"image\":{\"@id\":\"https:\\\/\\\/daveywater.com\\\/eu\\\/es\\\/#\\\/schema\\\/logo\\\/image\\\/\"},\"sameAs\":[\"https:\\\/\\\/www.facebook.com\\\/DaveyWaterProducts\\\/\",\"https:\\\/\\\/www.linkedin.com\\\/company\\\/davey-water-products\",\"https:\\\/\\\/www.youtube.com\\\/user\\\/DaveyWaterProducts\",\"https:\\\/\\\/www.instagram.com\\\/daveywaterproducts\\\/\"]}]}<\/script>\n<!-- \/ Yoast SEO Premium plugin. -->","yoast_head_json":{"title":"PowerMaster - Davey - Reino Unido\/Europa","description":"La bomba de piscina Davey Water PowerMaster es una bomba robusta y extrapesada con un rendimiento \u00f3ptimo que proporciona un bombeo potente para todas sus necesidades de nataci\u00f3n.","robots":{"index":"index","follow":"follow","max-snippet":"max-snippet:-1","max-image-preview":"max-image-preview:large","max-video-preview":"max-video-preview:-1"},"canonical":"https:\/\/daveywater.com\/eu\/es\/producto\/powermaster\/","og_locale":"es_ES","og_type":"article","og_title":"PowerMaster","og_description":"La bomba de piscina Davey Water PowerMaster es una bomba robusta y extrapesada con un rendimiento \u00f3ptimo que proporciona un bombeo potente para todas sus necesidades de nataci\u00f3n.","og_url":"https:\/\/daveywater.com\/eu\/es\/producto\/powermaster\/","og_site_name":"Davey - Reino Unido\/Europa","article_publisher":"https:\/\/www.facebook.com\/DaveyWaterProducts\/","article_modified_time":"2023-10-05T04:07:00+00:00","og_image":[{"width":1200,"height":910,"url":"https:\/\/daveywater.com\/eu\/wp-content\/uploads\/sites\/5\/2023\/04\/Pool-Pump-PM250-PowerMaster.png","type":"image\/png"}],"twitter_card":"summary_large_image","twitter_misc":{"Tiempo de lectura":"1 minuto"},"schema":{"@context":"https:\/\/schema.org","@graph":[{"@type":"WebPage","@id":"https:\/\/daveywater.com\/eu\/es\/producto\/powermaster\/","url":"https:\/\/daveywater.com\/eu\/es\/producto\/powermaster\/","name":"PowerMaster - Davey - Reino Unido\/Europa","isPartOf":{"@id":"https:\/\/daveywater.com\/eu\/es\/#website"},"primaryImageOfPage":{"@id":"https:\/\/daveywater.com\/eu\/es\/producto\/powermaster\/#primaryimage"},"image":{"@id":"https:\/\/daveywater.com\/eu\/es\/producto\/powermaster\/#primaryimage"},"thumbnailUrl":"https:\/\/daveywater.com\/eu\/wp-content\/uploads\/sites\/5\/2023\/04\/Pool-Pump-PM250-PowerMaster.png","datePublished":"2023-04-13T04:08:31+00:00","dateModified":"2023-10-05T04:07:00+00:00","description":"La bomba de piscina Davey Water PowerMaster es una bomba robusta y extrapesada con un rendimiento \u00f3ptimo que proporciona un bombeo potente para todas sus necesidades de nataci\u00f3n.","breadcrumb":{"@id":"https:\/\/daveywater.com\/eu\/es\/producto\/powermaster\/#breadcrumb"},"inLanguage":"es","potentialAction":[{"@type":"ReadAction","target":["https:\/\/daveywater.com\/eu\/es\/producto\/powermaster\/"]}]},{"@type":"ImageObject","inLanguage":"es","@id":"https:\/\/daveywater.com\/eu\/es\/producto\/powermaster\/#primaryimage","url":"https:\/\/daveywater.com\/eu\/wp-content\/uploads\/sites\/5\/2023\/04\/Pool-Pump-PM250-PowerMaster.png","contentUrl":"https:\/\/daveywater.com\/eu\/wp-content\/uploads\/sites\/5\/2023\/04\/Pool-Pump-PM250-PowerMaster.png","width":1200,"height":910,"caption":"PowerMaster"},{"@type":"BreadcrumbList","@id":"https:\/\/daveywater.com\/eu\/es\/producto\/powermaster\/#breadcrumb","itemListElement":[{"@type":"ListItem","position":1,"name":"Inicio","item":"https:\/\/daveywater.com\/eu\/es\/"},{"@type":"ListItem","position":2,"name":"Productos","item":"https:\/\/daveywater.com\/eu\/es\/products\/"},{"@type":"ListItem","position":3,"name":"Bombas y filtros de piscina","item":"https:\/\/daveywater.com\/eu\/es\/productos\/bombas-y-filtros-de-piscina\/"},{"@type":"ListItem","position":4,"name":"PowerMaster"}]},{"@type":"WebSite","@id":"https:\/\/daveywater.com\/eu\/es\/#website","url":"https:\/\/daveywater.com\/eu\/es\/","name":"Davey - Reino Unido\/Europa","description":"Otro sitio de Davey Water","publisher":{"@id":"https:\/\/daveywater.com\/eu\/es\/#organization"},"potentialAction":[{"@type":"SearchAction","target":{"@type":"EntryPoint","urlTemplate":"https:\/\/daveywater.com\/eu\/es\/?s={search_term_string}"},"query-input":{"@type":"PropertyValueSpecification","valueRequired":true,"valueName":"search_term_string"}}],"inLanguage":"es"},{"@type":"Organization","@id":"https:\/\/daveywater.com\/eu\/es\/#organization","name":"Davey Europa","alternateName":"Davey","url":"https:\/\/daveywater.com\/eu\/es\/","logo":{"@type":"ImageObject","inLanguage":"es","@id":"https:\/\/daveywater.com\/eu\/es\/#\/schema\/logo\/image\/","url":"https:\/\/daveywater.com\/eu\/wp-content\/uploads\/sites\/5\/2023\/04\/davey-sq-696.png","contentUrl":"https:\/\/daveywater.com\/eu\/wp-content\/uploads\/sites\/5\/2023\/04\/davey-sq-696.png","width":696,"height":696,"caption":"Davey Europa"},"image":{"@id":"https:\/\/daveywater.com\/eu\/es\/#\/schema\/logo\/image\/"},"sameAs":["https:\/\/www.facebook.com\/DaveyWaterProducts\/","https:\/\/www.linkedin.com\/company\/davey-water-products","https:\/\/www.youtube.com\/user\/DaveyWaterProducts","https:\/\/www.instagram.com\/daveywaterproducts\/"]}]}},"_links":{"self":[{"href":"https:\/\/daveywater.com\/eu\/es\/wp-json\/wp\/v2\/product\/4061","targetHints":{"allow":["GET"]}}],"collection":[{"href":"https:\/\/daveywater.com\/eu\/es\/wp-json\/wp\/v2\/product"}],"about":[{"href":"https:\/\/daveywater.com\/eu\/es\/wp-json\/wp\/v2\/types\/product"}],"replies":[{"embeddable":true,"href":"https:\/\/daveywater.com\/eu\/es\/wp-json\/wp\/v2\/comments?post=4061"}],"wp:featuredmedia":[{"embeddable":true,"href":"https:\/\/daveywater.com\/eu\/es\/wp-json\/wp\/v2\/media\/5173"}],"wp:attachment":[{"href":"https:\/\/daveywater.com\/eu\/es\/wp-json\/wp\/v2\/media?parent=4061"}],"wp:term":[{"taxonomy":"product_brand","embeddable":true,"href":"https:\/\/daveywater.com\/eu\/es\/wp-json\/wp\/v2\/product_brand?post=4061"},{"taxonomy":"product_cat","embeddable":true,"href":"https:\/\/daveywater.com\/eu\/es\/wp-json\/wp\/v2\/product_cat?post=4061"},{"taxonomy":"product_tag","embeddable":true,"href":"https:\/\/daveywater.com\/eu\/es\/wp-json\/wp\/v2\/product_tag?post=4061"}],"curies":[{"name":"wp","href":"https:\/\/api.w.org\/{rel}","templated":true}]}}