{"id":6630,"date":"2024-12-11T22:10:11","date_gmt":"2024-12-11T22:10:11","guid":{"rendered":"https:\/\/daveywater.com\/eu\/?post_type=product&#038;p=6630"},"modified":"2025-06-10T23:11:09","modified_gmt":"2025-06-10T23:11:09","slug":"starflo-vs-pool-pumps","status":"publish","type":"product","link":"https:\/\/daveywater.com\/eu\/es\/producto\/starflo-vs-pool-pumps\/","title":{"rendered":"Bombas de piscina StarFlo VS"},"content":{"rendered":"<p>Vers\u00e1til, energ\u00e9ticamente eficiente y flexible para aplicaciones de reequipamiento o servicio, la bomba de piscina Davey StarFlo VS tiene uniones cil\u00edndricas de 50 mm y 63 mm y se adapta a aplicaciones multiequipamiento. <\/p>\n<div class=\"fusion-button-wrapper\"><a class=\"fusion-button button-flat fusion-button-default-size button-custom fusion-button-default button-1 fusion-button-default-span fusion-button-default-type\" style=\"--button_accent_color:var(--awb-color5);--button_accent_hover_color:var(--awb-color1);--button_border_hover_color:var(--awb-color1);--button_gradient_top_color:var(--awb-color7);--button_gradient_bottom_color:var(--awb-color7);--button_gradient_top_color_hover:hsla(var(--awb-color5-h),calc(var(--awb-color5-s) - 5%),calc(var(--awb-color5-l) - 10%),var(--awb-color5-a));--button_gradient_bottom_color_hover:hsla(var(--awb-color5-h),calc(var(--awb-color5-s) - 5%),calc(var(--awb-color5-l) - 10%),var(--awb-color5-a));\" target=\"_blank\" rel=\"noopener noreferrer\" href=\"https:\/\/daveyenergysavingseu.daveywater.com\/\"><i class=\"fa-calculator fas awb-button__icon awb-button__icon--default button-icon-left\" aria-hidden=\"true\"><\/i><span class=\"fusion-button-text awb-button__text awb-button__text--default\">Calculadora de Ahorro Energ\u00e9tico<\/span><\/a><\/div>\n<p>&nbsp;<\/p>\n<p>Ideal para piscinas enterradas y elevadas de hasta 104.000 litros. La StarFlo VS est\u00e1 dise\u00f1ada espec\u00edficamente para hacer circular el agua de la piscina para su filtraci\u00f3n y desinfecci\u00f3n de forma eficaz.<\/p>\n","protected":false},"excerpt":{"rendered":"<p>Multiajuste y energ\u00e9ticamente eficiente<\/p>\n","protected":false},"featured_media":6637,"comment_status":"closed","ping_status":"closed","template":"","meta":{"_acf_changed":false},"product_brand":[],"product_cat":[162],"product_tag":[164],"class_list":{"0":"post-6630","1":"product","2":"type-product","3":"status-publish","4":"has-post-thumbnail","6":"product_cat-bombas-y-filtros-de-piscina","7":"product_tag-bomba-de-piscina-es","9":"first","10":"instock","11":"shipping-taxable","12":"product-type-simple"},"acf":[],"yoast_head":"<!-- This site is optimized with the Yoast SEO Premium plugin v26.7 (Yoast SEO v27.4) - https:\/\/yoast.com\/product\/yoast-seo-premium-wordpress\/ -->\n<title>Bombas de piscina StarFlo VS - Davey - Espa\u00f1a<\/title>\n<meta name=\"description\" content=\"Vers\u00e1til y flexible para aplicaciones de reequipamiento o de servicio, la bomba de piscina Davey Water StarFlo tiene uniones de barril de 40 mm y 50 mm y se adapta a aplicaciones de montaje m\u00faltiple.\" \/>\n<meta name=\"robots\" content=\"index, follow, max-snippet:-1, max-image-preview:large, max-video-preview:-1\" \/>\n<link rel=\"canonical\" href=\"https:\/\/daveywater.com\/eu\/es\/producto\/starflo-vs-pool-pumps\/\" \/>\n<meta property=\"og:locale\" content=\"es_ES\" \/>\n<meta property=\"og:type\" content=\"article\" \/>\n<meta property=\"og:title\" content=\"Bombas de piscina StarFlo VS\" \/>\n<meta property=\"og:description\" content=\"Vers\u00e1til y flexible para aplicaciones de reequipamiento o de servicio, la bomba de piscina Davey Water StarFlo tiene uniones de barril de 40 mm y 50 mm y se adapta a aplicaciones de montaje m\u00faltiple.\" \/>\n<meta property=\"og:url\" content=\"https:\/\/daveywater.com\/eu\/es\/producto\/starflo-vs-pool-pumps\/\" \/>\n<meta property=\"og:site_name\" content=\"Davey - Reino Unido\/Europa\" \/>\n<meta property=\"article:publisher\" content=\"https:\/\/www.facebook.com\/DaveyWaterProducts\/\" \/>\n<meta property=\"article:modified_time\" content=\"2025-06-10T23:11:09+00:00\" \/>\n<meta property=\"og:image\" content=\"https:\/\/daveywater.com\/eu\/wp-content\/uploads\/sites\/5\/2024\/12\/DSF250VSCE_AngleA_1200x910px.png\" \/>\n\t<meta property=\"og:image:width\" content=\"1200\" \/>\n\t<meta property=\"og:image:height\" content=\"910\" \/>\n\t<meta property=\"og:image:type\" content=\"image\/png\" \/>\n<meta name=\"twitter:card\" content=\"summary_large_image\" \/>\n<meta name=\"twitter:label1\" content=\"Tiempo de lectura\" \/>\n\t<meta name=\"twitter:data1\" content=\"1 minuto\" \/>\n<script type=\"application\/ld+json\" class=\"yoast-schema-graph\">{\"@context\":\"https:\\\/\\\/schema.org\",\"@graph\":[{\"@type\":\"WebPage\",\"@id\":\"https:\\\/\\\/daveywater.com\\\/eu\\\/es\\\/producto\\\/starflo-vs-pool-pumps\\\/\",\"url\":\"https:\\\/\\\/daveywater.com\\\/eu\\\/es\\\/producto\\\/starflo-vs-pool-pumps\\\/\",\"name\":\"Bombas de piscina StarFlo VS - Davey - Espa\u00f1a\",\"isPartOf\":{\"@id\":\"https:\\\/\\\/daveywater.com\\\/eu\\\/es\\\/#website\"},\"primaryImageOfPage\":{\"@id\":\"https:\\\/\\\/daveywater.com\\\/eu\\\/es\\\/producto\\\/starflo-vs-pool-pumps\\\/#primaryimage\"},\"image\":{\"@id\":\"https:\\\/\\\/daveywater.com\\\/eu\\\/es\\\/producto\\\/starflo-vs-pool-pumps\\\/#primaryimage\"},\"thumbnailUrl\":\"https:\\\/\\\/daveywater.com\\\/eu\\\/wp-content\\\/uploads\\\/sites\\\/5\\\/2024\\\/12\\\/DSF250VSCE_AngleA_1200x910px.png\",\"datePublished\":\"2024-12-11T22:10:11+00:00\",\"dateModified\":\"2025-06-10T23:11:09+00:00\",\"description\":\"Vers\u00e1til y flexible para aplicaciones de reequipamiento o de servicio, la bomba de piscina Davey Water StarFlo tiene uniones de barril de 40 mm y 50 mm y se adapta a aplicaciones de montaje m\u00faltiple.\",\"breadcrumb\":{\"@id\":\"https:\\\/\\\/daveywater.com\\\/eu\\\/es\\\/producto\\\/starflo-vs-pool-pumps\\\/#breadcrumb\"},\"inLanguage\":\"es\",\"potentialAction\":[{\"@type\":\"ReadAction\",\"target\":[\"https:\\\/\\\/daveywater.com\\\/eu\\\/es\\\/producto\\\/starflo-vs-pool-pumps\\\/\"]}]},{\"@type\":\"ImageObject\",\"inLanguage\":\"es\",\"@id\":\"https:\\\/\\\/daveywater.com\\\/eu\\\/es\\\/producto\\\/starflo-vs-pool-pumps\\\/#primaryimage\",\"url\":\"https:\\\/\\\/daveywater.com\\\/eu\\\/wp-content\\\/uploads\\\/sites\\\/5\\\/2024\\\/12\\\/DSF250VSCE_AngleA_1200x910px.png\",\"contentUrl\":\"https:\\\/\\\/daveywater.com\\\/eu\\\/wp-content\\\/uploads\\\/sites\\\/5\\\/2024\\\/12\\\/DSF250VSCE_AngleA_1200x910px.png\",\"width\":1200,\"height\":910},{\"@type\":\"BreadcrumbList\",\"@id\":\"https:\\\/\\\/daveywater.com\\\/eu\\\/es\\\/producto\\\/starflo-vs-pool-pumps\\\/#breadcrumb\",\"itemListElement\":[{\"@type\":\"ListItem\",\"position\":1,\"name\":\"Inicio\",\"item\":\"https:\\\/\\\/daveywater.com\\\/eu\\\/es\\\/\"},{\"@type\":\"ListItem\",\"position\":2,\"name\":\"Productos\",\"item\":\"https:\\\/\\\/daveywater.com\\\/eu\\\/es\\\/products\\\/\"},{\"@type\":\"ListItem\",\"position\":3,\"name\":\"Bombas y filtros de piscina\",\"item\":\"https:\\\/\\\/daveywater.com\\\/eu\\\/es\\\/productos\\\/bombas-y-filtros-de-piscina\\\/\"},{\"@type\":\"ListItem\",\"position\":4,\"name\":\"Bombas de piscina StarFlo VS\"}]},{\"@type\":\"WebSite\",\"@id\":\"https:\\\/\\\/daveywater.com\\\/eu\\\/es\\\/#website\",\"url\":\"https:\\\/\\\/daveywater.com\\\/eu\\\/es\\\/\",\"name\":\"Davey - Reino Unido\\\/Europa\",\"description\":\"Otro sitio de Davey Water\",\"publisher\":{\"@id\":\"https:\\\/\\\/daveywater.com\\\/eu\\\/es\\\/#organization\"},\"potentialAction\":[{\"@type\":\"SearchAction\",\"target\":{\"@type\":\"EntryPoint\",\"urlTemplate\":\"https:\\\/\\\/daveywater.com\\\/eu\\\/es\\\/?s={search_term_string}\"},\"query-input\":{\"@type\":\"PropertyValueSpecification\",\"valueRequired\":true,\"valueName\":\"search_term_string\"}}],\"inLanguage\":\"es\"},{\"@type\":\"Organization\",\"@id\":\"https:\\\/\\\/daveywater.com\\\/eu\\\/es\\\/#organization\",\"name\":\"Davey Europa\",\"alternateName\":\"Davey\",\"url\":\"https:\\\/\\\/daveywater.com\\\/eu\\\/es\\\/\",\"logo\":{\"@type\":\"ImageObject\",\"inLanguage\":\"es\",\"@id\":\"https:\\\/\\\/daveywater.com\\\/eu\\\/es\\\/#\\\/schema\\\/logo\\\/image\\\/\",\"url\":\"https:\\\/\\\/daveywater.com\\\/eu\\\/wp-content\\\/uploads\\\/sites\\\/5\\\/2023\\\/04\\\/davey-sq-696.png\",\"contentUrl\":\"https:\\\/\\\/daveywater.com\\\/eu\\\/wp-content\\\/uploads\\\/sites\\\/5\\\/2023\\\/04\\\/davey-sq-696.png\",\"width\":696,\"height\":696,\"caption\":\"Davey Europa\"},\"image\":{\"@id\":\"https:\\\/\\\/daveywater.com\\\/eu\\\/es\\\/#\\\/schema\\\/logo\\\/image\\\/\"},\"sameAs\":[\"https:\\\/\\\/www.facebook.com\\\/DaveyWaterProducts\\\/\",\"https:\\\/\\\/www.linkedin.com\\\/company\\\/davey-water-products\",\"https:\\\/\\\/www.youtube.com\\\/user\\\/DaveyWaterProducts\",\"https:\\\/\\\/www.instagram.com\\\/daveywaterproducts\\\/\"]}]}<\/script>\n<!-- \/ Yoast SEO Premium plugin. -->","yoast_head_json":{"title":"Bombas de piscina StarFlo VS - Davey - Espa\u00f1a","description":"Vers\u00e1til y flexible para aplicaciones de reequipamiento o de servicio, la bomba de piscina Davey Water StarFlo tiene uniones de barril de 40 mm y 50 mm y se adapta a aplicaciones de montaje m\u00faltiple.","robots":{"index":"index","follow":"follow","max-snippet":"max-snippet:-1","max-image-preview":"max-image-preview:large","max-video-preview":"max-video-preview:-1"},"canonical":"https:\/\/daveywater.com\/eu\/es\/producto\/starflo-vs-pool-pumps\/","og_locale":"es_ES","og_type":"article","og_title":"Bombas de piscina StarFlo VS","og_description":"Vers\u00e1til y flexible para aplicaciones de reequipamiento o de servicio, la bomba de piscina Davey Water StarFlo tiene uniones de barril de 40 mm y 50 mm y se adapta a aplicaciones de montaje m\u00faltiple.","og_url":"https:\/\/daveywater.com\/eu\/es\/producto\/starflo-vs-pool-pumps\/","og_site_name":"Davey - Reino Unido\/Europa","article_publisher":"https:\/\/www.facebook.com\/DaveyWaterProducts\/","article_modified_time":"2025-06-10T23:11:09+00:00","og_image":[{"width":1200,"height":910,"url":"https:\/\/daveywater.com\/eu\/wp-content\/uploads\/sites\/5\/2024\/12\/DSF250VSCE_AngleA_1200x910px.png","type":"image\/png"}],"twitter_card":"summary_large_image","twitter_misc":{"Tiempo de lectura":"1 minuto"},"schema":{"@context":"https:\/\/schema.org","@graph":[{"@type":"WebPage","@id":"https:\/\/daveywater.com\/eu\/es\/producto\/starflo-vs-pool-pumps\/","url":"https:\/\/daveywater.com\/eu\/es\/producto\/starflo-vs-pool-pumps\/","name":"Bombas de piscina StarFlo VS - Davey - Espa\u00f1a","isPartOf":{"@id":"https:\/\/daveywater.com\/eu\/es\/#website"},"primaryImageOfPage":{"@id":"https:\/\/daveywater.com\/eu\/es\/producto\/starflo-vs-pool-pumps\/#primaryimage"},"image":{"@id":"https:\/\/daveywater.com\/eu\/es\/producto\/starflo-vs-pool-pumps\/#primaryimage"},"thumbnailUrl":"https:\/\/daveywater.com\/eu\/wp-content\/uploads\/sites\/5\/2024\/12\/DSF250VSCE_AngleA_1200x910px.png","datePublished":"2024-12-11T22:10:11+00:00","dateModified":"2025-06-10T23:11:09+00:00","description":"Vers\u00e1til y flexible para aplicaciones de reequipamiento o de servicio, la bomba de piscina Davey Water StarFlo tiene uniones de barril de 40 mm y 50 mm y se adapta a aplicaciones de montaje m\u00faltiple.","breadcrumb":{"@id":"https:\/\/daveywater.com\/eu\/es\/producto\/starflo-vs-pool-pumps\/#breadcrumb"},"inLanguage":"es","potentialAction":[{"@type":"ReadAction","target":["https:\/\/daveywater.com\/eu\/es\/producto\/starflo-vs-pool-pumps\/"]}]},{"@type":"ImageObject","inLanguage":"es","@id":"https:\/\/daveywater.com\/eu\/es\/producto\/starflo-vs-pool-pumps\/#primaryimage","url":"https:\/\/daveywater.com\/eu\/wp-content\/uploads\/sites\/5\/2024\/12\/DSF250VSCE_AngleA_1200x910px.png","contentUrl":"https:\/\/daveywater.com\/eu\/wp-content\/uploads\/sites\/5\/2024\/12\/DSF250VSCE_AngleA_1200x910px.png","width":1200,"height":910},{"@type":"BreadcrumbList","@id":"https:\/\/daveywater.com\/eu\/es\/producto\/starflo-vs-pool-pumps\/#breadcrumb","itemListElement":[{"@type":"ListItem","position":1,"name":"Inicio","item":"https:\/\/daveywater.com\/eu\/es\/"},{"@type":"ListItem","position":2,"name":"Productos","item":"https:\/\/daveywater.com\/eu\/es\/products\/"},{"@type":"ListItem","position":3,"name":"Bombas y filtros de piscina","item":"https:\/\/daveywater.com\/eu\/es\/productos\/bombas-y-filtros-de-piscina\/"},{"@type":"ListItem","position":4,"name":"Bombas de piscina StarFlo VS"}]},{"@type":"WebSite","@id":"https:\/\/daveywater.com\/eu\/es\/#website","url":"https:\/\/daveywater.com\/eu\/es\/","name":"Davey - Reino Unido\/Europa","description":"Otro sitio de Davey Water","publisher":{"@id":"https:\/\/daveywater.com\/eu\/es\/#organization"},"potentialAction":[{"@type":"SearchAction","target":{"@type":"EntryPoint","urlTemplate":"https:\/\/daveywater.com\/eu\/es\/?s={search_term_string}"},"query-input":{"@type":"PropertyValueSpecification","valueRequired":true,"valueName":"search_term_string"}}],"inLanguage":"es"},{"@type":"Organization","@id":"https:\/\/daveywater.com\/eu\/es\/#organization","name":"Davey Europa","alternateName":"Davey","url":"https:\/\/daveywater.com\/eu\/es\/","logo":{"@type":"ImageObject","inLanguage":"es","@id":"https:\/\/daveywater.com\/eu\/es\/#\/schema\/logo\/image\/","url":"https:\/\/daveywater.com\/eu\/wp-content\/uploads\/sites\/5\/2023\/04\/davey-sq-696.png","contentUrl":"https:\/\/daveywater.com\/eu\/wp-content\/uploads\/sites\/5\/2023\/04\/davey-sq-696.png","width":696,"height":696,"caption":"Davey Europa"},"image":{"@id":"https:\/\/daveywater.com\/eu\/es\/#\/schema\/logo\/image\/"},"sameAs":["https:\/\/www.facebook.com\/DaveyWaterProducts\/","https:\/\/www.linkedin.com\/company\/davey-water-products","https:\/\/www.youtube.com\/user\/DaveyWaterProducts","https:\/\/www.instagram.com\/daveywaterproducts\/"]}]}},"_links":{"self":[{"href":"https:\/\/daveywater.com\/eu\/es\/wp-json\/wp\/v2\/product\/6630","targetHints":{"allow":["GET"]}}],"collection":[{"href":"https:\/\/daveywater.com\/eu\/es\/wp-json\/wp\/v2\/product"}],"about":[{"href":"https:\/\/daveywater.com\/eu\/es\/wp-json\/wp\/v2\/types\/product"}],"replies":[{"embeddable":true,"href":"https:\/\/daveywater.com\/eu\/es\/wp-json\/wp\/v2\/comments?post=6630"}],"wp:featuredmedia":[{"embeddable":true,"href":"https:\/\/daveywater.com\/eu\/es\/wp-json\/wp\/v2\/media\/6637"}],"wp:attachment":[{"href":"https:\/\/daveywater.com\/eu\/es\/wp-json\/wp\/v2\/media?parent=6630"}],"wp:term":[{"taxonomy":"product_brand","embeddable":true,"href":"https:\/\/daveywater.com\/eu\/es\/wp-json\/wp\/v2\/product_brand?post=6630"},{"taxonomy":"product_cat","embeddable":true,"href":"https:\/\/daveywater.com\/eu\/es\/wp-json\/wp\/v2\/product_cat?post=6630"},{"taxonomy":"product_tag","embeddable":true,"href":"https:\/\/daveywater.com\/eu\/es\/wp-json\/wp\/v2\/product_tag?post=6630"}],"curies":[{"name":"wp","href":"https:\/\/api.w.org\/{rel}","templated":true}]}}