{"id":861,"date":"2023-03-03T02:55:13","date_gmt":"2023-03-03T02:55:13","guid":{"rendered":"https:\/\/daveywater.com\/eu\/soutien\/comment-entretenir-votre-pompe\/"},"modified":"2023-06-18T03:28:12","modified_gmt":"2023-06-18T03:28:12","slug":"comment-entretenir-votre-pompe","status":"publish","type":"page","link":"https:\/\/daveywater.com\/eu\/fr\/soutien\/comment-entretenir-votre-pompe\/","title":{"rendered":"Comment entretenir votre pompe"},"content":{"rendered":"<p><div class=\"fusion-fullwidth fullwidth-box fusion-builder-row-1 fusion-flex-container has-pattern-background has-mask-background hundred-percent-fullwidth non-hundred-percent-height-scrolling\" style=\"--awb-border-radius-top-left:0px;--awb-border-radius-top-right:0px;--awb-border-radius-bottom-right:0px;--awb-border-radius-bottom-left:0px;--awb-margin-top:0px;--awb-margin-bottom:0px;--awb-min-height:530px;--awb-flex-wrap:wrap;\" ><div class=\"fusion-builder-row fusion-row fusion-flex-align-items-center fusion-flex-content-wrap\" style=\"width:104% !important;max-width:104% !important;margin-left: calc(-4% \/ 2 );margin-right: calc(-4% \/ 2 );\"><div class=\"fusion-layout-column fusion_builder_column fusion-builder-column-0 fusion_builder_column_1_2 1_2 fusion-flex-column fusion-flex-align-self-flex-start full-height-hero \" style=\"--awb-bg-size:cover;--awb-width-large:50%;--awb-margin-top-large:0px;--awb-spacing-right-large:0px;--awb-margin-bottom-large:0px;--awb-spacing-left-large:0px;--awb-width-medium:50%;--awb-order-medium:0;--awb-spacing-right-medium:0px;--awb-spacing-left-medium:0px;--awb-width-small:100%;--awb-order-small:0;--awb-spacing-right-small:1.92%;--awb-spacing-left-small:1.92%;\"><div class=\"fusion-column-wrapper fusion-column-has-shadow fusion-flex-justify-content-flex-start fusion-content-layout-column\"><nav class=\"fusion-breadcrumbs awb-yoast-breadcrumbs fusion-breadcrumbs-1\" style=\"--awb-margin-top:20px;--awb-text-color:var(--awb-custom_color_2);--awb-breadcrumb-sep:&#039;\/\/&#039;;\" aria-label=\"Breadcrumb\"><span><span><a href=\"https:\/\/daveywater.com\/eu\/fr\/\">Accueil<\/a><\/span><\/span><\/nav><div class=\"fusion-title title fusion-title-1 fusion-sep-none fusion-title-text fusion-title-size-one\" style=\"--awb-margin-top:40px;--awb-margin-bottom:20px;--awb-font-size:40px;\"><h1 class=\"fusion-title-heading title-heading-left fusion-responsive-typography-calculated\" style=\"margin:0;font-size:1em;--fontSize:40;line-height:var(--awb-typography1-line-height);\">Comment entretenir votre pompe<\/h1><\/div><div class=\"fusion-text fusion-text-1\"><p>L&rsquo;entretien de votre pompe est essentiel pour garantir son bon fonctionnement dans les situations d&rsquo;urgence.<\/p>\n<p>Cette page fournit quelques conseils et lignes directrices pour vous aider \u00e0 entretenir votre pompe \u00e0 incendie. Si vous avez besoin d&rsquo;aide, veuillez <a href=\"https:\/\/daveywater.com\/au\/support\/contact-us\/\">nous contacter<\/a> pour plus de d\u00e9tails, ou contactez votre revendeur Davey local pour vous aider \u00e0 entretenir votre pompe.<\/p>\n<\/div><div class=\"fusion-separator fusion-full-width-sep\" style=\"align-self: center;margin-left: auto;margin-right: auto;margin-top:80px;width:100%;\"><\/div><\/div><\/div><div class=\"fusion-layout-column fusion_builder_column fusion-builder-column-1 fusion_builder_column_1_2 1_2 fusion-flex-column fusion-flex-align-self-stretch\" style=\"--awb-padding-top:8%;--awb-padding-right:12%;--awb-padding-left:12%;--awb-bg-image:url(&#039;https:\/\/daveywater.com\/au\/wp-content\/uploads\/sites\/2\/2023\/03\/firefighter-01.jpg&#039;);--awb-bg-position:center center;--awb-bg-size:cover;--awb-width-large:50%;--awb-margin-top-large:0px;--awb-spacing-right-large:0px;--awb-margin-bottom-large:0px;--awb-spacing-left-large:0px;--awb-width-medium:50%;--awb-order-medium:0;--awb-spacing-right-medium:0px;--awb-spacing-left-medium:0px;--awb-width-small:100%;--awb-order-small:0;--awb-spacing-right-small:1.92%;--awb-spacing-left-small:1.92%;\"><div class=\"fusion-column-wrapper fusion-column-has-shadow fusion-flex-justify-content-flex-start fusion-content-layout-column fusion-column-has-bg-image\" data-bg-url=\"https:\/\/daveywater.com\/au\/wp-content\/uploads\/sites\/2\/2023\/03\/firefighter-01.jpg\"><div class=\"fusion-builder-row fusion-builder-row-inner fusion-row fusion-flex-align-items-center fusion-flex-content-wrap\" style=\"width:104% !important;max-width:104% !important;margin-left: calc(-4% \/ 2 );margin-right: calc(-4% \/ 2 );\"><div class=\"fusion-layout-column fusion_builder_column_inner fusion-builder-nested-column-0 fusion_builder_column_inner_1_1 1_1 fusion-flex-column\" style=\"--awb-padding-top:5%;--awb-padding-right:0px;--awb-padding-bottom:10%;--awb-padding-left:12%;--awb-bg-color:rgba(0,0,0,0.6);--awb-bg-color-hover:rgba(0,0,0,0.6);--awb-bg-size:cover;--awb-width-large:100%;--awb-margin-top-large:0px;--awb-spacing-right-large:1.92%;--awb-margin-bottom-large:20px;--awb-spacing-left-large:1.92%;--awb-width-medium:100%;--awb-order-medium:0;--awb-spacing-right-medium:1.92%;--awb-spacing-left-medium:1.92%;--awb-width-small:100%;--awb-order-small:0;--awb-spacing-right-small:1.92%;--awb-spacing-left-small:1.92%;\"><div class=\"fusion-column-wrapper fusion-column-has-shadow fusion-flex-justify-content-flex-start fusion-content-layout-column\"><div class=\"fusion-text fusion-text-2\"><h3><span style=\"color: #ffffff;\">Que recherchez-vous ?<\/span><\/h3>\n<\/div><div ><a class=\"fusion-button button-flat fusion-button-default-size button-custom fusion-button-default button-1 fusion-button-default-span fusion-button-default-type\" style=\"--button_accent_color:var(--awb-color1);--button_accent_hover_color:var(--awb-color5);--button_border_hover_color:var(--awb-color1);--button_gradient_top_color:rgba(255,255,255,0);--button_gradient_bottom_color:rgba(255,255,255,0);--button_gradient_top_color_hover:rgba(255,255,255,0);--button_gradient_bottom_color_hover:rgba(255,255,255,0);\" target=\"_self\" data-hover=\"icon_slide\" href=\"https:\/\/daveywater.com\/au\/support\/how-to-service-your-pump\/#tips\"><i class=\"fa-arrow-right fas awb-button__icon awb-button__icon--default button-icon-left\" aria-hidden=\"true\"><\/i><span class=\"fusion-button-text awb-button__text awb-button__text--default\">Entretien des pompes et conseils<\/span><\/a><\/div><div ><a class=\"fusion-button button-flat fusion-button-default-size button-custom fusion-button-default button-2 fusion-button-default-span fusion-button-default-type\" style=\"--button_accent_color:var(--awb-color1);--button_accent_hover_color:var(--awb-color5);--button_border_hover_color:var(--awb-color1);--button_gradient_top_color:rgba(255,255,255,0);--button_gradient_bottom_color:rgba(255,255,255,0);--button_gradient_top_color_hover:rgba(255,255,255,0);--button_gradient_bottom_color_hover:rgba(255,255,255,0);\" target=\"_self\" data-hover=\"icon_slide\" href=\"https:\/\/daveywater.com\/au\/support\/how-to-service-your-pump\/#faq\"><i class=\"fa-arrow-right fas awb-button__icon awb-button__icon--default button-icon-left\" aria-hidden=\"true\"><\/i><span class=\"fusion-button-text awb-button__text awb-button__text--default\">Questions fr\u00e9quemment pos\u00e9es<\/span><\/a><\/div><div ><a class=\"fusion-button button-flat fusion-button-default-size button-custom fusion-button-default button-3 fusion-button-default-span fusion-button-default-type\" style=\"--button_accent_color:var(--awb-color1);--button_accent_hover_color:var(--awb-color5);--button_border_hover_color:var(--awb-color1);--button_gradient_top_color:rgba(255,255,255,0);--button_gradient_bottom_color:rgba(255,255,255,0);--button_gradient_top_color_hover:rgba(255,255,255,0);--button_gradient_bottom_color_hover:rgba(255,255,255,0);\" target=\"_self\" data-hover=\"icon_slide\" href=\"https:\/\/daveywater.com\/au\/find-a-dealer\/\"><i class=\"fa-arrow-right fas awb-button__icon awb-button__icon--default button-icon-left\" aria-hidden=\"true\"><\/i><span class=\"fusion-button-text awb-button__text awb-button__text--default\">Trouver un revendeur<\/span><\/a><\/div><div ><a class=\"fusion-button button-flat fusion-button-default-size button-custom fusion-button-default button-4 fusion-button-default-span fusion-button-default-type\" style=\"--button_accent_color:var(--awb-color1);--button_accent_hover_color:var(--awb-color5);--button_border_hover_color:var(--awb-color1);--button_gradient_top_color:rgba(255,255,255,0);--button_gradient_bottom_color:rgba(255,255,255,0);--button_gradient_top_color_hover:rgba(255,255,255,0);--button_gradient_bottom_color_hover:rgba(255,255,255,0);\" target=\"_self\" data-hover=\"icon_slide\" href=\"https:\/\/daveywater.com\/au\/support\/contact-us\/\"><i class=\"fa-arrow-right fas awb-button__icon awb-button__icon--default button-icon-left\" aria-hidden=\"true\"><\/i><span class=\"fusion-button-text awb-button__text awb-button__text--default\">Nous contacter<\/span><\/a><\/div><\/div><\/div><\/div><\/div><\/div><\/div><\/div><div class=\"fusion-fullwidth fullwidth-box fusion-builder-row-2 fusion-flex-container has-pattern-background has-mask-background nonhundred-percent-fullwidth non-hundred-percent-height-scrolling\" style=\"--awb-border-radius-top-left:0px;--awb-border-radius-top-right:0px;--awb-border-radius-bottom-right:0px;--awb-border-radius-bottom-left:0px;--awb-padding-top:40px;--awb-padding-bottom:40px;--awb-padding-top-medium:40px;--awb-padding-bottom-medium:40px;--awb-background-color:var(--awb-custom_color_3);--awb-flex-wrap:wrap;\" id=\"tips\" ><div class=\"fusion-builder-row fusion-row fusion-flex-align-items-flex-start fusion-flex-content-wrap\" style=\"max-width:1497.6px;margin-left: calc(-4% \/ 2 );margin-right: calc(-4% \/ 2 );\"><div class=\"fusion-layout-column fusion_builder_column fusion-builder-column-2 fusion_builder_column_1_5 1_5 fusion-flex-column services-column-padding\" style=\"--awb-bg-size:cover;--awb-width-large:20%;--awb-margin-top-large:0px;--awb-spacing-right-large:9.6%;--awb-margin-bottom-large:20px;--awb-spacing-left-large:9.6%;--awb-width-medium:20%;--awb-order-medium:0;--awb-spacing-right-medium:9.6%;--awb-spacing-left-medium:9.6%;--awb-width-small:100%;--awb-order-small:0;--awb-spacing-right-small:1.92%;--awb-spacing-left-small:1.92%;\"><div class=\"fusion-column-wrapper fusion-column-has-shadow fusion-flex-justify-content-flex-start fusion-content-layout-column\"><\/div><\/div><div class=\"fusion-layout-column fusion_builder_column fusion-builder-column-3 fusion_builder_column_3_5 3_5 fusion-flex-column\" style=\"--awb-bg-size:cover;--awb-width-large:60%;--awb-margin-top-large:0px;--awb-spacing-right-large:3.2%;--awb-margin-bottom-large:20px;--awb-spacing-left-large:3.2%;--awb-width-medium:60%;--awb-order-medium:0;--awb-spacing-right-medium:3.2%;--awb-spacing-left-medium:3.2%;--awb-width-small:100%;--awb-order-small:0;--awb-spacing-right-small:1.92%;--awb-spacing-left-small:1.92%;\"><div class=\"fusion-column-wrapper fusion-column-has-shadow fusion-flex-justify-content-flex-start fusion-content-layout-column\"><div class=\"fusion-text fusion-text-3\"><h2>Entretien et conseils<\/h2>\n<ul>\n<li>Serrer tous les colliers<\/li>\n<li>Vidange du carburant et de l&rsquo;huile<\/li>\n<li>Nettoyer toutes les surfaces et tous les composants avec un spray anticorrosion \u00e0 base de lanoline.<\/li>\n<li>V\u00e9rifier que les rondelles en caoutchouc sont correctement ins\u00e9r\u00e9es et qu&rsquo;elles ne sont pas fissur\u00e9es ou us\u00e9es.<\/li>\n<li>Faire fonctionner la pompe avec de l&rsquo;eau neuve\/fra\u00eeche &#8211; ne pas faire fonctionner \u00e0 sec<\/li>\n<li>V\u00e9rifier qu&rsquo;il n&rsquo;y a pas de connexions perdues provoquant des tremblements ou des bruits inhabituels.<\/li>\n<li>V\u00e9rifier l&rsquo;absence de fuites, de fissures et de renflements dans le tuyau et le remplacer si n\u00e9cessaire.<\/li>\n<\/ul>\n<p><strong>IMPORTANT<\/strong>:<br \/>\nS&rsquo;il y a des probl\u00e8mes, comme des bruits inhabituels ou si votre pompe ne fonctionne pas comme elle le devrait, contactez votre Master Dealer Davey le plus proche.<\/p>\n<p>Une fois l&rsquo;entretien termin\u00e9, suivez les conseils et lignes directrices suivants pour que votre pompe soit pr\u00eate \u00e0 fonctionner en cas de besoin.<\/p>\n<ul>\n<li>Lors du stockage, conserver \u00e0 l&rsquo;abri des intemp\u00e9ries &#8211; \u00e0 l&rsquo;abri de la lumi\u00e8re directe du soleil et couvert.<\/li>\n<li>Conservez la pompe hors du sol et sur\u00e9lev\u00e9e sur une base stable et appropri\u00e9e. Un kit d&rsquo;armature pour pompier est le point d&rsquo;ancrage id\u00e9al pour votre pompe.<\/li>\n<li>V\u00e9rifiez toujours que le r\u00e9servoir de votre source d&rsquo;eau est plein.<\/li>\n<\/ul>\n<h4>Autres conseils<\/h4>\n<ul>\n<li>Dans la mesure du possible, \u00e9vitez de tra\u00eener votre tuyau sur le sol, en particulier sur les bords abrasifs et tranchants.<\/li>\n<li>\u00c9vitez d&rsquo;utiliser le tuyau au-del\u00e0 de sa pression de service nominale. Les coups de b\u00e9lier peuvent endommager le tuyau.<\/li>\n<li>Lavez le tuyau \u00e0 l&rsquo;ext\u00e9rieur avec un tuyau d&rsquo;arrosage standard et du d\u00e9tergent \u00e0 vaisselle.<\/li>\n<li>\u00c9vitez d&rsquo;utiliser des nettoyeurs \u00e0 haute pression et des solvants, car ils peuvent endommager l&rsquo;enveloppe ext\u00e9rieure.<\/li>\n<li>S\u00e9chez toujours votre tuyau avant de le ranger et laissez-lui suffisamment d&rsquo;espace pour qu&rsquo;il puisse \u00ab\u00a0respirer\u00a0\u00bb lorsqu&rsquo;il est rang\u00e9.<\/li>\n<\/ul>\n<\/div><\/div><\/div><div class=\"fusion-layout-column fusion_builder_column fusion-builder-column-4 fusion_builder_column_1_5 1_5 fusion-flex-column services-column-padding\" style=\"--awb-bg-size:cover;--awb-width-large:20%;--awb-margin-top-large:0px;--awb-spacing-right-large:9.6%;--awb-margin-bottom-large:20px;--awb-spacing-left-large:9.6%;--awb-width-medium:20%;--awb-order-medium:0;--awb-spacing-right-medium:9.6%;--awb-spacing-left-medium:9.6%;--awb-width-small:100%;--awb-order-small:0;--awb-spacing-right-small:1.92%;--awb-spacing-left-small:1.92%;\"><div class=\"fusion-column-wrapper fusion-column-has-shadow fusion-flex-justify-content-flex-start fusion-content-layout-column\"><\/div><\/div><\/div><\/div><div class=\"fusion-fullwidth fullwidth-box fusion-builder-row-3 fusion-flex-container has-pattern-background has-mask-background nonhundred-percent-fullwidth non-hundred-percent-height-scrolling\" style=\"--awb-border-radius-top-left:0px;--awb-border-radius-top-right:0px;--awb-border-radius-bottom-right:0px;--awb-border-radius-bottom-left:0px;--awb-padding-top:40px;--awb-padding-bottom:40px;--awb-padding-top-medium:40px;--awb-padding-bottom-medium:40px;--awb-background-color:var(--awb-color1);--awb-flex-wrap:wrap;\" id=\"faq\" ><div class=\"fusion-builder-row fusion-row fusion-flex-align-items-flex-start fusion-flex-content-wrap\" style=\"max-width:1497.6px;margin-left: calc(-4% \/ 2 );margin-right: calc(-4% \/ 2 );\"><div class=\"fusion-layout-column fusion_builder_column fusion-builder-column-5 fusion_builder_column_1_5 1_5 fusion-flex-column services-column-padding\" style=\"--awb-bg-size:cover;--awb-width-large:20%;--awb-margin-top-large:0px;--awb-spacing-right-large:9.6%;--awb-margin-bottom-large:20px;--awb-spacing-left-large:9.6%;--awb-width-medium:20%;--awb-order-medium:0;--awb-spacing-right-medium:9.6%;--awb-spacing-left-medium:9.6%;--awb-width-small:100%;--awb-order-small:0;--awb-spacing-right-small:1.92%;--awb-spacing-left-small:1.92%;\"><div class=\"fusion-column-wrapper fusion-column-has-shadow fusion-flex-justify-content-flex-start fusion-content-layout-column\"><\/div><\/div><div class=\"fusion-layout-column fusion_builder_column fusion-builder-column-6 fusion_builder_column_3_5 3_5 fusion-flex-column\" style=\"--awb-bg-size:cover;--awb-width-large:60%;--awb-margin-top-large:0px;--awb-spacing-right-large:3.2%;--awb-margin-bottom-large:20px;--awb-spacing-left-large:3.2%;--awb-width-medium:60%;--awb-order-medium:0;--awb-spacing-right-medium:3.2%;--awb-spacing-left-medium:3.2%;--awb-width-small:100%;--awb-order-small:0;--awb-spacing-right-small:1.92%;--awb-spacing-left-small:1.92%;\"><div class=\"fusion-column-wrapper fusion-column-has-shadow fusion-flex-justify-content-flex-start fusion-content-layout-column\"><div class=\"fusion-text fusion-text-4\"><h3>Questions fr\u00e9quemment pos\u00e9es<\/h3>\n<p style=\"padding-left: 40px;\"><strong>\u00c0 quelle fr\u00e9quence dois-je entretenir ma pompe ?<\/strong><br \/>\nIl est recommand\u00e9 de proc\u00e9der \u00e0 l&rsquo;entretien de votre pompe une fois par an ou apr\u00e8s environ 40 heures d&rsquo;utilisation. Si votre pompe n&rsquo;est pas utilis\u00e9e r\u00e9guli\u00e8rement, elle doit \u00eatre mise en marche et test\u00e9e tous les 4 mois.<\/p>\n<p style=\"padding-left: 40px;\"><strong>Quel est le meilleur moment pour entretenir ma pompe ?<\/strong><br \/>\nAvant le d\u00e9but de chaque saison des incendies. Dans la plupart des r\u00e9gions d&rsquo;Australie, votre pompe doit \u00eatre entretenue, test\u00e9e et pr\u00eate \u00e0 fonctionner en septembre.<\/p>\n<p style=\"padding-left: 40px;\"><strong>Quels sont les signes de d\u00e9fauts ou de probl\u00e8mes ?<\/strong><br \/>\nFaible pression ou \u00e9coulement irr\u00e9gulier de l&rsquo;eau. Bruits inhabituels ou tremblements. Calage ou difficult\u00e9s de d\u00e9marrage.<\/p>\n<\/div><\/div><\/div><div class=\"fusion-layout-column fusion_builder_column fusion-builder-column-7 fusion_builder_column_1_5 1_5 fusion-flex-column services-column-padding\" style=\"--awb-bg-size:cover;--awb-width-large:20%;--awb-margin-top-large:0px;--awb-spacing-right-large:9.6%;--awb-margin-bottom-large:20px;--awb-spacing-left-large:9.6%;--awb-width-medium:20%;--awb-order-medium:0;--awb-spacing-right-medium:9.6%;--awb-spacing-left-medium:9.6%;--awb-width-small:100%;--awb-order-small:0;--awb-spacing-right-small:1.92%;--awb-spacing-left-small:1.92%;\"><div class=\"fusion-column-wrapper fusion-column-has-shadow fusion-flex-justify-content-flex-start fusion-content-layout-column\"><\/div><\/div><\/div><\/div><\/p>\n","protected":false},"excerpt":{"rendered":"","protected":false},"author":4,"featured_media":0,"parent":630,"menu_order":0,"comment_status":"closed","ping_status":"closed","template":"100-width.php","meta":{"_acf_changed":false,"footnotes":""},"class_list":["post-861","page","type-page","status-publish","hentry"],"acf":[],"yoast_head":"<!-- This site is optimized with the Yoast SEO Premium plugin v26.7 (Yoast SEO v27.4) - https:\/\/yoast.com\/product\/yoast-seo-premium-wordpress\/ -->\n<title>Comment entretenir votre pompe %pagesep%sitename%%.<\/title>\n<meta name=\"robots\" content=\"index, follow, max-snippet:-1, max-image-preview:large, max-video-preview:-1\" \/>\n<link rel=\"canonical\" href=\"https:\/\/daveywater.com\/eu\/fr\/soutien\/comment-entretenir-votre-pompe\/\" \/>\n<meta property=\"og:locale\" content=\"fr_FR\" \/>\n<meta property=\"og:type\" content=\"article\" \/>\n<meta property=\"og:title\" content=\"Comment entretenir votre pompe\" \/>\n<meta property=\"og:url\" content=\"https:\/\/daveywater.com\/eu\/fr\/soutien\/comment-entretenir-votre-pompe\/\" \/>\n<meta property=\"og:site_name\" content=\"Davey - Royaume-Uni\/Europe\" \/>\n<meta property=\"article:publisher\" content=\"https:\/\/www.facebook.com\/DaveyWaterProducts\/\" \/>\n<meta property=\"article:modified_time\" content=\"2023-06-18T03:28:12+00:00\" \/>\n<meta name=\"twitter:card\" content=\"summary_large_image\" \/>\n<meta name=\"twitter:label1\" content=\"Dur\u00e9e de lecture estim\u00e9e\" \/>\n\t<meta name=\"twitter:data1\" content=\"32 minutes\" \/>\n<script type=\"application\/ld+json\" class=\"yoast-schema-graph\">{\"@context\":\"https:\\\/\\\/schema.org\",\"@graph\":[{\"@type\":\"WebPage\",\"@id\":\"https:\\\/\\\/daveywater.com\\\/eu\\\/fr\\\/soutien\\\/comment-entretenir-votre-pompe\\\/\",\"url\":\"https:\\\/\\\/daveywater.com\\\/eu\\\/fr\\\/soutien\\\/comment-entretenir-votre-pompe\\\/\",\"name\":\"Comment entretenir votre pompe %pagesep%sitename%%.\",\"isPartOf\":{\"@id\":\"https:\\\/\\\/daveywater.com\\\/eu\\\/fr\\\/#website\"},\"datePublished\":\"2023-03-03T02:55:13+00:00\",\"dateModified\":\"2023-06-18T03:28:12+00:00\",\"breadcrumb\":{\"@id\":\"https:\\\/\\\/daveywater.com\\\/eu\\\/fr\\\/soutien\\\/comment-entretenir-votre-pompe\\\/#breadcrumb\"},\"inLanguage\":\"fr-FR\",\"potentialAction\":[{\"@type\":\"ReadAction\",\"target\":[\"https:\\\/\\\/daveywater.com\\\/eu\\\/fr\\\/soutien\\\/comment-entretenir-votre-pompe\\\/\"]}]},{\"@type\":\"BreadcrumbList\",\"@id\":\"https:\\\/\\\/daveywater.com\\\/eu\\\/fr\\\/soutien\\\/comment-entretenir-votre-pompe\\\/#breadcrumb\",\"itemListElement\":[{\"@type\":\"ListItem\",\"position\":1,\"name\":\"Accueil\",\"item\":\"https:\\\/\\\/daveywater.com\\\/eu\\\/fr\\\/\"},{\"@type\":\"ListItem\",\"position\":2,\"name\":\"Soutien\",\"item\":\"https:\\\/\\\/daveywater.com\\\/eu\\\/fr\\\/soutien\\\/\"},{\"@type\":\"ListItem\",\"position\":3,\"name\":\"Comment entretenir votre pompe\"}]},{\"@type\":\"WebSite\",\"@id\":\"https:\\\/\\\/daveywater.com\\\/eu\\\/fr\\\/#website\",\"url\":\"https:\\\/\\\/daveywater.com\\\/eu\\\/fr\\\/\",\"name\":\"Davey - Royaume-Uni\\\/Europe\",\"description\":\"Un autre site de Davey Water\",\"publisher\":{\"@id\":\"https:\\\/\\\/daveywater.com\\\/eu\\\/fr\\\/#organization\"},\"potentialAction\":[{\"@type\":\"SearchAction\",\"target\":{\"@type\":\"EntryPoint\",\"urlTemplate\":\"https:\\\/\\\/daveywater.com\\\/eu\\\/fr\\\/?s={search_term_string}\"},\"query-input\":{\"@type\":\"PropertyValueSpecification\",\"valueRequired\":true,\"valueName\":\"search_term_string\"}}],\"inLanguage\":\"fr-FR\"},{\"@type\":\"Organization\",\"@id\":\"https:\\\/\\\/daveywater.com\\\/eu\\\/fr\\\/#organization\",\"name\":\"Davey Europe\",\"alternateName\":\"Davey\",\"url\":\"https:\\\/\\\/daveywater.com\\\/eu\\\/fr\\\/\",\"logo\":{\"@type\":\"ImageObject\",\"inLanguage\":\"fr-FR\",\"@id\":\"https:\\\/\\\/daveywater.com\\\/eu\\\/fr\\\/#\\\/schema\\\/logo\\\/image\\\/\",\"url\":\"https:\\\/\\\/daveywater.com\\\/eu\\\/wp-content\\\/uploads\\\/sites\\\/5\\\/2023\\\/04\\\/davey-sq-696.png\",\"contentUrl\":\"https:\\\/\\\/daveywater.com\\\/eu\\\/wp-content\\\/uploads\\\/sites\\\/5\\\/2023\\\/04\\\/davey-sq-696.png\",\"width\":696,\"height\":696,\"caption\":\"Davey Europe\"},\"image\":{\"@id\":\"https:\\\/\\\/daveywater.com\\\/eu\\\/fr\\\/#\\\/schema\\\/logo\\\/image\\\/\"},\"sameAs\":[\"https:\\\/\\\/www.facebook.com\\\/DaveyWaterProducts\\\/\",\"https:\\\/\\\/www.linkedin.com\\\/company\\\/davey-water-products\",\"https:\\\/\\\/www.youtube.com\\\/user\\\/DaveyWaterProducts\",\"https:\\\/\\\/www.instagram.com\\\/daveywaterproducts\\\/\"]}]}<\/script>\n<!-- \/ Yoast SEO Premium plugin. -->","yoast_head_json":{"title":"Comment entretenir votre pompe %pagesep%sitename%%.","robots":{"index":"index","follow":"follow","max-snippet":"max-snippet:-1","max-image-preview":"max-image-preview:large","max-video-preview":"max-video-preview:-1"},"canonical":"https:\/\/daveywater.com\/eu\/fr\/soutien\/comment-entretenir-votre-pompe\/","og_locale":"fr_FR","og_type":"article","og_title":"Comment entretenir votre pompe","og_url":"https:\/\/daveywater.com\/eu\/fr\/soutien\/comment-entretenir-votre-pompe\/","og_site_name":"Davey - Royaume-Uni\/Europe","article_publisher":"https:\/\/www.facebook.com\/DaveyWaterProducts\/","article_modified_time":"2023-06-18T03:28:12+00:00","twitter_card":"summary_large_image","twitter_misc":{"Dur\u00e9e de lecture estim\u00e9e":"32 minutes"},"schema":{"@context":"https:\/\/schema.org","@graph":[{"@type":"WebPage","@id":"https:\/\/daveywater.com\/eu\/fr\/soutien\/comment-entretenir-votre-pompe\/","url":"https:\/\/daveywater.com\/eu\/fr\/soutien\/comment-entretenir-votre-pompe\/","name":"Comment entretenir votre pompe %pagesep%sitename%%.","isPartOf":{"@id":"https:\/\/daveywater.com\/eu\/fr\/#website"},"datePublished":"2023-03-03T02:55:13+00:00","dateModified":"2023-06-18T03:28:12+00:00","breadcrumb":{"@id":"https:\/\/daveywater.com\/eu\/fr\/soutien\/comment-entretenir-votre-pompe\/#breadcrumb"},"inLanguage":"fr-FR","potentialAction":[{"@type":"ReadAction","target":["https:\/\/daveywater.com\/eu\/fr\/soutien\/comment-entretenir-votre-pompe\/"]}]},{"@type":"BreadcrumbList","@id":"https:\/\/daveywater.com\/eu\/fr\/soutien\/comment-entretenir-votre-pompe\/#breadcrumb","itemListElement":[{"@type":"ListItem","position":1,"name":"Accueil","item":"https:\/\/daveywater.com\/eu\/fr\/"},{"@type":"ListItem","position":2,"name":"Soutien","item":"https:\/\/daveywater.com\/eu\/fr\/soutien\/"},{"@type":"ListItem","position":3,"name":"Comment entretenir votre pompe"}]},{"@type":"WebSite","@id":"https:\/\/daveywater.com\/eu\/fr\/#website","url":"https:\/\/daveywater.com\/eu\/fr\/","name":"Davey - Royaume-Uni\/Europe","description":"Un autre site de Davey Water","publisher":{"@id":"https:\/\/daveywater.com\/eu\/fr\/#organization"},"potentialAction":[{"@type":"SearchAction","target":{"@type":"EntryPoint","urlTemplate":"https:\/\/daveywater.com\/eu\/fr\/?s={search_term_string}"},"query-input":{"@type":"PropertyValueSpecification","valueRequired":true,"valueName":"search_term_string"}}],"inLanguage":"fr-FR"},{"@type":"Organization","@id":"https:\/\/daveywater.com\/eu\/fr\/#organization","name":"Davey Europe","alternateName":"Davey","url":"https:\/\/daveywater.com\/eu\/fr\/","logo":{"@type":"ImageObject","inLanguage":"fr-FR","@id":"https:\/\/daveywater.com\/eu\/fr\/#\/schema\/logo\/image\/","url":"https:\/\/daveywater.com\/eu\/wp-content\/uploads\/sites\/5\/2023\/04\/davey-sq-696.png","contentUrl":"https:\/\/daveywater.com\/eu\/wp-content\/uploads\/sites\/5\/2023\/04\/davey-sq-696.png","width":696,"height":696,"caption":"Davey Europe"},"image":{"@id":"https:\/\/daveywater.com\/eu\/fr\/#\/schema\/logo\/image\/"},"sameAs":["https:\/\/www.facebook.com\/DaveyWaterProducts\/","https:\/\/www.linkedin.com\/company\/davey-water-products","https:\/\/www.youtube.com\/user\/DaveyWaterProducts","https:\/\/www.instagram.com\/daveywaterproducts\/"]}]}},"_links":{"self":[{"href":"https:\/\/daveywater.com\/eu\/fr\/wp-json\/wp\/v2\/pages\/861","targetHints":{"allow":["GET"]}}],"collection":[{"href":"https:\/\/daveywater.com\/eu\/fr\/wp-json\/wp\/v2\/pages"}],"about":[{"href":"https:\/\/daveywater.com\/eu\/fr\/wp-json\/wp\/v2\/types\/page"}],"author":[{"embeddable":true,"href":"https:\/\/daveywater.com\/eu\/fr\/wp-json\/wp\/v2\/users\/4"}],"replies":[{"embeddable":true,"href":"https:\/\/daveywater.com\/eu\/fr\/wp-json\/wp\/v2\/comments?post=861"}],"version-history":[{"count":0,"href":"https:\/\/daveywater.com\/eu\/fr\/wp-json\/wp\/v2\/pages\/861\/revisions"}],"up":[{"embeddable":true,"href":"https:\/\/daveywater.com\/eu\/fr\/wp-json\/wp\/v2\/pages\/630"}],"wp:attachment":[{"href":"https:\/\/daveywater.com\/eu\/fr\/wp-json\/wp\/v2\/media?parent=861"}],"curies":[{"name":"wp","href":"https:\/\/api.w.org\/{rel}","templated":true}]}}