{"id":3884,"date":"2023-04-13T04:08:46","date_gmt":"2023-04-13T04:08:46","guid":{"rendered":"https:\/\/daveywater.com\/eu\/product\/pompes-de-piscine-starflo\/"},"modified":"2025-04-11T02:45:13","modified_gmt":"2025-04-11T02:45:13","slug":"pompes-de-piscine-starflo","status":"publish","type":"product","link":"https:\/\/daveywater.com\/eu\/fr\/produit\/pompes-de-piscine-starflo\/","title":{"rendered":"Pompes de piscine StarFlo"},"content":{"rendered":"<p>Polyvalente et flexible pour les applications de modernisation ou d&rsquo;entretien, la pompe de piscine Davey StarFlo est \u00e9quip\u00e9e de raccords de 40 mm et 50 mm et convient aux applications \u00e0 raccords multiples.<\/p>\n<p>Id\u00e9al pour les piscines enterr\u00e9es et hors-sol jusqu&rsquo;\u00e0 90 000 litres, le StarFlo est sp\u00e9cialement con\u00e7u pour faire circuler l&rsquo;eau de la piscine afin de la filtrer et de l&rsquo;assainir.<\/p>\n","protected":false},"excerpt":{"rendered":"<p>Pour les applications \u00e0 piscines multiples<\/p>\n","protected":false},"featured_media":5206,"comment_status":"closed","ping_status":"closed","template":"","meta":{"_acf_changed":false},"product_brand":[],"product_cat":[130],"product_tag":[131],"class_list":{"0":"post-3884","1":"product","2":"type-product","3":"status-publish","4":"has-post-thumbnail","6":"product_cat-pompes-et-filtres-de-piscine","7":"product_tag-pompe-de-piscine","9":"first","10":"instock","11":"shipping-taxable","12":"product-type-simple"},"acf":[],"yoast_head":"<!-- This site is optimized with the Yoast SEO Premium plugin v26.7 (Yoast SEO v27.4) - https:\/\/yoast.com\/product\/yoast-seo-premium-wordpress\/ -->\n<title>Pompes de piscine StarFlo - Davey - UK\/Europe<\/title>\n<meta name=\"description\" content=\"Polyvalente et flexible pour les applications de modernisation ou d&#039;entretien, la pompe de piscine Davey Water StarFlo est dot\u00e9e de raccords de 40 mm et 50 mm et convient aux applications \u00e0 raccords multiples.\" \/>\n<meta name=\"robots\" content=\"index, follow, max-snippet:-1, max-image-preview:large, max-video-preview:-1\" \/>\n<link rel=\"canonical\" href=\"https:\/\/daveywater.com\/eu\/fr\/produit\/pompes-de-piscine-starflo\/\" \/>\n<meta property=\"og:locale\" content=\"fr_FR\" \/>\n<meta property=\"og:type\" content=\"article\" \/>\n<meta property=\"og:title\" content=\"Pompes de piscine StarFlo\" \/>\n<meta property=\"og:description\" content=\"Polyvalente et flexible pour les applications de modernisation ou d&#039;entretien, la pompe de piscine Davey Water StarFlo est dot\u00e9e de raccords de 40 mm et 50 mm et convient aux applications \u00e0 raccords multiples.\" \/>\n<meta property=\"og:url\" content=\"https:\/\/daveywater.com\/eu\/fr\/produit\/pompes-de-piscine-starflo\/\" \/>\n<meta property=\"og:site_name\" content=\"Davey - Royaume-Uni\/Europe\" \/>\n<meta property=\"article:publisher\" content=\"https:\/\/www.facebook.com\/DaveyWaterProducts\/\" \/>\n<meta property=\"article:modified_time\" content=\"2025-04-11T02:45:13+00:00\" \/>\n<meta property=\"og:image\" content=\"https:\/\/daveywater.com\/eu\/wp-content\/uploads\/sites\/5\/2023\/04\/Pool-Pump-DSF300-StarFlo.png\" \/>\n\t<meta property=\"og:image:width\" content=\"1200\" \/>\n\t<meta property=\"og:image:height\" content=\"910\" \/>\n\t<meta property=\"og:image:type\" content=\"image\/png\" \/>\n<meta name=\"twitter:card\" content=\"summary_large_image\" \/>\n<meta name=\"twitter:label1\" content=\"Dur\u00e9e de lecture estim\u00e9e\" \/>\n\t<meta name=\"twitter:data1\" content=\"1 minute\" \/>\n<script type=\"application\/ld+json\" class=\"yoast-schema-graph\">{\"@context\":\"https:\\\/\\\/schema.org\",\"@graph\":[{\"@type\":\"WebPage\",\"@id\":\"https:\\\/\\\/daveywater.com\\\/eu\\\/fr\\\/produit\\\/pompes-de-piscine-starflo\\\/\",\"url\":\"https:\\\/\\\/daveywater.com\\\/eu\\\/fr\\\/produit\\\/pompes-de-piscine-starflo\\\/\",\"name\":\"Pompes de piscine StarFlo - Davey - UK\\\/Europe\",\"isPartOf\":{\"@id\":\"https:\\\/\\\/daveywater.com\\\/eu\\\/fr\\\/#website\"},\"primaryImageOfPage\":{\"@id\":\"https:\\\/\\\/daveywater.com\\\/eu\\\/fr\\\/produit\\\/pompes-de-piscine-starflo\\\/#primaryimage\"},\"image\":{\"@id\":\"https:\\\/\\\/daveywater.com\\\/eu\\\/fr\\\/produit\\\/pompes-de-piscine-starflo\\\/#primaryimage\"},\"thumbnailUrl\":\"https:\\\/\\\/daveywater.com\\\/eu\\\/wp-content\\\/uploads\\\/sites\\\/5\\\/2023\\\/04\\\/Pool-Pump-DSF300-StarFlo.png\",\"datePublished\":\"2023-04-13T04:08:46+00:00\",\"dateModified\":\"2025-04-11T02:45:13+00:00\",\"description\":\"Polyvalente et flexible pour les applications de modernisation ou d'entretien, la pompe de piscine Davey Water StarFlo est dot\u00e9e de raccords de 40 mm et 50 mm et convient aux applications \u00e0 raccords multiples.\",\"breadcrumb\":{\"@id\":\"https:\\\/\\\/daveywater.com\\\/eu\\\/fr\\\/produit\\\/pompes-de-piscine-starflo\\\/#breadcrumb\"},\"inLanguage\":\"fr-FR\",\"potentialAction\":[{\"@type\":\"ReadAction\",\"target\":[\"https:\\\/\\\/daveywater.com\\\/eu\\\/fr\\\/produit\\\/pompes-de-piscine-starflo\\\/\"]}]},{\"@type\":\"ImageObject\",\"inLanguage\":\"fr-FR\",\"@id\":\"https:\\\/\\\/daveywater.com\\\/eu\\\/fr\\\/produit\\\/pompes-de-piscine-starflo\\\/#primaryimage\",\"url\":\"https:\\\/\\\/daveywater.com\\\/eu\\\/wp-content\\\/uploads\\\/sites\\\/5\\\/2023\\\/04\\\/Pool-Pump-DSF300-StarFlo.png\",\"contentUrl\":\"https:\\\/\\\/daveywater.com\\\/eu\\\/wp-content\\\/uploads\\\/sites\\\/5\\\/2023\\\/04\\\/Pool-Pump-DSF300-StarFlo.png\",\"width\":1200,\"height\":910},{\"@type\":\"BreadcrumbList\",\"@id\":\"https:\\\/\\\/daveywater.com\\\/eu\\\/fr\\\/produit\\\/pompes-de-piscine-starflo\\\/#breadcrumb\",\"itemListElement\":[{\"@type\":\"ListItem\",\"position\":1,\"name\":\"Accueil\",\"item\":\"https:\\\/\\\/daveywater.com\\\/eu\\\/fr\\\/\"},{\"@type\":\"ListItem\",\"position\":2,\"name\":\"Produits\",\"item\":\"https:\\\/\\\/daveywater.com\\\/eu\\\/fr\\\/products\\\/\"},{\"@type\":\"ListItem\",\"position\":3,\"name\":\"Pompes et filtres de piscine\",\"item\":\"https:\\\/\\\/daveywater.com\\\/eu\\\/fr\\\/produits\\\/pompes-et-filtres-de-piscine\\\/\"},{\"@type\":\"ListItem\",\"position\":4,\"name\":\"Pompes de piscine StarFlo\"}]},{\"@type\":\"WebSite\",\"@id\":\"https:\\\/\\\/daveywater.com\\\/eu\\\/fr\\\/#website\",\"url\":\"https:\\\/\\\/daveywater.com\\\/eu\\\/fr\\\/\",\"name\":\"Davey - Royaume-Uni\\\/Europe\",\"description\":\"Un autre site de Davey Water\",\"publisher\":{\"@id\":\"https:\\\/\\\/daveywater.com\\\/eu\\\/fr\\\/#organization\"},\"potentialAction\":[{\"@type\":\"SearchAction\",\"target\":{\"@type\":\"EntryPoint\",\"urlTemplate\":\"https:\\\/\\\/daveywater.com\\\/eu\\\/fr\\\/?s={search_term_string}\"},\"query-input\":{\"@type\":\"PropertyValueSpecification\",\"valueRequired\":true,\"valueName\":\"search_term_string\"}}],\"inLanguage\":\"fr-FR\"},{\"@type\":\"Organization\",\"@id\":\"https:\\\/\\\/daveywater.com\\\/eu\\\/fr\\\/#organization\",\"name\":\"Davey Europe\",\"alternateName\":\"Davey\",\"url\":\"https:\\\/\\\/daveywater.com\\\/eu\\\/fr\\\/\",\"logo\":{\"@type\":\"ImageObject\",\"inLanguage\":\"fr-FR\",\"@id\":\"https:\\\/\\\/daveywater.com\\\/eu\\\/fr\\\/#\\\/schema\\\/logo\\\/image\\\/\",\"url\":\"https:\\\/\\\/daveywater.com\\\/eu\\\/wp-content\\\/uploads\\\/sites\\\/5\\\/2023\\\/04\\\/davey-sq-696.png\",\"contentUrl\":\"https:\\\/\\\/daveywater.com\\\/eu\\\/wp-content\\\/uploads\\\/sites\\\/5\\\/2023\\\/04\\\/davey-sq-696.png\",\"width\":696,\"height\":696,\"caption\":\"Davey Europe\"},\"image\":{\"@id\":\"https:\\\/\\\/daveywater.com\\\/eu\\\/fr\\\/#\\\/schema\\\/logo\\\/image\\\/\"},\"sameAs\":[\"https:\\\/\\\/www.facebook.com\\\/DaveyWaterProducts\\\/\",\"https:\\\/\\\/www.linkedin.com\\\/company\\\/davey-water-products\",\"https:\\\/\\\/www.youtube.com\\\/user\\\/DaveyWaterProducts\",\"https:\\\/\\\/www.instagram.com\\\/daveywaterproducts\\\/\"]}]}<\/script>\n<!-- \/ Yoast SEO Premium plugin. -->","yoast_head_json":{"title":"Pompes de piscine StarFlo - Davey - UK\/Europe","description":"Polyvalente et flexible pour les applications de modernisation ou d'entretien, la pompe de piscine Davey Water StarFlo est dot\u00e9e de raccords de 40 mm et 50 mm et convient aux applications \u00e0 raccords multiples.","robots":{"index":"index","follow":"follow","max-snippet":"max-snippet:-1","max-image-preview":"max-image-preview:large","max-video-preview":"max-video-preview:-1"},"canonical":"https:\/\/daveywater.com\/eu\/fr\/produit\/pompes-de-piscine-starflo\/","og_locale":"fr_FR","og_type":"article","og_title":"Pompes de piscine StarFlo","og_description":"Polyvalente et flexible pour les applications de modernisation ou d'entretien, la pompe de piscine Davey Water StarFlo est dot\u00e9e de raccords de 40 mm et 50 mm et convient aux applications \u00e0 raccords multiples.","og_url":"https:\/\/daveywater.com\/eu\/fr\/produit\/pompes-de-piscine-starflo\/","og_site_name":"Davey - Royaume-Uni\/Europe","article_publisher":"https:\/\/www.facebook.com\/DaveyWaterProducts\/","article_modified_time":"2025-04-11T02:45:13+00:00","og_image":[{"width":1200,"height":910,"url":"https:\/\/daveywater.com\/eu\/wp-content\/uploads\/sites\/5\/2023\/04\/Pool-Pump-DSF300-StarFlo.png","type":"image\/png"}],"twitter_card":"summary_large_image","twitter_misc":{"Dur\u00e9e de lecture estim\u00e9e":"1 minute"},"schema":{"@context":"https:\/\/schema.org","@graph":[{"@type":"WebPage","@id":"https:\/\/daveywater.com\/eu\/fr\/produit\/pompes-de-piscine-starflo\/","url":"https:\/\/daveywater.com\/eu\/fr\/produit\/pompes-de-piscine-starflo\/","name":"Pompes de piscine StarFlo - Davey - UK\/Europe","isPartOf":{"@id":"https:\/\/daveywater.com\/eu\/fr\/#website"},"primaryImageOfPage":{"@id":"https:\/\/daveywater.com\/eu\/fr\/produit\/pompes-de-piscine-starflo\/#primaryimage"},"image":{"@id":"https:\/\/daveywater.com\/eu\/fr\/produit\/pompes-de-piscine-starflo\/#primaryimage"},"thumbnailUrl":"https:\/\/daveywater.com\/eu\/wp-content\/uploads\/sites\/5\/2023\/04\/Pool-Pump-DSF300-StarFlo.png","datePublished":"2023-04-13T04:08:46+00:00","dateModified":"2025-04-11T02:45:13+00:00","description":"Polyvalente et flexible pour les applications de modernisation ou d'entretien, la pompe de piscine Davey Water StarFlo est dot\u00e9e de raccords de 40 mm et 50 mm et convient aux applications \u00e0 raccords multiples.","breadcrumb":{"@id":"https:\/\/daveywater.com\/eu\/fr\/produit\/pompes-de-piscine-starflo\/#breadcrumb"},"inLanguage":"fr-FR","potentialAction":[{"@type":"ReadAction","target":["https:\/\/daveywater.com\/eu\/fr\/produit\/pompes-de-piscine-starflo\/"]}]},{"@type":"ImageObject","inLanguage":"fr-FR","@id":"https:\/\/daveywater.com\/eu\/fr\/produit\/pompes-de-piscine-starflo\/#primaryimage","url":"https:\/\/daveywater.com\/eu\/wp-content\/uploads\/sites\/5\/2023\/04\/Pool-Pump-DSF300-StarFlo.png","contentUrl":"https:\/\/daveywater.com\/eu\/wp-content\/uploads\/sites\/5\/2023\/04\/Pool-Pump-DSF300-StarFlo.png","width":1200,"height":910},{"@type":"BreadcrumbList","@id":"https:\/\/daveywater.com\/eu\/fr\/produit\/pompes-de-piscine-starflo\/#breadcrumb","itemListElement":[{"@type":"ListItem","position":1,"name":"Accueil","item":"https:\/\/daveywater.com\/eu\/fr\/"},{"@type":"ListItem","position":2,"name":"Produits","item":"https:\/\/daveywater.com\/eu\/fr\/products\/"},{"@type":"ListItem","position":3,"name":"Pompes et filtres de piscine","item":"https:\/\/daveywater.com\/eu\/fr\/produits\/pompes-et-filtres-de-piscine\/"},{"@type":"ListItem","position":4,"name":"Pompes de piscine StarFlo"}]},{"@type":"WebSite","@id":"https:\/\/daveywater.com\/eu\/fr\/#website","url":"https:\/\/daveywater.com\/eu\/fr\/","name":"Davey - Royaume-Uni\/Europe","description":"Un autre site de Davey Water","publisher":{"@id":"https:\/\/daveywater.com\/eu\/fr\/#organization"},"potentialAction":[{"@type":"SearchAction","target":{"@type":"EntryPoint","urlTemplate":"https:\/\/daveywater.com\/eu\/fr\/?s={search_term_string}"},"query-input":{"@type":"PropertyValueSpecification","valueRequired":true,"valueName":"search_term_string"}}],"inLanguage":"fr-FR"},{"@type":"Organization","@id":"https:\/\/daveywater.com\/eu\/fr\/#organization","name":"Davey Europe","alternateName":"Davey","url":"https:\/\/daveywater.com\/eu\/fr\/","logo":{"@type":"ImageObject","inLanguage":"fr-FR","@id":"https:\/\/daveywater.com\/eu\/fr\/#\/schema\/logo\/image\/","url":"https:\/\/daveywater.com\/eu\/wp-content\/uploads\/sites\/5\/2023\/04\/davey-sq-696.png","contentUrl":"https:\/\/daveywater.com\/eu\/wp-content\/uploads\/sites\/5\/2023\/04\/davey-sq-696.png","width":696,"height":696,"caption":"Davey Europe"},"image":{"@id":"https:\/\/daveywater.com\/eu\/fr\/#\/schema\/logo\/image\/"},"sameAs":["https:\/\/www.facebook.com\/DaveyWaterProducts\/","https:\/\/www.linkedin.com\/company\/davey-water-products","https:\/\/www.youtube.com\/user\/DaveyWaterProducts","https:\/\/www.instagram.com\/daveywaterproducts\/"]}]}},"_links":{"self":[{"href":"https:\/\/daveywater.com\/eu\/fr\/wp-json\/wp\/v2\/product\/3884","targetHints":{"allow":["GET"]}}],"collection":[{"href":"https:\/\/daveywater.com\/eu\/fr\/wp-json\/wp\/v2\/product"}],"about":[{"href":"https:\/\/daveywater.com\/eu\/fr\/wp-json\/wp\/v2\/types\/product"}],"replies":[{"embeddable":true,"href":"https:\/\/daveywater.com\/eu\/fr\/wp-json\/wp\/v2\/comments?post=3884"}],"wp:featuredmedia":[{"embeddable":true,"href":"https:\/\/daveywater.com\/eu\/fr\/wp-json\/wp\/v2\/media\/5206"}],"wp:attachment":[{"href":"https:\/\/daveywater.com\/eu\/fr\/wp-json\/wp\/v2\/media?parent=3884"}],"wp:term":[{"taxonomy":"product_brand","embeddable":true,"href":"https:\/\/daveywater.com\/eu\/fr\/wp-json\/wp\/v2\/product_brand?post=3884"},{"taxonomy":"product_cat","embeddable":true,"href":"https:\/\/daveywater.com\/eu\/fr\/wp-json\/wp\/v2\/product_cat?post=3884"},{"taxonomy":"product_tag","embeddable":true,"href":"https:\/\/daveywater.com\/eu\/fr\/wp-json\/wp\/v2\/product_tag?post=3884"}],"curies":[{"name":"wp","href":"https:\/\/api.w.org\/{rel}","templated":true}]}}