{"id":3887,"date":"2023-04-13T04:08:40","date_gmt":"2023-04-13T04:08:40","guid":{"rendered":"https:\/\/daveywater.com\/eu\/product\/silensor\/"},"modified":"2025-04-11T02:56:48","modified_gmt":"2025-04-11T02:56:48","slug":"silencieux","status":"publish","type":"product","link":"https:\/\/daveywater.com\/eu\/fr\/produit\/silencieux\/","title":{"rendered":"Silensor"},"content":{"rendered":"<p>Avec un moteur r\u00e9volutionnaire refroidi \u00e0 l&rsquo;eau, la pompe de piscine Silensor offre une utilisation efficace tout au long de l&rsquo;ann\u00e9e. Un niveau sonore tr\u00e8s silencieux vous permet de faire fonctionner votre pompe \u00e0 tout moment, de jour comme de nuit, ce qui en fait la pompe de piscine \u00e0 vitesse unique id\u00e9ale pour toute utilisation r\u00e9sidentielle, pour la filtration, les jeux d&rsquo;eau, le nettoyage, le lavage \u00e0 contre-courant des filtres \u00e0 m\u00e9dia r\u00e9sidentiels avec facilit\u00e9.<\/p>\n<p>Adapt\u00e9 aux piscines d&rsquo;eau sal\u00e9e et disponible en mod\u00e8les monophas\u00e9s et triphas\u00e9s, avec des d\u00e9bits allant jusqu&rsquo;\u00e0 24 <sup>m3\/h<\/sup>, le Silensor ne n\u00e9cessite pas de ventilation, ce qui offre une plus grande flexibilit\u00e9 \u00e0 l&rsquo;installateur, et un disjoncteur thermique int\u00e9gr\u00e9 automatique permet de se passer d&rsquo;un interrupteur de s\u00e9curit\u00e9 s\u00e9par\u00e9.<\/p>\n","protected":false},"excerpt":{"rendered":"<p>Silencieux et efficace<\/p>\n","protected":false},"featured_media":5210,"comment_status":"closed","ping_status":"closed","template":"","meta":{"_acf_changed":false},"product_brand":[],"product_cat":[130],"product_tag":[],"class_list":{"0":"post-3887","1":"product","2":"type-product","3":"status-publish","4":"has-post-thumbnail","6":"product_cat-pompes-et-filtres-de-piscine","8":"first","9":"instock","10":"shipping-taxable","11":"product-type-simple"},"acf":[],"yoast_head":"<!-- This site is optimized with the Yoast SEO Premium plugin v26.7 (Yoast SEO v27.4) - https:\/\/yoast.com\/product\/yoast-seo-premium-wordpress\/ -->\n<title>Silensor - Davey - UK\/Europe<\/title>\n<meta name=\"description\" content=\"Gr\u00e2ce \u00e0 son moteur r\u00e9volutionnaire refroidi \u00e0 l&#039;eau, la pompe de piscine Davey Water Silensor offre une utilisation efficace tout au long de l&#039;ann\u00e9e, vous permettant de faire fonctionner votre pompe \u00e0 tout moment.\" \/>\n<meta name=\"robots\" content=\"index, follow, max-snippet:-1, max-image-preview:large, max-video-preview:-1\" \/>\n<link rel=\"canonical\" href=\"https:\/\/daveywater.com\/eu\/fr\/produit\/silencieux\/\" \/>\n<meta property=\"og:locale\" content=\"fr_FR\" \/>\n<meta property=\"og:type\" content=\"article\" \/>\n<meta property=\"og:title\" content=\"Silensor\" \/>\n<meta property=\"og:description\" content=\"Gr\u00e2ce \u00e0 son moteur r\u00e9volutionnaire refroidi \u00e0 l&#039;eau, la pompe de piscine Davey Water Silensor offre une utilisation efficace tout au long de l&#039;ann\u00e9e, vous permettant de faire fonctionner votre pompe \u00e0 tout moment.\" \/>\n<meta property=\"og:url\" content=\"https:\/\/daveywater.com\/eu\/fr\/produit\/silencieux\/\" \/>\n<meta property=\"og:site_name\" content=\"Davey - Royaume-Uni\/Europe\" \/>\n<meta property=\"article:publisher\" content=\"https:\/\/www.facebook.com\/DaveyWaterProducts\/\" \/>\n<meta property=\"article:modified_time\" content=\"2025-04-11T02:56:48+00:00\" \/>\n<meta property=\"og:image\" content=\"https:\/\/daveywater.com\/eu\/wp-content\/uploads\/sites\/5\/2023\/04\/Pool-Pump-SLL200-Silensor.png\" \/>\n\t<meta property=\"og:image:width\" content=\"1200\" \/>\n\t<meta property=\"og:image:height\" content=\"910\" \/>\n\t<meta property=\"og:image:type\" content=\"image\/png\" \/>\n<meta name=\"twitter:card\" content=\"summary_large_image\" \/>\n<meta name=\"twitter:label1\" content=\"Dur\u00e9e de lecture estim\u00e9e\" \/>\n\t<meta name=\"twitter:data1\" content=\"1 minute\" \/>\n<script type=\"application\/ld+json\" class=\"yoast-schema-graph\">{\"@context\":\"https:\\\/\\\/schema.org\",\"@graph\":[{\"@type\":\"WebPage\",\"@id\":\"https:\\\/\\\/daveywater.com\\\/eu\\\/fr\\\/produit\\\/silencieux\\\/\",\"url\":\"https:\\\/\\\/daveywater.com\\\/eu\\\/fr\\\/produit\\\/silencieux\\\/\",\"name\":\"Silensor - Davey - UK\\\/Europe\",\"isPartOf\":{\"@id\":\"https:\\\/\\\/daveywater.com\\\/eu\\\/fr\\\/#website\"},\"primaryImageOfPage\":{\"@id\":\"https:\\\/\\\/daveywater.com\\\/eu\\\/fr\\\/produit\\\/silencieux\\\/#primaryimage\"},\"image\":{\"@id\":\"https:\\\/\\\/daveywater.com\\\/eu\\\/fr\\\/produit\\\/silencieux\\\/#primaryimage\"},\"thumbnailUrl\":\"https:\\\/\\\/daveywater.com\\\/eu\\\/wp-content\\\/uploads\\\/sites\\\/5\\\/2023\\\/04\\\/Pool-Pump-SLL200-Silensor.png\",\"datePublished\":\"2023-04-13T04:08:40+00:00\",\"dateModified\":\"2025-04-11T02:56:48+00:00\",\"description\":\"Gr\u00e2ce \u00e0 son moteur r\u00e9volutionnaire refroidi \u00e0 l'eau, la pompe de piscine Davey Water Silensor offre une utilisation efficace tout au long de l'ann\u00e9e, vous permettant de faire fonctionner votre pompe \u00e0 tout moment.\",\"breadcrumb\":{\"@id\":\"https:\\\/\\\/daveywater.com\\\/eu\\\/fr\\\/produit\\\/silencieux\\\/#breadcrumb\"},\"inLanguage\":\"fr-FR\",\"potentialAction\":[{\"@type\":\"ReadAction\",\"target\":[\"https:\\\/\\\/daveywater.com\\\/eu\\\/fr\\\/produit\\\/silencieux\\\/\"]}]},{\"@type\":\"ImageObject\",\"inLanguage\":\"fr-FR\",\"@id\":\"https:\\\/\\\/daveywater.com\\\/eu\\\/fr\\\/produit\\\/silencieux\\\/#primaryimage\",\"url\":\"https:\\\/\\\/daveywater.com\\\/eu\\\/wp-content\\\/uploads\\\/sites\\\/5\\\/2023\\\/04\\\/Pool-Pump-SLL200-Silensor.png\",\"contentUrl\":\"https:\\\/\\\/daveywater.com\\\/eu\\\/wp-content\\\/uploads\\\/sites\\\/5\\\/2023\\\/04\\\/Pool-Pump-SLL200-Silensor.png\",\"width\":1200,\"height\":910},{\"@type\":\"BreadcrumbList\",\"@id\":\"https:\\\/\\\/daveywater.com\\\/eu\\\/fr\\\/produit\\\/silencieux\\\/#breadcrumb\",\"itemListElement\":[{\"@type\":\"ListItem\",\"position\":1,\"name\":\"Accueil\",\"item\":\"https:\\\/\\\/daveywater.com\\\/eu\\\/fr\\\/\"},{\"@type\":\"ListItem\",\"position\":2,\"name\":\"Produits\",\"item\":\"https:\\\/\\\/daveywater.com\\\/eu\\\/fr\\\/products\\\/\"},{\"@type\":\"ListItem\",\"position\":3,\"name\":\"Pompes et filtres de piscine\",\"item\":\"https:\\\/\\\/daveywater.com\\\/eu\\\/fr\\\/produits\\\/pompes-et-filtres-de-piscine\\\/\"},{\"@type\":\"ListItem\",\"position\":4,\"name\":\"Silensor\"}]},{\"@type\":\"WebSite\",\"@id\":\"https:\\\/\\\/daveywater.com\\\/eu\\\/fr\\\/#website\",\"url\":\"https:\\\/\\\/daveywater.com\\\/eu\\\/fr\\\/\",\"name\":\"Davey - Royaume-Uni\\\/Europe\",\"description\":\"Un autre site de Davey Water\",\"publisher\":{\"@id\":\"https:\\\/\\\/daveywater.com\\\/eu\\\/fr\\\/#organization\"},\"potentialAction\":[{\"@type\":\"SearchAction\",\"target\":{\"@type\":\"EntryPoint\",\"urlTemplate\":\"https:\\\/\\\/daveywater.com\\\/eu\\\/fr\\\/?s={search_term_string}\"},\"query-input\":{\"@type\":\"PropertyValueSpecification\",\"valueRequired\":true,\"valueName\":\"search_term_string\"}}],\"inLanguage\":\"fr-FR\"},{\"@type\":\"Organization\",\"@id\":\"https:\\\/\\\/daveywater.com\\\/eu\\\/fr\\\/#organization\",\"name\":\"Davey Europe\",\"alternateName\":\"Davey\",\"url\":\"https:\\\/\\\/daveywater.com\\\/eu\\\/fr\\\/\",\"logo\":{\"@type\":\"ImageObject\",\"inLanguage\":\"fr-FR\",\"@id\":\"https:\\\/\\\/daveywater.com\\\/eu\\\/fr\\\/#\\\/schema\\\/logo\\\/image\\\/\",\"url\":\"https:\\\/\\\/daveywater.com\\\/eu\\\/wp-content\\\/uploads\\\/sites\\\/5\\\/2023\\\/04\\\/davey-sq-696.png\",\"contentUrl\":\"https:\\\/\\\/daveywater.com\\\/eu\\\/wp-content\\\/uploads\\\/sites\\\/5\\\/2023\\\/04\\\/davey-sq-696.png\",\"width\":696,\"height\":696,\"caption\":\"Davey Europe\"},\"image\":{\"@id\":\"https:\\\/\\\/daveywater.com\\\/eu\\\/fr\\\/#\\\/schema\\\/logo\\\/image\\\/\"},\"sameAs\":[\"https:\\\/\\\/www.facebook.com\\\/DaveyWaterProducts\\\/\",\"https:\\\/\\\/www.linkedin.com\\\/company\\\/davey-water-products\",\"https:\\\/\\\/www.youtube.com\\\/user\\\/DaveyWaterProducts\",\"https:\\\/\\\/www.instagram.com\\\/daveywaterproducts\\\/\"]}]}<\/script>\n<!-- \/ Yoast SEO Premium plugin. -->","yoast_head_json":{"title":"Silensor - Davey - UK\/Europe","description":"Gr\u00e2ce \u00e0 son moteur r\u00e9volutionnaire refroidi \u00e0 l'eau, la pompe de piscine Davey Water Silensor offre une utilisation efficace tout au long de l'ann\u00e9e, vous permettant de faire fonctionner votre pompe \u00e0 tout moment.","robots":{"index":"index","follow":"follow","max-snippet":"max-snippet:-1","max-image-preview":"max-image-preview:large","max-video-preview":"max-video-preview:-1"},"canonical":"https:\/\/daveywater.com\/eu\/fr\/produit\/silencieux\/","og_locale":"fr_FR","og_type":"article","og_title":"Silensor","og_description":"Gr\u00e2ce \u00e0 son moteur r\u00e9volutionnaire refroidi \u00e0 l'eau, la pompe de piscine Davey Water Silensor offre une utilisation efficace tout au long de l'ann\u00e9e, vous permettant de faire fonctionner votre pompe \u00e0 tout moment.","og_url":"https:\/\/daveywater.com\/eu\/fr\/produit\/silencieux\/","og_site_name":"Davey - Royaume-Uni\/Europe","article_publisher":"https:\/\/www.facebook.com\/DaveyWaterProducts\/","article_modified_time":"2025-04-11T02:56:48+00:00","og_image":[{"width":1200,"height":910,"url":"https:\/\/daveywater.com\/eu\/wp-content\/uploads\/sites\/5\/2023\/04\/Pool-Pump-SLL200-Silensor.png","type":"image\/png"}],"twitter_card":"summary_large_image","twitter_misc":{"Dur\u00e9e de lecture estim\u00e9e":"1 minute"},"schema":{"@context":"https:\/\/schema.org","@graph":[{"@type":"WebPage","@id":"https:\/\/daveywater.com\/eu\/fr\/produit\/silencieux\/","url":"https:\/\/daveywater.com\/eu\/fr\/produit\/silencieux\/","name":"Silensor - Davey - UK\/Europe","isPartOf":{"@id":"https:\/\/daveywater.com\/eu\/fr\/#website"},"primaryImageOfPage":{"@id":"https:\/\/daveywater.com\/eu\/fr\/produit\/silencieux\/#primaryimage"},"image":{"@id":"https:\/\/daveywater.com\/eu\/fr\/produit\/silencieux\/#primaryimage"},"thumbnailUrl":"https:\/\/daveywater.com\/eu\/wp-content\/uploads\/sites\/5\/2023\/04\/Pool-Pump-SLL200-Silensor.png","datePublished":"2023-04-13T04:08:40+00:00","dateModified":"2025-04-11T02:56:48+00:00","description":"Gr\u00e2ce \u00e0 son moteur r\u00e9volutionnaire refroidi \u00e0 l'eau, la pompe de piscine Davey Water Silensor offre une utilisation efficace tout au long de l'ann\u00e9e, vous permettant de faire fonctionner votre pompe \u00e0 tout moment.","breadcrumb":{"@id":"https:\/\/daveywater.com\/eu\/fr\/produit\/silencieux\/#breadcrumb"},"inLanguage":"fr-FR","potentialAction":[{"@type":"ReadAction","target":["https:\/\/daveywater.com\/eu\/fr\/produit\/silencieux\/"]}]},{"@type":"ImageObject","inLanguage":"fr-FR","@id":"https:\/\/daveywater.com\/eu\/fr\/produit\/silencieux\/#primaryimage","url":"https:\/\/daveywater.com\/eu\/wp-content\/uploads\/sites\/5\/2023\/04\/Pool-Pump-SLL200-Silensor.png","contentUrl":"https:\/\/daveywater.com\/eu\/wp-content\/uploads\/sites\/5\/2023\/04\/Pool-Pump-SLL200-Silensor.png","width":1200,"height":910},{"@type":"BreadcrumbList","@id":"https:\/\/daveywater.com\/eu\/fr\/produit\/silencieux\/#breadcrumb","itemListElement":[{"@type":"ListItem","position":1,"name":"Accueil","item":"https:\/\/daveywater.com\/eu\/fr\/"},{"@type":"ListItem","position":2,"name":"Produits","item":"https:\/\/daveywater.com\/eu\/fr\/products\/"},{"@type":"ListItem","position":3,"name":"Pompes et filtres de piscine","item":"https:\/\/daveywater.com\/eu\/fr\/produits\/pompes-et-filtres-de-piscine\/"},{"@type":"ListItem","position":4,"name":"Silensor"}]},{"@type":"WebSite","@id":"https:\/\/daveywater.com\/eu\/fr\/#website","url":"https:\/\/daveywater.com\/eu\/fr\/","name":"Davey - Royaume-Uni\/Europe","description":"Un autre site de Davey Water","publisher":{"@id":"https:\/\/daveywater.com\/eu\/fr\/#organization"},"potentialAction":[{"@type":"SearchAction","target":{"@type":"EntryPoint","urlTemplate":"https:\/\/daveywater.com\/eu\/fr\/?s={search_term_string}"},"query-input":{"@type":"PropertyValueSpecification","valueRequired":true,"valueName":"search_term_string"}}],"inLanguage":"fr-FR"},{"@type":"Organization","@id":"https:\/\/daveywater.com\/eu\/fr\/#organization","name":"Davey Europe","alternateName":"Davey","url":"https:\/\/daveywater.com\/eu\/fr\/","logo":{"@type":"ImageObject","inLanguage":"fr-FR","@id":"https:\/\/daveywater.com\/eu\/fr\/#\/schema\/logo\/image\/","url":"https:\/\/daveywater.com\/eu\/wp-content\/uploads\/sites\/5\/2023\/04\/davey-sq-696.png","contentUrl":"https:\/\/daveywater.com\/eu\/wp-content\/uploads\/sites\/5\/2023\/04\/davey-sq-696.png","width":696,"height":696,"caption":"Davey Europe"},"image":{"@id":"https:\/\/daveywater.com\/eu\/fr\/#\/schema\/logo\/image\/"},"sameAs":["https:\/\/www.facebook.com\/DaveyWaterProducts\/","https:\/\/www.linkedin.com\/company\/davey-water-products","https:\/\/www.youtube.com\/user\/DaveyWaterProducts","https:\/\/www.instagram.com\/daveywaterproducts\/"]}]}},"_links":{"self":[{"href":"https:\/\/daveywater.com\/eu\/fr\/wp-json\/wp\/v2\/product\/3887","targetHints":{"allow":["GET"]}}],"collection":[{"href":"https:\/\/daveywater.com\/eu\/fr\/wp-json\/wp\/v2\/product"}],"about":[{"href":"https:\/\/daveywater.com\/eu\/fr\/wp-json\/wp\/v2\/types\/product"}],"replies":[{"embeddable":true,"href":"https:\/\/daveywater.com\/eu\/fr\/wp-json\/wp\/v2\/comments?post=3887"}],"wp:featuredmedia":[{"embeddable":true,"href":"https:\/\/daveywater.com\/eu\/fr\/wp-json\/wp\/v2\/media\/5210"}],"wp:attachment":[{"href":"https:\/\/daveywater.com\/eu\/fr\/wp-json\/wp\/v2\/media?parent=3887"}],"wp:term":[{"taxonomy":"product_brand","embeddable":true,"href":"https:\/\/daveywater.com\/eu\/fr\/wp-json\/wp\/v2\/product_brand?post=3887"},{"taxonomy":"product_cat","embeddable":true,"href":"https:\/\/daveywater.com\/eu\/fr\/wp-json\/wp\/v2\/product_cat?post=3887"},{"taxonomy":"product_tag","embeddable":true,"href":"https:\/\/daveywater.com\/eu\/fr\/wp-json\/wp\/v2\/product_tag?post=3887"}],"curies":[{"name":"wp","href":"https:\/\/api.w.org\/{rel}","templated":true}]}}