{"id":3961,"date":"2023-04-13T06:21:31","date_gmt":"2023-04-13T06:21:31","guid":{"rendered":"https:\/\/daveywater.com\/eu\/product\/promatic-lifeguard\/"},"modified":"2024-12-02T03:37:38","modified_gmt":"2024-12-02T03:37:38","slug":"promatic-lifeguard","status":"publish","type":"product","link":"https:\/\/daveywater.com\/eu\/fr\/produit\/promatic-lifeguard\/","title":{"rendered":"ProMatic Lifeguard"},"content":{"rendered":"<p>Le ProMatic Lifeguard est un <strong>syst\u00e8me complet de contr\u00f4le de la chloration et de la chimie de la piscine<\/strong>. Dot\u00e9 d&rsquo;une interface WiFi et d&rsquo;une application enti\u00e8rement int\u00e9gr\u00e9e, le ProMatic Lifeguard permet de surveiller et de contr\u00f4ler la piscine \u00e0 distance et offre la possibilit\u00e9 de choisir entre une chloration au sel ou une chloration min\u00e9rale.<\/p>\n<p>Le ProMatic Lifeguard utilise un capteur de pH et un dosage d&rsquo;acide, un contr\u00f4le ORP, des mesures de temp\u00e9rature et de sel, pour un \u00e9quilibrage sans effort de la piscine. Comprend un dispositif d&rsquo;arr\u00eat en cas de manque de sel pour prot\u00e9ger la cellule et un mode \u00ab\u00a0boost\u00a0\u00bb pour une chloration suppl\u00e9mentaire pendant les p\u00e9riodes de forte fr\u00e9quentation des baigneurs.<\/p>\n","protected":false},"excerpt":{"rendered":"<p>Syst\u00e8me complet de chimie de la piscine<\/p>\n","protected":false},"featured_media":4625,"comment_status":"closed","ping_status":"closed","template":"","meta":{"_acf_changed":false},"product_brand":[],"product_cat":[132],"product_tag":[136,135],"class_list":{"0":"post-3961","1":"product","2":"type-product","3":"status-publish","4":"has-post-thumbnail","6":"product_cat-chlorinateurs","7":"product_tag-assainissement","8":"product_tag-controle-des-piscines","10":"first","11":"instock","12":"shipping-taxable","13":"product-type-simple"},"acf":[],"yoast_head":"<!-- This site is optimized with the Yoast SEO Premium plugin v26.7 (Yoast SEO v27.4) - https:\/\/yoast.com\/product\/yoast-seo-premium-wordpress\/ -->\n<title>ProMatic Lifeguard - Davey - UK\/Europe<\/title>\n<meta name=\"robots\" content=\"index, follow, max-snippet:-1, max-image-preview:large, max-video-preview:-1\" \/>\n<link rel=\"canonical\" href=\"https:\/\/daveywater.com\/eu\/fr\/produit\/promatic-lifeguard\/\" \/>\n<meta property=\"og:locale\" content=\"fr_FR\" \/>\n<meta property=\"og:type\" content=\"article\" \/>\n<meta property=\"og:title\" content=\"ProMatic Lifeguard\" \/>\n<meta property=\"og:description\" content=\"Syst\u00e8me complet de chimie de la piscine\" \/>\n<meta property=\"og:url\" content=\"https:\/\/daveywater.com\/eu\/fr\/produit\/promatic-lifeguard\/\" \/>\n<meta property=\"og:site_name\" content=\"Davey - Royaume-Uni\/Europe\" \/>\n<meta property=\"article:publisher\" content=\"https:\/\/www.facebook.com\/DaveyWaterProducts\/\" \/>\n<meta property=\"article:modified_time\" content=\"2024-12-02T03:37:38+00:00\" \/>\n<meta property=\"og:image\" content=\"https:\/\/daveywater.com\/eu\/wp-content\/uploads\/sites\/5\/2023\/04\/DPLGEU15E-ProMaticLifeguard-ProductHero.png\" \/>\n\t<meta property=\"og:image:width\" content=\"1200\" \/>\n\t<meta property=\"og:image:height\" content=\"910\" \/>\n\t<meta property=\"og:image:type\" content=\"image\/png\" \/>\n<meta name=\"twitter:card\" content=\"summary_large_image\" \/>\n<meta name=\"twitter:label1\" content=\"Dur\u00e9e de lecture estim\u00e9e\" \/>\n\t<meta name=\"twitter:data1\" content=\"1 minute\" \/>\n<script type=\"application\/ld+json\" class=\"yoast-schema-graph\">{\"@context\":\"https:\\\/\\\/schema.org\",\"@graph\":[{\"@type\":\"WebPage\",\"@id\":\"https:\\\/\\\/daveywater.com\\\/eu\\\/fr\\\/produit\\\/promatic-lifeguard\\\/\",\"url\":\"https:\\\/\\\/daveywater.com\\\/eu\\\/fr\\\/produit\\\/promatic-lifeguard\\\/\",\"name\":\"ProMatic Lifeguard - Davey - UK\\\/Europe\",\"isPartOf\":{\"@id\":\"https:\\\/\\\/daveywater.com\\\/eu\\\/fr\\\/#website\"},\"primaryImageOfPage\":{\"@id\":\"https:\\\/\\\/daveywater.com\\\/eu\\\/fr\\\/produit\\\/promatic-lifeguard\\\/#primaryimage\"},\"image\":{\"@id\":\"https:\\\/\\\/daveywater.com\\\/eu\\\/fr\\\/produit\\\/promatic-lifeguard\\\/#primaryimage\"},\"thumbnailUrl\":\"https:\\\/\\\/daveywater.com\\\/eu\\\/wp-content\\\/uploads\\\/sites\\\/5\\\/2023\\\/04\\\/DPLGEU15E-ProMaticLifeguard-ProductHero.png\",\"datePublished\":\"2023-04-13T06:21:31+00:00\",\"dateModified\":\"2024-12-02T03:37:38+00:00\",\"breadcrumb\":{\"@id\":\"https:\\\/\\\/daveywater.com\\\/eu\\\/fr\\\/produit\\\/promatic-lifeguard\\\/#breadcrumb\"},\"inLanguage\":\"fr-FR\",\"potentialAction\":[{\"@type\":\"ReadAction\",\"target\":[\"https:\\\/\\\/daveywater.com\\\/eu\\\/fr\\\/produit\\\/promatic-lifeguard\\\/\"]}]},{\"@type\":\"ImageObject\",\"inLanguage\":\"fr-FR\",\"@id\":\"https:\\\/\\\/daveywater.com\\\/eu\\\/fr\\\/produit\\\/promatic-lifeguard\\\/#primaryimage\",\"url\":\"https:\\\/\\\/daveywater.com\\\/eu\\\/wp-content\\\/uploads\\\/sites\\\/5\\\/2023\\\/04\\\/DPLGEU15E-ProMaticLifeguard-ProductHero.png\",\"contentUrl\":\"https:\\\/\\\/daveywater.com\\\/eu\\\/wp-content\\\/uploads\\\/sites\\\/5\\\/2023\\\/04\\\/DPLGEU15E-ProMaticLifeguard-ProductHero.png\",\"width\":1200,\"height\":910},{\"@type\":\"BreadcrumbList\",\"@id\":\"https:\\\/\\\/daveywater.com\\\/eu\\\/fr\\\/produit\\\/promatic-lifeguard\\\/#breadcrumb\",\"itemListElement\":[{\"@type\":\"ListItem\",\"position\":1,\"name\":\"Accueil\",\"item\":\"https:\\\/\\\/daveywater.com\\\/eu\\\/fr\\\/\"},{\"@type\":\"ListItem\",\"position\":2,\"name\":\"Produits\",\"item\":\"https:\\\/\\\/daveywater.com\\\/eu\\\/fr\\\/products\\\/\"},{\"@type\":\"ListItem\",\"position\":3,\"name\":\"Chlorinateurs\",\"item\":\"https:\\\/\\\/daveywater.com\\\/eu\\\/fr\\\/produits\\\/chlorinateurs\\\/\"},{\"@type\":\"ListItem\",\"position\":4,\"name\":\"ProMatic Lifeguard\"}]},{\"@type\":\"WebSite\",\"@id\":\"https:\\\/\\\/daveywater.com\\\/eu\\\/fr\\\/#website\",\"url\":\"https:\\\/\\\/daveywater.com\\\/eu\\\/fr\\\/\",\"name\":\"Davey - Royaume-Uni\\\/Europe\",\"description\":\"Un autre site de Davey Water\",\"publisher\":{\"@id\":\"https:\\\/\\\/daveywater.com\\\/eu\\\/fr\\\/#organization\"},\"potentialAction\":[{\"@type\":\"SearchAction\",\"target\":{\"@type\":\"EntryPoint\",\"urlTemplate\":\"https:\\\/\\\/daveywater.com\\\/eu\\\/fr\\\/?s={search_term_string}\"},\"query-input\":{\"@type\":\"PropertyValueSpecification\",\"valueRequired\":true,\"valueName\":\"search_term_string\"}}],\"inLanguage\":\"fr-FR\"},{\"@type\":\"Organization\",\"@id\":\"https:\\\/\\\/daveywater.com\\\/eu\\\/fr\\\/#organization\",\"name\":\"Davey Europe\",\"alternateName\":\"Davey\",\"url\":\"https:\\\/\\\/daveywater.com\\\/eu\\\/fr\\\/\",\"logo\":{\"@type\":\"ImageObject\",\"inLanguage\":\"fr-FR\",\"@id\":\"https:\\\/\\\/daveywater.com\\\/eu\\\/fr\\\/#\\\/schema\\\/logo\\\/image\\\/\",\"url\":\"https:\\\/\\\/daveywater.com\\\/eu\\\/wp-content\\\/uploads\\\/sites\\\/5\\\/2023\\\/04\\\/davey-sq-696.png\",\"contentUrl\":\"https:\\\/\\\/daveywater.com\\\/eu\\\/wp-content\\\/uploads\\\/sites\\\/5\\\/2023\\\/04\\\/davey-sq-696.png\",\"width\":696,\"height\":696,\"caption\":\"Davey Europe\"},\"image\":{\"@id\":\"https:\\\/\\\/daveywater.com\\\/eu\\\/fr\\\/#\\\/schema\\\/logo\\\/image\\\/\"},\"sameAs\":[\"https:\\\/\\\/www.facebook.com\\\/DaveyWaterProducts\\\/\",\"https:\\\/\\\/www.linkedin.com\\\/company\\\/davey-water-products\",\"https:\\\/\\\/www.youtube.com\\\/user\\\/DaveyWaterProducts\",\"https:\\\/\\\/www.instagram.com\\\/daveywaterproducts\\\/\"]}]}<\/script>\n<!-- \/ Yoast SEO Premium plugin. -->","yoast_head_json":{"title":"ProMatic Lifeguard - Davey - UK\/Europe","robots":{"index":"index","follow":"follow","max-snippet":"max-snippet:-1","max-image-preview":"max-image-preview:large","max-video-preview":"max-video-preview:-1"},"canonical":"https:\/\/daveywater.com\/eu\/fr\/produit\/promatic-lifeguard\/","og_locale":"fr_FR","og_type":"article","og_title":"ProMatic Lifeguard","og_description":"Syst\u00e8me complet de chimie de la piscine","og_url":"https:\/\/daveywater.com\/eu\/fr\/produit\/promatic-lifeguard\/","og_site_name":"Davey - Royaume-Uni\/Europe","article_publisher":"https:\/\/www.facebook.com\/DaveyWaterProducts\/","article_modified_time":"2024-12-02T03:37:38+00:00","og_image":[{"width":1200,"height":910,"url":"https:\/\/daveywater.com\/eu\/wp-content\/uploads\/sites\/5\/2023\/04\/DPLGEU15E-ProMaticLifeguard-ProductHero.png","type":"image\/png"}],"twitter_card":"summary_large_image","twitter_misc":{"Dur\u00e9e de lecture estim\u00e9e":"1 minute"},"schema":{"@context":"https:\/\/schema.org","@graph":[{"@type":"WebPage","@id":"https:\/\/daveywater.com\/eu\/fr\/produit\/promatic-lifeguard\/","url":"https:\/\/daveywater.com\/eu\/fr\/produit\/promatic-lifeguard\/","name":"ProMatic Lifeguard - Davey - UK\/Europe","isPartOf":{"@id":"https:\/\/daveywater.com\/eu\/fr\/#website"},"primaryImageOfPage":{"@id":"https:\/\/daveywater.com\/eu\/fr\/produit\/promatic-lifeguard\/#primaryimage"},"image":{"@id":"https:\/\/daveywater.com\/eu\/fr\/produit\/promatic-lifeguard\/#primaryimage"},"thumbnailUrl":"https:\/\/daveywater.com\/eu\/wp-content\/uploads\/sites\/5\/2023\/04\/DPLGEU15E-ProMaticLifeguard-ProductHero.png","datePublished":"2023-04-13T06:21:31+00:00","dateModified":"2024-12-02T03:37:38+00:00","breadcrumb":{"@id":"https:\/\/daveywater.com\/eu\/fr\/produit\/promatic-lifeguard\/#breadcrumb"},"inLanguage":"fr-FR","potentialAction":[{"@type":"ReadAction","target":["https:\/\/daveywater.com\/eu\/fr\/produit\/promatic-lifeguard\/"]}]},{"@type":"ImageObject","inLanguage":"fr-FR","@id":"https:\/\/daveywater.com\/eu\/fr\/produit\/promatic-lifeguard\/#primaryimage","url":"https:\/\/daveywater.com\/eu\/wp-content\/uploads\/sites\/5\/2023\/04\/DPLGEU15E-ProMaticLifeguard-ProductHero.png","contentUrl":"https:\/\/daveywater.com\/eu\/wp-content\/uploads\/sites\/5\/2023\/04\/DPLGEU15E-ProMaticLifeguard-ProductHero.png","width":1200,"height":910},{"@type":"BreadcrumbList","@id":"https:\/\/daveywater.com\/eu\/fr\/produit\/promatic-lifeguard\/#breadcrumb","itemListElement":[{"@type":"ListItem","position":1,"name":"Accueil","item":"https:\/\/daveywater.com\/eu\/fr\/"},{"@type":"ListItem","position":2,"name":"Produits","item":"https:\/\/daveywater.com\/eu\/fr\/products\/"},{"@type":"ListItem","position":3,"name":"Chlorinateurs","item":"https:\/\/daveywater.com\/eu\/fr\/produits\/chlorinateurs\/"},{"@type":"ListItem","position":4,"name":"ProMatic Lifeguard"}]},{"@type":"WebSite","@id":"https:\/\/daveywater.com\/eu\/fr\/#website","url":"https:\/\/daveywater.com\/eu\/fr\/","name":"Davey - Royaume-Uni\/Europe","description":"Un autre site de Davey Water","publisher":{"@id":"https:\/\/daveywater.com\/eu\/fr\/#organization"},"potentialAction":[{"@type":"SearchAction","target":{"@type":"EntryPoint","urlTemplate":"https:\/\/daveywater.com\/eu\/fr\/?s={search_term_string}"},"query-input":{"@type":"PropertyValueSpecification","valueRequired":true,"valueName":"search_term_string"}}],"inLanguage":"fr-FR"},{"@type":"Organization","@id":"https:\/\/daveywater.com\/eu\/fr\/#organization","name":"Davey Europe","alternateName":"Davey","url":"https:\/\/daveywater.com\/eu\/fr\/","logo":{"@type":"ImageObject","inLanguage":"fr-FR","@id":"https:\/\/daveywater.com\/eu\/fr\/#\/schema\/logo\/image\/","url":"https:\/\/daveywater.com\/eu\/wp-content\/uploads\/sites\/5\/2023\/04\/davey-sq-696.png","contentUrl":"https:\/\/daveywater.com\/eu\/wp-content\/uploads\/sites\/5\/2023\/04\/davey-sq-696.png","width":696,"height":696,"caption":"Davey Europe"},"image":{"@id":"https:\/\/daveywater.com\/eu\/fr\/#\/schema\/logo\/image\/"},"sameAs":["https:\/\/www.facebook.com\/DaveyWaterProducts\/","https:\/\/www.linkedin.com\/company\/davey-water-products","https:\/\/www.youtube.com\/user\/DaveyWaterProducts","https:\/\/www.instagram.com\/daveywaterproducts\/"]}]}},"_links":{"self":[{"href":"https:\/\/daveywater.com\/eu\/fr\/wp-json\/wp\/v2\/product\/3961","targetHints":{"allow":["GET"]}}],"collection":[{"href":"https:\/\/daveywater.com\/eu\/fr\/wp-json\/wp\/v2\/product"}],"about":[{"href":"https:\/\/daveywater.com\/eu\/fr\/wp-json\/wp\/v2\/types\/product"}],"replies":[{"embeddable":true,"href":"https:\/\/daveywater.com\/eu\/fr\/wp-json\/wp\/v2\/comments?post=3961"}],"wp:featuredmedia":[{"embeddable":true,"href":"https:\/\/daveywater.com\/eu\/fr\/wp-json\/wp\/v2\/media\/4625"}],"wp:attachment":[{"href":"https:\/\/daveywater.com\/eu\/fr\/wp-json\/wp\/v2\/media?parent=3961"}],"wp:term":[{"taxonomy":"product_brand","embeddable":true,"href":"https:\/\/daveywater.com\/eu\/fr\/wp-json\/wp\/v2\/product_brand?post=3961"},{"taxonomy":"product_cat","embeddable":true,"href":"https:\/\/daveywater.com\/eu\/fr\/wp-json\/wp\/v2\/product_cat?post=3961"},{"taxonomy":"product_tag","embeddable":true,"href":"https:\/\/daveywater.com\/eu\/fr\/wp-json\/wp\/v2\/product_tag?post=3961"}],"curies":[{"name":"wp","href":"https:\/\/api.w.org\/{rel}","templated":true}]}}