{"id":6631,"date":"2024-12-11T22:10:11","date_gmt":"2024-12-11T22:10:11","guid":{"rendered":"https:\/\/daveywater.com\/eu\/?post_type=product&#038;p=6631"},"modified":"2025-06-10T23:07:53","modified_gmt":"2025-06-10T23:07:53","slug":"starflo-vs-pool-pumps","status":"publish","type":"product","link":"https:\/\/daveywater.com\/eu\/fr\/produit\/starflo-vs-pool-pumps\/","title":{"rendered":"Pompes de piscine StarFlo VS"},"content":{"rendered":"<p>Polyvalente, \u00e9conome en \u00e9nergie et flexible pour les applications de modernisation ou d&rsquo;entretien, la pompe de piscine Davey StarFlo VS est \u00e9quip\u00e9e de raccords EU 50 mm et 63 mm et convient aux applications multi-\u00e9quipements.<\/p>\n<div class=\"fusion-button-wrapper\"><a class=\"fusion-button button-flat fusion-button-default-size button-custom fusion-button-default button-1 fusion-button-default-span fusion-button-default-type\" style=\"--button_accent_color:var(--awb-color5);--button_accent_hover_color:var(--awb-color1);--button_border_hover_color:var(--awb-color1);--button_gradient_top_color:var(--awb-color7);--button_gradient_bottom_color:var(--awb-color7);--button_gradient_top_color_hover:hsla(var(--awb-color5-h),calc(var(--awb-color5-s) - 5%),calc(var(--awb-color5-l) - 10%),var(--awb-color5-a));--button_gradient_bottom_color_hover:hsla(var(--awb-color5-h),calc(var(--awb-color5-s) - 5%),calc(var(--awb-color5-l) - 10%),var(--awb-color5-a));\" target=\"_blank\" rel=\"noopener noreferrer\" href=\"https:\/\/daveyenergysavingseu.daveywater.com\/\"><i class=\"fa-calculator fas awb-button__icon awb-button__icon--default button-icon-left\" aria-hidden=\"true\"><\/i><span class=\"fusion-button-text awb-button__text awb-button__text--default\">Calculateur d&rsquo;\u00c9conomie d&rsquo;\u00c9nergie<\/span><\/a><\/div>\n<p>&nbsp;<\/p>\n<p>Id\u00e9ale pour les piscines enterr\u00e9es et hors-sol jusqu&rsquo;\u00e0 104 000 litres. La StarFlo VS est sp\u00e9cialement con\u00e7ue pour faire circuler l&rsquo;eau de la piscine afin de la filtrer et de l&rsquo;assainir efficacement.<\/p>\n","protected":false},"excerpt":{"rendered":"<p>Polyvalence et efficacit\u00e9 \u00e9nerg\u00e9tique<\/p>\n","protected":false},"featured_media":6638,"comment_status":"closed","ping_status":"closed","template":"","meta":{"_acf_changed":false},"product_brand":[],"product_cat":[130],"product_tag":[131],"class_list":{"0":"post-6631","1":"product","2":"type-product","3":"status-publish","4":"has-post-thumbnail","6":"product_cat-pompes-et-filtres-de-piscine","7":"product_tag-pompe-de-piscine","9":"first","10":"instock","11":"shipping-taxable","12":"product-type-simple"},"acf":[],"yoast_head":"<!-- This site is optimized with the Yoast SEO Premium plugin v26.7 (Yoast SEO v27.4) - https:\/\/yoast.com\/product\/yoast-seo-premium-wordpress\/ -->\n<title>Pompes de piscine StarFlo VS - Davey - FR\/Europe<\/title>\n<meta name=\"description\" content=\"Polyvalente et flexible pour les applications de modernisation ou d&#039;entretien, la pompe de piscine Davey Water StarFlo est dot\u00e9e de raccords de 40 mm et 50 mm et convient aux applications \u00e0 raccords multiples.\" \/>\n<meta name=\"robots\" content=\"index, follow, max-snippet:-1, max-image-preview:large, max-video-preview:-1\" \/>\n<link rel=\"canonical\" href=\"https:\/\/daveywater.com\/eu\/fr\/produit\/starflo-vs-pool-pumps\/\" \/>\n<meta property=\"og:locale\" content=\"fr_FR\" \/>\n<meta property=\"og:type\" content=\"article\" \/>\n<meta property=\"og:title\" content=\"Pompes de piscine StarFlo VS\" \/>\n<meta property=\"og:description\" content=\"Polyvalente et flexible pour les applications de modernisation ou d&#039;entretien, la pompe de piscine Davey Water StarFlo est dot\u00e9e de raccords de 40 mm et 50 mm et convient aux applications \u00e0 raccords multiples.\" \/>\n<meta property=\"og:url\" content=\"https:\/\/daveywater.com\/eu\/fr\/produit\/starflo-vs-pool-pumps\/\" \/>\n<meta property=\"og:site_name\" content=\"Davey - Royaume-Uni\/Europe\" \/>\n<meta property=\"article:publisher\" content=\"https:\/\/www.facebook.com\/DaveyWaterProducts\/\" \/>\n<meta property=\"article:modified_time\" content=\"2025-06-10T23:07:53+00:00\" \/>\n<meta property=\"og:image\" content=\"https:\/\/daveywater.com\/eu\/wp-content\/uploads\/sites\/5\/2024\/12\/DSF250VSCE_AngleA_1200x910px.png\" \/>\n\t<meta property=\"og:image:width\" content=\"1200\" \/>\n\t<meta property=\"og:image:height\" content=\"910\" \/>\n\t<meta property=\"og:image:type\" content=\"image\/png\" \/>\n<meta name=\"twitter:card\" content=\"summary_large_image\" \/>\n<meta name=\"twitter:label1\" content=\"Dur\u00e9e de lecture estim\u00e9e\" \/>\n\t<meta name=\"twitter:data1\" content=\"1 minute\" \/>\n<script type=\"application\/ld+json\" class=\"yoast-schema-graph\">{\"@context\":\"https:\\\/\\\/schema.org\",\"@graph\":[{\"@type\":\"WebPage\",\"@id\":\"https:\\\/\\\/daveywater.com\\\/eu\\\/fr\\\/produit\\\/starflo-vs-pool-pumps\\\/\",\"url\":\"https:\\\/\\\/daveywater.com\\\/eu\\\/fr\\\/produit\\\/starflo-vs-pool-pumps\\\/\",\"name\":\"Pompes de piscine StarFlo VS - Davey - FR\\\/Europe\",\"isPartOf\":{\"@id\":\"https:\\\/\\\/daveywater.com\\\/eu\\\/fr\\\/#website\"},\"primaryImageOfPage\":{\"@id\":\"https:\\\/\\\/daveywater.com\\\/eu\\\/fr\\\/produit\\\/starflo-vs-pool-pumps\\\/#primaryimage\"},\"image\":{\"@id\":\"https:\\\/\\\/daveywater.com\\\/eu\\\/fr\\\/produit\\\/starflo-vs-pool-pumps\\\/#primaryimage\"},\"thumbnailUrl\":\"https:\\\/\\\/daveywater.com\\\/eu\\\/wp-content\\\/uploads\\\/sites\\\/5\\\/2024\\\/12\\\/DSF250VSCE_AngleA_1200x910px.png\",\"datePublished\":\"2024-12-11T22:10:11+00:00\",\"dateModified\":\"2025-06-10T23:07:53+00:00\",\"description\":\"Polyvalente et flexible pour les applications de modernisation ou d'entretien, la pompe de piscine Davey Water StarFlo est dot\u00e9e de raccords de 40 mm et 50 mm et convient aux applications \u00e0 raccords multiples.\",\"breadcrumb\":{\"@id\":\"https:\\\/\\\/daveywater.com\\\/eu\\\/fr\\\/produit\\\/starflo-vs-pool-pumps\\\/#breadcrumb\"},\"inLanguage\":\"fr-FR\",\"potentialAction\":[{\"@type\":\"ReadAction\",\"target\":[\"https:\\\/\\\/daveywater.com\\\/eu\\\/fr\\\/produit\\\/starflo-vs-pool-pumps\\\/\"]}]},{\"@type\":\"ImageObject\",\"inLanguage\":\"fr-FR\",\"@id\":\"https:\\\/\\\/daveywater.com\\\/eu\\\/fr\\\/produit\\\/starflo-vs-pool-pumps\\\/#primaryimage\",\"url\":\"https:\\\/\\\/daveywater.com\\\/eu\\\/wp-content\\\/uploads\\\/sites\\\/5\\\/2024\\\/12\\\/DSF250VSCE_AngleA_1200x910px.png\",\"contentUrl\":\"https:\\\/\\\/daveywater.com\\\/eu\\\/wp-content\\\/uploads\\\/sites\\\/5\\\/2024\\\/12\\\/DSF250VSCE_AngleA_1200x910px.png\",\"width\":1200,\"height\":910},{\"@type\":\"BreadcrumbList\",\"@id\":\"https:\\\/\\\/daveywater.com\\\/eu\\\/fr\\\/produit\\\/starflo-vs-pool-pumps\\\/#breadcrumb\",\"itemListElement\":[{\"@type\":\"ListItem\",\"position\":1,\"name\":\"Accueil\",\"item\":\"https:\\\/\\\/daveywater.com\\\/eu\\\/fr\\\/\"},{\"@type\":\"ListItem\",\"position\":2,\"name\":\"Produits\",\"item\":\"https:\\\/\\\/daveywater.com\\\/eu\\\/fr\\\/products\\\/\"},{\"@type\":\"ListItem\",\"position\":3,\"name\":\"Pompes et filtres de piscine\",\"item\":\"https:\\\/\\\/daveywater.com\\\/eu\\\/fr\\\/produits\\\/pompes-et-filtres-de-piscine\\\/\"},{\"@type\":\"ListItem\",\"position\":4,\"name\":\"Pompes de piscine StarFlo VS\"}]},{\"@type\":\"WebSite\",\"@id\":\"https:\\\/\\\/daveywater.com\\\/eu\\\/fr\\\/#website\",\"url\":\"https:\\\/\\\/daveywater.com\\\/eu\\\/fr\\\/\",\"name\":\"Davey - Royaume-Uni\\\/Europe\",\"description\":\"Un autre site de Davey Water\",\"publisher\":{\"@id\":\"https:\\\/\\\/daveywater.com\\\/eu\\\/fr\\\/#organization\"},\"potentialAction\":[{\"@type\":\"SearchAction\",\"target\":{\"@type\":\"EntryPoint\",\"urlTemplate\":\"https:\\\/\\\/daveywater.com\\\/eu\\\/fr\\\/?s={search_term_string}\"},\"query-input\":{\"@type\":\"PropertyValueSpecification\",\"valueRequired\":true,\"valueName\":\"search_term_string\"}}],\"inLanguage\":\"fr-FR\"},{\"@type\":\"Organization\",\"@id\":\"https:\\\/\\\/daveywater.com\\\/eu\\\/fr\\\/#organization\",\"name\":\"Davey Europe\",\"alternateName\":\"Davey\",\"url\":\"https:\\\/\\\/daveywater.com\\\/eu\\\/fr\\\/\",\"logo\":{\"@type\":\"ImageObject\",\"inLanguage\":\"fr-FR\",\"@id\":\"https:\\\/\\\/daveywater.com\\\/eu\\\/fr\\\/#\\\/schema\\\/logo\\\/image\\\/\",\"url\":\"https:\\\/\\\/daveywater.com\\\/eu\\\/wp-content\\\/uploads\\\/sites\\\/5\\\/2023\\\/04\\\/davey-sq-696.png\",\"contentUrl\":\"https:\\\/\\\/daveywater.com\\\/eu\\\/wp-content\\\/uploads\\\/sites\\\/5\\\/2023\\\/04\\\/davey-sq-696.png\",\"width\":696,\"height\":696,\"caption\":\"Davey Europe\"},\"image\":{\"@id\":\"https:\\\/\\\/daveywater.com\\\/eu\\\/fr\\\/#\\\/schema\\\/logo\\\/image\\\/\"},\"sameAs\":[\"https:\\\/\\\/www.facebook.com\\\/DaveyWaterProducts\\\/\",\"https:\\\/\\\/www.linkedin.com\\\/company\\\/davey-water-products\",\"https:\\\/\\\/www.youtube.com\\\/user\\\/DaveyWaterProducts\",\"https:\\\/\\\/www.instagram.com\\\/daveywaterproducts\\\/\"]}]}<\/script>\n<!-- \/ Yoast SEO Premium plugin. -->","yoast_head_json":{"title":"Pompes de piscine StarFlo VS - Davey - FR\/Europe","description":"Polyvalente et flexible pour les applications de modernisation ou d'entretien, la pompe de piscine Davey Water StarFlo est dot\u00e9e de raccords de 40 mm et 50 mm et convient aux applications \u00e0 raccords multiples.","robots":{"index":"index","follow":"follow","max-snippet":"max-snippet:-1","max-image-preview":"max-image-preview:large","max-video-preview":"max-video-preview:-1"},"canonical":"https:\/\/daveywater.com\/eu\/fr\/produit\/starflo-vs-pool-pumps\/","og_locale":"fr_FR","og_type":"article","og_title":"Pompes de piscine StarFlo VS","og_description":"Polyvalente et flexible pour les applications de modernisation ou d'entretien, la pompe de piscine Davey Water StarFlo est dot\u00e9e de raccords de 40 mm et 50 mm et convient aux applications \u00e0 raccords multiples.","og_url":"https:\/\/daveywater.com\/eu\/fr\/produit\/starflo-vs-pool-pumps\/","og_site_name":"Davey - Royaume-Uni\/Europe","article_publisher":"https:\/\/www.facebook.com\/DaveyWaterProducts\/","article_modified_time":"2025-06-10T23:07:53+00:00","og_image":[{"width":1200,"height":910,"url":"https:\/\/daveywater.com\/eu\/wp-content\/uploads\/sites\/5\/2024\/12\/DSF250VSCE_AngleA_1200x910px.png","type":"image\/png"}],"twitter_card":"summary_large_image","twitter_misc":{"Dur\u00e9e de lecture estim\u00e9e":"1 minute"},"schema":{"@context":"https:\/\/schema.org","@graph":[{"@type":"WebPage","@id":"https:\/\/daveywater.com\/eu\/fr\/produit\/starflo-vs-pool-pumps\/","url":"https:\/\/daveywater.com\/eu\/fr\/produit\/starflo-vs-pool-pumps\/","name":"Pompes de piscine StarFlo VS - Davey - FR\/Europe","isPartOf":{"@id":"https:\/\/daveywater.com\/eu\/fr\/#website"},"primaryImageOfPage":{"@id":"https:\/\/daveywater.com\/eu\/fr\/produit\/starflo-vs-pool-pumps\/#primaryimage"},"image":{"@id":"https:\/\/daveywater.com\/eu\/fr\/produit\/starflo-vs-pool-pumps\/#primaryimage"},"thumbnailUrl":"https:\/\/daveywater.com\/eu\/wp-content\/uploads\/sites\/5\/2024\/12\/DSF250VSCE_AngleA_1200x910px.png","datePublished":"2024-12-11T22:10:11+00:00","dateModified":"2025-06-10T23:07:53+00:00","description":"Polyvalente et flexible pour les applications de modernisation ou d'entretien, la pompe de piscine Davey Water StarFlo est dot\u00e9e de raccords de 40 mm et 50 mm et convient aux applications \u00e0 raccords multiples.","breadcrumb":{"@id":"https:\/\/daveywater.com\/eu\/fr\/produit\/starflo-vs-pool-pumps\/#breadcrumb"},"inLanguage":"fr-FR","potentialAction":[{"@type":"ReadAction","target":["https:\/\/daveywater.com\/eu\/fr\/produit\/starflo-vs-pool-pumps\/"]}]},{"@type":"ImageObject","inLanguage":"fr-FR","@id":"https:\/\/daveywater.com\/eu\/fr\/produit\/starflo-vs-pool-pumps\/#primaryimage","url":"https:\/\/daveywater.com\/eu\/wp-content\/uploads\/sites\/5\/2024\/12\/DSF250VSCE_AngleA_1200x910px.png","contentUrl":"https:\/\/daveywater.com\/eu\/wp-content\/uploads\/sites\/5\/2024\/12\/DSF250VSCE_AngleA_1200x910px.png","width":1200,"height":910},{"@type":"BreadcrumbList","@id":"https:\/\/daveywater.com\/eu\/fr\/produit\/starflo-vs-pool-pumps\/#breadcrumb","itemListElement":[{"@type":"ListItem","position":1,"name":"Accueil","item":"https:\/\/daveywater.com\/eu\/fr\/"},{"@type":"ListItem","position":2,"name":"Produits","item":"https:\/\/daveywater.com\/eu\/fr\/products\/"},{"@type":"ListItem","position":3,"name":"Pompes et filtres de piscine","item":"https:\/\/daveywater.com\/eu\/fr\/produits\/pompes-et-filtres-de-piscine\/"},{"@type":"ListItem","position":4,"name":"Pompes de piscine StarFlo VS"}]},{"@type":"WebSite","@id":"https:\/\/daveywater.com\/eu\/fr\/#website","url":"https:\/\/daveywater.com\/eu\/fr\/","name":"Davey - Royaume-Uni\/Europe","description":"Un autre site de Davey Water","publisher":{"@id":"https:\/\/daveywater.com\/eu\/fr\/#organization"},"potentialAction":[{"@type":"SearchAction","target":{"@type":"EntryPoint","urlTemplate":"https:\/\/daveywater.com\/eu\/fr\/?s={search_term_string}"},"query-input":{"@type":"PropertyValueSpecification","valueRequired":true,"valueName":"search_term_string"}}],"inLanguage":"fr-FR"},{"@type":"Organization","@id":"https:\/\/daveywater.com\/eu\/fr\/#organization","name":"Davey Europe","alternateName":"Davey","url":"https:\/\/daveywater.com\/eu\/fr\/","logo":{"@type":"ImageObject","inLanguage":"fr-FR","@id":"https:\/\/daveywater.com\/eu\/fr\/#\/schema\/logo\/image\/","url":"https:\/\/daveywater.com\/eu\/wp-content\/uploads\/sites\/5\/2023\/04\/davey-sq-696.png","contentUrl":"https:\/\/daveywater.com\/eu\/wp-content\/uploads\/sites\/5\/2023\/04\/davey-sq-696.png","width":696,"height":696,"caption":"Davey Europe"},"image":{"@id":"https:\/\/daveywater.com\/eu\/fr\/#\/schema\/logo\/image\/"},"sameAs":["https:\/\/www.facebook.com\/DaveyWaterProducts\/","https:\/\/www.linkedin.com\/company\/davey-water-products","https:\/\/www.youtube.com\/user\/DaveyWaterProducts","https:\/\/www.instagram.com\/daveywaterproducts\/"]}]}},"_links":{"self":[{"href":"https:\/\/daveywater.com\/eu\/fr\/wp-json\/wp\/v2\/product\/6631","targetHints":{"allow":["GET"]}}],"collection":[{"href":"https:\/\/daveywater.com\/eu\/fr\/wp-json\/wp\/v2\/product"}],"about":[{"href":"https:\/\/daveywater.com\/eu\/fr\/wp-json\/wp\/v2\/types\/product"}],"replies":[{"embeddable":true,"href":"https:\/\/daveywater.com\/eu\/fr\/wp-json\/wp\/v2\/comments?post=6631"}],"wp:featuredmedia":[{"embeddable":true,"href":"https:\/\/daveywater.com\/eu\/fr\/wp-json\/wp\/v2\/media\/6638"}],"wp:attachment":[{"href":"https:\/\/daveywater.com\/eu\/fr\/wp-json\/wp\/v2\/media?parent=6631"}],"wp:term":[{"taxonomy":"product_brand","embeddable":true,"href":"https:\/\/daveywater.com\/eu\/fr\/wp-json\/wp\/v2\/product_brand?post=6631"},{"taxonomy":"product_cat","embeddable":true,"href":"https:\/\/daveywater.com\/eu\/fr\/wp-json\/wp\/v2\/product_cat?post=6631"},{"taxonomy":"product_tag","embeddable":true,"href":"https:\/\/daveywater.com\/eu\/fr\/wp-json\/wp\/v2\/product_tag?post=6631"}],"curies":[{"name":"wp","href":"https:\/\/api.w.org\/{rel}","templated":true}]}}