{"id":743,"date":"2023-02-10T23:59:43","date_gmt":"2023-02-10T23:59:43","guid":{"rendered":"https:\/\/daveywater.com\/eu\/chi-siamo\/controllo-qualita\/"},"modified":"2023-06-18T03:28:01","modified_gmt":"2023-06-18T03:28:01","slug":"controllo-qualita","status":"publish","type":"page","link":"https:\/\/daveywater.com\/eu\/it\/chi-siamo\/controllo-qualita\/","title":{"rendered":"Controllo qualit\u00e0"},"content":{"rendered":"<p><div class=\"fusion-fullwidth fullwidth-box fusion-builder-row-1 fusion-flex-container has-pattern-background has-mask-background hundred-percent-fullwidth non-hundred-percent-height-scrolling\" style=\"--awb-border-radius-top-left:0px;--awb-border-radius-top-right:0px;--awb-border-radius-bottom-right:0px;--awb-border-radius-bottom-left:0px;--awb-margin-top:0px;--awb-margin-bottom:0px;--awb-flex-wrap:wrap;\" ><div class=\"fusion-builder-row fusion-row fusion-flex-align-items-stretch fusion-flex-align-content-space-around fusion-flex-content-wrap\" style=\"width:104% !important;max-width:104% !important;margin-left: calc(-4% \/ 2 );margin-right: calc(-4% \/ 2 );\"><div class=\"fusion-layout-column fusion_builder_column fusion-builder-column-0 fusion_builder_column_1_2 1_2 fusion-flex-column fusion-flex-align-self-stretch hero-50-padding-calc\" style=\"--awb-padding-right-medium:10px;--awb-bg-size:cover;--awb-width-large:50%;--awb-margin-top-large:0px;--awb-spacing-right-large:0px;--awb-margin-bottom-large:0px;--awb-spacing-left-large:0px;--awb-width-medium:50%;--awb-order-medium:0;--awb-spacing-right-medium:0px;--awb-spacing-left-medium:0px;--awb-width-small:100%;--awb-order-small:0;--awb-spacing-right-small:1.92%;--awb-spacing-left-small:1.92%;\"><div class=\"fusion-column-wrapper fusion-column-has-shadow fusion-flex-justify-content-space-evenly fusion-content-layout-column\"><div class=\"fusion-builder-row fusion-builder-row-inner fusion-row fusion-flex-align-items-stretch fusion-flex-align-content-space-around fusion-flex-content-wrap\" style=\"width:104% !important;max-width:104% !important;margin-left: calc(-4% \/ 2 );margin-right: calc(-4% \/ 2 );\"><div class=\"fusion-layout-column fusion_builder_column_inner fusion-builder-nested-column-0 fusion_builder_column_inner_1_1 1_1 fusion-flex-column\" style=\"--awb-bg-size:cover;--awb-width-large:100%;--awb-margin-top-large:0px;--awb-spacing-right-large:1.92%;--awb-margin-bottom-large:40px;--awb-spacing-left-large:1.92%;--awb-width-medium:100%;--awb-order-medium:0;--awb-spacing-right-medium:1.92%;--awb-spacing-left-medium:1.92%;--awb-width-small:100%;--awb-order-small:0;--awb-spacing-right-small:1.92%;--awb-spacing-left-small:1.92%;\"><div class=\"fusion-column-wrapper fusion-column-has-shadow fusion-flex-justify-content-flex-start fusion-content-layout-column\"><nav class=\"fusion-breadcrumbs awb-yoast-breadcrumbs fusion-breadcrumbs-1\" style=\"--awb-margin-top:20px;--awb-breadcrumb-sep:&#039;\/\/&#039;;\" aria-label=\"Breadcrumb\"><span><span><a href=\"https:\/\/daveywater.com\/eu\/it\/\">Casa<\/a><\/span><\/span><\/nav><div class=\"fusion-title title fusion-title-1 fusion-sep-none fusion-title-text fusion-title-size-one\" style=\"--awb-margin-top:50px;--awb-font-size:65px;\"><h1 class=\"fusion-title-heading title-heading-left fusion-responsive-typography-calculated\" style=\"margin:0;text-transform:none;font-size:1em;--fontSize:65;line-height:1.2;\">Controllo qualit\u00e0<\/h1><\/div><div class=\"fusion-text fusion-text-1\"><h3 class=\"m-text-template-snippet\"><em>La promessa di affidabilit\u00e0 \u00e8 alla base del nostro lavoro e della nostra reputazione.<\/em><\/h3>\n<div class=\"m-text-template-content\">\n<h4>I test e i controlli di qualit\u00e0 sono fondamentali per garantire che il vostro prodotto sia il migliore in assoluto. Ogni singolo prodotto viene testato per verificarne il funzionamento, le prestazioni e le perdite di pressione, e non lascia il nostro stabilimento prima di aver ricevuto l&#8217;approvazione. Ci\u00f2 significa collegare la pompa all&#8217;alimentazione e all&#8217;acqua e farla funzionare in pressione per verificare che tutto sia come dovrebbe. Non \u00e8 possibile ottenere questo risultato con una pompa pi\u00f9 economica!<\/h4>\n<\/div>\n<\/div><\/div><\/div><\/div><\/div><\/div><div class=\"fusion-layout-column fusion_builder_column fusion-builder-column-1 fusion_builder_column_1_2 1_2 fusion-flex-column fusion-flex-align-self-stretch fusion-no-small-visibility\" style=\"--awb-padding-top-medium:12%;--awb-padding-right-medium:8%;--awb-padding-bottom-medium:2%;--awb-padding-left-medium:8%;--awb-bg-image:url(&#039;https:\/\/daveywater.com\/au\/wp-content\/uploads\/sites\/2\/2023\/02\/Quality_Control.jpg&#039;);--awb-bg-size:cover;--awb-width-large:50%;--awb-margin-top-large:0px;--awb-spacing-right-large:0px;--awb-margin-bottom-large:0px;--awb-spacing-left-large:0px;--awb-width-medium:50%;--awb-order-medium:0;--awb-spacing-right-medium:0px;--awb-spacing-left-medium:0px;--awb-width-small:100%;--awb-order-small:0;--awb-spacing-right-small:1.92%;--awb-spacing-left-small:1.92%;\"><div class=\"fusion-column-wrapper fusion-column-has-shadow fusion-flex-justify-content-space-evenly fusion-content-layout-column fusion-empty-column-bg-image fusion-column-has-bg-image\" data-bg-url=\"https:\/\/daveywater.com\/au\/wp-content\/uploads\/sites\/2\/2023\/02\/Quality_Control.jpg\"><img decoding=\"async\" class=\"fusion-empty-dims-img-placeholder fusion-no-large-visibility fusion-no-medium-visibility\" src=\"data:image\/gif;base64,R0lGODlhAQABAAAAACH5BAEKAAEALAAAAAABAAEAAAICTAEAOw==\"><\/div><\/div><\/div><\/div><div class=\"fusion-fullwidth fullwidth-box fusion-builder-row-2 fusion-flex-container has-pattern-background has-mask-background nonhundred-percent-fullwidth non-hundred-percent-height-scrolling\" style=\"--awb-border-radius-top-left:0px;--awb-border-radius-top-right:0px;--awb-border-radius-bottom-right:0px;--awb-border-radius-bottom-left:0px;--awb-padding-top:80px;--awb-padding-bottom:80px;--awb-padding-top-medium:40px;--awb-padding-bottom-medium:40px;--awb-margin-top:0px;--awb-margin-bottom:0px;--awb-background-color:var(--awb-custom_color_3);--awb-flex-wrap:wrap;\" ><div class=\"fusion-builder-row fusion-row fusion-flex-align-items-flex-start fusion-flex-content-wrap\" style=\"max-width:1497.6px;margin-left: calc(-4% \/ 2 );margin-right: calc(-4% \/ 2 );\"><div class=\"fusion-layout-column fusion_builder_column fusion-builder-column-2 fusion_builder_column_1_5 1_5 fusion-flex-column services-column-padding\" style=\"--awb-bg-size:cover;--awb-width-large:20%;--awb-margin-top-large:0px;--awb-spacing-right-large:9.6%;--awb-margin-bottom-large:20px;--awb-spacing-left-large:9.6%;--awb-width-medium:20%;--awb-order-medium:0;--awb-spacing-right-medium:9.6%;--awb-spacing-left-medium:9.6%;--awb-width-small:100%;--awb-order-small:0;--awb-spacing-right-small:1.92%;--awb-spacing-left-small:1.92%;\"><div class=\"fusion-column-wrapper fusion-column-has-shadow fusion-flex-justify-content-flex-start fusion-content-layout-column\"><\/div><\/div><div class=\"fusion-layout-column fusion_builder_column fusion-builder-column-3 fusion_builder_column_3_5 3_5 fusion-flex-column\" style=\"--awb-bg-size:cover;--awb-width-large:60%;--awb-margin-top-large:0px;--awb-spacing-right-large:3.2%;--awb-margin-bottom-large:20px;--awb-spacing-left-large:3.2%;--awb-width-medium:60%;--awb-order-medium:0;--awb-spacing-right-medium:3.2%;--awb-spacing-left-medium:3.2%;--awb-width-small:100%;--awb-order-small:0;--awb-spacing-right-small:1.92%;--awb-spacing-left-small:1.92%;\"><div class=\"fusion-column-wrapper fusion-column-has-shadow fusion-flex-justify-content-flex-start fusion-content-layout-column\"><div class=\"fusion-text fusion-text-2\"><h4>Le nostre pompe hanno dimostrato di funzionare bene in alcuni dei climi pi\u00f9 rigidi del mondo; nella nostra produzione riproduciamo queste condizioni nella nostra cabina ambientale, dove le nostre pompe vengono fatte funzionare per mesi a 50\u00b0C e al 100% di umidit\u00e0 (un po&#8217; troppo caldo!).<\/h4>\n<p>Le nostre pompe sono sottoposte a &#8220;test di tortura&#8221; e vengono regolarmente testate dalla nostra linea di assemblaggio per un massimo di 500.000 cicli. Ci\u00f2 significa accendere la pompa, portarla in pressione e spegnerla di nuovo, per indicare un ciclo. Questo test equivale a 10 anni di utilizzo domestico da parte di una famiglia di 4 persone e molte di queste pompe funzionano molto pi\u00f9 a lungo, per 750.000 o addirittura 1 milione di cicli!<\/p>\n<p>Per garantire una lunga durata dei cuscinetti \u00e8 necessario ridurre al minimo le vibrazioni e per questo controlliamo regolarmente che i nostri motori siano montati al centro perfetto della carcassa del motore.<\/p>\n<p>Il motore elettrico \u00e8 un componente importante e non pu\u00f2 permettersi di fallire. Noi di Davey prendiamo molto sul serio i nostri motori. Riscaldiamo le scocche dei nostri motori a 140 gradi e le restringiamo sullo statore per eliminare la possibilit\u00e0 di movimento che pu\u00f2 portare a un guasto.<\/p>\n<p>Potete contare su Davey per la qualit\u00e0 e l&#8217;affidabilit\u00e0, sempre.<\/p>\n<\/div><\/div><\/div><div class=\"fusion-layout-column fusion_builder_column fusion-builder-column-4 fusion_builder_column_1_5 1_5 fusion-flex-column services-column-padding\" style=\"--awb-bg-size:cover;--awb-width-large:20%;--awb-margin-top-large:0px;--awb-spacing-right-large:9.6%;--awb-margin-bottom-large:20px;--awb-spacing-left-large:9.6%;--awb-width-medium:20%;--awb-order-medium:0;--awb-spacing-right-medium:9.6%;--awb-spacing-left-medium:9.6%;--awb-width-small:100%;--awb-order-small:0;--awb-spacing-right-small:1.92%;--awb-spacing-left-small:1.92%;\"><div class=\"fusion-column-wrapper fusion-column-has-shadow fusion-flex-justify-content-flex-start fusion-content-layout-column\"><\/div><\/div><\/div><\/div><\/p>\n","protected":false},"excerpt":{"rendered":"","protected":false},"author":10,"featured_media":0,"parent":685,"menu_order":59,"comment_status":"closed","ping_status":"closed","template":"100-width.php","meta":{"_acf_changed":false,"footnotes":""},"class_list":["post-743","page","type-page","status-publish","hentry"],"acf":[],"yoast_head":"<!-- This site is optimized with the Yoast SEO Premium plugin v26.7 (Yoast SEO v27.4) - https:\/\/yoast.com\/product\/yoast-seo-premium-wordpress\/ -->\n<title>Controllo qualit\u00e0 - Davey - Regno Unito\/Europa<\/title>\n<meta name=\"description\" content=\"Davey Water. Controllo qualit\u00e0. La promessa di affidabilit\u00e0 \u00e8 alla base del nostro lavoro e della nostra reputazione.\" \/>\n<meta name=\"robots\" content=\"index, follow, max-snippet:-1, max-image-preview:large, max-video-preview:-1\" \/>\n<link rel=\"canonical\" href=\"https:\/\/daveywater.com\/eu\/it\/chi-siamo\/controllo-qualita\/\" \/>\n<meta property=\"og:locale\" content=\"it_IT\" \/>\n<meta property=\"og:type\" content=\"article\" \/>\n<meta property=\"og:title\" content=\"Controllo qualit\u00e0\" \/>\n<meta property=\"og:description\" content=\"Davey Water. Controllo qualit\u00e0. La promessa di affidabilit\u00e0 \u00e8 alla base del nostro lavoro e della nostra reputazione.\" \/>\n<meta property=\"og:url\" content=\"https:\/\/daveywater.com\/eu\/it\/chi-siamo\/controllo-qualita\/\" \/>\n<meta property=\"og:site_name\" content=\"Davey - Regno Unito\/Europa\" \/>\n<meta property=\"article:publisher\" content=\"https:\/\/www.facebook.com\/DaveyWaterProducts\/\" \/>\n<meta property=\"article:modified_time\" content=\"2023-06-18T03:28:01+00:00\" \/>\n<meta name=\"twitter:card\" content=\"summary_large_image\" \/>\n<meta name=\"twitter:label1\" content=\"Tempo di lettura stimato\" \/>\n\t<meta name=\"twitter:data1\" content=\"19 minuti\" \/>\n<script type=\"application\/ld+json\" class=\"yoast-schema-graph\">{\"@context\":\"https:\\\/\\\/schema.org\",\"@graph\":[{\"@type\":\"WebPage\",\"@id\":\"https:\\\/\\\/daveywater.com\\\/eu\\\/it\\\/chi-siamo\\\/controllo-qualita\\\/\",\"url\":\"https:\\\/\\\/daveywater.com\\\/eu\\\/it\\\/chi-siamo\\\/controllo-qualita\\\/\",\"name\":\"Controllo qualit\u00e0 - Davey - Regno Unito\\\/Europa\",\"isPartOf\":{\"@id\":\"https:\\\/\\\/daveywater.com\\\/eu\\\/it\\\/#website\"},\"datePublished\":\"2023-02-10T23:59:43+00:00\",\"dateModified\":\"2023-06-18T03:28:01+00:00\",\"description\":\"Davey Water. Controllo qualit\u00e0. La promessa di affidabilit\u00e0 \u00e8 alla base del nostro lavoro e della nostra reputazione.\",\"breadcrumb\":{\"@id\":\"https:\\\/\\\/daveywater.com\\\/eu\\\/it\\\/chi-siamo\\\/controllo-qualita\\\/#breadcrumb\"},\"inLanguage\":\"it-IT\",\"potentialAction\":[{\"@type\":\"ReadAction\",\"target\":[\"https:\\\/\\\/daveywater.com\\\/eu\\\/it\\\/chi-siamo\\\/controllo-qualita\\\/\"]}]},{\"@type\":\"BreadcrumbList\",\"@id\":\"https:\\\/\\\/daveywater.com\\\/eu\\\/it\\\/chi-siamo\\\/controllo-qualita\\\/#breadcrumb\",\"itemListElement\":[{\"@type\":\"ListItem\",\"position\":1,\"name\":\"Casa\",\"item\":\"https:\\\/\\\/daveywater.com\\\/eu\\\/it\\\/\"},{\"@type\":\"ListItem\",\"position\":2,\"name\":\"Chi siamo\",\"item\":\"https:\\\/\\\/daveywater.com\\\/eu\\\/it\\\/chi-siamo\\\/\"},{\"@type\":\"ListItem\",\"position\":3,\"name\":\"Controllo qualit\u00e0\"}]},{\"@type\":\"WebSite\",\"@id\":\"https:\\\/\\\/daveywater.com\\\/eu\\\/it\\\/#website\",\"url\":\"https:\\\/\\\/daveywater.com\\\/eu\\\/it\\\/\",\"name\":\"Davey - Regno Unito\\\/Europa\",\"description\":\"Un altro sito di Davey Water\",\"publisher\":{\"@id\":\"https:\\\/\\\/daveywater.com\\\/eu\\\/it\\\/#organization\"},\"potentialAction\":[{\"@type\":\"SearchAction\",\"target\":{\"@type\":\"EntryPoint\",\"urlTemplate\":\"https:\\\/\\\/daveywater.com\\\/eu\\\/it\\\/?s={search_term_string}\"},\"query-input\":{\"@type\":\"PropertyValueSpecification\",\"valueRequired\":true,\"valueName\":\"search_term_string\"}}],\"inLanguage\":\"it-IT\"},{\"@type\":\"Organization\",\"@id\":\"https:\\\/\\\/daveywater.com\\\/eu\\\/it\\\/#organization\",\"name\":\"Davey Europa\",\"alternateName\":\"Davey\",\"url\":\"https:\\\/\\\/daveywater.com\\\/eu\\\/it\\\/\",\"logo\":{\"@type\":\"ImageObject\",\"inLanguage\":\"it-IT\",\"@id\":\"https:\\\/\\\/daveywater.com\\\/eu\\\/it\\\/#\\\/schema\\\/logo\\\/image\\\/\",\"url\":\"https:\\\/\\\/daveywater.com\\\/eu\\\/wp-content\\\/uploads\\\/sites\\\/5\\\/2023\\\/04\\\/davey-sq-696.png\",\"contentUrl\":\"https:\\\/\\\/daveywater.com\\\/eu\\\/wp-content\\\/uploads\\\/sites\\\/5\\\/2023\\\/04\\\/davey-sq-696.png\",\"width\":696,\"height\":696,\"caption\":\"Davey Europa\"},\"image\":{\"@id\":\"https:\\\/\\\/daveywater.com\\\/eu\\\/it\\\/#\\\/schema\\\/logo\\\/image\\\/\"},\"sameAs\":[\"https:\\\/\\\/www.facebook.com\\\/DaveyWaterProducts\\\/\",\"https:\\\/\\\/www.linkedin.com\\\/company\\\/davey-water-products\",\"https:\\\/\\\/www.youtube.com\\\/user\\\/DaveyWaterProducts\",\"https:\\\/\\\/www.instagram.com\\\/daveywaterproducts\\\/\"]}]}<\/script>\n<!-- \/ Yoast SEO Premium plugin. -->","yoast_head_json":{"title":"Controllo qualit\u00e0 - Davey - Regno Unito\/Europa","description":"Davey Water. Controllo qualit\u00e0. La promessa di affidabilit\u00e0 \u00e8 alla base del nostro lavoro e della nostra reputazione.","robots":{"index":"index","follow":"follow","max-snippet":"max-snippet:-1","max-image-preview":"max-image-preview:large","max-video-preview":"max-video-preview:-1"},"canonical":"https:\/\/daveywater.com\/eu\/it\/chi-siamo\/controllo-qualita\/","og_locale":"it_IT","og_type":"article","og_title":"Controllo qualit\u00e0","og_description":"Davey Water. Controllo qualit\u00e0. La promessa di affidabilit\u00e0 \u00e8 alla base del nostro lavoro e della nostra reputazione.","og_url":"https:\/\/daveywater.com\/eu\/it\/chi-siamo\/controllo-qualita\/","og_site_name":"Davey - Regno Unito\/Europa","article_publisher":"https:\/\/www.facebook.com\/DaveyWaterProducts\/","article_modified_time":"2023-06-18T03:28:01+00:00","twitter_card":"summary_large_image","twitter_misc":{"Tempo di lettura stimato":"19 minuti"},"schema":{"@context":"https:\/\/schema.org","@graph":[{"@type":"WebPage","@id":"https:\/\/daveywater.com\/eu\/it\/chi-siamo\/controllo-qualita\/","url":"https:\/\/daveywater.com\/eu\/it\/chi-siamo\/controllo-qualita\/","name":"Controllo qualit\u00e0 - Davey - Regno Unito\/Europa","isPartOf":{"@id":"https:\/\/daveywater.com\/eu\/it\/#website"},"datePublished":"2023-02-10T23:59:43+00:00","dateModified":"2023-06-18T03:28:01+00:00","description":"Davey Water. Controllo qualit\u00e0. La promessa di affidabilit\u00e0 \u00e8 alla base del nostro lavoro e della nostra reputazione.","breadcrumb":{"@id":"https:\/\/daveywater.com\/eu\/it\/chi-siamo\/controllo-qualita\/#breadcrumb"},"inLanguage":"it-IT","potentialAction":[{"@type":"ReadAction","target":["https:\/\/daveywater.com\/eu\/it\/chi-siamo\/controllo-qualita\/"]}]},{"@type":"BreadcrumbList","@id":"https:\/\/daveywater.com\/eu\/it\/chi-siamo\/controllo-qualita\/#breadcrumb","itemListElement":[{"@type":"ListItem","position":1,"name":"Casa","item":"https:\/\/daveywater.com\/eu\/it\/"},{"@type":"ListItem","position":2,"name":"Chi siamo","item":"https:\/\/daveywater.com\/eu\/it\/chi-siamo\/"},{"@type":"ListItem","position":3,"name":"Controllo qualit\u00e0"}]},{"@type":"WebSite","@id":"https:\/\/daveywater.com\/eu\/it\/#website","url":"https:\/\/daveywater.com\/eu\/it\/","name":"Davey - Regno Unito\/Europa","description":"Un altro sito di Davey Water","publisher":{"@id":"https:\/\/daveywater.com\/eu\/it\/#organization"},"potentialAction":[{"@type":"SearchAction","target":{"@type":"EntryPoint","urlTemplate":"https:\/\/daveywater.com\/eu\/it\/?s={search_term_string}"},"query-input":{"@type":"PropertyValueSpecification","valueRequired":true,"valueName":"search_term_string"}}],"inLanguage":"it-IT"},{"@type":"Organization","@id":"https:\/\/daveywater.com\/eu\/it\/#organization","name":"Davey Europa","alternateName":"Davey","url":"https:\/\/daveywater.com\/eu\/it\/","logo":{"@type":"ImageObject","inLanguage":"it-IT","@id":"https:\/\/daveywater.com\/eu\/it\/#\/schema\/logo\/image\/","url":"https:\/\/daveywater.com\/eu\/wp-content\/uploads\/sites\/5\/2023\/04\/davey-sq-696.png","contentUrl":"https:\/\/daveywater.com\/eu\/wp-content\/uploads\/sites\/5\/2023\/04\/davey-sq-696.png","width":696,"height":696,"caption":"Davey Europa"},"image":{"@id":"https:\/\/daveywater.com\/eu\/it\/#\/schema\/logo\/image\/"},"sameAs":["https:\/\/www.facebook.com\/DaveyWaterProducts\/","https:\/\/www.linkedin.com\/company\/davey-water-products","https:\/\/www.youtube.com\/user\/DaveyWaterProducts","https:\/\/www.instagram.com\/daveywaterproducts\/"]}]}},"_links":{"self":[{"href":"https:\/\/daveywater.com\/eu\/it\/wp-json\/wp\/v2\/pages\/743","targetHints":{"allow":["GET"]}}],"collection":[{"href":"https:\/\/daveywater.com\/eu\/it\/wp-json\/wp\/v2\/pages"}],"about":[{"href":"https:\/\/daveywater.com\/eu\/it\/wp-json\/wp\/v2\/types\/page"}],"author":[{"embeddable":true,"href":"https:\/\/daveywater.com\/eu\/it\/wp-json\/wp\/v2\/users\/10"}],"replies":[{"embeddable":true,"href":"https:\/\/daveywater.com\/eu\/it\/wp-json\/wp\/v2\/comments?post=743"}],"version-history":[{"count":0,"href":"https:\/\/daveywater.com\/eu\/it\/wp-json\/wp\/v2\/pages\/743\/revisions"}],"up":[{"embeddable":true,"href":"https:\/\/daveywater.com\/eu\/it\/wp-json\/wp\/v2\/pages\/685"}],"wp:attachment":[{"href":"https:\/\/daveywater.com\/eu\/it\/wp-json\/wp\/v2\/media?parent=743"}],"curies":[{"name":"wp","href":"https:\/\/api.w.org\/{rel}","templated":true}]}}