{"id":1082,"date":"2023-03-02T07:37:32","date_gmt":"2023-03-02T07:37:32","guid":{"rendered":"https:\/\/daveywater.com\/eu\/apoio\/garantia-do-produto\/"},"modified":"2023-06-18T03:28:11","modified_gmt":"2023-06-18T03:28:11","slug":"garantia-do-produto","status":"publish","type":"page","link":"https:\/\/daveywater.com\/eu\/pt-pt\/apoio\/garantia-do-produto\/","title":{"rendered":"Garantia do produto"},"content":{"rendered":"<div class=\"fusion-fullwidth fullwidth-box fusion-builder-row-1 fusion-flex-container has-pattern-background has-mask-background nonhundred-percent-fullwidth non-hundred-percent-height-scrolling\" style=\"--awb-border-radius-top-left:0px;--awb-border-radius-top-right:0px;--awb-border-radius-bottom-right:0px;--awb-border-radius-bottom-left:0px;--awb-flex-wrap:wrap;\" ><div class=\"fusion-builder-row fusion-row fusion-flex-align-items-flex-start fusion-flex-content-wrap\" style=\"max-width:1497.6px;margin-left: calc(-4% \/ 2 );margin-right: calc(-4% \/ 2 );\"><div class=\"fusion-layout-column fusion_builder_column fusion-builder-column-0 fusion_builder_column_1_1 1_1 fusion-flex-column\" style=\"--awb-bg-size:cover;--awb-width-large:100%;--awb-margin-top-large:0px;--awb-spacing-right-large:1.92%;--awb-margin-bottom-large:0px;--awb-spacing-left-large:1.92%;--awb-width-medium:100%;--awb-spacing-right-medium:1.92%;--awb-spacing-left-medium:1.92%;--awb-width-small:100%;--awb-spacing-right-small:1.92%;--awb-spacing-left-small:1.92%;\"><div class=\"fusion-column-wrapper fusion-flex-justify-content-flex-start fusion-content-layout-column\"><div class=\"fusion-text fusion-text-1\"><p><em><strong>A Davey oferece uma garantia do fabricante para os nossos produtos<\/strong><\/em><br \/>\nPara saber qual o per\u00edodo de garantia aplic\u00e1vel ao seu produto, desloque-se para baixo e seleccione o tipo de categoria de produto e\/ou aplica\u00e7\u00e3o.<\/p>\n<p>Para mais informa\u00e7\u00f5es sobre a garantia do produto ou para obter mais assist\u00eancia, <a href=\"https:\/\/daveywater.com\/eu\/pt-pt\/apoio\/contacte-nos\/\">contacte-nos<\/a>.<\/p>\n<\/div><div class=\"fusion-text fusion-text-2\"><div\tid=\"wcpt-258\"\tclass=\"wcpt wcpt-258\"\tdata-wcpt-table-id=\"258\"data-wcpt-query-string=\"?258_device=laptop\"data-wcpt-sc-attrs=\"{&quot;open_dropdown_on_click&quot;:&quot;true&quot;}\"><style>@media(max-width: 1199px) and (min-width:750px){}@media(max-width:749px){}<\/style>  <div \r    class=\"wcpt-navigation wcpt-header wcpt-always-show\"\r    style=\"\"\r  >\r      <div class=\"wcpt-filter-row wcpt-ratio-50-50 \">\r      <div class=\"wcpt-filter-column wcpt-left\"><div class=\"wcpt-item-row wcpt-1681442608037 \"><div class=\"wcpt-search-wrapper  wcpt-1681442731453 wcpt-search--reset-others \">\t\t<div class=\"wcpt-search-heading\"><\/div>\t\t<div\t\tclass=\"wcpt-search \"\t\tdata-wcpt-table-id=\"258\"\t>\t  <!-- input -->\t  <input\t    class=\"wcpt-search-input\"\t    type=\"search\"\t\t\tname=\"258_search_1\"\t\t\tdata-wcpt-value=\"\"\t    placeholder=\"Name or Product ID\/Number\" value=\"\"\t    autocomplete=\"off\"\t\t\tspellcheck=\"false\"\t  \/>\t  <!-- submit -->\t  <span class=\"wcpt-search-submit\">\t\t\t<span class=\"wcpt-icon wcpt-icon-search wcpt-search-submit-icon \"   ><svg xmlns=\"http:\/\/www.w3.org\/2000\/svg\" width=\"24\" height=\"24\" viewBox=\"0 0 24 24\" fill=\"none\" stroke=\"currentColor\" stroke-width=\"2\" stroke-linecap=\"round\" stroke-linejoin=\"round\" class=\"feather feather-search\"><circle cx=\"11\" cy=\"11\" r=\"8\"><\/circle><line x1=\"21\" y1=\"21\" x2=\"16.65\" y2=\"16.65\"><\/line><\/svg><\/span>\t  <\/span>\t  <!-- clear -->\t  \t<\/div><\/div><\/div><\/div><div class=\"wcpt-filter-column wcpt-right\"><div class=\"wcpt-item-row wcpt-1681442608042 \"><div \tclass=\"wcpt-dropdown wcpt-filter  wcpt-tooltip--open-on-click  wcpt-1681442784620\" \tdata-wcpt-filter=\"category\" \tdata-wcpt-taxonomy=\"product_cat\"\tdata-wcpt-heading_format__op_selected = \"only_heading\"\t>\t<div class=\"wcpt-filter-heading\">\t\t<!-- label -->\t  <span class=\"wcpt-dropdown-label\"><div class=\"wcpt-item-row wcpt-1681442784638 \"><span class=\"wcpt-text  wcpt-1681442784638\">Filter by Category<\/span><\/div><\/span>\t\t<!-- active count -->\t\t\t  <!-- loader icon -->\t\t\t  <!-- toggle icon -->\t  <span class=\"wcpt-icon wcpt-icon-chevron-down  \"   ><svg xmlns=\"http:\/\/www.w3.org\/2000\/svg\" width=\"24\" height=\"24\" viewBox=\"0 0 24 24\" fill=\"none\" stroke=\"currentColor\" stroke-width=\"2\" stroke-linecap=\"round\" stroke-linejoin=\"round\" class=\"feather feather-chevron-down\"><polyline points=\"6 9 12 15 18 9\"><\/polyline><\/svg><\/span>\t<\/div>  <!-- options menu -->\t<div class=\"wcpt-hierarchy wcpt-dropdown-menu\">\t\t\t\t\t\t<label \t\t\t\tclass=\"wcpt-show-all-option wcpt-dropdown-option wcpt-active\" \t\t\t\tdata-wcpt-value=\"\"\t\t\t>\t\t\t\t<input \t\t\t\t\ttype=\"radio\" \t\t\t\t\tvalue=\"\" \t\t\t\t\tclass=\"wcpt-filter-checkbox\" \t\t\t\t\t checked=\"checked\"  \t\t\t\t\tname=\"258_product_cat--7875[]\"\t\t\t\t><div class=\"wcpt-item-row wcpt-1681442784647 \"><span class=\"wcpt-text  wcpt-1681442784647\">Show all<\/span><\/div>\t\t\t<\/label>\t\t\t          <div\r            class=\"wcpt-dropdown-option   \"\r            data-wcpt-value=\"155\"\r            data-wcpt-open=\"0\"\r            data-wcpt-depth=\"0\"\r          >\r            <label \r              class=\"\" \r              data-wcpt-value=\"155\"\r              data-wcpt-slug=\"bombas-e-filtros-para-piscinas\"\r            >\r              <input\r                class=\"\"\r                type=\"radio\"\r                name=\"258_product_cat--7875[]\"\r                value=\"155\"\r                            \/><span><div class=\"wcpt-item-row\"><span class=\"wcpt-text\">Bombas e filtros para piscinas<\/span><\/div><\/span>\r                          <\/label>\r          <\/div>          <div\r            class=\"wcpt-dropdown-option   \"\r            data-wcpt-value=\"159\"\r            data-wcpt-open=\"0\"\r            data-wcpt-depth=\"0\"\r          >\r            <label \r              class=\"\" \r              data-wcpt-value=\"159\"\r              data-wcpt-slug=\"cloradores\"\r            >\r              <input\r                class=\"\"\r                type=\"radio\"\r                name=\"258_product_cat--7875[]\"\r                value=\"159\"\r                            \/><span><div class=\"wcpt-item-row\"><span class=\"wcpt-text\">Cloradores<\/span><\/div><\/span>\r                          <\/label>\r          <\/div>          <div\r            class=\"wcpt-dropdown-option   \"\r            data-wcpt-value=\"157\"\r            data-wcpt-open=\"0\"\r            data-wcpt-depth=\"0\"\r          >\r            <label \r              class=\"\" \r              data-wcpt-value=\"157\"\r              data-wcpt-slug=\"comercial\"\r            >\r              <input\r                class=\"\"\r                type=\"radio\"\r                name=\"258_product_cat--7875[]\"\r                value=\"157\"\r                            \/><span><div class=\"wcpt-item-row\"><span class=\"wcpt-text\">Comercial<\/span><\/div><\/span>\r                          <\/label>\r          <\/div>          <div\r            class=\"wcpt-dropdown-option   \"\r            data-wcpt-value=\"145\"\r            data-wcpt-open=\"0\"\r            data-wcpt-depth=\"0\"\r          >\r            <label \r              class=\"\" \r              data-wcpt-value=\"145\"\r              data-wcpt-slug=\"zwembadpompen-filters\"\r            >\r              <input\r                class=\"\"\r                type=\"radio\"\r                name=\"258_product_cat--7875[]\"\r                value=\"145\"\r                            \/><span><div class=\"wcpt-item-row\"><span class=\"wcpt-text\">Zwembadpompen &amp; Filters<\/span><\/div><\/span>\r                          <\/label>\r          <\/div>          <div\r            class=\"wcpt-dropdown-option   \"\r            data-wcpt-value=\"195\"\r            data-wcpt-open=\"0\"\r            data-wcpt-depth=\"0\"\r          >\r            <label \r              class=\"\" \r              data-wcpt-value=\"195\"\r              data-wcpt-slug=\"controllers-pt-pt\"\r            >\r              <input\r                class=\"\"\r                type=\"radio\"\r                name=\"258_product_cat--7875[]\"\r                value=\"195\"\r                            \/><span><div class=\"wcpt-item-row\"><span class=\"wcpt-text\">Controllers<\/span><\/div><\/span>\r                          <\/label>\r          <\/div>          <div\r            class=\"wcpt-dropdown-option   \"\r            data-wcpt-value=\"201\"\r            data-wcpt-open=\"0\"\r            data-wcpt-depth=\"0\"\r          >\r            <label \r              class=\"\" \r              data-wcpt-value=\"201\"\r              data-wcpt-slug=\"uncategorized-pt-pt\"\r            >\r              <input\r                class=\"\"\r                type=\"radio\"\r                name=\"258_product_cat--7875[]\"\r                value=\"201\"\r                            \/><span><div class=\"wcpt-item-row\"><span class=\"wcpt-text\">Uncategorized<\/span><\/div><\/span>\r                          <\/label>\r          <\/div>  <\/div><\/div><div \tclass=\"wcpt-dropdown wcpt-filter  wcpt-tooltip--open-on-click  wcpt-1681442838620\" \tdata-wcpt-filter=\"taxonomy\" \tdata-wcpt-taxonomy=\"product_tag\"\tdata-wcpt-heading_format__op_selected = \"only_heading\"\t>\t<div class=\"wcpt-filter-heading\">\t\t<!-- label -->\t  <span class=\"wcpt-dropdown-label\"><div class=\"wcpt-item-row wcpt-1681442838634 \"><span class=\"wcpt-text  wcpt-1681442838635\">Filter by Application<\/span><\/div><\/span>\t\t<!-- active count -->\t  \t  <!-- loader icon -->\t\t\t  <!-- icon -->\t  <span class=\"wcpt-icon wcpt-icon-chevron-down  \"   ><svg xmlns=\"http:\/\/www.w3.org\/2000\/svg\" width=\"24\" height=\"24\" viewBox=\"0 0 24 24\" fill=\"none\" stroke=\"currentColor\" stroke-width=\"2\" stroke-linecap=\"round\" stroke-linejoin=\"round\" class=\"feather feather-chevron-down\"><polyline points=\"6 9 12 15 18 9\"><\/polyline><\/svg><\/span>\t<\/div>\t<!-- options menu -->\t<div class=\"wcpt-hierarchy wcpt-dropdown-menu\">\t\t\t\t<label class=\"wcpt-show-all-option wcpt-dropdown-option wcpt-active\" data-wcpt-value=\"\">\t\t\t\t<input type=\"radio\" value=\"\" class=\"wcpt-filter-checkbox\"  checked=\"checked\"  name=\"258_tax_product_tag[]\"><div class=\"wcpt-item-row wcpt-1681442838642 \"><span class=\"wcpt-text  wcpt-1681442838642\">Show all<\/span><\/div>\t\t\t<\/label>\t\t\t\t          <div\r            class=\"wcpt-dropdown-option   wcpt-ac-open\"\r            data-wcpt-value=\"156\"\r            data-wcpt-open=\"1\"\r            data-wcpt-depth=\"0\"\r          >\r            <label \r              class=\"\" \r              data-wcpt-value=\"156\"\r              data-wcpt-slug=\"bomba-de-piscina\"\r            >\r              <input\r                class=\"\"\r                type=\"radio\"\r                name=\"258_tax_product_tag[]\"\r                value=\"156\"\r                            \/><span><div class=\"wcpt-item-row\"><span class=\"wcpt-text\">Bomba de piscina<\/span><\/div><\/span>\r                          <\/label>\r          <\/div>          <div\r            class=\"wcpt-dropdown-option   wcpt-ac-open\"\r            data-wcpt-value=\"228\"\r            data-wcpt-open=\"1\"\r            data-wcpt-depth=\"0\"\r          >\r            <label \r              class=\"\" \r              data-wcpt-value=\"228\"\r              data-wcpt-slug=\"chemicals\"\r            >\r              <input\r                class=\"\"\r                type=\"radio\"\r                name=\"258_tax_product_tag[]\"\r                value=\"228\"\r                            \/><span><div class=\"wcpt-item-row\"><span class=\"wcpt-text\">Chemicals<\/span><\/div><\/span>\r                          <\/label>\r          <\/div>          <div\r            class=\"wcpt-dropdown-option   wcpt-ac-open\"\r            data-wcpt-value=\"158\"\r            data-wcpt-open=\"1\"\r            data-wcpt-depth=\"0\"\r          >\r            <label \r              class=\"\" \r              data-wcpt-value=\"158\"\r              data-wcpt-slug=\"comunidade\"\r            >\r              <input\r                class=\"\"\r                type=\"radio\"\r                name=\"258_tax_product_tag[]\"\r                value=\"158\"\r                            \/><span><div class=\"wcpt-item-row\"><span class=\"wcpt-text\">Comunidade<\/span><\/div><\/span>\r                          <\/label>\r          <\/div>          <div\r            class=\"wcpt-dropdown-option   wcpt-ac-open\"\r            data-wcpt-value=\"160\"\r            data-wcpt-open=\"1\"\r            data-wcpt-depth=\"0\"\r          >\r            <label \r              class=\"\" \r              data-wcpt-value=\"160\"\r              data-wcpt-slug=\"controlo-da-piscina\"\r            >\r              <input\r                class=\"\"\r                type=\"radio\"\r                name=\"258_tax_product_tag[]\"\r                value=\"160\"\r                            \/><span><div class=\"wcpt-item-row\"><span class=\"wcpt-text\">Controlo da piscina<\/span><\/div><\/span>\r                          <\/label>\r          <\/div>          <div\r            class=\"wcpt-dropdown-option   wcpt-ac-open\"\r            data-wcpt-value=\"172\"\r            data-wcpt-open=\"1\"\r            data-wcpt-depth=\"0\"\r          >\r            <label \r              class=\"\" \r              data-wcpt-value=\"172\"\r              data-wcpt-slug=\"filtragem\"\r            >\r              <input\r                class=\"\"\r                type=\"radio\"\r                name=\"258_tax_product_tag[]\"\r                value=\"172\"\r                            \/><span><div class=\"wcpt-item-row\"><span class=\"wcpt-text\">Filtragem<\/span><\/div><\/span>\r                          <\/label>\r          <\/div>          <div\r            class=\"wcpt-dropdown-option   wcpt-ac-open\"\r            data-wcpt-value=\"161\"\r            data-wcpt-open=\"1\"\r            data-wcpt-depth=\"0\"\r          >\r            <label \r              class=\"\" \r              data-wcpt-value=\"161\"\r              data-wcpt-slug=\"sanitizacao\"\r            >\r              <input\r                class=\"\"\r                type=\"radio\"\r                name=\"258_tax_product_tag[]\"\r                value=\"161\"\r                            \/><span><div class=\"wcpt-item-row\"><span class=\"wcpt-text\">Sanitiza\u00e7\u00e3o<\/span><\/div><\/span>\r                          <\/label>\r          <\/div>\t<\/div>\t<\/div><div class=\"wcpt-apply-reset-wrapper  wcpt-1681442909279\">        <span class=\"wcpt-reset\"><div class=\"wcpt-item-row wcpt-1681442909304 \"><span class=\"wcpt-text  wcpt-1681442909304\">Reset<\/span><\/div><\/span>  <\/div><\/div><\/div>    <\/div>\r    <\/div>  <div class=\"wcpt-responsive-navigation\"><\/div>\r  <div class=\"wcpt-nav-modal-tpl\">  <div class=\"wcpt-nav-modal\" data-wcpt-table-id=\"258\">    <div class=\"wcpt-nm-content wcpt-noselect\">      <div class=\"wcpt-nm-heading wcpt-nm-heading--sticky\">\t\t\t\t<span class=\"wcpt-nm-close\">\t\t\t\t\t<span class=\"wcpt-icon wcpt-icon-x  \"   ><svg xmlns=\"http:\/\/www.w3.org\/2000\/svg\" width=\"24\" height=\"24\" viewBox=\"0 0 24 24\" fill=\"none\" stroke=\"currentColor\" stroke-width=\"2\" stroke-linecap=\"round\" stroke-linejoin=\"round\" class=\"feather feather-x\"><line x1=\"18\" y1=\"6\" x2=\"6\" y2=\"18\"><\/line><line x1=\"6\" y1=\"6\" x2=\"18\" y2=\"18\"><\/line><\/svg><\/span>\t\t\t\t\t<\/svg>\t\t\t\t<\/span>        <span class=\"wcpt-nm-heading-text wcpt-on-filters-show\">          Filters        <\/span>        <span class=\"wcpt-nm-heading-text wcpt-on-sort-show\">          Sort        <\/span>\t\t\t\t<div class=\"wcpt-nm-action\">\t\t\t\t\t<span class=\"wcpt-nm-reset\">\t\t\t\t\t\tReset\t\t\t\t\t<\/span>\t        <span class=\"wcpt-nm-apply\">\t\t\t\t\t\tApply\t\t\t\t\t<\/span>\t\t\t\t<\/div>      <\/div>      <div class=\"wcpt-navigation wcpt-left-sidebar\">        <div class=\"wcpt-nm-filters\">          <span class=\"wcpt-nm-filters-placeholder\"><\/span>        <\/div>        <div class=\"wcpt-nm-sort\">          <span class=\"wcpt-nm-sort-placeholder\"><\/span>        <\/div>      <\/div>    <\/div>  <\/div><\/div><div class=\"wcpt-no-results  wcpt-device-laptop\" data-wcpt-device=\"laptop\">\t<\/div><div class=\"wcpt-table-scroll-wrapper-outer wcpt-device-tablet\"><div class=\"wcpt-table-scroll-wrapper\"><span class=\"wcpt-icon wcpt-icon-loader wcpt-device-view-loading-icon \"   ><svg xmlns=\"http:\/\/www.w3.org\/2000\/svg\" width=\"24\" height=\"24\" viewBox=\"0 0 24 24\" fill=\"none\" stroke=\"currentColor\" stroke-width=\"2\" stroke-linecap=\"round\" stroke-linejoin=\"round\" class=\"feather feather-loader\"><line x1=\"12\" y1=\"2\" x2=\"12\" y2=\"6\"><\/line><line x1=\"12\" y1=\"18\" x2=\"12\" y2=\"22\"><\/line><line x1=\"4.93\" y1=\"4.93\" x2=\"7.76\" y2=\"7.76\"><\/line><line x1=\"16.24\" y1=\"16.24\" x2=\"19.07\" y2=\"19.07\"><\/line><line x1=\"2\" y1=\"12\" x2=\"6\" y2=\"12\"><\/line><line x1=\"18\" y1=\"12\" x2=\"22\" y2=\"12\"><\/line><line x1=\"4.93\" y1=\"19.07\" x2=\"7.76\" y2=\"16.24\"><\/line><line x1=\"16.24\" y1=\"7.76\" x2=\"19.07\" y2=\"4.93\"><\/line><\/svg><\/span><\/div><\/div><div class=\"wcpt-table-scroll-wrapper-outer wcpt-device-phone\"><div class=\"wcpt-table-scroll-wrapper\"><span class=\"wcpt-icon wcpt-icon-loader wcpt-device-view-loading-icon \"   ><svg xmlns=\"http:\/\/www.w3.org\/2000\/svg\" width=\"24\" height=\"24\" viewBox=\"0 0 24 24\" fill=\"none\" stroke=\"currentColor\" stroke-width=\"2\" stroke-linecap=\"round\" stroke-linejoin=\"round\" class=\"feather feather-loader\"><line x1=\"12\" y1=\"2\" x2=\"12\" y2=\"6\"><\/line><line x1=\"12\" y1=\"18\" x2=\"12\" y2=\"22\"><\/line><line x1=\"4.93\" y1=\"4.93\" x2=\"7.76\" y2=\"7.76\"><\/line><line x1=\"16.24\" y1=\"16.24\" x2=\"19.07\" y2=\"19.07\"><\/line><line x1=\"2\" y1=\"12\" x2=\"6\" y2=\"12\"><\/line><line x1=\"18\" y1=\"12\" x2=\"22\" y2=\"12\"><\/line><line x1=\"4.93\" y1=\"19.07\" x2=\"7.76\" y2=\"16.24\"><\/line><line x1=\"16.24\" y1=\"7.76\" x2=\"19.07\" y2=\"4.93\"><\/line><\/svg><\/span><\/div><\/div><\/div>\n<\/div><\/div><\/div><\/div><\/div>\n","protected":false},"excerpt":{"rendered":"","protected":false},"author":4,"featured_media":0,"parent":661,"menu_order":0,"comment_status":"closed","ping_status":"closed","template":"100-width.php","meta":{"_acf_changed":false,"footnotes":""},"class_list":["post-1082","page","type-page","status-publish","hentry"],"acf":[],"yoast_head":"<!-- This site is optimized with the Yoast SEO Premium plugin v26.7 (Yoast SEO v27.4) - https:\/\/yoast.com\/product\/yoast-seo-premium-wordpress\/ -->\n<title>Garantia do produto - Davey - Reino Unido\/Europa<\/title>\n<meta name=\"robots\" content=\"index, follow, max-snippet:-1, max-image-preview:large, max-video-preview:-1\" \/>\n<link rel=\"canonical\" href=\"https:\/\/daveywater.com\/eu\/pt-pt\/apoio\/garantia-do-produto\/\" \/>\n<meta property=\"og:locale\" content=\"pt_PT\" \/>\n<meta property=\"og:type\" content=\"article\" \/>\n<meta property=\"og:title\" content=\"Garantia do produto\" \/>\n<meta property=\"og:url\" content=\"https:\/\/daveywater.com\/eu\/pt-pt\/apoio\/garantia-do-produto\/\" \/>\n<meta property=\"og:site_name\" content=\"Davey - Reino Unido\/Europa\" \/>\n<meta property=\"article:publisher\" content=\"https:\/\/www.facebook.com\/DaveyWaterProducts\/\" \/>\n<meta property=\"article:modified_time\" content=\"2023-06-18T03:28:11+00:00\" \/>\n<meta name=\"twitter:card\" content=\"summary_large_image\" \/>\n<meta name=\"twitter:label1\" content=\"Tempo estimado de leitura\" \/>\n\t<meta name=\"twitter:data1\" content=\"4 minutos\" \/>\n<script type=\"application\/ld+json\" class=\"yoast-schema-graph\">{\"@context\":\"https:\\\/\\\/schema.org\",\"@graph\":[{\"@type\":\"WebPage\",\"@id\":\"https:\\\/\\\/daveywater.com\\\/eu\\\/pt-pt\\\/apoio\\\/garantia-do-produto\\\/\",\"url\":\"https:\\\/\\\/daveywater.com\\\/eu\\\/pt-pt\\\/apoio\\\/garantia-do-produto\\\/\",\"name\":\"Garantia do produto - Davey - Reino Unido\\\/Europa\",\"isPartOf\":{\"@id\":\"https:\\\/\\\/daveywater.com\\\/eu\\\/pt-pt\\\/#website\"},\"datePublished\":\"2023-03-02T07:37:32+00:00\",\"dateModified\":\"2023-06-18T03:28:11+00:00\",\"breadcrumb\":{\"@id\":\"https:\\\/\\\/daveywater.com\\\/eu\\\/pt-pt\\\/apoio\\\/garantia-do-produto\\\/#breadcrumb\"},\"inLanguage\":\"pt-PT\",\"potentialAction\":[{\"@type\":\"ReadAction\",\"target\":[\"https:\\\/\\\/daveywater.com\\\/eu\\\/pt-pt\\\/apoio\\\/garantia-do-produto\\\/\"]}]},{\"@type\":\"BreadcrumbList\",\"@id\":\"https:\\\/\\\/daveywater.com\\\/eu\\\/pt-pt\\\/apoio\\\/garantia-do-produto\\\/#breadcrumb\",\"itemListElement\":[{\"@type\":\"ListItem\",\"position\":1,\"name\":\"In\u00edcio\",\"item\":\"https:\\\/\\\/daveywater.com\\\/eu\\\/pt-pt\\\/\"},{\"@type\":\"ListItem\",\"position\":2,\"name\":\"Apoio\",\"item\":\"https:\\\/\\\/daveywater.com\\\/eu\\\/pt-pt\\\/apoio\\\/\"},{\"@type\":\"ListItem\",\"position\":3,\"name\":\"Garantia do produto\"}]},{\"@type\":\"WebSite\",\"@id\":\"https:\\\/\\\/daveywater.com\\\/eu\\\/pt-pt\\\/#website\",\"url\":\"https:\\\/\\\/daveywater.com\\\/eu\\\/pt-pt\\\/\",\"name\":\"Davey - Reino Unido\\\/Europa\",\"description\":\"Apenas mais um site da Davey Water\",\"publisher\":{\"@id\":\"https:\\\/\\\/daveywater.com\\\/eu\\\/pt-pt\\\/#organization\"},\"potentialAction\":[{\"@type\":\"SearchAction\",\"target\":{\"@type\":\"EntryPoint\",\"urlTemplate\":\"https:\\\/\\\/daveywater.com\\\/eu\\\/pt-pt\\\/?s={search_term_string}\"},\"query-input\":{\"@type\":\"PropertyValueSpecification\",\"valueRequired\":true,\"valueName\":\"search_term_string\"}}],\"inLanguage\":\"pt-PT\"},{\"@type\":\"Organization\",\"@id\":\"https:\\\/\\\/daveywater.com\\\/eu\\\/pt-pt\\\/#organization\",\"name\":\"Davey Europa\",\"alternateName\":\"Davey\",\"url\":\"https:\\\/\\\/daveywater.com\\\/eu\\\/pt-pt\\\/\",\"logo\":{\"@type\":\"ImageObject\",\"inLanguage\":\"pt-PT\",\"@id\":\"https:\\\/\\\/daveywater.com\\\/eu\\\/pt-pt\\\/#\\\/schema\\\/logo\\\/image\\\/\",\"url\":\"https:\\\/\\\/daveywater.com\\\/eu\\\/wp-content\\\/uploads\\\/sites\\\/5\\\/2023\\\/04\\\/davey-sq-696.png\",\"contentUrl\":\"https:\\\/\\\/daveywater.com\\\/eu\\\/wp-content\\\/uploads\\\/sites\\\/5\\\/2023\\\/04\\\/davey-sq-696.png\",\"width\":696,\"height\":696,\"caption\":\"Davey Europa\"},\"image\":{\"@id\":\"https:\\\/\\\/daveywater.com\\\/eu\\\/pt-pt\\\/#\\\/schema\\\/logo\\\/image\\\/\"},\"sameAs\":[\"https:\\\/\\\/www.facebook.com\\\/DaveyWaterProducts\\\/\",\"https:\\\/\\\/www.linkedin.com\\\/company\\\/davey-water-products\",\"https:\\\/\\\/www.youtube.com\\\/user\\\/DaveyWaterProducts\",\"https:\\\/\\\/www.instagram.com\\\/daveywaterproducts\\\/\"]}]}<\/script>\n<!-- \/ Yoast SEO Premium plugin. -->","yoast_head_json":{"title":"Garantia do produto - Davey - Reino Unido\/Europa","robots":{"index":"index","follow":"follow","max-snippet":"max-snippet:-1","max-image-preview":"max-image-preview:large","max-video-preview":"max-video-preview:-1"},"canonical":"https:\/\/daveywater.com\/eu\/pt-pt\/apoio\/garantia-do-produto\/","og_locale":"pt_PT","og_type":"article","og_title":"Garantia do produto","og_url":"https:\/\/daveywater.com\/eu\/pt-pt\/apoio\/garantia-do-produto\/","og_site_name":"Davey - Reino Unido\/Europa","article_publisher":"https:\/\/www.facebook.com\/DaveyWaterProducts\/","article_modified_time":"2023-06-18T03:28:11+00:00","twitter_card":"summary_large_image","twitter_misc":{"Tempo estimado de leitura":"4 minutos"},"schema":{"@context":"https:\/\/schema.org","@graph":[{"@type":"WebPage","@id":"https:\/\/daveywater.com\/eu\/pt-pt\/apoio\/garantia-do-produto\/","url":"https:\/\/daveywater.com\/eu\/pt-pt\/apoio\/garantia-do-produto\/","name":"Garantia do produto - Davey - Reino Unido\/Europa","isPartOf":{"@id":"https:\/\/daveywater.com\/eu\/pt-pt\/#website"},"datePublished":"2023-03-02T07:37:32+00:00","dateModified":"2023-06-18T03:28:11+00:00","breadcrumb":{"@id":"https:\/\/daveywater.com\/eu\/pt-pt\/apoio\/garantia-do-produto\/#breadcrumb"},"inLanguage":"pt-PT","potentialAction":[{"@type":"ReadAction","target":["https:\/\/daveywater.com\/eu\/pt-pt\/apoio\/garantia-do-produto\/"]}]},{"@type":"BreadcrumbList","@id":"https:\/\/daveywater.com\/eu\/pt-pt\/apoio\/garantia-do-produto\/#breadcrumb","itemListElement":[{"@type":"ListItem","position":1,"name":"In\u00edcio","item":"https:\/\/daveywater.com\/eu\/pt-pt\/"},{"@type":"ListItem","position":2,"name":"Apoio","item":"https:\/\/daveywater.com\/eu\/pt-pt\/apoio\/"},{"@type":"ListItem","position":3,"name":"Garantia do produto"}]},{"@type":"WebSite","@id":"https:\/\/daveywater.com\/eu\/pt-pt\/#website","url":"https:\/\/daveywater.com\/eu\/pt-pt\/","name":"Davey - Reino Unido\/Europa","description":"Apenas mais um site da Davey Water","publisher":{"@id":"https:\/\/daveywater.com\/eu\/pt-pt\/#organization"},"potentialAction":[{"@type":"SearchAction","target":{"@type":"EntryPoint","urlTemplate":"https:\/\/daveywater.com\/eu\/pt-pt\/?s={search_term_string}"},"query-input":{"@type":"PropertyValueSpecification","valueRequired":true,"valueName":"search_term_string"}}],"inLanguage":"pt-PT"},{"@type":"Organization","@id":"https:\/\/daveywater.com\/eu\/pt-pt\/#organization","name":"Davey Europa","alternateName":"Davey","url":"https:\/\/daveywater.com\/eu\/pt-pt\/","logo":{"@type":"ImageObject","inLanguage":"pt-PT","@id":"https:\/\/daveywater.com\/eu\/pt-pt\/#\/schema\/logo\/image\/","url":"https:\/\/daveywater.com\/eu\/wp-content\/uploads\/sites\/5\/2023\/04\/davey-sq-696.png","contentUrl":"https:\/\/daveywater.com\/eu\/wp-content\/uploads\/sites\/5\/2023\/04\/davey-sq-696.png","width":696,"height":696,"caption":"Davey Europa"},"image":{"@id":"https:\/\/daveywater.com\/eu\/pt-pt\/#\/schema\/logo\/image\/"},"sameAs":["https:\/\/www.facebook.com\/DaveyWaterProducts\/","https:\/\/www.linkedin.com\/company\/davey-water-products","https:\/\/www.youtube.com\/user\/DaveyWaterProducts","https:\/\/www.instagram.com\/daveywaterproducts\/"]}]}},"_links":{"self":[{"href":"https:\/\/daveywater.com\/eu\/pt-pt\/wp-json\/wp\/v2\/pages\/1082","targetHints":{"allow":["GET"]}}],"collection":[{"href":"https:\/\/daveywater.com\/eu\/pt-pt\/wp-json\/wp\/v2\/pages"}],"about":[{"href":"https:\/\/daveywater.com\/eu\/pt-pt\/wp-json\/wp\/v2\/types\/page"}],"author":[{"embeddable":true,"href":"https:\/\/daveywater.com\/eu\/pt-pt\/wp-json\/wp\/v2\/users\/4"}],"replies":[{"embeddable":true,"href":"https:\/\/daveywater.com\/eu\/pt-pt\/wp-json\/wp\/v2\/comments?post=1082"}],"version-history":[{"count":0,"href":"https:\/\/daveywater.com\/eu\/pt-pt\/wp-json\/wp\/v2\/pages\/1082\/revisions"}],"up":[{"embeddable":true,"href":"https:\/\/daveywater.com\/eu\/pt-pt\/wp-json\/wp\/v2\/pages\/661"}],"wp:attachment":[{"href":"https:\/\/daveywater.com\/eu\/pt-pt\/wp-json\/wp\/v2\/media?parent=1082"}],"curies":[{"name":"wp","href":"https:\/\/api.w.org\/{rel}","templated":true}]}}