{"id":786,"date":"2023-02-10T23:59:43","date_gmt":"2023-02-10T23:59:43","guid":{"rendered":"https:\/\/daveywater.com\/eu\/sobre-nos\/controlo-de-qualidade\/"},"modified":"2023-06-18T03:28:01","modified_gmt":"2023-06-18T03:28:01","slug":"controlo-de-qualidade","status":"publish","type":"page","link":"https:\/\/daveywater.com\/eu\/pt-pt\/sobre-nos\/controlo-de-qualidade\/","title":{"rendered":"Controlo de qualidade"},"content":{"rendered":"<p><div class=\"fusion-fullwidth fullwidth-box fusion-builder-row-1 fusion-flex-container has-pattern-background has-mask-background hundred-percent-fullwidth non-hundred-percent-height-scrolling\" style=\"--awb-border-radius-top-left:0px;--awb-border-radius-top-right:0px;--awb-border-radius-bottom-right:0px;--awb-border-radius-bottom-left:0px;--awb-margin-top:0px;--awb-margin-bottom:0px;--awb-flex-wrap:wrap;\" ><div class=\"fusion-builder-row fusion-row fusion-flex-align-items-stretch fusion-flex-align-content-space-around fusion-flex-content-wrap\" style=\"width:104% !important;max-width:104% !important;margin-left: calc(-4% \/ 2 );margin-right: calc(-4% \/ 2 );\"><div class=\"fusion-layout-column fusion_builder_column fusion-builder-column-0 fusion_builder_column_1_2 1_2 fusion-flex-column fusion-flex-align-self-stretch hero-50-padding-calc\" style=\"--awb-padding-right-medium:10px;--awb-bg-size:cover;--awb-width-large:50%;--awb-margin-top-large:0px;--awb-spacing-right-large:0px;--awb-margin-bottom-large:0px;--awb-spacing-left-large:0px;--awb-width-medium:50%;--awb-order-medium:0;--awb-spacing-right-medium:0px;--awb-spacing-left-medium:0px;--awb-width-small:100%;--awb-order-small:0;--awb-spacing-right-small:1.92%;--awb-spacing-left-small:1.92%;\"><div class=\"fusion-column-wrapper fusion-column-has-shadow fusion-flex-justify-content-space-evenly fusion-content-layout-column\"><div class=\"fusion-builder-row fusion-builder-row-inner fusion-row fusion-flex-align-items-stretch fusion-flex-align-content-space-around fusion-flex-content-wrap\" style=\"width:104% !important;max-width:104% !important;margin-left: calc(-4% \/ 2 );margin-right: calc(-4% \/ 2 );\"><div class=\"fusion-layout-column fusion_builder_column_inner fusion-builder-nested-column-0 fusion_builder_column_inner_1_1 1_1 fusion-flex-column\" style=\"--awb-bg-size:cover;--awb-width-large:100%;--awb-margin-top-large:0px;--awb-spacing-right-large:1.92%;--awb-margin-bottom-large:40px;--awb-spacing-left-large:1.92%;--awb-width-medium:100%;--awb-order-medium:0;--awb-spacing-right-medium:1.92%;--awb-spacing-left-medium:1.92%;--awb-width-small:100%;--awb-order-small:0;--awb-spacing-right-small:1.92%;--awb-spacing-left-small:1.92%;\"><div class=\"fusion-column-wrapper fusion-column-has-shadow fusion-flex-justify-content-flex-start fusion-content-layout-column\"><nav class=\"fusion-breadcrumbs awb-yoast-breadcrumbs fusion-breadcrumbs-1\" style=\"--awb-margin-top:20px;--awb-breadcrumb-sep:&#039;\/\/&#039;;\" aria-label=\"Breadcrumb\"><span><span><a href=\"https:\/\/daveywater.com\/eu\/pt-pt\/\">In\u00edcio<\/a><\/span><\/span><\/nav><div class=\"fusion-title title fusion-title-1 fusion-sep-none fusion-title-text fusion-title-size-one\" style=\"--awb-margin-top:50px;--awb-font-size:65px;\"><h1 class=\"fusion-title-heading title-heading-left fusion-responsive-typography-calculated\" style=\"margin:0;text-transform:none;font-size:1em;--fontSize:65;line-height:1.2;\">Controlo de qualidade<\/h1><\/div><div class=\"fusion-text fusion-text-1\"><h3 class=\"m-text-template-snippet\"><em>A promessa de fiabilidade \u00e9 fundamental para o que fazemos e \u00e9 com base nela que a nossa reputa\u00e7\u00e3o foi constru\u00edda<\/em><\/h3>\n<div class=\"m-text-template-content\">\n<h4>Os testes e o controlo de qualidade s\u00e3o fundamentais para garantir que o seu produto \u00e9 o melhor poss\u00edvel. Cada um dos nossos produtos \u00e9 testado quanto \u00e0 sua fun\u00e7\u00e3o, desempenho e fugas de press\u00e3o, e n\u00e3o sai da nossa f\u00e1brica at\u00e9 receber o carimbo de aprova\u00e7\u00e3o. Isto significa ligar a bomba \u00e0 corrente el\u00e9ctrica e \u00e0 \u00e1gua e p\u00f4-la a funcionar at\u00e9 \u00e0 press\u00e3o para garantir que tudo est\u00e1 como deve estar. Isto n\u00e3o se consegue numa bomba mais barata!<\/h4>\n<\/div>\n<\/div><\/div><\/div><\/div><\/div><\/div><div class=\"fusion-layout-column fusion_builder_column fusion-builder-column-1 fusion_builder_column_1_2 1_2 fusion-flex-column fusion-flex-align-self-stretch fusion-no-small-visibility\" style=\"--awb-padding-top-medium:12%;--awb-padding-right-medium:8%;--awb-padding-bottom-medium:2%;--awb-padding-left-medium:8%;--awb-bg-image:url(&#039;https:\/\/daveywater.com\/au\/wp-content\/uploads\/sites\/2\/2023\/02\/Quality_Control.jpg&#039;);--awb-bg-size:cover;--awb-width-large:50%;--awb-margin-top-large:0px;--awb-spacing-right-large:0px;--awb-margin-bottom-large:0px;--awb-spacing-left-large:0px;--awb-width-medium:50%;--awb-order-medium:0;--awb-spacing-right-medium:0px;--awb-spacing-left-medium:0px;--awb-width-small:100%;--awb-order-small:0;--awb-spacing-right-small:1.92%;--awb-spacing-left-small:1.92%;\"><div class=\"fusion-column-wrapper fusion-column-has-shadow fusion-flex-justify-content-space-evenly fusion-content-layout-column fusion-empty-column-bg-image fusion-column-has-bg-image\" data-bg-url=\"https:\/\/daveywater.com\/au\/wp-content\/uploads\/sites\/2\/2023\/02\/Quality_Control.jpg\"><img decoding=\"async\" class=\"fusion-empty-dims-img-placeholder fusion-no-large-visibility fusion-no-medium-visibility\" src=\"data:image\/gif;base64,R0lGODlhAQABAAAAACH5BAEKAAEALAAAAAABAAEAAAICTAEAOw==\"><\/div><\/div><\/div><\/div><div class=\"fusion-fullwidth fullwidth-box fusion-builder-row-2 fusion-flex-container has-pattern-background has-mask-background nonhundred-percent-fullwidth non-hundred-percent-height-scrolling\" style=\"--awb-border-radius-top-left:0px;--awb-border-radius-top-right:0px;--awb-border-radius-bottom-right:0px;--awb-border-radius-bottom-left:0px;--awb-padding-top:80px;--awb-padding-bottom:80px;--awb-padding-top-medium:40px;--awb-padding-bottom-medium:40px;--awb-margin-top:0px;--awb-margin-bottom:0px;--awb-background-color:var(--awb-custom_color_3);--awb-flex-wrap:wrap;\" ><div class=\"fusion-builder-row fusion-row fusion-flex-align-items-flex-start fusion-flex-content-wrap\" style=\"max-width:1497.6px;margin-left: calc(-4% \/ 2 );margin-right: calc(-4% \/ 2 );\"><div class=\"fusion-layout-column fusion_builder_column fusion-builder-column-2 fusion_builder_column_1_5 1_5 fusion-flex-column services-column-padding\" style=\"--awb-bg-size:cover;--awb-width-large:20%;--awb-margin-top-large:0px;--awb-spacing-right-large:9.6%;--awb-margin-bottom-large:20px;--awb-spacing-left-large:9.6%;--awb-width-medium:20%;--awb-order-medium:0;--awb-spacing-right-medium:9.6%;--awb-spacing-left-medium:9.6%;--awb-width-small:100%;--awb-order-small:0;--awb-spacing-right-small:1.92%;--awb-spacing-left-small:1.92%;\"><div class=\"fusion-column-wrapper fusion-column-has-shadow fusion-flex-justify-content-flex-start fusion-content-layout-column\"><\/div><\/div><div class=\"fusion-layout-column fusion_builder_column fusion-builder-column-3 fusion_builder_column_3_5 3_5 fusion-flex-column\" style=\"--awb-bg-size:cover;--awb-width-large:60%;--awb-margin-top-large:0px;--awb-spacing-right-large:3.2%;--awb-margin-bottom-large:20px;--awb-spacing-left-large:3.2%;--awb-width-medium:60%;--awb-order-medium:0;--awb-spacing-right-medium:3.2%;--awb-spacing-left-medium:3.2%;--awb-width-small:100%;--awb-order-small:0;--awb-spacing-right-small:1.92%;--awb-spacing-left-small:1.92%;\"><div class=\"fusion-column-wrapper fusion-column-has-shadow fusion-flex-justify-content-flex-start fusion-content-layout-column\"><div class=\"fusion-text fusion-text-2\"><h4>Est\u00e1 provado que as nossas bombas t\u00eam um bom desempenho em alguns dos climas mais rigorosos do mundo. No nosso fabrico, reproduzimos estas condi\u00e7\u00f5es na nossa cabina ambiental, onde as nossas bombas funcionam durante meses a 50\u00b0C e 100% de humidade (isto \u00e9 um pouco quente!).<\/h4>\n<p>At\u00e9 fazemos &#8220;testes de tortura&#8221; \u00e0s nossas bombas e testamo-las regularmente fora da nossa linha de montagem at\u00e9 500.000 ciclos. Isto significa ligar a bomba, elev\u00e1-la \u00e0 press\u00e3o e deslig\u00e1-la novamente, para indicar um ciclo. Este teste \u00e9 equivalente a 10 anos de utiliza\u00e7\u00e3o dom\u00e9stica por uma fam\u00edlia de 4 pessoas, com muitas destas bombas a funcionar durante muito mais tempo, durante 750 000 ou mesmo 1 milh\u00e3o de ciclos!<\/p>\n<p>Para uma longa vida \u00fatil dos rolamentos, precisamos de vibra\u00e7\u00f5es m\u00ednimas e, para isso, verificamos regularmente se os nossos motores est\u00e3o montados no centro perfeito do inv\u00f3lucro do motor.<\/p>\n<p>O motor el\u00e9trico \u00e9 um componente importante e n\u00e3o pode dar-se ao luxo de falhar. Na Davey, levamos os nossos motores muito a s\u00e9rio. Aquecemos os nossos inv\u00f3lucros de motor a 140 graus e encolhemo-los no estator para eliminar a possibilidade de movimento que pode levar a falhas.<\/p>\n<p>Pode confiar na Davey para obter qualidade e fiabilidade, sempre.<\/p>\n<\/div><\/div><\/div><div class=\"fusion-layout-column fusion_builder_column fusion-builder-column-4 fusion_builder_column_1_5 1_5 fusion-flex-column services-column-padding\" style=\"--awb-bg-size:cover;--awb-width-large:20%;--awb-margin-top-large:0px;--awb-spacing-right-large:9.6%;--awb-margin-bottom-large:20px;--awb-spacing-left-large:9.6%;--awb-width-medium:20%;--awb-order-medium:0;--awb-spacing-right-medium:9.6%;--awb-spacing-left-medium:9.6%;--awb-width-small:100%;--awb-order-small:0;--awb-spacing-right-small:1.92%;--awb-spacing-left-small:1.92%;\"><div class=\"fusion-column-wrapper fusion-column-has-shadow fusion-flex-justify-content-flex-start fusion-content-layout-column\"><\/div><\/div><\/div><\/div><\/p>\n","protected":false},"excerpt":{"rendered":"","protected":false},"author":10,"featured_media":0,"parent":766,"menu_order":59,"comment_status":"closed","ping_status":"closed","template":"100-width.php","meta":{"_acf_changed":false,"footnotes":""},"class_list":["post-786","page","type-page","status-publish","hentry"],"acf":[],"yoast_head":"<!-- This site is optimized with the Yoast SEO Premium plugin v26.7 (Yoast SEO v27.4) - https:\/\/yoast.com\/product\/yoast-seo-premium-wordpress\/ -->\n<title>Controlo de Qualidade - Davey - Reino Unido\/Europa<\/title>\n<meta name=\"description\" content=\"Davey Water. Controlo de qualidade. A promessa de fiabilidade \u00e9 fundamental para o que fazemos e \u00e9 com base nela que a nossa reputa\u00e7\u00e3o foi constru\u00edda.\" \/>\n<meta name=\"robots\" content=\"index, follow, max-snippet:-1, max-image-preview:large, max-video-preview:-1\" \/>\n<link rel=\"canonical\" href=\"https:\/\/daveywater.com\/eu\/pt-pt\/sobre-nos\/controlo-de-qualidade\/\" \/>\n<meta property=\"og:locale\" content=\"pt_PT\" \/>\n<meta property=\"og:type\" content=\"article\" \/>\n<meta property=\"og:title\" content=\"Controlo de qualidade\" \/>\n<meta property=\"og:description\" content=\"Davey Water. Controlo de qualidade. A promessa de fiabilidade \u00e9 fundamental para o que fazemos e \u00e9 com base nela que a nossa reputa\u00e7\u00e3o foi constru\u00edda.\" \/>\n<meta property=\"og:url\" content=\"https:\/\/daveywater.com\/eu\/pt-pt\/sobre-nos\/controlo-de-qualidade\/\" \/>\n<meta property=\"og:site_name\" content=\"Davey - Reino Unido\/Europa\" \/>\n<meta property=\"article:publisher\" content=\"https:\/\/www.facebook.com\/DaveyWaterProducts\/\" \/>\n<meta property=\"article:modified_time\" content=\"2023-06-18T03:28:01+00:00\" \/>\n<meta name=\"twitter:card\" content=\"summary_large_image\" \/>\n<meta name=\"twitter:label1\" content=\"Tempo estimado de leitura\" \/>\n\t<meta name=\"twitter:data1\" content=\"19 minutos\" \/>\n<script type=\"application\/ld+json\" class=\"yoast-schema-graph\">{\"@context\":\"https:\\\/\\\/schema.org\",\"@graph\":[{\"@type\":\"WebPage\",\"@id\":\"https:\\\/\\\/daveywater.com\\\/eu\\\/pt-pt\\\/sobre-nos\\\/controlo-de-qualidade\\\/\",\"url\":\"https:\\\/\\\/daveywater.com\\\/eu\\\/pt-pt\\\/sobre-nos\\\/controlo-de-qualidade\\\/\",\"name\":\"Controlo de Qualidade - Davey - Reino Unido\\\/Europa\",\"isPartOf\":{\"@id\":\"https:\\\/\\\/daveywater.com\\\/eu\\\/pt-pt\\\/#website\"},\"datePublished\":\"2023-02-10T23:59:43+00:00\",\"dateModified\":\"2023-06-18T03:28:01+00:00\",\"description\":\"Davey Water. Controlo de qualidade. A promessa de fiabilidade \u00e9 fundamental para o que fazemos e \u00e9 com base nela que a nossa reputa\u00e7\u00e3o foi constru\u00edda.\",\"breadcrumb\":{\"@id\":\"https:\\\/\\\/daveywater.com\\\/eu\\\/pt-pt\\\/sobre-nos\\\/controlo-de-qualidade\\\/#breadcrumb\"},\"inLanguage\":\"pt-PT\",\"potentialAction\":[{\"@type\":\"ReadAction\",\"target\":[\"https:\\\/\\\/daveywater.com\\\/eu\\\/pt-pt\\\/sobre-nos\\\/controlo-de-qualidade\\\/\"]}]},{\"@type\":\"BreadcrumbList\",\"@id\":\"https:\\\/\\\/daveywater.com\\\/eu\\\/pt-pt\\\/sobre-nos\\\/controlo-de-qualidade\\\/#breadcrumb\",\"itemListElement\":[{\"@type\":\"ListItem\",\"position\":1,\"name\":\"In\u00edcio\",\"item\":\"https:\\\/\\\/daveywater.com\\\/eu\\\/pt-pt\\\/\"},{\"@type\":\"ListItem\",\"position\":2,\"name\":\"Sobre n\u00f3s\",\"item\":\"https:\\\/\\\/daveywater.com\\\/eu\\\/pt-pt\\\/sobre-nos\\\/\"},{\"@type\":\"ListItem\",\"position\":3,\"name\":\"Controlo de qualidade\"}]},{\"@type\":\"WebSite\",\"@id\":\"https:\\\/\\\/daveywater.com\\\/eu\\\/pt-pt\\\/#website\",\"url\":\"https:\\\/\\\/daveywater.com\\\/eu\\\/pt-pt\\\/\",\"name\":\"Davey - Reino Unido\\\/Europa\",\"description\":\"Apenas mais um site da Davey Water\",\"publisher\":{\"@id\":\"https:\\\/\\\/daveywater.com\\\/eu\\\/pt-pt\\\/#organization\"},\"potentialAction\":[{\"@type\":\"SearchAction\",\"target\":{\"@type\":\"EntryPoint\",\"urlTemplate\":\"https:\\\/\\\/daveywater.com\\\/eu\\\/pt-pt\\\/?s={search_term_string}\"},\"query-input\":{\"@type\":\"PropertyValueSpecification\",\"valueRequired\":true,\"valueName\":\"search_term_string\"}}],\"inLanguage\":\"pt-PT\"},{\"@type\":\"Organization\",\"@id\":\"https:\\\/\\\/daveywater.com\\\/eu\\\/pt-pt\\\/#organization\",\"name\":\"Davey Europa\",\"alternateName\":\"Davey\",\"url\":\"https:\\\/\\\/daveywater.com\\\/eu\\\/pt-pt\\\/\",\"logo\":{\"@type\":\"ImageObject\",\"inLanguage\":\"pt-PT\",\"@id\":\"https:\\\/\\\/daveywater.com\\\/eu\\\/pt-pt\\\/#\\\/schema\\\/logo\\\/image\\\/\",\"url\":\"https:\\\/\\\/daveywater.com\\\/eu\\\/wp-content\\\/uploads\\\/sites\\\/5\\\/2023\\\/04\\\/davey-sq-696.png\",\"contentUrl\":\"https:\\\/\\\/daveywater.com\\\/eu\\\/wp-content\\\/uploads\\\/sites\\\/5\\\/2023\\\/04\\\/davey-sq-696.png\",\"width\":696,\"height\":696,\"caption\":\"Davey Europa\"},\"image\":{\"@id\":\"https:\\\/\\\/daveywater.com\\\/eu\\\/pt-pt\\\/#\\\/schema\\\/logo\\\/image\\\/\"},\"sameAs\":[\"https:\\\/\\\/www.facebook.com\\\/DaveyWaterProducts\\\/\",\"https:\\\/\\\/www.linkedin.com\\\/company\\\/davey-water-products\",\"https:\\\/\\\/www.youtube.com\\\/user\\\/DaveyWaterProducts\",\"https:\\\/\\\/www.instagram.com\\\/daveywaterproducts\\\/\"]}]}<\/script>\n<!-- \/ Yoast SEO Premium plugin. -->","yoast_head_json":{"title":"Controlo de Qualidade - Davey - Reino Unido\/Europa","description":"Davey Water. Controlo de qualidade. A promessa de fiabilidade \u00e9 fundamental para o que fazemos e \u00e9 com base nela que a nossa reputa\u00e7\u00e3o foi constru\u00edda.","robots":{"index":"index","follow":"follow","max-snippet":"max-snippet:-1","max-image-preview":"max-image-preview:large","max-video-preview":"max-video-preview:-1"},"canonical":"https:\/\/daveywater.com\/eu\/pt-pt\/sobre-nos\/controlo-de-qualidade\/","og_locale":"pt_PT","og_type":"article","og_title":"Controlo de qualidade","og_description":"Davey Water. Controlo de qualidade. A promessa de fiabilidade \u00e9 fundamental para o que fazemos e \u00e9 com base nela que a nossa reputa\u00e7\u00e3o foi constru\u00edda.","og_url":"https:\/\/daveywater.com\/eu\/pt-pt\/sobre-nos\/controlo-de-qualidade\/","og_site_name":"Davey - Reino Unido\/Europa","article_publisher":"https:\/\/www.facebook.com\/DaveyWaterProducts\/","article_modified_time":"2023-06-18T03:28:01+00:00","twitter_card":"summary_large_image","twitter_misc":{"Tempo estimado de leitura":"19 minutos"},"schema":{"@context":"https:\/\/schema.org","@graph":[{"@type":"WebPage","@id":"https:\/\/daveywater.com\/eu\/pt-pt\/sobre-nos\/controlo-de-qualidade\/","url":"https:\/\/daveywater.com\/eu\/pt-pt\/sobre-nos\/controlo-de-qualidade\/","name":"Controlo de Qualidade - Davey - Reino Unido\/Europa","isPartOf":{"@id":"https:\/\/daveywater.com\/eu\/pt-pt\/#website"},"datePublished":"2023-02-10T23:59:43+00:00","dateModified":"2023-06-18T03:28:01+00:00","description":"Davey Water. Controlo de qualidade. A promessa de fiabilidade \u00e9 fundamental para o que fazemos e \u00e9 com base nela que a nossa reputa\u00e7\u00e3o foi constru\u00edda.","breadcrumb":{"@id":"https:\/\/daveywater.com\/eu\/pt-pt\/sobre-nos\/controlo-de-qualidade\/#breadcrumb"},"inLanguage":"pt-PT","potentialAction":[{"@type":"ReadAction","target":["https:\/\/daveywater.com\/eu\/pt-pt\/sobre-nos\/controlo-de-qualidade\/"]}]},{"@type":"BreadcrumbList","@id":"https:\/\/daveywater.com\/eu\/pt-pt\/sobre-nos\/controlo-de-qualidade\/#breadcrumb","itemListElement":[{"@type":"ListItem","position":1,"name":"In\u00edcio","item":"https:\/\/daveywater.com\/eu\/pt-pt\/"},{"@type":"ListItem","position":2,"name":"Sobre n\u00f3s","item":"https:\/\/daveywater.com\/eu\/pt-pt\/sobre-nos\/"},{"@type":"ListItem","position":3,"name":"Controlo de qualidade"}]},{"@type":"WebSite","@id":"https:\/\/daveywater.com\/eu\/pt-pt\/#website","url":"https:\/\/daveywater.com\/eu\/pt-pt\/","name":"Davey - Reino Unido\/Europa","description":"Apenas mais um site da Davey Water","publisher":{"@id":"https:\/\/daveywater.com\/eu\/pt-pt\/#organization"},"potentialAction":[{"@type":"SearchAction","target":{"@type":"EntryPoint","urlTemplate":"https:\/\/daveywater.com\/eu\/pt-pt\/?s={search_term_string}"},"query-input":{"@type":"PropertyValueSpecification","valueRequired":true,"valueName":"search_term_string"}}],"inLanguage":"pt-PT"},{"@type":"Organization","@id":"https:\/\/daveywater.com\/eu\/pt-pt\/#organization","name":"Davey Europa","alternateName":"Davey","url":"https:\/\/daveywater.com\/eu\/pt-pt\/","logo":{"@type":"ImageObject","inLanguage":"pt-PT","@id":"https:\/\/daveywater.com\/eu\/pt-pt\/#\/schema\/logo\/image\/","url":"https:\/\/daveywater.com\/eu\/wp-content\/uploads\/sites\/5\/2023\/04\/davey-sq-696.png","contentUrl":"https:\/\/daveywater.com\/eu\/wp-content\/uploads\/sites\/5\/2023\/04\/davey-sq-696.png","width":696,"height":696,"caption":"Davey Europa"},"image":{"@id":"https:\/\/daveywater.com\/eu\/pt-pt\/#\/schema\/logo\/image\/"},"sameAs":["https:\/\/www.facebook.com\/DaveyWaterProducts\/","https:\/\/www.linkedin.com\/company\/davey-water-products","https:\/\/www.youtube.com\/user\/DaveyWaterProducts","https:\/\/www.instagram.com\/daveywaterproducts\/"]}]}},"_links":{"self":[{"href":"https:\/\/daveywater.com\/eu\/pt-pt\/wp-json\/wp\/v2\/pages\/786","targetHints":{"allow":["GET"]}}],"collection":[{"href":"https:\/\/daveywater.com\/eu\/pt-pt\/wp-json\/wp\/v2\/pages"}],"about":[{"href":"https:\/\/daveywater.com\/eu\/pt-pt\/wp-json\/wp\/v2\/types\/page"}],"author":[{"embeddable":true,"href":"https:\/\/daveywater.com\/eu\/pt-pt\/wp-json\/wp\/v2\/users\/10"}],"replies":[{"embeddable":true,"href":"https:\/\/daveywater.com\/eu\/pt-pt\/wp-json\/wp\/v2\/comments?post=786"}],"version-history":[{"count":0,"href":"https:\/\/daveywater.com\/eu\/pt-pt\/wp-json\/wp\/v2\/pages\/786\/revisions"}],"up":[{"embeddable":true,"href":"https:\/\/daveywater.com\/eu\/pt-pt\/wp-json\/wp\/v2\/pages\/766"}],"wp:attachment":[{"href":"https:\/\/daveywater.com\/eu\/pt-pt\/wp-json\/wp\/v2\/media?parent=786"}],"curies":[{"name":"wp","href":"https:\/\/api.w.org\/{rel}","templated":true}]}}