{"id":896,"date":"2022-09-28T01:46:42","date_gmt":"2022-09-28T01:46:42","guid":{"rendered":"https:\/\/daveywater.com\/eu\/produtos\/"},"modified":"2023-07-02T02:22:13","modified_gmt":"2023-07-02T02:22:13","slug":"produtos","status":"publish","type":"page","link":"https:\/\/daveywater.com\/eu\/pt-pt\/produtos\/","title":{"rendered":"Produtos"},"content":{"rendered":"","protected":false},"excerpt":{"rendered":"","protected":false},"author":1,"featured_media":0,"parent":0,"menu_order":2,"comment_status":"closed","ping_status":"closed","template":"","meta":{"_acf_changed":false,"footnotes":""},"class_list":["post-896","page","type-page","status-publish","hentry"],"acf":[],"yoast_head":"<!-- This site is optimized with the Yoast SEO Premium plugin v26.7 (Yoast SEO v27.4) - https:\/\/yoast.com\/product\/yoast-seo-premium-wordpress\/ -->\n<title>Produtos - Davey - Reino Unido\/Europa<\/title>\n<meta name=\"description\" content=\"Os produtos Davey fornecem solu\u00e7\u00f5es de \u00e1gua para casas, empresas e ambientes agr\u00edcolas. Concentramo-nos na conce\u00e7\u00e3o e constru\u00e7\u00e3o de produtos para transferir, conservar e filtrar a \u00e1gua.\" \/>\n<meta name=\"robots\" content=\"index, follow, max-snippet:-1, max-image-preview:large, max-video-preview:-1\" \/>\n<link rel=\"canonical\" href=\"https:\/\/daveywater.com\/eu\/pt-pt\/produtos\/\" \/>\n<meta property=\"og:locale\" content=\"pt_PT\" \/>\n<meta property=\"og:type\" content=\"article\" \/>\n<meta property=\"og:title\" content=\"Produtos\" \/>\n<meta property=\"og:description\" content=\"Os produtos Davey fornecem solu\u00e7\u00f5es de \u00e1gua para casas, empresas e ambientes agr\u00edcolas. Concentramo-nos na conce\u00e7\u00e3o e constru\u00e7\u00e3o de produtos para transferir, conservar e filtrar a \u00e1gua.\" \/>\n<meta property=\"og:url\" content=\"https:\/\/daveywater.com\/eu\/pt-pt\/produtos\/\" \/>\n<meta property=\"og:site_name\" content=\"Davey - Reino Unido\/Europa\" \/>\n<meta property=\"article:publisher\" content=\"https:\/\/www.facebook.com\/DaveyWaterProducts\/\" \/>\n<meta property=\"article:modified_time\" content=\"2023-07-02T02:22:13+00:00\" \/>\n<meta name=\"twitter:card\" content=\"summary_large_image\" \/>\n<script type=\"application\/ld+json\" class=\"yoast-schema-graph\">{\"@context\":\"https:\\\/\\\/schema.org\",\"@graph\":[{\"@type\":\"WebPage\",\"@id\":\"https:\\\/\\\/daveywater.com\\\/eu\\\/pt-pt\\\/produtos\\\/\",\"url\":\"https:\\\/\\\/daveywater.com\\\/eu\\\/pt-pt\\\/produtos\\\/\",\"name\":\"Produtos - Davey - Reino Unido\\\/Europa\",\"isPartOf\":{\"@id\":\"https:\\\/\\\/daveywater.com\\\/eu\\\/pt-pt\\\/#website\"},\"datePublished\":\"2022-09-28T01:46:42+00:00\",\"dateModified\":\"2023-07-02T02:22:13+00:00\",\"description\":\"Os produtos Davey fornecem solu\u00e7\u00f5es de \u00e1gua para casas, empresas e ambientes agr\u00edcolas. Concentramo-nos na conce\u00e7\u00e3o e constru\u00e7\u00e3o de produtos para transferir, conservar e filtrar a \u00e1gua.\",\"breadcrumb\":{\"@id\":\"https:\\\/\\\/daveywater.com\\\/eu\\\/pt-pt\\\/produtos\\\/#breadcrumb\"},\"inLanguage\":\"pt-PT\",\"potentialAction\":[{\"@type\":\"ReadAction\",\"target\":[\"https:\\\/\\\/daveywater.com\\\/eu\\\/pt-pt\\\/produtos\\\/\"]}]},{\"@type\":\"BreadcrumbList\",\"@id\":\"https:\\\/\\\/daveywater.com\\\/eu\\\/pt-pt\\\/produtos\\\/#breadcrumb\",\"itemListElement\":[{\"@type\":\"ListItem\",\"position\":1,\"name\":\"In\u00edcio\",\"item\":\"https:\\\/\\\/daveywater.com\\\/eu\\\/pt-pt\\\/\"},{\"@type\":\"ListItem\",\"position\":2,\"name\":\"Produtos\"}]},{\"@type\":\"WebSite\",\"@id\":\"https:\\\/\\\/daveywater.com\\\/eu\\\/pt-pt\\\/#website\",\"url\":\"https:\\\/\\\/daveywater.com\\\/eu\\\/pt-pt\\\/\",\"name\":\"Davey - Reino Unido\\\/Europa\",\"description\":\"Apenas mais um site da Davey Water\",\"publisher\":{\"@id\":\"https:\\\/\\\/daveywater.com\\\/eu\\\/pt-pt\\\/#organization\"},\"potentialAction\":[{\"@type\":\"SearchAction\",\"target\":{\"@type\":\"EntryPoint\",\"urlTemplate\":\"https:\\\/\\\/daveywater.com\\\/eu\\\/pt-pt\\\/?s={search_term_string}\"},\"query-input\":{\"@type\":\"PropertyValueSpecification\",\"valueRequired\":true,\"valueName\":\"search_term_string\"}}],\"inLanguage\":\"pt-PT\"},{\"@type\":\"Organization\",\"@id\":\"https:\\\/\\\/daveywater.com\\\/eu\\\/pt-pt\\\/#organization\",\"name\":\"Davey Europa\",\"alternateName\":\"Davey\",\"url\":\"https:\\\/\\\/daveywater.com\\\/eu\\\/pt-pt\\\/\",\"logo\":{\"@type\":\"ImageObject\",\"inLanguage\":\"pt-PT\",\"@id\":\"https:\\\/\\\/daveywater.com\\\/eu\\\/pt-pt\\\/#\\\/schema\\\/logo\\\/image\\\/\",\"url\":\"https:\\\/\\\/daveywater.com\\\/eu\\\/wp-content\\\/uploads\\\/sites\\\/5\\\/2023\\\/04\\\/davey-sq-696.png\",\"contentUrl\":\"https:\\\/\\\/daveywater.com\\\/eu\\\/wp-content\\\/uploads\\\/sites\\\/5\\\/2023\\\/04\\\/davey-sq-696.png\",\"width\":696,\"height\":696,\"caption\":\"Davey Europa\"},\"image\":{\"@id\":\"https:\\\/\\\/daveywater.com\\\/eu\\\/pt-pt\\\/#\\\/schema\\\/logo\\\/image\\\/\"},\"sameAs\":[\"https:\\\/\\\/www.facebook.com\\\/DaveyWaterProducts\\\/\",\"https:\\\/\\\/www.linkedin.com\\\/company\\\/davey-water-products\",\"https:\\\/\\\/www.youtube.com\\\/user\\\/DaveyWaterProducts\",\"https:\\\/\\\/www.instagram.com\\\/daveywaterproducts\\\/\"]}]}<\/script>\n<!-- \/ Yoast SEO Premium plugin. -->","yoast_head_json":{"title":"Produtos - Davey - Reino Unido\/Europa","description":"Os produtos Davey fornecem solu\u00e7\u00f5es de \u00e1gua para casas, empresas e ambientes agr\u00edcolas. Concentramo-nos na conce\u00e7\u00e3o e constru\u00e7\u00e3o de produtos para transferir, conservar e filtrar a \u00e1gua.","robots":{"index":"index","follow":"follow","max-snippet":"max-snippet:-1","max-image-preview":"max-image-preview:large","max-video-preview":"max-video-preview:-1"},"canonical":"https:\/\/daveywater.com\/eu\/pt-pt\/produtos\/","og_locale":"pt_PT","og_type":"article","og_title":"Produtos","og_description":"Os produtos Davey fornecem solu\u00e7\u00f5es de \u00e1gua para casas, empresas e ambientes agr\u00edcolas. Concentramo-nos na conce\u00e7\u00e3o e constru\u00e7\u00e3o de produtos para transferir, conservar e filtrar a \u00e1gua.","og_url":"https:\/\/daveywater.com\/eu\/pt-pt\/produtos\/","og_site_name":"Davey - Reino Unido\/Europa","article_publisher":"https:\/\/www.facebook.com\/DaveyWaterProducts\/","article_modified_time":"2023-07-02T02:22:13+00:00","twitter_card":"summary_large_image","schema":{"@context":"https:\/\/schema.org","@graph":[{"@type":"WebPage","@id":"https:\/\/daveywater.com\/eu\/pt-pt\/produtos\/","url":"https:\/\/daveywater.com\/eu\/pt-pt\/produtos\/","name":"Produtos - Davey - Reino Unido\/Europa","isPartOf":{"@id":"https:\/\/daveywater.com\/eu\/pt-pt\/#website"},"datePublished":"2022-09-28T01:46:42+00:00","dateModified":"2023-07-02T02:22:13+00:00","description":"Os produtos Davey fornecem solu\u00e7\u00f5es de \u00e1gua para casas, empresas e ambientes agr\u00edcolas. Concentramo-nos na conce\u00e7\u00e3o e constru\u00e7\u00e3o de produtos para transferir, conservar e filtrar a \u00e1gua.","breadcrumb":{"@id":"https:\/\/daveywater.com\/eu\/pt-pt\/produtos\/#breadcrumb"},"inLanguage":"pt-PT","potentialAction":[{"@type":"ReadAction","target":["https:\/\/daveywater.com\/eu\/pt-pt\/produtos\/"]}]},{"@type":"BreadcrumbList","@id":"https:\/\/daveywater.com\/eu\/pt-pt\/produtos\/#breadcrumb","itemListElement":[{"@type":"ListItem","position":1,"name":"In\u00edcio","item":"https:\/\/daveywater.com\/eu\/pt-pt\/"},{"@type":"ListItem","position":2,"name":"Produtos"}]},{"@type":"WebSite","@id":"https:\/\/daveywater.com\/eu\/pt-pt\/#website","url":"https:\/\/daveywater.com\/eu\/pt-pt\/","name":"Davey - Reino Unido\/Europa","description":"Apenas mais um site da Davey Water","publisher":{"@id":"https:\/\/daveywater.com\/eu\/pt-pt\/#organization"},"potentialAction":[{"@type":"SearchAction","target":{"@type":"EntryPoint","urlTemplate":"https:\/\/daveywater.com\/eu\/pt-pt\/?s={search_term_string}"},"query-input":{"@type":"PropertyValueSpecification","valueRequired":true,"valueName":"search_term_string"}}],"inLanguage":"pt-PT"},{"@type":"Organization","@id":"https:\/\/daveywater.com\/eu\/pt-pt\/#organization","name":"Davey Europa","alternateName":"Davey","url":"https:\/\/daveywater.com\/eu\/pt-pt\/","logo":{"@type":"ImageObject","inLanguage":"pt-PT","@id":"https:\/\/daveywater.com\/eu\/pt-pt\/#\/schema\/logo\/image\/","url":"https:\/\/daveywater.com\/eu\/wp-content\/uploads\/sites\/5\/2023\/04\/davey-sq-696.png","contentUrl":"https:\/\/daveywater.com\/eu\/wp-content\/uploads\/sites\/5\/2023\/04\/davey-sq-696.png","width":696,"height":696,"caption":"Davey Europa"},"image":{"@id":"https:\/\/daveywater.com\/eu\/pt-pt\/#\/schema\/logo\/image\/"},"sameAs":["https:\/\/www.facebook.com\/DaveyWaterProducts\/","https:\/\/www.linkedin.com\/company\/davey-water-products","https:\/\/www.youtube.com\/user\/DaveyWaterProducts","https:\/\/www.instagram.com\/daveywaterproducts\/"]}]}},"_links":{"self":[{"href":"https:\/\/daveywater.com\/eu\/pt-pt\/wp-json\/wp\/v2\/pages\/896","targetHints":{"allow":["GET"]}}],"collection":[{"href":"https:\/\/daveywater.com\/eu\/pt-pt\/wp-json\/wp\/v2\/pages"}],"about":[{"href":"https:\/\/daveywater.com\/eu\/pt-pt\/wp-json\/wp\/v2\/types\/page"}],"author":[{"embeddable":true,"href":"https:\/\/daveywater.com\/eu\/pt-pt\/wp-json\/wp\/v2\/users\/1"}],"replies":[{"embeddable":true,"href":"https:\/\/daveywater.com\/eu\/pt-pt\/wp-json\/wp\/v2\/comments?post=896"}],"version-history":[{"count":0,"href":"https:\/\/daveywater.com\/eu\/pt-pt\/wp-json\/wp\/v2\/pages\/896\/revisions"}],"wp:attachment":[{"href":"https:\/\/daveywater.com\/eu\/pt-pt\/wp-json\/wp\/v2\/media?parent=896"}],"curies":[{"name":"wp","href":"https:\/\/api.w.org\/{rel}","templated":true}]}}