{"id":3921,"date":"2023-04-13T04:08:40","date_gmt":"2023-04-13T04:08:40","guid":{"rendered":"https:\/\/daveywater.com\/eu\/product\/silensor\/"},"modified":"2025-04-11T02:59:42","modified_gmt":"2025-04-11T02:59:42","slug":"silenciador","status":"publish","type":"product","link":"https:\/\/daveywater.com\/eu\/pt-pt\/produto\/silenciador\/","title":{"rendered":"Silensor"},"content":{"rendered":"<p>Com um motor de conce\u00e7\u00e3o revolucion\u00e1ria arrefecido a \u00e1gua, a bomba de piscina Silensor permite uma utiliza\u00e7\u00e3o eficaz durante todo o ano. Um n\u00edvel de ru\u00eddo super silencioso permite-lhe fazer funcionar a sua bomba a qualquer hora do dia ou da noite, tornando-a a bomba de piscina de velocidade \u00fanica perfeita para qualquer utiliza\u00e7\u00e3o residencial, para filtragem, elementos de \u00e1gua, limpeza, retrolavagem de filtros de meios residenciais com facilidade.<\/p>\n<p>Adequado para piscinas de \u00e1gua salgada e dispon\u00edvel em modelos monof\u00e1sicos e trif\u00e1sicos, com caudais at\u00e9 <sup>24<\/sup> m3\/h, o Silensor n\u00e3o necessita de ventila\u00e7\u00e3o, o que significa mais flexibilidade para o instalador, e um corte t\u00e9rmico autom\u00e1tico incorporado significa que n\u00e3o h\u00e1 necessidade de um interrutor de seguran\u00e7a separado.<\/p>\n","protected":false},"excerpt":{"rendered":"<p>Silencioso e eficaz<\/p>\n","protected":false},"featured_media":5213,"comment_status":"closed","ping_status":"closed","template":"","meta":{"_acf_changed":false},"product_brand":[],"product_cat":[155],"product_tag":[],"class_list":{"0":"post-3921","1":"product","2":"type-product","3":"status-publish","4":"has-post-thumbnail","6":"product_cat-bombas-e-filtros-para-piscinas","8":"first","9":"instock","10":"shipping-taxable","11":"product-type-simple"},"acf":[],"yoast_head":"<!-- This site is optimized with the Yoast SEO Premium plugin v26.7 (Yoast SEO v27.4) - https:\/\/yoast.com\/product\/yoast-seo-premium-wordpress\/ -->\n<title>Silensor - Davey - Reino Unido\/Europa<\/title>\n<meta name=\"description\" content=\"Com um design revolucion\u00e1rio de motor arrefecido a \u00e1gua, a bomba de piscina Davey Water Silensor oferece uma utiliza\u00e7\u00e3o eficiente durante todo o ano, permitindo-lhe fazer funcionar a sua bomba em qualquer altura.\" \/>\n<meta name=\"robots\" content=\"index, follow, max-snippet:-1, max-image-preview:large, max-video-preview:-1\" \/>\n<link rel=\"canonical\" href=\"https:\/\/daveywater.com\/eu\/pt-pt\/produto\/silenciador\/\" \/>\n<meta property=\"og:locale\" content=\"pt_PT\" \/>\n<meta property=\"og:type\" content=\"article\" \/>\n<meta property=\"og:title\" content=\"Silensor\" \/>\n<meta property=\"og:description\" content=\"Com um design revolucion\u00e1rio de motor arrefecido a \u00e1gua, a bomba de piscina Davey Water Silensor oferece uma utiliza\u00e7\u00e3o eficiente durante todo o ano, permitindo-lhe fazer funcionar a sua bomba em qualquer altura.\" \/>\n<meta property=\"og:url\" content=\"https:\/\/daveywater.com\/eu\/pt-pt\/produto\/silenciador\/\" \/>\n<meta property=\"og:site_name\" content=\"Davey - Reino Unido\/Europa\" \/>\n<meta property=\"article:publisher\" content=\"https:\/\/www.facebook.com\/DaveyWaterProducts\/\" \/>\n<meta property=\"article:modified_time\" content=\"2025-04-11T02:59:42+00:00\" \/>\n<meta property=\"og:image\" content=\"https:\/\/daveywater.com\/eu\/wp-content\/uploads\/sites\/5\/2023\/04\/Pool-Pump-SLL200-Silensor.png\" \/>\n\t<meta property=\"og:image:width\" content=\"1200\" \/>\n\t<meta property=\"og:image:height\" content=\"910\" \/>\n\t<meta property=\"og:image:type\" content=\"image\/png\" \/>\n<meta name=\"twitter:card\" content=\"summary_large_image\" \/>\n<meta name=\"twitter:label1\" content=\"Tempo estimado de leitura\" \/>\n\t<meta name=\"twitter:data1\" content=\"1 minuto\" \/>\n<script type=\"application\/ld+json\" class=\"yoast-schema-graph\">{\"@context\":\"https:\\\/\\\/schema.org\",\"@graph\":[{\"@type\":\"WebPage\",\"@id\":\"https:\\\/\\\/daveywater.com\\\/eu\\\/pt-pt\\\/produto\\\/silenciador\\\/\",\"url\":\"https:\\\/\\\/daveywater.com\\\/eu\\\/pt-pt\\\/produto\\\/silenciador\\\/\",\"name\":\"Silensor - Davey - Reino Unido\\\/Europa\",\"isPartOf\":{\"@id\":\"https:\\\/\\\/daveywater.com\\\/eu\\\/pt-pt\\\/#website\"},\"primaryImageOfPage\":{\"@id\":\"https:\\\/\\\/daveywater.com\\\/eu\\\/pt-pt\\\/produto\\\/silenciador\\\/#primaryimage\"},\"image\":{\"@id\":\"https:\\\/\\\/daveywater.com\\\/eu\\\/pt-pt\\\/produto\\\/silenciador\\\/#primaryimage\"},\"thumbnailUrl\":\"https:\\\/\\\/daveywater.com\\\/eu\\\/wp-content\\\/uploads\\\/sites\\\/5\\\/2023\\\/04\\\/Pool-Pump-SLL200-Silensor.png\",\"datePublished\":\"2023-04-13T04:08:40+00:00\",\"dateModified\":\"2025-04-11T02:59:42+00:00\",\"description\":\"Com um design revolucion\u00e1rio de motor arrefecido a \u00e1gua, a bomba de piscina Davey Water Silensor oferece uma utiliza\u00e7\u00e3o eficiente durante todo o ano, permitindo-lhe fazer funcionar a sua bomba em qualquer altura.\",\"breadcrumb\":{\"@id\":\"https:\\\/\\\/daveywater.com\\\/eu\\\/pt-pt\\\/produto\\\/silenciador\\\/#breadcrumb\"},\"inLanguage\":\"pt-PT\",\"potentialAction\":[{\"@type\":\"ReadAction\",\"target\":[\"https:\\\/\\\/daveywater.com\\\/eu\\\/pt-pt\\\/produto\\\/silenciador\\\/\"]}]},{\"@type\":\"ImageObject\",\"inLanguage\":\"pt-PT\",\"@id\":\"https:\\\/\\\/daveywater.com\\\/eu\\\/pt-pt\\\/produto\\\/silenciador\\\/#primaryimage\",\"url\":\"https:\\\/\\\/daveywater.com\\\/eu\\\/wp-content\\\/uploads\\\/sites\\\/5\\\/2023\\\/04\\\/Pool-Pump-SLL200-Silensor.png\",\"contentUrl\":\"https:\\\/\\\/daveywater.com\\\/eu\\\/wp-content\\\/uploads\\\/sites\\\/5\\\/2023\\\/04\\\/Pool-Pump-SLL200-Silensor.png\",\"width\":1200,\"height\":910},{\"@type\":\"BreadcrumbList\",\"@id\":\"https:\\\/\\\/daveywater.com\\\/eu\\\/pt-pt\\\/produto\\\/silenciador\\\/#breadcrumb\",\"itemListElement\":[{\"@type\":\"ListItem\",\"position\":1,\"name\":\"In\u00edcio\",\"item\":\"https:\\\/\\\/daveywater.com\\\/eu\\\/pt-pt\\\/\"},{\"@type\":\"ListItem\",\"position\":2,\"name\":\"Produtos\",\"item\":\"https:\\\/\\\/daveywater.com\\\/eu\\\/pt-pt\\\/products\\\/\"},{\"@type\":\"ListItem\",\"position\":3,\"name\":\"Bombas e filtros para piscinas\",\"item\":\"https:\\\/\\\/daveywater.com\\\/eu\\\/pt-pt\\\/produtos\\\/bombas-e-filtros-para-piscinas\\\/\"},{\"@type\":\"ListItem\",\"position\":4,\"name\":\"Silensor\"}]},{\"@type\":\"WebSite\",\"@id\":\"https:\\\/\\\/daveywater.com\\\/eu\\\/pt-pt\\\/#website\",\"url\":\"https:\\\/\\\/daveywater.com\\\/eu\\\/pt-pt\\\/\",\"name\":\"Davey - Reino Unido\\\/Europa\",\"description\":\"Apenas mais um site da Davey Water\",\"publisher\":{\"@id\":\"https:\\\/\\\/daveywater.com\\\/eu\\\/pt-pt\\\/#organization\"},\"potentialAction\":[{\"@type\":\"SearchAction\",\"target\":{\"@type\":\"EntryPoint\",\"urlTemplate\":\"https:\\\/\\\/daveywater.com\\\/eu\\\/pt-pt\\\/?s={search_term_string}\"},\"query-input\":{\"@type\":\"PropertyValueSpecification\",\"valueRequired\":true,\"valueName\":\"search_term_string\"}}],\"inLanguage\":\"pt-PT\"},{\"@type\":\"Organization\",\"@id\":\"https:\\\/\\\/daveywater.com\\\/eu\\\/pt-pt\\\/#organization\",\"name\":\"Davey Europa\",\"alternateName\":\"Davey\",\"url\":\"https:\\\/\\\/daveywater.com\\\/eu\\\/pt-pt\\\/\",\"logo\":{\"@type\":\"ImageObject\",\"inLanguage\":\"pt-PT\",\"@id\":\"https:\\\/\\\/daveywater.com\\\/eu\\\/pt-pt\\\/#\\\/schema\\\/logo\\\/image\\\/\",\"url\":\"https:\\\/\\\/daveywater.com\\\/eu\\\/wp-content\\\/uploads\\\/sites\\\/5\\\/2023\\\/04\\\/davey-sq-696.png\",\"contentUrl\":\"https:\\\/\\\/daveywater.com\\\/eu\\\/wp-content\\\/uploads\\\/sites\\\/5\\\/2023\\\/04\\\/davey-sq-696.png\",\"width\":696,\"height\":696,\"caption\":\"Davey Europa\"},\"image\":{\"@id\":\"https:\\\/\\\/daveywater.com\\\/eu\\\/pt-pt\\\/#\\\/schema\\\/logo\\\/image\\\/\"},\"sameAs\":[\"https:\\\/\\\/www.facebook.com\\\/DaveyWaterProducts\\\/\",\"https:\\\/\\\/www.linkedin.com\\\/company\\\/davey-water-products\",\"https:\\\/\\\/www.youtube.com\\\/user\\\/DaveyWaterProducts\",\"https:\\\/\\\/www.instagram.com\\\/daveywaterproducts\\\/\"]}]}<\/script>\n<!-- \/ Yoast SEO Premium plugin. -->","yoast_head_json":{"title":"Silensor - Davey - Reino Unido\/Europa","description":"Com um design revolucion\u00e1rio de motor arrefecido a \u00e1gua, a bomba de piscina Davey Water Silensor oferece uma utiliza\u00e7\u00e3o eficiente durante todo o ano, permitindo-lhe fazer funcionar a sua bomba em qualquer altura.","robots":{"index":"index","follow":"follow","max-snippet":"max-snippet:-1","max-image-preview":"max-image-preview:large","max-video-preview":"max-video-preview:-1"},"canonical":"https:\/\/daveywater.com\/eu\/pt-pt\/produto\/silenciador\/","og_locale":"pt_PT","og_type":"article","og_title":"Silensor","og_description":"Com um design revolucion\u00e1rio de motor arrefecido a \u00e1gua, a bomba de piscina Davey Water Silensor oferece uma utiliza\u00e7\u00e3o eficiente durante todo o ano, permitindo-lhe fazer funcionar a sua bomba em qualquer altura.","og_url":"https:\/\/daveywater.com\/eu\/pt-pt\/produto\/silenciador\/","og_site_name":"Davey - Reino Unido\/Europa","article_publisher":"https:\/\/www.facebook.com\/DaveyWaterProducts\/","article_modified_time":"2025-04-11T02:59:42+00:00","og_image":[{"width":1200,"height":910,"url":"https:\/\/daveywater.com\/eu\/wp-content\/uploads\/sites\/5\/2023\/04\/Pool-Pump-SLL200-Silensor.png","type":"image\/png"}],"twitter_card":"summary_large_image","twitter_misc":{"Tempo estimado de leitura":"1 minuto"},"schema":{"@context":"https:\/\/schema.org","@graph":[{"@type":"WebPage","@id":"https:\/\/daveywater.com\/eu\/pt-pt\/produto\/silenciador\/","url":"https:\/\/daveywater.com\/eu\/pt-pt\/produto\/silenciador\/","name":"Silensor - Davey - Reino Unido\/Europa","isPartOf":{"@id":"https:\/\/daveywater.com\/eu\/pt-pt\/#website"},"primaryImageOfPage":{"@id":"https:\/\/daveywater.com\/eu\/pt-pt\/produto\/silenciador\/#primaryimage"},"image":{"@id":"https:\/\/daveywater.com\/eu\/pt-pt\/produto\/silenciador\/#primaryimage"},"thumbnailUrl":"https:\/\/daveywater.com\/eu\/wp-content\/uploads\/sites\/5\/2023\/04\/Pool-Pump-SLL200-Silensor.png","datePublished":"2023-04-13T04:08:40+00:00","dateModified":"2025-04-11T02:59:42+00:00","description":"Com um design revolucion\u00e1rio de motor arrefecido a \u00e1gua, a bomba de piscina Davey Water Silensor oferece uma utiliza\u00e7\u00e3o eficiente durante todo o ano, permitindo-lhe fazer funcionar a sua bomba em qualquer altura.","breadcrumb":{"@id":"https:\/\/daveywater.com\/eu\/pt-pt\/produto\/silenciador\/#breadcrumb"},"inLanguage":"pt-PT","potentialAction":[{"@type":"ReadAction","target":["https:\/\/daveywater.com\/eu\/pt-pt\/produto\/silenciador\/"]}]},{"@type":"ImageObject","inLanguage":"pt-PT","@id":"https:\/\/daveywater.com\/eu\/pt-pt\/produto\/silenciador\/#primaryimage","url":"https:\/\/daveywater.com\/eu\/wp-content\/uploads\/sites\/5\/2023\/04\/Pool-Pump-SLL200-Silensor.png","contentUrl":"https:\/\/daveywater.com\/eu\/wp-content\/uploads\/sites\/5\/2023\/04\/Pool-Pump-SLL200-Silensor.png","width":1200,"height":910},{"@type":"BreadcrumbList","@id":"https:\/\/daveywater.com\/eu\/pt-pt\/produto\/silenciador\/#breadcrumb","itemListElement":[{"@type":"ListItem","position":1,"name":"In\u00edcio","item":"https:\/\/daveywater.com\/eu\/pt-pt\/"},{"@type":"ListItem","position":2,"name":"Produtos","item":"https:\/\/daveywater.com\/eu\/pt-pt\/products\/"},{"@type":"ListItem","position":3,"name":"Bombas e filtros para piscinas","item":"https:\/\/daveywater.com\/eu\/pt-pt\/produtos\/bombas-e-filtros-para-piscinas\/"},{"@type":"ListItem","position":4,"name":"Silensor"}]},{"@type":"WebSite","@id":"https:\/\/daveywater.com\/eu\/pt-pt\/#website","url":"https:\/\/daveywater.com\/eu\/pt-pt\/","name":"Davey - Reino Unido\/Europa","description":"Apenas mais um site da Davey Water","publisher":{"@id":"https:\/\/daveywater.com\/eu\/pt-pt\/#organization"},"potentialAction":[{"@type":"SearchAction","target":{"@type":"EntryPoint","urlTemplate":"https:\/\/daveywater.com\/eu\/pt-pt\/?s={search_term_string}"},"query-input":{"@type":"PropertyValueSpecification","valueRequired":true,"valueName":"search_term_string"}}],"inLanguage":"pt-PT"},{"@type":"Organization","@id":"https:\/\/daveywater.com\/eu\/pt-pt\/#organization","name":"Davey Europa","alternateName":"Davey","url":"https:\/\/daveywater.com\/eu\/pt-pt\/","logo":{"@type":"ImageObject","inLanguage":"pt-PT","@id":"https:\/\/daveywater.com\/eu\/pt-pt\/#\/schema\/logo\/image\/","url":"https:\/\/daveywater.com\/eu\/wp-content\/uploads\/sites\/5\/2023\/04\/davey-sq-696.png","contentUrl":"https:\/\/daveywater.com\/eu\/wp-content\/uploads\/sites\/5\/2023\/04\/davey-sq-696.png","width":696,"height":696,"caption":"Davey Europa"},"image":{"@id":"https:\/\/daveywater.com\/eu\/pt-pt\/#\/schema\/logo\/image\/"},"sameAs":["https:\/\/www.facebook.com\/DaveyWaterProducts\/","https:\/\/www.linkedin.com\/company\/davey-water-products","https:\/\/www.youtube.com\/user\/DaveyWaterProducts","https:\/\/www.instagram.com\/daveywaterproducts\/"]}]}},"_links":{"self":[{"href":"https:\/\/daveywater.com\/eu\/pt-pt\/wp-json\/wp\/v2\/product\/3921","targetHints":{"allow":["GET"]}}],"collection":[{"href":"https:\/\/daveywater.com\/eu\/pt-pt\/wp-json\/wp\/v2\/product"}],"about":[{"href":"https:\/\/daveywater.com\/eu\/pt-pt\/wp-json\/wp\/v2\/types\/product"}],"replies":[{"embeddable":true,"href":"https:\/\/daveywater.com\/eu\/pt-pt\/wp-json\/wp\/v2\/comments?post=3921"}],"wp:featuredmedia":[{"embeddable":true,"href":"https:\/\/daveywater.com\/eu\/pt-pt\/wp-json\/wp\/v2\/media\/5213"}],"wp:attachment":[{"href":"https:\/\/daveywater.com\/eu\/pt-pt\/wp-json\/wp\/v2\/media?parent=3921"}],"wp:term":[{"taxonomy":"product_brand","embeddable":true,"href":"https:\/\/daveywater.com\/eu\/pt-pt\/wp-json\/wp\/v2\/product_brand?post=3921"},{"taxonomy":"product_cat","embeddable":true,"href":"https:\/\/daveywater.com\/eu\/pt-pt\/wp-json\/wp\/v2\/product_cat?post=3921"},{"taxonomy":"product_tag","embeddable":true,"href":"https:\/\/daveywater.com\/eu\/pt-pt\/wp-json\/wp\/v2\/product_tag?post=3921"}],"curies":[{"name":"wp","href":"https:\/\/api.w.org\/{rel}","templated":true}]}}