{"id":3992,"date":"2023-04-13T06:21:31","date_gmt":"2023-04-13T06:21:31","guid":{"rendered":"https:\/\/daveywater.com\/eu\/product\/salva-vidas-promatic\/"},"modified":"2024-12-11T21:52:22","modified_gmt":"2024-12-11T21:52:22","slug":"promatic-lifeguard","status":"publish","type":"product","link":"https:\/\/daveywater.com\/eu\/pt-pt\/produto\/promatic-lifeguard\/","title":{"rendered":"ProMatic Lifeguard"},"content":{"rendered":"<p>O ProMatic Lifeguard \u00e9 um <strong>sistema completo de controlo qu\u00edmico e de clora\u00e7\u00e3o da piscina<\/strong>. Habilitado com WiFi e com uma aplica\u00e7\u00e3o totalmente integrada, o ProMatic Lifeguard permite a monitoriza\u00e7\u00e3o e controlo remoto da piscina e oferece a flexibilidade de clora\u00e7\u00e3o salina ou mineral.<\/p>\n<p>O ProMatic Lifeguard utiliza: sensor de pH e dosagem de \u00e1cido, controlo ORP, medi\u00e7\u00f5es de temperatura e sal, para um equil\u00edbrio sem esfor\u00e7o da piscina. Inclui um corte por falta de sal para proteger a c\u00e9lula e um modo de refor\u00e7o para clora\u00e7\u00e3o adicional durante os per\u00edodos de carga pesada dos banhistas.<\/p>\n","protected":false},"excerpt":{"rendered":"<p>Sistema qu\u00edmico completo para piscinas<\/p>\n","protected":false},"featured_media":4628,"comment_status":"closed","ping_status":"closed","template":"","meta":{"_acf_changed":false},"product_brand":[],"product_cat":[159],"product_tag":[160,161],"class_list":{"0":"post-3992","1":"product","2":"type-product","3":"status-publish","4":"has-post-thumbnail","6":"product_cat-cloradores","7":"product_tag-controlo-da-piscina","8":"product_tag-sanitizacao","10":"first","11":"instock","12":"shipping-taxable","13":"product-type-simple"},"acf":[],"yoast_head":"<!-- This site is optimized with the Yoast SEO Premium plugin v26.7 (Yoast SEO v27.4) - https:\/\/yoast.com\/product\/yoast-seo-premium-wordpress\/ -->\n<title>Salva-vidas ProMatic - Davey - Reino Unido\/Europa<\/title>\n<meta name=\"robots\" content=\"index, follow, max-snippet:-1, max-image-preview:large, max-video-preview:-1\" \/>\n<link rel=\"canonical\" href=\"https:\/\/daveywater.com\/eu\/pt-pt\/produto\/promatic-lifeguard\/\" \/>\n<meta property=\"og:locale\" content=\"pt_PT\" \/>\n<meta property=\"og:type\" content=\"article\" \/>\n<meta property=\"og:title\" content=\"ProMatic Lifeguard\" \/>\n<meta property=\"og:description\" content=\"Sistema qu\u00edmico completo para piscinas\" \/>\n<meta property=\"og:url\" content=\"https:\/\/daveywater.com\/eu\/pt-pt\/produto\/promatic-lifeguard\/\" \/>\n<meta property=\"og:site_name\" content=\"Davey - Reino Unido\/Europa\" \/>\n<meta property=\"article:publisher\" content=\"https:\/\/www.facebook.com\/DaveyWaterProducts\/\" \/>\n<meta property=\"article:modified_time\" content=\"2024-12-11T21:52:22+00:00\" \/>\n<meta property=\"og:image\" content=\"https:\/\/daveywater.com\/eu\/wp-content\/uploads\/sites\/5\/2023\/04\/DPLGEU15E-ProMaticLifeguard-ProductHero.png\" \/>\n\t<meta property=\"og:image:width\" content=\"1200\" \/>\n\t<meta property=\"og:image:height\" content=\"910\" \/>\n\t<meta property=\"og:image:type\" content=\"image\/png\" \/>\n<meta name=\"twitter:card\" content=\"summary_large_image\" \/>\n<meta name=\"twitter:label1\" content=\"Tempo estimado de leitura\" \/>\n\t<meta name=\"twitter:data1\" content=\"1 minuto\" \/>\n<script type=\"application\/ld+json\" class=\"yoast-schema-graph\">{\"@context\":\"https:\\\/\\\/schema.org\",\"@graph\":[{\"@type\":\"WebPage\",\"@id\":\"https:\\\/\\\/daveywater.com\\\/eu\\\/pt-pt\\\/produto\\\/promatic-lifeguard\\\/\",\"url\":\"https:\\\/\\\/daveywater.com\\\/eu\\\/pt-pt\\\/produto\\\/promatic-lifeguard\\\/\",\"name\":\"Salva-vidas ProMatic - Davey - Reino Unido\\\/Europa\",\"isPartOf\":{\"@id\":\"https:\\\/\\\/daveywater.com\\\/eu\\\/pt-pt\\\/#website\"},\"primaryImageOfPage\":{\"@id\":\"https:\\\/\\\/daveywater.com\\\/eu\\\/pt-pt\\\/produto\\\/promatic-lifeguard\\\/#primaryimage\"},\"image\":{\"@id\":\"https:\\\/\\\/daveywater.com\\\/eu\\\/pt-pt\\\/produto\\\/promatic-lifeguard\\\/#primaryimage\"},\"thumbnailUrl\":\"https:\\\/\\\/daveywater.com\\\/eu\\\/wp-content\\\/uploads\\\/sites\\\/5\\\/2023\\\/04\\\/DPLGEU15E-ProMaticLifeguard-ProductHero.png\",\"datePublished\":\"2023-04-13T06:21:31+00:00\",\"dateModified\":\"2024-12-11T21:52:22+00:00\",\"breadcrumb\":{\"@id\":\"https:\\\/\\\/daveywater.com\\\/eu\\\/pt-pt\\\/produto\\\/promatic-lifeguard\\\/#breadcrumb\"},\"inLanguage\":\"pt-PT\",\"potentialAction\":[{\"@type\":\"ReadAction\",\"target\":[\"https:\\\/\\\/daveywater.com\\\/eu\\\/pt-pt\\\/produto\\\/promatic-lifeguard\\\/\"]}]},{\"@type\":\"ImageObject\",\"inLanguage\":\"pt-PT\",\"@id\":\"https:\\\/\\\/daveywater.com\\\/eu\\\/pt-pt\\\/produto\\\/promatic-lifeguard\\\/#primaryimage\",\"url\":\"https:\\\/\\\/daveywater.com\\\/eu\\\/wp-content\\\/uploads\\\/sites\\\/5\\\/2023\\\/04\\\/DPLGEU15E-ProMaticLifeguard-ProductHero.png\",\"contentUrl\":\"https:\\\/\\\/daveywater.com\\\/eu\\\/wp-content\\\/uploads\\\/sites\\\/5\\\/2023\\\/04\\\/DPLGEU15E-ProMaticLifeguard-ProductHero.png\",\"width\":1200,\"height\":910},{\"@type\":\"BreadcrumbList\",\"@id\":\"https:\\\/\\\/daveywater.com\\\/eu\\\/pt-pt\\\/produto\\\/promatic-lifeguard\\\/#breadcrumb\",\"itemListElement\":[{\"@type\":\"ListItem\",\"position\":1,\"name\":\"In\u00edcio\",\"item\":\"https:\\\/\\\/daveywater.com\\\/eu\\\/pt-pt\\\/\"},{\"@type\":\"ListItem\",\"position\":2,\"name\":\"Produtos\",\"item\":\"https:\\\/\\\/daveywater.com\\\/eu\\\/pt-pt\\\/products\\\/\"},{\"@type\":\"ListItem\",\"position\":3,\"name\":\"Cloradores\",\"item\":\"https:\\\/\\\/daveywater.com\\\/eu\\\/pt-pt\\\/produtos\\\/cloradores\\\/\"},{\"@type\":\"ListItem\",\"position\":4,\"name\":\"ProMatic Lifeguard\"}]},{\"@type\":\"WebSite\",\"@id\":\"https:\\\/\\\/daveywater.com\\\/eu\\\/pt-pt\\\/#website\",\"url\":\"https:\\\/\\\/daveywater.com\\\/eu\\\/pt-pt\\\/\",\"name\":\"Davey - Reino Unido\\\/Europa\",\"description\":\"Apenas mais um site da Davey Water\",\"publisher\":{\"@id\":\"https:\\\/\\\/daveywater.com\\\/eu\\\/pt-pt\\\/#organization\"},\"potentialAction\":[{\"@type\":\"SearchAction\",\"target\":{\"@type\":\"EntryPoint\",\"urlTemplate\":\"https:\\\/\\\/daveywater.com\\\/eu\\\/pt-pt\\\/?s={search_term_string}\"},\"query-input\":{\"@type\":\"PropertyValueSpecification\",\"valueRequired\":true,\"valueName\":\"search_term_string\"}}],\"inLanguage\":\"pt-PT\"},{\"@type\":\"Organization\",\"@id\":\"https:\\\/\\\/daveywater.com\\\/eu\\\/pt-pt\\\/#organization\",\"name\":\"Davey Europa\",\"alternateName\":\"Davey\",\"url\":\"https:\\\/\\\/daveywater.com\\\/eu\\\/pt-pt\\\/\",\"logo\":{\"@type\":\"ImageObject\",\"inLanguage\":\"pt-PT\",\"@id\":\"https:\\\/\\\/daveywater.com\\\/eu\\\/pt-pt\\\/#\\\/schema\\\/logo\\\/image\\\/\",\"url\":\"https:\\\/\\\/daveywater.com\\\/eu\\\/wp-content\\\/uploads\\\/sites\\\/5\\\/2023\\\/04\\\/davey-sq-696.png\",\"contentUrl\":\"https:\\\/\\\/daveywater.com\\\/eu\\\/wp-content\\\/uploads\\\/sites\\\/5\\\/2023\\\/04\\\/davey-sq-696.png\",\"width\":696,\"height\":696,\"caption\":\"Davey Europa\"},\"image\":{\"@id\":\"https:\\\/\\\/daveywater.com\\\/eu\\\/pt-pt\\\/#\\\/schema\\\/logo\\\/image\\\/\"},\"sameAs\":[\"https:\\\/\\\/www.facebook.com\\\/DaveyWaterProducts\\\/\",\"https:\\\/\\\/www.linkedin.com\\\/company\\\/davey-water-products\",\"https:\\\/\\\/www.youtube.com\\\/user\\\/DaveyWaterProducts\",\"https:\\\/\\\/www.instagram.com\\\/daveywaterproducts\\\/\"]}]}<\/script>\n<!-- \/ Yoast SEO Premium plugin. -->","yoast_head_json":{"title":"Salva-vidas ProMatic - Davey - Reino Unido\/Europa","robots":{"index":"index","follow":"follow","max-snippet":"max-snippet:-1","max-image-preview":"max-image-preview:large","max-video-preview":"max-video-preview:-1"},"canonical":"https:\/\/daveywater.com\/eu\/pt-pt\/produto\/promatic-lifeguard\/","og_locale":"pt_PT","og_type":"article","og_title":"ProMatic Lifeguard","og_description":"Sistema qu\u00edmico completo para piscinas","og_url":"https:\/\/daveywater.com\/eu\/pt-pt\/produto\/promatic-lifeguard\/","og_site_name":"Davey - Reino Unido\/Europa","article_publisher":"https:\/\/www.facebook.com\/DaveyWaterProducts\/","article_modified_time":"2024-12-11T21:52:22+00:00","og_image":[{"width":1200,"height":910,"url":"https:\/\/daveywater.com\/eu\/wp-content\/uploads\/sites\/5\/2023\/04\/DPLGEU15E-ProMaticLifeguard-ProductHero.png","type":"image\/png"}],"twitter_card":"summary_large_image","twitter_misc":{"Tempo estimado de leitura":"1 minuto"},"schema":{"@context":"https:\/\/schema.org","@graph":[{"@type":"WebPage","@id":"https:\/\/daveywater.com\/eu\/pt-pt\/produto\/promatic-lifeguard\/","url":"https:\/\/daveywater.com\/eu\/pt-pt\/produto\/promatic-lifeguard\/","name":"Salva-vidas ProMatic - Davey - Reino Unido\/Europa","isPartOf":{"@id":"https:\/\/daveywater.com\/eu\/pt-pt\/#website"},"primaryImageOfPage":{"@id":"https:\/\/daveywater.com\/eu\/pt-pt\/produto\/promatic-lifeguard\/#primaryimage"},"image":{"@id":"https:\/\/daveywater.com\/eu\/pt-pt\/produto\/promatic-lifeguard\/#primaryimage"},"thumbnailUrl":"https:\/\/daveywater.com\/eu\/wp-content\/uploads\/sites\/5\/2023\/04\/DPLGEU15E-ProMaticLifeguard-ProductHero.png","datePublished":"2023-04-13T06:21:31+00:00","dateModified":"2024-12-11T21:52:22+00:00","breadcrumb":{"@id":"https:\/\/daveywater.com\/eu\/pt-pt\/produto\/promatic-lifeguard\/#breadcrumb"},"inLanguage":"pt-PT","potentialAction":[{"@type":"ReadAction","target":["https:\/\/daveywater.com\/eu\/pt-pt\/produto\/promatic-lifeguard\/"]}]},{"@type":"ImageObject","inLanguage":"pt-PT","@id":"https:\/\/daveywater.com\/eu\/pt-pt\/produto\/promatic-lifeguard\/#primaryimage","url":"https:\/\/daveywater.com\/eu\/wp-content\/uploads\/sites\/5\/2023\/04\/DPLGEU15E-ProMaticLifeguard-ProductHero.png","contentUrl":"https:\/\/daveywater.com\/eu\/wp-content\/uploads\/sites\/5\/2023\/04\/DPLGEU15E-ProMaticLifeguard-ProductHero.png","width":1200,"height":910},{"@type":"BreadcrumbList","@id":"https:\/\/daveywater.com\/eu\/pt-pt\/produto\/promatic-lifeguard\/#breadcrumb","itemListElement":[{"@type":"ListItem","position":1,"name":"In\u00edcio","item":"https:\/\/daveywater.com\/eu\/pt-pt\/"},{"@type":"ListItem","position":2,"name":"Produtos","item":"https:\/\/daveywater.com\/eu\/pt-pt\/products\/"},{"@type":"ListItem","position":3,"name":"Cloradores","item":"https:\/\/daveywater.com\/eu\/pt-pt\/produtos\/cloradores\/"},{"@type":"ListItem","position":4,"name":"ProMatic Lifeguard"}]},{"@type":"WebSite","@id":"https:\/\/daveywater.com\/eu\/pt-pt\/#website","url":"https:\/\/daveywater.com\/eu\/pt-pt\/","name":"Davey - Reino Unido\/Europa","description":"Apenas mais um site da Davey Water","publisher":{"@id":"https:\/\/daveywater.com\/eu\/pt-pt\/#organization"},"potentialAction":[{"@type":"SearchAction","target":{"@type":"EntryPoint","urlTemplate":"https:\/\/daveywater.com\/eu\/pt-pt\/?s={search_term_string}"},"query-input":{"@type":"PropertyValueSpecification","valueRequired":true,"valueName":"search_term_string"}}],"inLanguage":"pt-PT"},{"@type":"Organization","@id":"https:\/\/daveywater.com\/eu\/pt-pt\/#organization","name":"Davey Europa","alternateName":"Davey","url":"https:\/\/daveywater.com\/eu\/pt-pt\/","logo":{"@type":"ImageObject","inLanguage":"pt-PT","@id":"https:\/\/daveywater.com\/eu\/pt-pt\/#\/schema\/logo\/image\/","url":"https:\/\/daveywater.com\/eu\/wp-content\/uploads\/sites\/5\/2023\/04\/davey-sq-696.png","contentUrl":"https:\/\/daveywater.com\/eu\/wp-content\/uploads\/sites\/5\/2023\/04\/davey-sq-696.png","width":696,"height":696,"caption":"Davey Europa"},"image":{"@id":"https:\/\/daveywater.com\/eu\/pt-pt\/#\/schema\/logo\/image\/"},"sameAs":["https:\/\/www.facebook.com\/DaveyWaterProducts\/","https:\/\/www.linkedin.com\/company\/davey-water-products","https:\/\/www.youtube.com\/user\/DaveyWaterProducts","https:\/\/www.instagram.com\/daveywaterproducts\/"]}]}},"_links":{"self":[{"href":"https:\/\/daveywater.com\/eu\/pt-pt\/wp-json\/wp\/v2\/product\/3992","targetHints":{"allow":["GET"]}}],"collection":[{"href":"https:\/\/daveywater.com\/eu\/pt-pt\/wp-json\/wp\/v2\/product"}],"about":[{"href":"https:\/\/daveywater.com\/eu\/pt-pt\/wp-json\/wp\/v2\/types\/product"}],"replies":[{"embeddable":true,"href":"https:\/\/daveywater.com\/eu\/pt-pt\/wp-json\/wp\/v2\/comments?post=3992"}],"wp:featuredmedia":[{"embeddable":true,"href":"https:\/\/daveywater.com\/eu\/pt-pt\/wp-json\/wp\/v2\/media\/4628"}],"wp:attachment":[{"href":"https:\/\/daveywater.com\/eu\/pt-pt\/wp-json\/wp\/v2\/media?parent=3992"}],"wp:term":[{"taxonomy":"product_brand","embeddable":true,"href":"https:\/\/daveywater.com\/eu\/pt-pt\/wp-json\/wp\/v2\/product_brand?post=3992"},{"taxonomy":"product_cat","embeddable":true,"href":"https:\/\/daveywater.com\/eu\/pt-pt\/wp-json\/wp\/v2\/product_cat?post=3992"},{"taxonomy":"product_tag","embeddable":true,"href":"https:\/\/daveywater.com\/eu\/pt-pt\/wp-json\/wp\/v2\/product_tag?post=3992"}],"curies":[{"name":"wp","href":"https:\/\/api.w.org\/{rel}","templated":true}]}}