{"id":6634,"date":"2024-12-11T22:10:11","date_gmt":"2024-12-11T22:10:11","guid":{"rendered":"https:\/\/daveywater.com\/eu\/?post_type=product&#038;p=6634"},"modified":"2025-06-10T23:10:26","modified_gmt":"2025-06-10T23:10:26","slug":"starflo-vs-pool-pumps","status":"publish","type":"product","link":"https:\/\/daveywater.com\/eu\/pt-pt\/produto\/starflo-vs-pool-pumps\/","title":{"rendered":"Bombas para piscinas StarFlo VS"},"content":{"rendered":"<p>Vers\u00e1til, eficiente em termos energ\u00e9ticos e flex\u00edvel para aplica\u00e7\u00f5es de reequipamento ou manuten\u00e7\u00e3o, a bomba de piscina Davey StarFlo VS tem uni\u00f5es cil\u00edndricas de 50 mm e 63 mm e adequa-se a aplica\u00e7\u00f5es multiequipamento.<\/p>\n<div class=\"fusion-button-wrapper\"><a class=\"fusion-button button-flat fusion-button-default-size button-custom fusion-button-default button-1 fusion-button-default-span fusion-button-default-type\" style=\"--button_accent_color:var(--awb-color5);--button_accent_hover_color:var(--awb-color1);--button_border_hover_color:var(--awb-color1);--button_gradient_top_color:var(--awb-color7);--button_gradient_bottom_color:var(--awb-color7);--button_gradient_top_color_hover:hsla(var(--awb-color5-h),calc(var(--awb-color5-s) - 5%),calc(var(--awb-color5-l) - 10%),var(--awb-color5-a));--button_gradient_bottom_color_hover:hsla(var(--awb-color5-h),calc(var(--awb-color5-s) - 5%),calc(var(--awb-color5-l) - 10%),var(--awb-color5-a));\" target=\"_blank\" rel=\"noopener noreferrer\" href=\"https:\/\/daveyenergysavingseu.daveywater.com\/\"><i class=\"fa-calculator fas awb-button__icon awb-button__icon--default button-icon-left\" aria-hidden=\"true\"><\/i><span class=\"fusion-button-text awb-button__text awb-button__text--default\"> Calculadora de Economia de Energia<\/span><\/a><\/div>\n<p>&nbsp;<\/p>\n<p>Ideal para piscinas enterradas e acima do solo at\u00e9 104.000 litros. A StarFlo VS foi especificamente concebido para fazer circular a \u00e1gua da piscina para filtragem e higieniza\u00e7\u00e3o de forma eficiente.<\/p>\n","protected":false},"excerpt":{"rendered":"<p>Multi-ajuste e efici\u00eancia energ\u00e9tica<\/p>\n","protected":false},"featured_media":6641,"comment_status":"closed","ping_status":"closed","template":"","meta":{"_acf_changed":false},"product_brand":[],"product_cat":[155],"product_tag":[156],"class_list":{"0":"post-6634","1":"product","2":"type-product","3":"status-publish","4":"has-post-thumbnail","6":"product_cat-bombas-e-filtros-para-piscinas","7":"product_tag-bomba-de-piscina","9":"first","10":"instock","11":"shipping-taxable","12":"product-type-simple"},"acf":[],"yoast_head":"<!-- This site is optimized with the Yoast SEO Premium plugin v26.7 (Yoast SEO v27.4) - https:\/\/yoast.com\/product\/yoast-seo-premium-wordpress\/ -->\n<title>Bombas para piscinas StarFlo VS - Davey - Portugal<\/title>\n<meta name=\"description\" content=\"Vers\u00e1til e flex\u00edvel para aplica\u00e7\u00f5es de reequipamento ou de manuten\u00e7\u00e3o, a bomba de piscina Davey Water StarFlo tem uni\u00f5es de barril de 40 mm e 50 mm e adequa-se a aplica\u00e7\u00f5es de encaixe m\u00faltiplo.\" \/>\n<meta name=\"robots\" content=\"index, follow, max-snippet:-1, max-image-preview:large, max-video-preview:-1\" \/>\n<link rel=\"canonical\" href=\"https:\/\/daveywater.com\/eu\/pt-pt\/produto\/starflo-vs-pool-pumps\/\" \/>\n<meta property=\"og:locale\" content=\"pt_PT\" \/>\n<meta property=\"og:type\" content=\"article\" \/>\n<meta property=\"og:title\" content=\"Bombas para piscinas StarFlo VS\" \/>\n<meta property=\"og:description\" content=\"Vers\u00e1til e flex\u00edvel para aplica\u00e7\u00f5es de reequipamento ou de manuten\u00e7\u00e3o, a bomba de piscina Davey Water StarFlo tem uni\u00f5es de barril de 40 mm e 50 mm e adequa-se a aplica\u00e7\u00f5es de encaixe m\u00faltiplo.\" \/>\n<meta property=\"og:url\" content=\"https:\/\/daveywater.com\/eu\/pt-pt\/produto\/starflo-vs-pool-pumps\/\" \/>\n<meta property=\"og:site_name\" content=\"Davey - Reino Unido\/Europa\" \/>\n<meta property=\"article:publisher\" content=\"https:\/\/www.facebook.com\/DaveyWaterProducts\/\" \/>\n<meta property=\"article:modified_time\" content=\"2025-06-10T23:10:26+00:00\" \/>\n<meta property=\"og:image\" content=\"https:\/\/daveywater.com\/eu\/wp-content\/uploads\/sites\/5\/2024\/12\/DSF250VSCE_AngleA_1200x910px.png\" \/>\n\t<meta property=\"og:image:width\" content=\"1200\" \/>\n\t<meta property=\"og:image:height\" content=\"910\" \/>\n\t<meta property=\"og:image:type\" content=\"image\/png\" \/>\n<meta name=\"twitter:card\" content=\"summary_large_image\" \/>\n<meta name=\"twitter:label1\" content=\"Tempo estimado de leitura\" \/>\n\t<meta name=\"twitter:data1\" content=\"1 minuto\" \/>\n<script type=\"application\/ld+json\" class=\"yoast-schema-graph\">{\"@context\":\"https:\\\/\\\/schema.org\",\"@graph\":[{\"@type\":\"WebPage\",\"@id\":\"https:\\\/\\\/daveywater.com\\\/eu\\\/pt-pt\\\/produto\\\/starflo-vs-pool-pumps\\\/\",\"url\":\"https:\\\/\\\/daveywater.com\\\/eu\\\/pt-pt\\\/produto\\\/starflo-vs-pool-pumps\\\/\",\"name\":\"Bombas para piscinas StarFlo VS - Davey - Portugal\",\"isPartOf\":{\"@id\":\"https:\\\/\\\/daveywater.com\\\/eu\\\/pt-pt\\\/#website\"},\"primaryImageOfPage\":{\"@id\":\"https:\\\/\\\/daveywater.com\\\/eu\\\/pt-pt\\\/produto\\\/starflo-vs-pool-pumps\\\/#primaryimage\"},\"image\":{\"@id\":\"https:\\\/\\\/daveywater.com\\\/eu\\\/pt-pt\\\/produto\\\/starflo-vs-pool-pumps\\\/#primaryimage\"},\"thumbnailUrl\":\"https:\\\/\\\/daveywater.com\\\/eu\\\/wp-content\\\/uploads\\\/sites\\\/5\\\/2024\\\/12\\\/DSF250VSCE_AngleA_1200x910px.png\",\"datePublished\":\"2024-12-11T22:10:11+00:00\",\"dateModified\":\"2025-06-10T23:10:26+00:00\",\"description\":\"Vers\u00e1til e flex\u00edvel para aplica\u00e7\u00f5es de reequipamento ou de manuten\u00e7\u00e3o, a bomba de piscina Davey Water StarFlo tem uni\u00f5es de barril de 40 mm e 50 mm e adequa-se a aplica\u00e7\u00f5es de encaixe m\u00faltiplo.\",\"breadcrumb\":{\"@id\":\"https:\\\/\\\/daveywater.com\\\/eu\\\/pt-pt\\\/produto\\\/starflo-vs-pool-pumps\\\/#breadcrumb\"},\"inLanguage\":\"pt-PT\",\"potentialAction\":[{\"@type\":\"ReadAction\",\"target\":[\"https:\\\/\\\/daveywater.com\\\/eu\\\/pt-pt\\\/produto\\\/starflo-vs-pool-pumps\\\/\"]}]},{\"@type\":\"ImageObject\",\"inLanguage\":\"pt-PT\",\"@id\":\"https:\\\/\\\/daveywater.com\\\/eu\\\/pt-pt\\\/produto\\\/starflo-vs-pool-pumps\\\/#primaryimage\",\"url\":\"https:\\\/\\\/daveywater.com\\\/eu\\\/wp-content\\\/uploads\\\/sites\\\/5\\\/2024\\\/12\\\/DSF250VSCE_AngleA_1200x910px.png\",\"contentUrl\":\"https:\\\/\\\/daveywater.com\\\/eu\\\/wp-content\\\/uploads\\\/sites\\\/5\\\/2024\\\/12\\\/DSF250VSCE_AngleA_1200x910px.png\",\"width\":1200,\"height\":910},{\"@type\":\"BreadcrumbList\",\"@id\":\"https:\\\/\\\/daveywater.com\\\/eu\\\/pt-pt\\\/produto\\\/starflo-vs-pool-pumps\\\/#breadcrumb\",\"itemListElement\":[{\"@type\":\"ListItem\",\"position\":1,\"name\":\"In\u00edcio\",\"item\":\"https:\\\/\\\/daveywater.com\\\/eu\\\/pt-pt\\\/\"},{\"@type\":\"ListItem\",\"position\":2,\"name\":\"Produtos\",\"item\":\"https:\\\/\\\/daveywater.com\\\/eu\\\/pt-pt\\\/products\\\/\"},{\"@type\":\"ListItem\",\"position\":3,\"name\":\"Bombas e filtros para piscinas\",\"item\":\"https:\\\/\\\/daveywater.com\\\/eu\\\/pt-pt\\\/produtos\\\/bombas-e-filtros-para-piscinas\\\/\"},{\"@type\":\"ListItem\",\"position\":4,\"name\":\"Bombas para piscinas StarFlo VS\"}]},{\"@type\":\"WebSite\",\"@id\":\"https:\\\/\\\/daveywater.com\\\/eu\\\/pt-pt\\\/#website\",\"url\":\"https:\\\/\\\/daveywater.com\\\/eu\\\/pt-pt\\\/\",\"name\":\"Davey - Reino Unido\\\/Europa\",\"description\":\"Apenas mais um site da Davey Water\",\"publisher\":{\"@id\":\"https:\\\/\\\/daveywater.com\\\/eu\\\/pt-pt\\\/#organization\"},\"potentialAction\":[{\"@type\":\"SearchAction\",\"target\":{\"@type\":\"EntryPoint\",\"urlTemplate\":\"https:\\\/\\\/daveywater.com\\\/eu\\\/pt-pt\\\/?s={search_term_string}\"},\"query-input\":{\"@type\":\"PropertyValueSpecification\",\"valueRequired\":true,\"valueName\":\"search_term_string\"}}],\"inLanguage\":\"pt-PT\"},{\"@type\":\"Organization\",\"@id\":\"https:\\\/\\\/daveywater.com\\\/eu\\\/pt-pt\\\/#organization\",\"name\":\"Davey Europa\",\"alternateName\":\"Davey\",\"url\":\"https:\\\/\\\/daveywater.com\\\/eu\\\/pt-pt\\\/\",\"logo\":{\"@type\":\"ImageObject\",\"inLanguage\":\"pt-PT\",\"@id\":\"https:\\\/\\\/daveywater.com\\\/eu\\\/pt-pt\\\/#\\\/schema\\\/logo\\\/image\\\/\",\"url\":\"https:\\\/\\\/daveywater.com\\\/eu\\\/wp-content\\\/uploads\\\/sites\\\/5\\\/2023\\\/04\\\/davey-sq-696.png\",\"contentUrl\":\"https:\\\/\\\/daveywater.com\\\/eu\\\/wp-content\\\/uploads\\\/sites\\\/5\\\/2023\\\/04\\\/davey-sq-696.png\",\"width\":696,\"height\":696,\"caption\":\"Davey Europa\"},\"image\":{\"@id\":\"https:\\\/\\\/daveywater.com\\\/eu\\\/pt-pt\\\/#\\\/schema\\\/logo\\\/image\\\/\"},\"sameAs\":[\"https:\\\/\\\/www.facebook.com\\\/DaveyWaterProducts\\\/\",\"https:\\\/\\\/www.linkedin.com\\\/company\\\/davey-water-products\",\"https:\\\/\\\/www.youtube.com\\\/user\\\/DaveyWaterProducts\",\"https:\\\/\\\/www.instagram.com\\\/daveywaterproducts\\\/\"]}]}<\/script>\n<!-- \/ Yoast SEO Premium plugin. -->","yoast_head_json":{"title":"Bombas para piscinas StarFlo VS - Davey - Portugal","description":"Vers\u00e1til e flex\u00edvel para aplica\u00e7\u00f5es de reequipamento ou de manuten\u00e7\u00e3o, a bomba de piscina Davey Water StarFlo tem uni\u00f5es de barril de 40 mm e 50 mm e adequa-se a aplica\u00e7\u00f5es de encaixe m\u00faltiplo.","robots":{"index":"index","follow":"follow","max-snippet":"max-snippet:-1","max-image-preview":"max-image-preview:large","max-video-preview":"max-video-preview:-1"},"canonical":"https:\/\/daveywater.com\/eu\/pt-pt\/produto\/starflo-vs-pool-pumps\/","og_locale":"pt_PT","og_type":"article","og_title":"Bombas para piscinas StarFlo VS","og_description":"Vers\u00e1til e flex\u00edvel para aplica\u00e7\u00f5es de reequipamento ou de manuten\u00e7\u00e3o, a bomba de piscina Davey Water StarFlo tem uni\u00f5es de barril de 40 mm e 50 mm e adequa-se a aplica\u00e7\u00f5es de encaixe m\u00faltiplo.","og_url":"https:\/\/daveywater.com\/eu\/pt-pt\/produto\/starflo-vs-pool-pumps\/","og_site_name":"Davey - Reino Unido\/Europa","article_publisher":"https:\/\/www.facebook.com\/DaveyWaterProducts\/","article_modified_time":"2025-06-10T23:10:26+00:00","og_image":[{"width":1200,"height":910,"url":"https:\/\/daveywater.com\/eu\/wp-content\/uploads\/sites\/5\/2024\/12\/DSF250VSCE_AngleA_1200x910px.png","type":"image\/png"}],"twitter_card":"summary_large_image","twitter_misc":{"Tempo estimado de leitura":"1 minuto"},"schema":{"@context":"https:\/\/schema.org","@graph":[{"@type":"WebPage","@id":"https:\/\/daveywater.com\/eu\/pt-pt\/produto\/starflo-vs-pool-pumps\/","url":"https:\/\/daveywater.com\/eu\/pt-pt\/produto\/starflo-vs-pool-pumps\/","name":"Bombas para piscinas StarFlo VS - Davey - Portugal","isPartOf":{"@id":"https:\/\/daveywater.com\/eu\/pt-pt\/#website"},"primaryImageOfPage":{"@id":"https:\/\/daveywater.com\/eu\/pt-pt\/produto\/starflo-vs-pool-pumps\/#primaryimage"},"image":{"@id":"https:\/\/daveywater.com\/eu\/pt-pt\/produto\/starflo-vs-pool-pumps\/#primaryimage"},"thumbnailUrl":"https:\/\/daveywater.com\/eu\/wp-content\/uploads\/sites\/5\/2024\/12\/DSF250VSCE_AngleA_1200x910px.png","datePublished":"2024-12-11T22:10:11+00:00","dateModified":"2025-06-10T23:10:26+00:00","description":"Vers\u00e1til e flex\u00edvel para aplica\u00e7\u00f5es de reequipamento ou de manuten\u00e7\u00e3o, a bomba de piscina Davey Water StarFlo tem uni\u00f5es de barril de 40 mm e 50 mm e adequa-se a aplica\u00e7\u00f5es de encaixe m\u00faltiplo.","breadcrumb":{"@id":"https:\/\/daveywater.com\/eu\/pt-pt\/produto\/starflo-vs-pool-pumps\/#breadcrumb"},"inLanguage":"pt-PT","potentialAction":[{"@type":"ReadAction","target":["https:\/\/daveywater.com\/eu\/pt-pt\/produto\/starflo-vs-pool-pumps\/"]}]},{"@type":"ImageObject","inLanguage":"pt-PT","@id":"https:\/\/daveywater.com\/eu\/pt-pt\/produto\/starflo-vs-pool-pumps\/#primaryimage","url":"https:\/\/daveywater.com\/eu\/wp-content\/uploads\/sites\/5\/2024\/12\/DSF250VSCE_AngleA_1200x910px.png","contentUrl":"https:\/\/daveywater.com\/eu\/wp-content\/uploads\/sites\/5\/2024\/12\/DSF250VSCE_AngleA_1200x910px.png","width":1200,"height":910},{"@type":"BreadcrumbList","@id":"https:\/\/daveywater.com\/eu\/pt-pt\/produto\/starflo-vs-pool-pumps\/#breadcrumb","itemListElement":[{"@type":"ListItem","position":1,"name":"In\u00edcio","item":"https:\/\/daveywater.com\/eu\/pt-pt\/"},{"@type":"ListItem","position":2,"name":"Produtos","item":"https:\/\/daveywater.com\/eu\/pt-pt\/products\/"},{"@type":"ListItem","position":3,"name":"Bombas e filtros para piscinas","item":"https:\/\/daveywater.com\/eu\/pt-pt\/produtos\/bombas-e-filtros-para-piscinas\/"},{"@type":"ListItem","position":4,"name":"Bombas para piscinas StarFlo VS"}]},{"@type":"WebSite","@id":"https:\/\/daveywater.com\/eu\/pt-pt\/#website","url":"https:\/\/daveywater.com\/eu\/pt-pt\/","name":"Davey - Reino Unido\/Europa","description":"Apenas mais um site da Davey Water","publisher":{"@id":"https:\/\/daveywater.com\/eu\/pt-pt\/#organization"},"potentialAction":[{"@type":"SearchAction","target":{"@type":"EntryPoint","urlTemplate":"https:\/\/daveywater.com\/eu\/pt-pt\/?s={search_term_string}"},"query-input":{"@type":"PropertyValueSpecification","valueRequired":true,"valueName":"search_term_string"}}],"inLanguage":"pt-PT"},{"@type":"Organization","@id":"https:\/\/daveywater.com\/eu\/pt-pt\/#organization","name":"Davey Europa","alternateName":"Davey","url":"https:\/\/daveywater.com\/eu\/pt-pt\/","logo":{"@type":"ImageObject","inLanguage":"pt-PT","@id":"https:\/\/daveywater.com\/eu\/pt-pt\/#\/schema\/logo\/image\/","url":"https:\/\/daveywater.com\/eu\/wp-content\/uploads\/sites\/5\/2023\/04\/davey-sq-696.png","contentUrl":"https:\/\/daveywater.com\/eu\/wp-content\/uploads\/sites\/5\/2023\/04\/davey-sq-696.png","width":696,"height":696,"caption":"Davey Europa"},"image":{"@id":"https:\/\/daveywater.com\/eu\/pt-pt\/#\/schema\/logo\/image\/"},"sameAs":["https:\/\/www.facebook.com\/DaveyWaterProducts\/","https:\/\/www.linkedin.com\/company\/davey-water-products","https:\/\/www.youtube.com\/user\/DaveyWaterProducts","https:\/\/www.instagram.com\/daveywaterproducts\/"]}]}},"_links":{"self":[{"href":"https:\/\/daveywater.com\/eu\/pt-pt\/wp-json\/wp\/v2\/product\/6634","targetHints":{"allow":["GET"]}}],"collection":[{"href":"https:\/\/daveywater.com\/eu\/pt-pt\/wp-json\/wp\/v2\/product"}],"about":[{"href":"https:\/\/daveywater.com\/eu\/pt-pt\/wp-json\/wp\/v2\/types\/product"}],"replies":[{"embeddable":true,"href":"https:\/\/daveywater.com\/eu\/pt-pt\/wp-json\/wp\/v2\/comments?post=6634"}],"wp:featuredmedia":[{"embeddable":true,"href":"https:\/\/daveywater.com\/eu\/pt-pt\/wp-json\/wp\/v2\/media\/6641"}],"wp:attachment":[{"href":"https:\/\/daveywater.com\/eu\/pt-pt\/wp-json\/wp\/v2\/media?parent=6634"}],"wp:term":[{"taxonomy":"product_brand","embeddable":true,"href":"https:\/\/daveywater.com\/eu\/pt-pt\/wp-json\/wp\/v2\/product_brand?post=6634"},{"taxonomy":"product_cat","embeddable":true,"href":"https:\/\/daveywater.com\/eu\/pt-pt\/wp-json\/wp\/v2\/product_cat?post=6634"},{"taxonomy":"product_tag","embeddable":true,"href":"https:\/\/daveywater.com\/eu\/pt-pt\/wp-json\/wp\/v2\/product_tag?post=6634"}],"curies":[{"name":"wp","href":"https:\/\/api.w.org\/{rel}","templated":true}]}}